{"id":7544,"date":"2025-09-12T11:56:21","date_gmt":"2025-09-12T11:56:21","guid":{"rendered":"https:\/\/spelivinkki.fi\/?post_type=product&#038;p=7544"},"modified":"2025-12-24T17:00:23","modified_gmt":"2025-12-24T17:00:23","slug":"hitster-music-bingo-nordic","status":"publish","type":"product","link":"https:\/\/spelivinkki.fi\/sv\/produkt\/hitster-music-bingo-nordic\/","title":{"rendered":"Hitster: Music Bingo (Nordic)"},"content":{"rendered":"<p>I Hitster Bingo snurrar spelarna p\u00e5 diskobollen f\u00f6r att f\u00e5 reda p\u00e5 vilken kategori de ska gissa: \u00c5rtionde, upptr\u00e4dare, exakt \u00e5r, eller om l\u00e5ten kom ut f\u00f6re eller efter 2000-talet! Den som gissar r\u00e4tt f\u00e5r kryssa i en ruta av kategorins f\u00e4rg i rutf\u00e4ltet. Hen som f\u00f6rst fyller i en rad eller kolumn vinner spelet!<\/p>\n<p>Det ing\u00e5r 225 l\u00e5tar i Hitster Bingo och spelet kan spelas antingen med dem eller l\u00e5tar fr\u00e5n andra hitster versioner.<\/p>\n<p><strong>OBS!<\/strong> Spelet fungerar via telefon med hj\u00e4lp av en app! Kv\u00e4llens DJ b\u00f6r ha Spotify installerat f\u00f6r optimalt bruk (Det m\u00e5ste inte vara premium versionen)!<\/p>\n<h6>Publisher Description in English:<\/h6>\n<div class=\"TextKort\"><em><strong>Get ready to spin the disco ball and groove to the beats!<\/strong><\/em><\/div>\n<div id=\"Produktinfo\">\n<div id=\"read-more-text\">\n<article><em>Spin the disco ball to reveal the category, scan the card, and let the music play. Guess the decade, identify the singers or bands, choose the exact year, or determine if it was before or after the 2000s. Be the first to complete a row or column with the four different categories to be crowned the Hitster Bingo champion!<\/em><\/article>\n<\/div>\n<\/div>","protected":false},"excerpt":{"rendered":"<p><strong style=\"font-size: 16px; font-style: normal;\">OBS! <\/strong><span style=\"font-size: 16px; font-style: normal; font-weight: 400;\">Detta spel kr\u00e4ver tre AAA-batterier (LR03) f\u00f6r att fungera (ing\u00e5r ej)!<\/span><\/p>\n<ul>\n<li><strong>Spelarm\u00e4ngd:<\/strong> 2-12 (<strong>B\u00e4sta m\u00e4ngden:<\/strong> 4-6)<\/li>\n<li><strong>Varaktighet:<\/strong> 30+ min<\/li>\n<li><strong>\u00c5ldersrekommendation:<\/strong> 16+<\/li>\n<li><strong>Spr\u00e5k:<\/strong> Suomi, Ruotsi, Norja, Tanska.<\/li>\n<li><strong>Genre:<\/strong> Partyspel, Musikfr\u00e5gesport<\/li>\n<li><strong>Tema:<\/strong> Musikens tidsaxel<\/li>\n<li><strong>Utveckling:<\/strong> Marcus Carleson<\/li>\n<li><strong>Utgivare:<\/strong> Sl\u00e6ttaratindur AB<\/li>\n<\/ul>","protected":false},"featured_media":7545,"template":"","meta":{"site-sidebar-layout":"default","site-content-layout":"","ast-site-content-layout":"default","site-content-style":"default","site-sidebar-style":"default","ast-global-header-display":"","ast-banner-title-visibility":"","ast-main-header-display":"","ast-hfb-above-header-display":"","ast-hfb-below-header-display":"","ast-hfb-mobile-header-display":"","site-post-title":"","ast-breadcrumbs-content":"","ast-featured-img":"","footer-sml-layout":"","ast-disable-related-posts":"","theme-transparent-header-meta":"default","adv-header-id-meta":"","stick-header-meta":"","header-above-stick-meta":"","header-main-stick-meta":"","header-below-stick-meta":"","astra-migrate-meta-layouts":"set","ast-page-background-enabled":"default","ast-page-background-meta":{"desktop":{"background-color":"","background-image":"","background-repeat":"repeat","background-position":"center center","background-size":"auto","background-attachment":"scroll","background-type":"","background-media":"","overlay-type":"","overlay-color":"","overlay-opacity":"","overlay-gradient":""},"tablet":{"background-color":"","background-image":"","background-repeat":"repeat","background-position":"center center","background-size":"auto","background-attachment":"scroll","background-type":"","background-media":"","overlay-type":"","overlay-color":"","overlay-opacity":"","overlay-gradient":""},"mobile":{"background-color":"","background-image":"","background-repeat":"repeat","background-position":"center center","background-size":"auto","background-attachment":"scroll","background-type":"","background-media":"","overlay-type":"","overlay-color":"","overlay-opacity":"","overlay-gradient":""}},"ast-content-background-meta":{"desktop":{"background-color":"var(--ast-global-color-5)","background-image":"","background-repeat":"repeat","background-position":"center center","background-size":"auto","background-attachment":"scroll","background-type":"","background-media":"","overlay-type":"","overlay-color":"","overlay-opacity":"","overlay-gradient":""},"tablet":{"background-color":"var(--ast-global-color-5)","background-image":"","background-repeat":"repeat","background-position":"center center","background-size":"auto","background-attachment":"scroll","background-type":"","background-media":"","overlay-type":"","overlay-color":"","overlay-opacity":"","overlay-gradient":""},"mobile":{"background-color":"var(--ast-global-color-5)","background-image":"","background-repeat":"repeat","background-position":"center center","background-size":"auto","background-attachment":"scroll","background-type":"","background-media":"","overlay-type":"","overlay-color":"","overlay-opacity":"","overlay-gradient":""}}},"product_brand":[1158,1214],"product_cat":[16,41],"product_tag":[1215,1216,1047,1050,1208,1048],"class_list":{"0":"post-7544","1":"product","2":"type-product","3":"status-publish","4":"has-post-thumbnail","6":"product_brand-jumbo","7":"product_brand-slaettaratindur","8":"product_cat-kaikki","9":"product_cat-partypelit","10":"product_tag-hitster-pelit","11":"product_tag-marcus-carleson","12":"product_tag-peruspeli","13":"product_tag-ruotsinkieliset-pelit","14":"product_tag-sovelluspohjaiset-pelit","15":"product_tag-suomenkieliset-pelit","16":"product_shipping_class-standard2","17":"desktop-align-center","18":"tablet-align-center","19":"mobile-align-center","21":"first","22":"outofstock","23":"taxable","24":"shipping-taxable","25":"purchasable","26":"product-type-simple"},"yoast_head":"<!-- This site is optimized with the Yoast SEO Premium plugin v27.3 (Yoast SEO v27.5) - https:\/\/yoast.com\/product\/yoast-seo-premium-wordpress\/ -->\n<title>Hitster: Music Bingo (Nordic) &#8211; Spelivinkki<\/title>\n<meta name=\"description\" content=\"Musiikkitiet\u00e4myksesi testataan Hitster Music Bingo -peliss\u00e4, jossa j\u00e4nnitys ja hauskuus yhdistyv\u00e4t! Liity mukaan ja pelaa nyt!\" \/>\n<meta name=\"robots\" content=\"index, follow, max-snippet:-1, max-image-preview:large, max-video-preview:-1\" \/>\n<link rel=\"canonical\" href=\"https:\/\/spelivinkki.fi\/sv\/produkt\/hitster-music-bingo-nordic\/\" \/>\n<meta property=\"og:locale\" content=\"sv_SE\" \/>\n<meta property=\"og:type\" content=\"article\" \/>\n<meta property=\"og:title\" content=\"Hitster: Music Bingo (Nordic)\" \/>\n<meta property=\"og:description\" content=\"Musiikkitiet\u00e4myksesi testataan Hitster Music Bingo -peliss\u00e4, jossa j\u00e4nnitys ja hauskuus yhdistyv\u00e4t! Liity mukaan ja pelaa nyt!\" \/>\n<meta property=\"og:url\" content=\"https:\/\/spelivinkki.fi\/sv\/produkt\/hitster-music-bingo-nordic\/\" \/>\n<meta property=\"og:site_name\" content=\"Spelivinkki\" \/>\n<meta property=\"article:publisher\" content=\"https:\/\/www.facebook.com\/SpelivinkkiOy\/\" \/>\n<meta property=\"article:modified_time\" content=\"2025-12-24T17:00:23+00:00\" \/>\n<meta property=\"og:image\" content=\"https:\/\/mlw9zexfsyfr.i.optimole.com\/w:auto\/h:auto\/q:mauto\/ig:avif\/https:\/\/spelivinkki.fi\/wp-content\/uploads\/2025\/09\/hitster-bingo-nordic-tuotekuva.webp\" \/>\n\t<meta property=\"og:image:width\" content=\"570\" \/>\n\t<meta property=\"og:image:height\" content=\"760\" \/>\n\t<meta property=\"og:image:type\" content=\"image\/webp\" \/>\n<meta name=\"twitter:card\" content=\"summary_large_image\" \/>\n<meta name=\"twitter:site\" content=\"@SpelivinkkiOy\" \/>\n<meta name=\"twitter:label1\" content=\"Pris\" \/>\n\t<meta name=\"twitter:data1\" content=\"40,00&nbsp;&euro;\" \/>\n\t<meta name=\"twitter:label2\" content=\"Tillg\u00e4nglig\" \/>\n\t<meta name=\"twitter:data2\" content=\"Slut i lager\" \/>\n<script type=\"application\/ld+json\" class=\"yoast-schema-graph\">{\"@context\":\"https:\\\/\\\/schema.org\",\"@graph\":[{\"@type\":\"WebPage\",\"@id\":\"https:\\\/\\\/spelivinkki.fi\\\/tuote\\\/hitster-music-bingo-nordic\\\/\",\"url\":\"https:\\\/\\\/spelivinkki.fi\\\/tuote\\\/hitster-music-bingo-nordic\\\/\",\"name\":\"Hitster: Music Bingo (Nordic) &#8211; Spelivinkki\",\"isPartOf\":{\"@id\":\"https:\\\/\\\/spelivinkki.fi\\\/#website\"},\"primaryImageOfPage\":{\"@id\":\"https:\\\/\\\/spelivinkki.fi\\\/tuote\\\/hitster-music-bingo-nordic\\\/#primaryimage\"},\"image\":{\"@id\":\"https:\\\/\\\/spelivinkki.fi\\\/tuote\\\/hitster-music-bingo-nordic\\\/#primaryimage\"},\"thumbnailUrl\":\"https:\\/\\/spelivinkki.fi\\/wp-content\\/uploads\\/2025\\/09\\/hitster-bingo-nordic-tuotekuva.webp\",\"datePublished\":\"2025-09-12T11:56:21+00:00\",\"dateModified\":\"2025-12-24T17:00:23+00:00\",\"description\":\"Musiikkitiet\u00e4myksesi testataan Hitster Music Bingo -peliss\u00e4, jossa j\u00e4nnitys ja hauskuus yhdistyv\u00e4t! Liity mukaan ja pelaa nyt!\",\"breadcrumb\":{\"@id\":\"https:\\\/\\\/spelivinkki.fi\\\/tuote\\\/hitster-music-bingo-nordic\\\/#breadcrumb\"},\"inLanguage\":\"sv-SE\",\"potentialAction\":[{\"@type\":\"ReadAction\",\"target\":[\"https:\\\/\\\/spelivinkki.fi\\\/tuote\\\/hitster-music-bingo-nordic\\\/\"]}]},{\"@type\":\"ImageObject\",\"inLanguage\":\"sv-SE\",\"@id\":\"https:\\\/\\\/spelivinkki.fi\\\/tuote\\\/hitster-music-bingo-nordic\\\/#primaryimage\",\"url\":\"https:\\/\\/spelivinkki.fi\\/wp-content\\/uploads\\/2025\\/09\\/hitster-bingo-nordic-tuotekuva.webp\",\"contentUrl\":\"https:\\/\\/spelivinkki.fi\\/wp-content\\/uploads\\/2025\\/09\\/hitster-bingo-nordic-tuotekuva.webp\",\"width\":570,\"height\":760,\"caption\":\"hitster bingo nordic tuotekuva\"},{\"@type\":\"BreadcrumbList\",\"@id\":\"https:\\\/\\\/spelivinkki.fi\\\/tuote\\\/hitster-music-bingo-nordic\\\/#breadcrumb\",\"itemListElement\":[{\"@type\":\"ListItem\",\"position\":1,\"name\":\"Etusivu\",\"item\":\"https:\\\/\\\/spelivinkki.fi\\\/\"},{\"@type\":\"ListItem\",\"position\":2,\"name\":\"Tuotteet\",\"item\":\"https:\\\/\\\/spelivinkki.fi\\\/tuotteet\\\/\"},{\"@type\":\"ListItem\",\"position\":3,\"name\":\"Hitster: Music Bingo (Nordic)\"}]},{\"@type\":\"WebSite\",\"@id\":\"https:\\\/\\\/spelivinkki.fi\\\/#website\",\"url\":\"https:\\\/\\\/spelivinkki.fi\\\/\",\"name\":\"Spelivinkki\",\"description\":\"Paraisten Lautapelikauppa\",\"publisher\":{\"@id\":\"https:\\\/\\\/spelivinkki.fi\\\/#organization\"},\"alternateName\":\"Spelivinkki Oy\",\"potentialAction\":[{\"@type\":\"SearchAction\",\"target\":{\"@type\":\"EntryPoint\",\"urlTemplate\":\"https:\\\/\\\/spelivinkki.fi\\\/?s={search_term_string}\"},\"query-input\":{\"@type\":\"PropertyValueSpecification\",\"valueRequired\":true,\"valueName\":\"search_term_string\"}}],\"inLanguage\":\"sv-SE\"},{\"@type\":\"Organization\",\"@id\":\"https:\\\/\\\/spelivinkki.fi\\\/#organization\",\"name\":\"Spelivinkki Oy\",\"alternateName\":\"Spelivinkki\",\"url\":\"https:\\\/\\\/spelivinkki.fi\\\/\",\"logo\":{\"@type\":\"ImageObject\",\"inLanguage\":\"sv-SE\",\"@id\":\"https:\\\/\\\/spelivinkki.fi\\\/#\\\/schema\\\/logo\\\/image\\\/\",\"url\":\"https:\\/\\/spelivinkki.fi\\/wp-content\\/uploads\\/2024\\/02\\/Logo.svg\",\"contentUrl\":\"https:\\/\\/spelivinkki.fi\\/wp-content\\/uploads\\/2024\\/02\\/Logo.svg\",\"width\":2176,\"height\":2323,\"caption\":\"Spelivinkki Oy\"},\"image\":{\"@id\":\"https:\\\/\\\/spelivinkki.fi\\\/#\\\/schema\\\/logo\\\/image\\\/\"},\"sameAs\":[\"https:\\\/\\\/www.facebook.com\\\/SpelivinkkiOy\\\/\",\"https:\\\/\\\/x.com\\\/SpelivinkkiOy\",\"https:\\\/\\\/www.instagram.com\\\/spelivinkkioy\\\/\"],\"description\":\"Spelivinkki Oy is a company operating both a brick-and-mortar store in Finland as well as a webshop online. We sell board games, roleplaying games, miniature wargames, logic puzzles, jigsaw puzzles and other things related to the boardgame hobby.\",\"email\":\"myynti@spelivinkki.fi\",\"telephone\":\"+358406486605\",\"legalName\":\"Spelivinkki Oy\",\"foundingDate\":\"2023-09-17\",\"vatID\":\"FI33904524\",\"numberOfEmployees\":{\"@type\":\"QuantitativeValue\",\"minValue\":\"1\",\"maxValue\":\"10\"},\"hasMerchantReturnPolicy\":{\"@type\":\"MerchantReturnPolicy\",\"merchantReturnLink\":\"https:\\\/\\\/spelivinkki.fi\\\/sv\\\/spelivinkin-vaihto-ja-palautusoikeus\\\/\"}}]}<\/script>\n<meta property=\"product:brand\" content=\"Jumbo\" \/>\n<meta property=\"product:price:amount\" content=\"40.00\" \/>\n<meta property=\"product:price:currency\" content=\"EUR\" \/>\n<meta property=\"og:availability\" content=\"out of stock\" \/>\n<meta property=\"product:availability\" content=\"out of stock\" \/>\n<meta property=\"product:retailer_item_id\" content=\"Hitster_Bingo_Noric\" \/>\n<meta property=\"product:condition\" content=\"new\" \/>\n<!-- \/ Yoast SEO Premium plugin. -->","yoast_head_json":{"title":"Hitster: Music Bingo (Nordic) &#8211; Spelivinkki","description":"Musiikkitiet\u00e4myksesi testataan Hitster Music Bingo -peliss\u00e4, jossa j\u00e4nnitys ja hauskuus yhdistyv\u00e4t! Liity mukaan ja pelaa nyt!","robots":{"index":"index","follow":"follow","max-snippet":"max-snippet:-1","max-image-preview":"max-image-preview:large","max-video-preview":"max-video-preview:-1"},"canonical":"https:\/\/spelivinkki.fi\/sv\/produkt\/hitster-music-bingo-nordic\/","og_locale":"sv_SE","og_type":"article","og_title":"Hitster: Music Bingo (Nordic)","og_description":"Musiikkitiet\u00e4myksesi testataan Hitster Music Bingo -peliss\u00e4, jossa j\u00e4nnitys ja hauskuus yhdistyv\u00e4t! Liity mukaan ja pelaa nyt!","og_url":"https:\/\/spelivinkki.fi\/sv\/produkt\/hitster-music-bingo-nordic\/","og_site_name":"Spelivinkki","article_publisher":"https:\/\/www.facebook.com\/SpelivinkkiOy\/","article_modified_time":"2025-12-24T17:00:23+00:00","og_image":[{"width":570,"height":760,"url":"https:\/\/mlw9zexfsyfr.i.optimole.com\/w:auto\/h:auto\/q:mauto\/ig:avif\/https:\/\/spelivinkki.fi\/wp-content\/uploads\/2025\/09\/hitster-bingo-nordic-tuotekuva.webp","type":"image\/webp"}],"twitter_card":"summary_large_image","twitter_site":"@SpelivinkkiOy","twitter_misc":{"Pris":"40,00&nbsp;&euro;","Tillg\u00e4nglig":"Slut i lager"},"schema":{"@context":"https:\/\/schema.org","@graph":[{"@type":"WebPage","@id":"https:\/\/spelivinkki.fi\/tuote\/hitster-music-bingo-nordic\/","url":"https:\/\/spelivinkki.fi\/tuote\/hitster-music-bingo-nordic\/","name":"Hitster: Music Bingo (Nordic) &#8211; Spelivinkki","isPartOf":{"@id":"https:\/\/spelivinkki.fi\/#website"},"primaryImageOfPage":{"@id":"https:\/\/spelivinkki.fi\/tuote\/hitster-music-bingo-nordic\/#primaryimage"},"image":{"@id":"https:\/\/spelivinkki.fi\/tuote\/hitster-music-bingo-nordic\/#primaryimage"},"thumbnailUrl":"https:\/\/mlw9zexfsyfr.i.optimole.com\/w:auto\/h:auto\/q:mauto\/ig:avif\/https:\/\/spelivinkki.fi\/wp-content\/uploads\/2025\/09\/hitster-bingo-nordic-tuotekuva.webp","datePublished":"2025-09-12T11:56:21+00:00","dateModified":"2025-12-24T17:00:23+00:00","description":"Musiikkitiet\u00e4myksesi testataan Hitster Music Bingo -peliss\u00e4, jossa j\u00e4nnitys ja hauskuus yhdistyv\u00e4t! Liity mukaan ja pelaa nyt!","breadcrumb":{"@id":"https:\/\/spelivinkki.fi\/tuote\/hitster-music-bingo-nordic\/#breadcrumb"},"inLanguage":"sv-SE","potentialAction":[{"@type":"ReadAction","target":["https:\/\/spelivinkki.fi\/tuote\/hitster-music-bingo-nordic\/"]}]},{"@type":"ImageObject","inLanguage":"sv-SE","@id":"https:\/\/spelivinkki.fi\/tuote\/hitster-music-bingo-nordic\/#primaryimage","url":"https:\/\/mlw9zexfsyfr.i.optimole.com\/w:auto\/h:auto\/q:mauto\/ig:avif\/https:\/\/spelivinkki.fi\/wp-content\/uploads\/2025\/09\/hitster-bingo-nordic-tuotekuva.webp","contentUrl":"https:\/\/mlw9zexfsyfr.i.optimole.com\/w:auto\/h:auto\/q:mauto\/ig:avif\/https:\/\/spelivinkki.fi\/wp-content\/uploads\/2025\/09\/hitster-bingo-nordic-tuotekuva.webp","width":570,"height":760,"caption":"hitster bingo nordic tuotekuva"},{"@type":"BreadcrumbList","@id":"https:\/\/spelivinkki.fi\/tuote\/hitster-music-bingo-nordic\/#breadcrumb","itemListElement":[{"@type":"ListItem","position":1,"name":"Etusivu","item":"https:\/\/spelivinkki.fi\/"},{"@type":"ListItem","position":2,"name":"Tuotteet","item":"https:\/\/spelivinkki.fi\/tuotteet\/"},{"@type":"ListItem","position":3,"name":"Hitster: Music Bingo (Nordic)"}]},{"@type":"WebSite","@id":"https:\/\/spelivinkki.fi\/#website","url":"https:\/\/spelivinkki.fi\/","name":"Spelivinkki","description":"Paraisten Lautapelikauppa","publisher":{"@id":"https:\/\/spelivinkki.fi\/#organization"},"alternateName":"Spelivinkki Oy","potentialAction":[{"@type":"SearchAction","target":{"@type":"EntryPoint","urlTemplate":"https:\/\/spelivinkki.fi\/?s={search_term_string}"},"query-input":{"@type":"PropertyValueSpecification","valueRequired":true,"valueName":"search_term_string"}}],"inLanguage":"sv-SE"},{"@type":"Organization","@id":"https:\/\/spelivinkki.fi\/#organization","name":"Spelivinkki Oy","alternateName":"Spelivinkki","url":"https:\/\/spelivinkki.fi\/","logo":{"@type":"ImageObject","inLanguage":"sv-SE","@id":"https:\/\/spelivinkki.fi\/#\/schema\/logo\/image\/","url":"https:\/\/mlw9zexfsyfr.i.optimole.com\/w:auto\/h:auto\/q:mauto\/ig:avif\/https:\/\/spelivinkki.fi\/wp-content\/uploads\/2024\/02\/Logo.svg","contentUrl":"https:\/\/mlw9zexfsyfr.i.optimole.com\/w:auto\/h:auto\/q:mauto\/ig:avif\/https:\/\/spelivinkki.fi\/wp-content\/uploads\/2024\/02\/Logo.svg","width":2176,"height":2323,"caption":"Spelivinkki Oy"},"image":{"@id":"https:\/\/spelivinkki.fi\/#\/schema\/logo\/image\/"},"sameAs":["https:\/\/www.facebook.com\/SpelivinkkiOy\/","https:\/\/x.com\/SpelivinkkiOy","https:\/\/www.instagram.com\/spelivinkkioy\/"],"description":"Spelivinkki Oy is a company operating both a brick-and-mortar store in Finland as well as a webshop online. We sell board games, roleplaying games, miniature wargames, logic puzzles, jigsaw puzzles and other things related to the boardgame hobby.","email":"myynti@spelivinkki.fi","telephone":"+358406486605","legalName":"Spelivinkki Oy","foundingDate":"2023-09-17","vatID":"FI33904524","numberOfEmployees":{"@type":"QuantitativeValue","minValue":"1","maxValue":"10"},"hasMerchantReturnPolicy":{"@type":"MerchantReturnPolicy","merchantReturnLink":"https:\/\/spelivinkki.fi\/sv\/spelivinkin-vaihto-ja-palautusoikeus\/"}}]},"product_brand":"Jumbo","product_price_amount":"40.00","product_price_currency":"EUR","og_availability":"out of stock","product_availability":"out of stock","product_retailer_item_id":"Hitster_Bingo_Noric","product_condition":"new"},"_links":{"self":[{"href":"https:\/\/spelivinkki.fi\/sv\/wp-json\/wp\/v2\/product\/7544","targetHints":{"allow":["GET"]}}],"collection":[{"href":"https:\/\/spelivinkki.fi\/sv\/wp-json\/wp\/v2\/product"}],"about":[{"href":"https:\/\/spelivinkki.fi\/sv\/wp-json\/wp\/v2\/types\/product"}],"wp:featuredmedia":[{"embeddable":true,"href":"https:\/\/spelivinkki.fi\/sv\/wp-json\/wp\/v2\/media\/7545"}],"wp:attachment":[{"href":"https:\/\/spelivinkki.fi\/sv\/wp-json\/wp\/v2\/media?parent=7544"}],"wp:term":[{"taxonomy":"product_brand","embeddable":true,"href":"https:\/\/spelivinkki.fi\/sv\/wp-json\/wp\/v2\/product_brand?post=7544"},{"taxonomy":"product_cat","embeddable":true,"href":"https:\/\/spelivinkki.fi\/sv\/wp-json\/wp\/v2\/product_cat?post=7544"},{"taxonomy":"product_tag","embeddable":true,"href":"https:\/\/spelivinkki.fi\/sv\/wp-json\/wp\/v2\/product_tag?post=7544"}],"curies":[{"name":"wp","href":"https:\/\/api.w.org\/{rel}","templated":true}]}}