{"id":7546,"date":"2025-09-19T12:29:32","date_gmt":"2025-09-19T12:29:32","guid":{"rendered":"https:\/\/spelivinkki.fi\/?post_type=product&#038;p=7546"},"modified":"2026-01-18T20:32:29","modified_gmt":"2026-01-18T20:32:29","slug":"quest-for-el-dorado-expansion-collection-nordic","status":"publish","type":"product","link":"https:\/\/spelivinkki.fi\/sv\/produkt\/quest-for-el-dorado-expansion-collection-nordic\/","title":{"rendered":"Quest for El Dorado \u2014 Expansion Collection (Nordic)"},"content":{"rendered":"<p><strong><em>Quest for Eldodado \u2013 Expansion Collection<\/em><\/strong> kombinerar <a href=\"https:\/\/spelivinkki.fi\/sv\/produkt\/quest-for-el-dorado\/\">Quest for Eldorado<\/a> spelets alla tidigare expansioner och promo kort i ett beh\u00e4ndigt paket.<\/p>\n<p>Paketet inneh\u00e5ller allts\u00e5 <a href=\"https:\/\/spelivinkki.fi\/sv\/produkt\/quest-for-el-dorado-sankarit-ja-demonit-lisaosa\/\">Heros &amp; Hexes<\/a>, <a href=\"https:\/\/spelivinkki.fi\/sv\/produkt\/quest-for-el-dorado-vaarat-ja-muisca-lisaosa\/\">Dangers &amp; Muisca<\/a> och <a href=\"https:\/\/spelivinkki.fi\/sv\/produkt\/quest-for-el-dorado-2\/\">Dragons &amp; Treasures<\/a> expansionerna tillsammans med packorna \"Promo Pack\", \"telegram\",  och \"Letter of Recommendation\".<\/p>\n<p>Liksom i basspelet och systerspelet <a href=\"https:\/\/spelivinkki.fi\/sv\/produkt\/quest-for-el-dorado-golden-temples-nordic\/\">Golden Temples of El Dorado<\/a> st\u00e5r namnen p\u00e5 alla kort p\u00e5 engelska, men de som har text finns p\u00e5 b\u00e5de svenska och finska, samt engelska och andra spr\u00e5k.<\/p>","protected":false},"excerpt":{"rendered":"<ul>\n<li><strong>OBS!<\/strong> Detta \u00e4r en expansion som kr\u00e4ver <a href=\"https:\/\/spelivinkki.fi\/sv\/produkt\/quest-for-el-dorado\/\">El Dorado basspelet<\/a> f\u00f6r att spelas!<\/li>\n<li><strong>Spelarm\u00e4ngd:\u00a0<\/strong>2-4 (<strong>B\u00e4sta m\u00e4ngden:<\/strong> 2 eller 4)<\/li>\n<li><strong>Varaktighet:\u00a0<\/strong>30-60 min<\/li>\n<li><strong>\u00c5ldersrekommendation:\u00a0<\/strong>10+<\/li>\n<li><strong>Spr\u00e5k:\u00a0<\/strong>Finska, svenska, norska, danska, engelska<\/li>\n<li><strong>Genre:<\/strong>\u00a0T\u00e4vling, Kortleksbyggande, Handkontroll, Varierande Spelplan<\/li>\n<li><strong>Tema:\u00a0<\/strong>Utforskare, Sydamerika<\/li>\n<li><strong>Passande Sleevy Kortskydd (ing\u00e5r ej!): <\/strong>89 st M storlek<\/li>\n<li><strong>Utveckling:<\/strong> Reiner Knizia<\/li>\n<li><strong>Utgivare:<\/strong> Ravensburger \/ Lautapelit.fi<\/li>\n<\/ul>","protected":false},"featured_media":7547,"template":"","meta":{"site-sidebar-layout":"default","site-content-layout":"","ast-site-content-layout":"default","site-content-style":"default","site-sidebar-style":"default","ast-global-header-display":"","ast-banner-title-visibility":"","ast-main-header-display":"","ast-hfb-above-header-display":"","ast-hfb-below-header-display":"","ast-hfb-mobile-header-display":"","site-post-title":"","ast-breadcrumbs-content":"","ast-featured-img":"","footer-sml-layout":"","ast-disable-related-posts":"","theme-transparent-header-meta":"default","adv-header-id-meta":"","stick-header-meta":"","header-above-stick-meta":"","header-main-stick-meta":"","header-below-stick-meta":"","astra-migrate-meta-layouts":"set","ast-page-background-enabled":"default","ast-page-background-meta":{"desktop":{"background-color":"","background-image":"","background-repeat":"repeat","background-position":"center center","background-size":"auto","background-attachment":"scroll","background-type":"","background-media":"","overlay-type":"","overlay-color":"","overlay-opacity":"","overlay-gradient":""},"tablet":{"background-color":"","background-image":"","background-repeat":"repeat","background-position":"center center","background-size":"auto","background-attachment":"scroll","background-type":"","background-media":"","overlay-type":"","overlay-color":"","overlay-opacity":"","overlay-gradient":""},"mobile":{"background-color":"","background-image":"","background-repeat":"repeat","background-position":"center center","background-size":"auto","background-attachment":"scroll","background-type":"","background-media":"","overlay-type":"","overlay-color":"","overlay-opacity":"","overlay-gradient":""}},"ast-content-background-meta":{"desktop":{"background-color":"var(--ast-global-color-5)","background-image":"","background-repeat":"repeat","background-position":"center center","background-size":"auto","background-attachment":"scroll","background-type":"","background-media":"","overlay-type":"","overlay-color":"","overlay-opacity":"","overlay-gradient":""},"tablet":{"background-color":"var(--ast-global-color-5)","background-image":"","background-repeat":"repeat","background-position":"center center","background-size":"auto","background-attachment":"scroll","background-type":"","background-media":"","overlay-type":"","overlay-color":"","overlay-opacity":"","overlay-gradient":""},"mobile":{"background-color":"var(--ast-global-color-5)","background-image":"","background-repeat":"repeat","background-position":"center center","background-size":"auto","background-attachment":"scroll","background-type":"","background-media":"","overlay-type":"","overlay-color":"","overlay-opacity":"","overlay-gradient":""}}},"product_brand":[1123,1107,1052],"product_cat":[16,279,45],"product_tag":[1118,1049,1058,1115,1117,1050,1048],"class_list":{"0":"post-7546","1":"product","2":"type-product","3":"status-publish","4":"has-post-thumbnail","6":"product_brand-999-games","7":"product_brand-lautapelit-fi","8":"product_brand-ravensburger","9":"product_cat-kaikki","10":"product_cat-pakanrakennus","11":"product_cat-strategiapelit","12":"product_tag-el-dorado-pelit","13":"product_tag-englanninkieliset-pelit","14":"product_tag-europeli","15":"product_tag-lisaosa","16":"product_tag-reiner-knizia","17":"product_tag-ruotsinkieliset-pelit","18":"product_tag-suomenkieliset-pelit","19":"product_shipping_class-standard2","20":"desktop-align-center","21":"tablet-align-center","22":"mobile-align-center","24":"first","25":"instock","26":"taxable","27":"shipping-taxable","28":"purchasable","29":"product-type-simple"},"yoast_head":"<!-- This site is optimized with the Yoast SEO Premium plugin v27.3 (Yoast SEO v27.4) - https:\/\/yoast.com\/product\/yoast-seo-premium-wordpress\/ -->\n<title>Quest for El Dorado -- Expansion Collection (Nordic) &#8211; Spelivinkki<\/title>\n<meta name=\"description\" content=\"Koe seikkailut Quest for El Dorado Expansion Collectionilla! Uudet lis\u00e4sis\u00e4ll\u00f6t odottavat sinua, ei kannata j\u00e4\u00e4d\u00e4 j\u00e4lkeen!\" \/>\n<meta name=\"robots\" content=\"index, follow, max-snippet:-1, max-image-preview:large, max-video-preview:-1\" \/>\n<link rel=\"canonical\" href=\"https:\/\/spelivinkki.fi\/sv\/produkt\/quest-for-el-dorado-expansion-collection-nordic\/\" \/>\n<meta property=\"og:locale\" content=\"sv_SE\" \/>\n<meta property=\"og:type\" content=\"article\" \/>\n<meta property=\"og:title\" content=\"Quest for El Dorado -- Expansion Collection (Nordic)\" \/>\n<meta property=\"og:description\" content=\"Koe seikkailut Quest for El Dorado Expansion Collectionilla! Uudet lis\u00e4sis\u00e4ll\u00f6t odottavat sinua, ei kannata j\u00e4\u00e4d\u00e4 j\u00e4lkeen!\" \/>\n<meta property=\"og:url\" content=\"https:\/\/spelivinkki.fi\/sv\/produkt\/quest-for-el-dorado-expansion-collection-nordic\/\" \/>\n<meta property=\"og:site_name\" content=\"Spelivinkki\" \/>\n<meta property=\"article:publisher\" content=\"https:\/\/www.facebook.com\/SpelivinkkiOy\/\" \/>\n<meta property=\"article:modified_time\" content=\"2026-01-18T20:32:29+00:00\" \/>\n<meta property=\"og:image\" content=\"https:\/\/mlw9zexfsyfr.i.optimole.com\/w:auto\/h:auto\/q:mauto\/ig:avif\/https:\/\/spelivinkki.fi\/wp-content\/uploads\/2025\/09\/Quest-for-El-Dorado-Expansion-Pack-Nordic-Tuotekuva.webp\" \/>\n\t<meta property=\"og:image:width\" content=\"813\" \/>\n\t<meta property=\"og:image:height\" content=\"811\" \/>\n\t<meta property=\"og:image:type\" content=\"image\/webp\" \/>\n<meta name=\"twitter:card\" content=\"summary_large_image\" \/>\n<meta name=\"twitter:site\" content=\"@SpelivinkkiOy\" \/>\n<meta name=\"twitter:label1\" content=\"Pris\" \/>\n\t<meta name=\"twitter:data1\" content=\"55,00&nbsp;&euro;\" \/>\n\t<meta name=\"twitter:label2\" content=\"Tillg\u00e4nglig\" \/>\n\t<meta name=\"twitter:data2\" content=\"I lager\" \/>\n<script type=\"application\/ld+json\" class=\"yoast-schema-graph\">{\"@context\":\"https:\\\/\\\/schema.org\",\"@graph\":[{\"@type\":\"WebPage\",\"@id\":\"https:\\\/\\\/spelivinkki.fi\\\/tuote\\\/quest-for-el-dorado-expansion-collection-nordic\\\/\",\"url\":\"https:\\\/\\\/spelivinkki.fi\\\/tuote\\\/quest-for-el-dorado-expansion-collection-nordic\\\/\",\"name\":\"Quest for El Dorado -- Expansion Collection (Nordic) &#8211; Spelivinkki\",\"isPartOf\":{\"@id\":\"https:\\\/\\\/spelivinkki.fi\\\/#website\"},\"primaryImageOfPage\":{\"@id\":\"https:\\\/\\\/spelivinkki.fi\\\/tuote\\\/quest-for-el-dorado-expansion-collection-nordic\\\/#primaryimage\"},\"image\":{\"@id\":\"https:\\\/\\\/spelivinkki.fi\\\/tuote\\\/quest-for-el-dorado-expansion-collection-nordic\\\/#primaryimage\"},\"thumbnailUrl\":\"https:\\/\\/spelivinkki.fi\\/wp-content\\/uploads\\/2025\\/09\\/Quest-for-El-Dorado-Expansion-Pack-Nordic-Tuotekuva.webp\",\"datePublished\":\"2025-09-19T12:29:32+00:00\",\"dateModified\":\"2026-01-18T20:32:29+00:00\",\"description\":\"Koe seikkailut Quest for El Dorado Expansion Collectionilla! Uudet lis\u00e4sis\u00e4ll\u00f6t odottavat sinua, ei kannata j\u00e4\u00e4d\u00e4 j\u00e4lkeen!\",\"breadcrumb\":{\"@id\":\"https:\\\/\\\/spelivinkki.fi\\\/tuote\\\/quest-for-el-dorado-expansion-collection-nordic\\\/#breadcrumb\"},\"inLanguage\":\"sv-SE\",\"potentialAction\":[{\"@type\":\"ReadAction\",\"target\":[\"https:\\\/\\\/spelivinkki.fi\\\/tuote\\\/quest-for-el-dorado-expansion-collection-nordic\\\/\"]}]},{\"@type\":\"ImageObject\",\"inLanguage\":\"sv-SE\",\"@id\":\"https:\\\/\\\/spelivinkki.fi\\\/tuote\\\/quest-for-el-dorado-expansion-collection-nordic\\\/#primaryimage\",\"url\":\"https:\\/\\/spelivinkki.fi\\/wp-content\\/uploads\\/2025\\/09\\/Quest-for-El-Dorado-Expansion-Pack-Nordic-Tuotekuva.webp\",\"contentUrl\":\"https:\\/\\/spelivinkki.fi\\/wp-content\\/uploads\\/2025\\/09\\/Quest-for-El-Dorado-Expansion-Pack-Nordic-Tuotekuva.webp\",\"width\":813,\"height\":811,\"caption\":\"Quest for El Dorado Expansion Pack Nordic Tuotekuva\"},{\"@type\":\"BreadcrumbList\",\"@id\":\"https:\\\/\\\/spelivinkki.fi\\\/tuote\\\/quest-for-el-dorado-expansion-collection-nordic\\\/#breadcrumb\",\"itemListElement\":[{\"@type\":\"ListItem\",\"position\":1,\"name\":\"Etusivu\",\"item\":\"https:\\\/\\\/spelivinkki.fi\\\/\"},{\"@type\":\"ListItem\",\"position\":2,\"name\":\"Tuotteet\",\"item\":\"https:\\\/\\\/spelivinkki.fi\\\/tuotteet\\\/\"},{\"@type\":\"ListItem\",\"position\":3,\"name\":\"Quest for El Dorado &#8212; Expansion Collection (Nordic)\"}]},{\"@type\":\"WebSite\",\"@id\":\"https:\\\/\\\/spelivinkki.fi\\\/#website\",\"url\":\"https:\\\/\\\/spelivinkki.fi\\\/\",\"name\":\"Spelivinkki\",\"description\":\"Paraisten Lautapelikauppa\",\"publisher\":{\"@id\":\"https:\\\/\\\/spelivinkki.fi\\\/#organization\"},\"alternateName\":\"Spelivinkki Oy\",\"potentialAction\":[{\"@type\":\"SearchAction\",\"target\":{\"@type\":\"EntryPoint\",\"urlTemplate\":\"https:\\\/\\\/spelivinkki.fi\\\/?s={search_term_string}\"},\"query-input\":{\"@type\":\"PropertyValueSpecification\",\"valueRequired\":true,\"valueName\":\"search_term_string\"}}],\"inLanguage\":\"sv-SE\"},{\"@type\":\"Organization\",\"@id\":\"https:\\\/\\\/spelivinkki.fi\\\/#organization\",\"name\":\"Spelivinkki Oy\",\"alternateName\":\"Spelivinkki\",\"url\":\"https:\\\/\\\/spelivinkki.fi\\\/\",\"logo\":{\"@type\":\"ImageObject\",\"inLanguage\":\"sv-SE\",\"@id\":\"https:\\\/\\\/spelivinkki.fi\\\/#\\\/schema\\\/logo\\\/image\\\/\",\"url\":\"https:\\/\\/spelivinkki.fi\\/wp-content\\/uploads\\/2024\\/02\\/Logo.svg\",\"contentUrl\":\"https:\\/\\/spelivinkki.fi\\/wp-content\\/uploads\\/2024\\/02\\/Logo.svg\",\"width\":2176,\"height\":2323,\"caption\":\"Spelivinkki Oy\"},\"image\":{\"@id\":\"https:\\\/\\\/spelivinkki.fi\\\/#\\\/schema\\\/logo\\\/image\\\/\"},\"sameAs\":[\"https:\\\/\\\/www.facebook.com\\\/SpelivinkkiOy\\\/\",\"https:\\\/\\\/x.com\\\/SpelivinkkiOy\",\"https:\\\/\\\/www.instagram.com\\\/spelivinkkioy\\\/\"],\"description\":\"Spelivinkki Oy is a company operating both a brick-and-mortar store in Finland as well as a webshop online. We sell board games, roleplaying games, miniature wargames, logic puzzles, jigsaw puzzles and other things related to the boardgame hobby.\",\"email\":\"myynti@spelivinkki.fi\",\"telephone\":\"+358406486605\",\"legalName\":\"Spelivinkki Oy\",\"foundingDate\":\"2023-09-17\",\"vatID\":\"FI33904524\",\"numberOfEmployees\":{\"@type\":\"QuantitativeValue\",\"minValue\":\"1\",\"maxValue\":\"10\"},\"hasMerchantReturnPolicy\":{\"@type\":\"MerchantReturnPolicy\",\"merchantReturnLink\":\"https:\\\/\\\/spelivinkki.fi\\\/sv\\\/spelivinkin-vaihto-ja-palautusoikeus\\\/\"}}]}<\/script>\n<meta property=\"product:brand\" content=\"Lautapelit.fi\" \/>\n<meta property=\"product:price:amount\" content=\"55.00\" \/>\n<meta property=\"product:price:currency\" content=\"EUR\" \/>\n<meta property=\"og:availability\" content=\"instock\" \/>\n<meta property=\"product:availability\" content=\"instock\" \/>\n<meta property=\"product:retailer_item_id\" content=\"Quest for EL Dorado Expansion Collection FI\" \/>\n<meta property=\"product:condition\" content=\"new\" \/>\n<!-- \/ Yoast SEO Premium plugin. -->","yoast_head_json":{"title":"Quest for El Dorado -- Expansion Collection (Nordic) &#8211; Spelivinkki","description":"Koe seikkailut Quest for El Dorado Expansion Collectionilla! Uudet lis\u00e4sis\u00e4ll\u00f6t odottavat sinua, ei kannata j\u00e4\u00e4d\u00e4 j\u00e4lkeen!","robots":{"index":"index","follow":"follow","max-snippet":"max-snippet:-1","max-image-preview":"max-image-preview:large","max-video-preview":"max-video-preview:-1"},"canonical":"https:\/\/spelivinkki.fi\/sv\/produkt\/quest-for-el-dorado-expansion-collection-nordic\/","og_locale":"sv_SE","og_type":"article","og_title":"Quest for El Dorado -- Expansion Collection (Nordic)","og_description":"Koe seikkailut Quest for El Dorado Expansion Collectionilla! Uudet lis\u00e4sis\u00e4ll\u00f6t odottavat sinua, ei kannata j\u00e4\u00e4d\u00e4 j\u00e4lkeen!","og_url":"https:\/\/spelivinkki.fi\/sv\/produkt\/quest-for-el-dorado-expansion-collection-nordic\/","og_site_name":"Spelivinkki","article_publisher":"https:\/\/www.facebook.com\/SpelivinkkiOy\/","article_modified_time":"2026-01-18T20:32:29+00:00","og_image":[{"width":813,"height":811,"url":"https:\/\/mlw9zexfsyfr.i.optimole.com\/w:auto\/h:auto\/q:mauto\/ig:avif\/https:\/\/spelivinkki.fi\/wp-content\/uploads\/2025\/09\/Quest-for-El-Dorado-Expansion-Pack-Nordic-Tuotekuva.webp","type":"image\/webp"}],"twitter_card":"summary_large_image","twitter_site":"@SpelivinkkiOy","twitter_misc":{"Pris":"55,00&nbsp;&euro;","Tillg\u00e4nglig":"I lager"},"schema":{"@context":"https:\/\/schema.org","@graph":[{"@type":"WebPage","@id":"https:\/\/spelivinkki.fi\/tuote\/quest-for-el-dorado-expansion-collection-nordic\/","url":"https:\/\/spelivinkki.fi\/tuote\/quest-for-el-dorado-expansion-collection-nordic\/","name":"Quest for El Dorado -- Expansion Collection (Nordic) &#8211; Spelivinkki","isPartOf":{"@id":"https:\/\/spelivinkki.fi\/#website"},"primaryImageOfPage":{"@id":"https:\/\/spelivinkki.fi\/tuote\/quest-for-el-dorado-expansion-collection-nordic\/#primaryimage"},"image":{"@id":"https:\/\/spelivinkki.fi\/tuote\/quest-for-el-dorado-expansion-collection-nordic\/#primaryimage"},"thumbnailUrl":"https:\/\/mlw9zexfsyfr.i.optimole.com\/w:auto\/h:auto\/q:mauto\/ig:avif\/https:\/\/spelivinkki.fi\/wp-content\/uploads\/2025\/09\/Quest-for-El-Dorado-Expansion-Pack-Nordic-Tuotekuva.webp","datePublished":"2025-09-19T12:29:32+00:00","dateModified":"2026-01-18T20:32:29+00:00","description":"Koe seikkailut Quest for El Dorado Expansion Collectionilla! Uudet lis\u00e4sis\u00e4ll\u00f6t odottavat sinua, ei kannata j\u00e4\u00e4d\u00e4 j\u00e4lkeen!","breadcrumb":{"@id":"https:\/\/spelivinkki.fi\/tuote\/quest-for-el-dorado-expansion-collection-nordic\/#breadcrumb"},"inLanguage":"sv-SE","potentialAction":[{"@type":"ReadAction","target":["https:\/\/spelivinkki.fi\/tuote\/quest-for-el-dorado-expansion-collection-nordic\/"]}]},{"@type":"ImageObject","inLanguage":"sv-SE","@id":"https:\/\/spelivinkki.fi\/tuote\/quest-for-el-dorado-expansion-collection-nordic\/#primaryimage","url":"https:\/\/mlw9zexfsyfr.i.optimole.com\/w:auto\/h:auto\/q:mauto\/ig:avif\/https:\/\/spelivinkki.fi\/wp-content\/uploads\/2025\/09\/Quest-for-El-Dorado-Expansion-Pack-Nordic-Tuotekuva.webp","contentUrl":"https:\/\/mlw9zexfsyfr.i.optimole.com\/w:auto\/h:auto\/q:mauto\/ig:avif\/https:\/\/spelivinkki.fi\/wp-content\/uploads\/2025\/09\/Quest-for-El-Dorado-Expansion-Pack-Nordic-Tuotekuva.webp","width":813,"height":811,"caption":"Quest for El Dorado Expansion Pack Nordic Tuotekuva"},{"@type":"BreadcrumbList","@id":"https:\/\/spelivinkki.fi\/tuote\/quest-for-el-dorado-expansion-collection-nordic\/#breadcrumb","itemListElement":[{"@type":"ListItem","position":1,"name":"Etusivu","item":"https:\/\/spelivinkki.fi\/"},{"@type":"ListItem","position":2,"name":"Tuotteet","item":"https:\/\/spelivinkki.fi\/tuotteet\/"},{"@type":"ListItem","position":3,"name":"Quest for El Dorado &#8212; Expansion Collection (Nordic)"}]},{"@type":"WebSite","@id":"https:\/\/spelivinkki.fi\/#website","url":"https:\/\/spelivinkki.fi\/","name":"Spelivinkki","description":"Paraisten Lautapelikauppa","publisher":{"@id":"https:\/\/spelivinkki.fi\/#organization"},"alternateName":"Spelivinkki Oy","potentialAction":[{"@type":"SearchAction","target":{"@type":"EntryPoint","urlTemplate":"https:\/\/spelivinkki.fi\/?s={search_term_string}"},"query-input":{"@type":"PropertyValueSpecification","valueRequired":true,"valueName":"search_term_string"}}],"inLanguage":"sv-SE"},{"@type":"Organization","@id":"https:\/\/spelivinkki.fi\/#organization","name":"Spelivinkki Oy","alternateName":"Spelivinkki","url":"https:\/\/spelivinkki.fi\/","logo":{"@type":"ImageObject","inLanguage":"sv-SE","@id":"https:\/\/spelivinkki.fi\/#\/schema\/logo\/image\/","url":"https:\/\/mlw9zexfsyfr.i.optimole.com\/w:auto\/h:auto\/q:mauto\/ig:avif\/https:\/\/spelivinkki.fi\/wp-content\/uploads\/2024\/02\/Logo.svg","contentUrl":"https:\/\/mlw9zexfsyfr.i.optimole.com\/w:auto\/h:auto\/q:mauto\/ig:avif\/https:\/\/spelivinkki.fi\/wp-content\/uploads\/2024\/02\/Logo.svg","width":2176,"height":2323,"caption":"Spelivinkki Oy"},"image":{"@id":"https:\/\/spelivinkki.fi\/#\/schema\/logo\/image\/"},"sameAs":["https:\/\/www.facebook.com\/SpelivinkkiOy\/","https:\/\/x.com\/SpelivinkkiOy","https:\/\/www.instagram.com\/spelivinkkioy\/"],"description":"Spelivinkki Oy is a company operating both a brick-and-mortar store in Finland as well as a webshop online. We sell board games, roleplaying games, miniature wargames, logic puzzles, jigsaw puzzles and other things related to the boardgame hobby.","email":"myynti@spelivinkki.fi","telephone":"+358406486605","legalName":"Spelivinkki Oy","foundingDate":"2023-09-17","vatID":"FI33904524","numberOfEmployees":{"@type":"QuantitativeValue","minValue":"1","maxValue":"10"},"hasMerchantReturnPolicy":{"@type":"MerchantReturnPolicy","merchantReturnLink":"https:\/\/spelivinkki.fi\/sv\/spelivinkin-vaihto-ja-palautusoikeus\/"}}]},"product_brand":"Lautapelit.fi","product_price_amount":"55.00","product_price_currency":"EUR","og_availability":"instock","product_availability":"instock","product_retailer_item_id":"Quest for EL Dorado Expansion Collection FI","product_condition":"new"},"_links":{"self":[{"href":"https:\/\/spelivinkki.fi\/sv\/wp-json\/wp\/v2\/product\/7546","targetHints":{"allow":["GET"]}}],"collection":[{"href":"https:\/\/spelivinkki.fi\/sv\/wp-json\/wp\/v2\/product"}],"about":[{"href":"https:\/\/spelivinkki.fi\/sv\/wp-json\/wp\/v2\/types\/product"}],"wp:featuredmedia":[{"embeddable":true,"href":"https:\/\/spelivinkki.fi\/sv\/wp-json\/wp\/v2\/media\/7547"}],"wp:attachment":[{"href":"https:\/\/spelivinkki.fi\/sv\/wp-json\/wp\/v2\/media?parent=7546"}],"wp:term":[{"taxonomy":"product_brand","embeddable":true,"href":"https:\/\/spelivinkki.fi\/sv\/wp-json\/wp\/v2\/product_brand?post=7546"},{"taxonomy":"product_cat","embeddable":true,"href":"https:\/\/spelivinkki.fi\/sv\/wp-json\/wp\/v2\/product_cat?post=7546"},{"taxonomy":"product_tag","embeddable":true,"href":"https:\/\/spelivinkki.fi\/sv\/wp-json\/wp\/v2\/product_tag?post=7546"}],"curies":[{"name":"wp","href":"https:\/\/api.w.org\/{rel}","templated":true}]}}