{"id":7550,"date":"2025-09-19T13:58:12","date_gmt":"2025-09-19T13:58:12","guid":{"rendered":"https:\/\/spelivinkki.fi\/?post_type=product&#038;p=7550"},"modified":"2026-03-11T22:30:50","modified_gmt":"2026-03-11T22:30:50","slug":"terraforming-mars-colonies-lisaosa","status":"publish","type":"product","link":"https:\/\/spelivinkki.fi\/sv\/produkt\/terraforming-mars-colonies-lisaosa\/","title":{"rendered":"Terraforming Mars: Colonies Expansion (FI)"},"content":{"rendered":"<p><em>Solsystemet \u00f6ppnar upp sig f\u00f6r m\u00e4nskligheten. F\u00f6retagen s\u00f6ker sig allt l\u00e4ngre ut i jakt p\u00e5 dyrbara mineral och resurser. De flesta platserna kommer aldrig att terraformas, men att bygga kolonier d\u00e4r kan st\u00e4rka din ekonomi och \u00f6ka dina m\u00f6jligheter att n\u00e5 det h\u00f6gre m\u00e5let - att terraforma Mars. Skicka dina handelsskepp till de avl\u00e4gsna m\u00e5narna! Bygg infrastruktur bland Jupiters moln! Och utnyttja dina tillg\u00e5ngar p\u00e5 Jorden f\u00f6r att n\u00e5 framg\u00e5ng!<\/em><\/p>\n<p><strong>Colonies<\/strong>-expansionen utvidgar det popul\u00e4ra Terraforming Mars spelet och riktar det mot resten av solsystemets kolonier. Dessa ger spelare som bos\u00e4tter dem och handlar med dem ytterligare resurser. <\/p>\n<p>Eftersom bara en del av till\u00e4ggsdelens kolonier anv\u00e4nds p\u00e5 en spelrunda blir alla spelomg\u00e5ngar olika. Nya f\u00f6retag och projektkort medf\u00f6r ocks\u00e5 nya strategiska m\u00f6jligheter och val. Koncentrerar du dig p\u00e5 att g\u00f6ra \u00f6de kolonier bebodda genom att bygga rymdskeppshamnar och rymdsonder? Kanske du till och med v\u00e4ljer f\u00f6retaget Poseidon, som \u00e4r skr\u00e4ddarsytt f\u00f6r dessa \u00e4ndam\u00e5l? Ett annat alternativ \u00e4r Arklight-f\u00f6retaget som specialiserar sig p\u00e5 djur och v\u00e4xter.<\/p>\n<p>Colonies passar ihop med alla andra Terraforming Mars expansioner.<\/p>","protected":false},"excerpt":{"rendered":"<ul>\n<li><strong>OBS!<\/strong> Detta \u00e4r en expansion som kr\u00e4ver <a href=\"https:\/\/spelivinkki.fi\/sv\/produkt\/terraforming-mars-fi\/\">Terraforming Mars<\/a> basspelet f\u00f6r att spelas!<\/li>\n<li><strong>Spelarm\u00e4ngd:<\/strong> 1-5 (<strong>B\u00e4sta m\u00e4ngden:<\/strong> 3-4)<\/li>\n<li><strong>Varaktighet:<\/strong> 120 min<\/li>\n<li><strong>\u00c5ldersrekommendation:<\/strong> 12+<\/li>\n<li><strong>Spr\u00e5k:<\/strong> Finska<\/li>\n<li><strong>Genre:<\/strong> Bricksplacering, Handkontroll, Samling, Olika spelarkrafter, Varierande b\u00f6rjan<\/li>\n<li><strong>Tema:<\/strong> Vetenskap, Rymden, Mars, Ekonomi, Terraformning<\/li>\n<li><strong>Passande Sleevy Kortskydd (ing\u00e5r ej!):<\/strong> 54 st Standard storlek<\/li>\n<li><strong>Utveckling:<\/strong> Jacob Fryxelius<\/li>\n<li><strong>Utgivare:<\/strong> FryxGames \/ Lautapelit.fi<\/li>\n<\/ul>","protected":false},"featured_media":7552,"template":"","meta":{"site-sidebar-layout":"default","site-content-layout":"","ast-site-content-layout":"default","site-content-style":"default","site-sidebar-style":"default","ast-global-header-display":"","ast-banner-title-visibility":"","ast-main-header-display":"","ast-hfb-above-header-display":"","ast-hfb-below-header-display":"","ast-hfb-mobile-header-display":"","site-post-title":"","ast-breadcrumbs-content":"","ast-featured-img":"","footer-sml-layout":"","ast-disable-related-posts":"","theme-transparent-header-meta":"default","adv-header-id-meta":"","stick-header-meta":"","header-above-stick-meta":"","header-main-stick-meta":"","header-below-stick-meta":"","astra-migrate-meta-layouts":"set","ast-page-background-enabled":"default","ast-page-background-meta":{"desktop":{"background-color":"","background-image":"","background-repeat":"repeat","background-position":"center center","background-size":"auto","background-attachment":"scroll","background-type":"","background-media":"","overlay-type":"","overlay-color":"","overlay-opacity":"","overlay-gradient":""},"tablet":{"background-color":"","background-image":"","background-repeat":"repeat","background-position":"center center","background-size":"auto","background-attachment":"scroll","background-type":"","background-media":"","overlay-type":"","overlay-color":"","overlay-opacity":"","overlay-gradient":""},"mobile":{"background-color":"","background-image":"","background-repeat":"repeat","background-position":"center center","background-size":"auto","background-attachment":"scroll","background-type":"","background-media":"","overlay-type":"","overlay-color":"","overlay-opacity":"","overlay-gradient":""}},"ast-content-background-meta":{"desktop":{"background-color":"var(--ast-global-color-5)","background-image":"","background-repeat":"repeat","background-position":"center center","background-size":"auto","background-attachment":"scroll","background-type":"","background-media":"","overlay-type":"","overlay-color":"","overlay-opacity":"","overlay-gradient":""},"tablet":{"background-color":"var(--ast-global-color-5)","background-image":"","background-repeat":"repeat","background-position":"center center","background-size":"auto","background-attachment":"scroll","background-type":"","background-media":"","overlay-type":"","overlay-color":"","overlay-opacity":"","overlay-gradient":""},"mobile":{"background-color":"var(--ast-global-color-5)","background-image":"","background-repeat":"repeat","background-position":"center center","background-size":"auto","background-attachment":"scroll","background-type":"","background-media":"","overlay-type":"","overlay-color":"","overlay-opacity":"","overlay-gradient":""}}},"product_brand":[1160,1107],"product_cat":[16,283,45],"product_tag":[1058,1161,1115,1048,1162],"class_list":{"0":"post-7550","1":"product","2":"type-product","3":"status-publish","4":"has-post-thumbnail","6":"product_brand-fryxgames","7":"product_brand-lautapelit-fi","8":"product_cat-kaikki","9":"product_cat-laattojen-asettelu","10":"product_cat-strategiapelit","11":"product_tag-europeli","12":"product_tag-jacob-fryxelius","13":"product_tag-lisaosa","14":"product_tag-suomenkieliset-pelit","15":"product_tag-terraforming-mars-pelit","16":"product_shipping_class-standard2","17":"desktop-align-center","18":"tablet-align-center","19":"mobile-align-center","21":"first","22":"instock","23":"taxable","24":"shipping-taxable","25":"purchasable","26":"product-type-simple"},"yoast_head":"<!-- This site is optimized with the Yoast SEO Premium plugin v27.3 (Yoast SEO v27.4) - https:\/\/yoast.com\/product\/yoast-seo-premium-wordpress\/ -->\n<title>Terraforming Mars: Colonies Lis\u00e4osa &#8211; Spelivinkki<\/title>\n<meta name=\"robots\" content=\"index, follow, max-snippet:-1, max-image-preview:large, max-video-preview:-1\" \/>\n<link rel=\"canonical\" href=\"https:\/\/spelivinkki.fi\/sv\/produkt\/terraforming-mars-colonies-lisaosa\/\" \/>\n<meta property=\"og:locale\" content=\"sv_SE\" \/>\n<meta property=\"og:type\" content=\"article\" \/>\n<meta property=\"og:title\" content=\"Terraforming Mars: Colonies Lis\u00e4osa\" \/>\n<meta property=\"og:description\" content=\"Huom! T\u00e4m\u00e4 on lis\u00e4osa ja se tarvitsee Terraforming Mars peruspelin sen pelaamiseen!  Pelaajat: 1-5 (Paras M\u00e4\u00e4r\u00e4: 3-4)  Kesto: 120 min  Ik\u00e4suositus: 12+  Kielet: Suomi  Tyyppi: Laattojen Asettelu, K\u00e4den Hallinta, Settiker\u00e4ily, Eri pelaajavoimavarat, Vaihteleva alku  Teema: Tiede, Avaruus, Mars, Talous, Maankaltaistaminen  Yhteensopivat Sleevy Kortinsuojat (eiv\u00e4t sis\u00e4lly!): 54 kpl Standard koko  Kehitys: Jacob Fryxelius  Julkaisu: FryxGames \/ Lautapelit.fi\" \/>\n<meta property=\"og:url\" content=\"https:\/\/spelivinkki.fi\/sv\/produkt\/terraforming-mars-colonies-lisaosa\/\" \/>\n<meta property=\"og:site_name\" content=\"Spelivinkki\" \/>\n<meta property=\"article:publisher\" content=\"https:\/\/www.facebook.com\/SpelivinkkiOy\/\" \/>\n<meta property=\"article:modified_time\" content=\"2026-03-11T22:30:50+00:00\" \/>\n<meta property=\"og:image\" content=\"https:\/\/mlw9zexfsyfr.i.optimole.com\/w:auto\/h:auto\/q:mauto\/ig:avif\/https:\/\/spelivinkki.fi\/wp-content\/uploads\/2025\/09\/Terraforming-Mars-Colonies-Tuotekuva.webp\" \/>\n\t<meta property=\"og:image:width\" content=\"813\" \/>\n\t<meta property=\"og:image:height\" content=\"813\" \/>\n\t<meta property=\"og:image:type\" content=\"image\/webp\" \/>\n<meta name=\"twitter:card\" content=\"summary_large_image\" \/>\n<meta name=\"twitter:site\" content=\"@SpelivinkkiOy\" \/>\n<meta name=\"twitter:label1\" content=\"Pris\" \/>\n\t<meta name=\"twitter:data1\" content=\"25,00&nbsp;&euro;\" \/>\n\t<meta name=\"twitter:label2\" content=\"Tillg\u00e4nglig\" \/>\n\t<meta name=\"twitter:data2\" content=\"I lager\" \/>\n<script type=\"application\/ld+json\" class=\"yoast-schema-graph\">{\"@context\":\"https:\\\/\\\/schema.org\",\"@graph\":[{\"@type\":\"WebPage\",\"@id\":\"https:\\\/\\\/spelivinkki.fi\\\/tuote\\\/terraforming-mars-colonies-lisaosa\\\/\",\"url\":\"https:\\\/\\\/spelivinkki.fi\\\/tuote\\\/terraforming-mars-colonies-lisaosa\\\/\",\"name\":\"Terraforming Mars: Colonies Lis\u00e4osa &#8211; Spelivinkki\",\"isPartOf\":{\"@id\":\"https:\\\/\\\/spelivinkki.fi\\\/#website\"},\"primaryImageOfPage\":{\"@id\":\"https:\\\/\\\/spelivinkki.fi\\\/tuote\\\/terraforming-mars-colonies-lisaosa\\\/#primaryimage\"},\"image\":{\"@id\":\"https:\\\/\\\/spelivinkki.fi\\\/tuote\\\/terraforming-mars-colonies-lisaosa\\\/#primaryimage\"},\"thumbnailUrl\":\"https:\\/\\/spelivinkki.fi\\/wp-content\\/uploads\\/2025\\/09\\/Terraforming-Mars-Colonies-Tuotekuva.webp\",\"datePublished\":\"2025-09-19T13:58:12+00:00\",\"dateModified\":\"2026-03-11T22:30:50+00:00\",\"breadcrumb\":{\"@id\":\"https:\\\/\\\/spelivinkki.fi\\\/tuote\\\/terraforming-mars-colonies-lisaosa\\\/#breadcrumb\"},\"inLanguage\":\"sv-SE\",\"potentialAction\":[{\"@type\":\"ReadAction\",\"target\":[\"https:\\\/\\\/spelivinkki.fi\\\/tuote\\\/terraforming-mars-colonies-lisaosa\\\/\"]}]},{\"@type\":\"ImageObject\",\"inLanguage\":\"sv-SE\",\"@id\":\"https:\\\/\\\/spelivinkki.fi\\\/tuote\\\/terraforming-mars-colonies-lisaosa\\\/#primaryimage\",\"url\":\"https:\\/\\/spelivinkki.fi\\/wp-content\\/uploads\\/2025\\/09\\/Terraforming-Mars-Colonies-Tuotekuva.webp\",\"contentUrl\":\"https:\\/\\/spelivinkki.fi\\/wp-content\\/uploads\\/2025\\/09\\/Terraforming-Mars-Colonies-Tuotekuva.webp\",\"width\":813,\"height\":813,\"caption\":\"Terraforming Mars Colonies Tuotekuva\"},{\"@type\":\"BreadcrumbList\",\"@id\":\"https:\\\/\\\/spelivinkki.fi\\\/tuote\\\/terraforming-mars-colonies-lisaosa\\\/#breadcrumb\",\"itemListElement\":[{\"@type\":\"ListItem\",\"position\":1,\"name\":\"Etusivu\",\"item\":\"https:\\\/\\\/spelivinkki.fi\\\/\"},{\"@type\":\"ListItem\",\"position\":2,\"name\":\"Tuotteet\",\"item\":\"https:\\\/\\\/spelivinkki.fi\\\/tuotteet\\\/\"},{\"@type\":\"ListItem\",\"position\":3,\"name\":\"Terraforming Mars: Colonies Lis\u00e4osa\"}]},{\"@type\":\"WebSite\",\"@id\":\"https:\\\/\\\/spelivinkki.fi\\\/#website\",\"url\":\"https:\\\/\\\/spelivinkki.fi\\\/\",\"name\":\"Spelivinkki\",\"description\":\"Paraisten Lautapelikauppa\",\"publisher\":{\"@id\":\"https:\\\/\\\/spelivinkki.fi\\\/#organization\"},\"alternateName\":\"Spelivinkki Oy\",\"potentialAction\":[{\"@type\":\"SearchAction\",\"target\":{\"@type\":\"EntryPoint\",\"urlTemplate\":\"https:\\\/\\\/spelivinkki.fi\\\/?s={search_term_string}\"},\"query-input\":{\"@type\":\"PropertyValueSpecification\",\"valueRequired\":true,\"valueName\":\"search_term_string\"}}],\"inLanguage\":\"sv-SE\"},{\"@type\":\"Organization\",\"@id\":\"https:\\\/\\\/spelivinkki.fi\\\/#organization\",\"name\":\"Spelivinkki Oy\",\"alternateName\":\"Spelivinkki\",\"url\":\"https:\\\/\\\/spelivinkki.fi\\\/\",\"logo\":{\"@type\":\"ImageObject\",\"inLanguage\":\"sv-SE\",\"@id\":\"https:\\\/\\\/spelivinkki.fi\\\/#\\\/schema\\\/logo\\\/image\\\/\",\"url\":\"https:\\/\\/spelivinkki.fi\\/wp-content\\/uploads\\/2024\\/02\\/Logo.svg\",\"contentUrl\":\"https:\\/\\/spelivinkki.fi\\/wp-content\\/uploads\\/2024\\/02\\/Logo.svg\",\"width\":2176,\"height\":2323,\"caption\":\"Spelivinkki Oy\"},\"image\":{\"@id\":\"https:\\\/\\\/spelivinkki.fi\\\/#\\\/schema\\\/logo\\\/image\\\/\"},\"sameAs\":[\"https:\\\/\\\/www.facebook.com\\\/SpelivinkkiOy\\\/\",\"https:\\\/\\\/x.com\\\/SpelivinkkiOy\",\"https:\\\/\\\/www.instagram.com\\\/spelivinkkioy\\\/\"],\"description\":\"Spelivinkki Oy is a company operating both a brick-and-mortar store in Finland as well as a webshop online. We sell board games, roleplaying games, miniature wargames, logic puzzles, jigsaw puzzles and other things related to the boardgame hobby.\",\"email\":\"myynti@spelivinkki.fi\",\"telephone\":\"+358406486605\",\"legalName\":\"Spelivinkki Oy\",\"foundingDate\":\"2023-09-17\",\"vatID\":\"FI33904524\",\"numberOfEmployees\":{\"@type\":\"QuantitativeValue\",\"minValue\":\"1\",\"maxValue\":\"10\"},\"hasMerchantReturnPolicy\":{\"@type\":\"MerchantReturnPolicy\",\"merchantReturnLink\":\"https:\\\/\\\/spelivinkki.fi\\\/sv\\\/spelivinkin-vaihto-ja-palautusoikeus\\\/\"}}]}<\/script>\n<meta property=\"product:brand\" content=\"Lautapelit.fi\" \/>\n<meta property=\"product:price:amount\" content=\"25.00\" \/>\n<meta property=\"product:price:currency\" content=\"EUR\" \/>\n<meta property=\"og:availability\" content=\"instock\" \/>\n<meta property=\"product:availability\" content=\"instock\" \/>\n<meta property=\"product:retailer_item_id\" content=\"TM_Colonies\" \/>\n<meta property=\"product:condition\" content=\"new\" \/>\n<!-- \/ Yoast SEO Premium plugin. -->","yoast_head_json":{"title":"Terraforming Mars: Colonies Lis\u00e4osa &#8211; Spelivinkki","robots":{"index":"index","follow":"follow","max-snippet":"max-snippet:-1","max-image-preview":"max-image-preview:large","max-video-preview":"max-video-preview:-1"},"canonical":"https:\/\/spelivinkki.fi\/sv\/produkt\/terraforming-mars-colonies-lisaosa\/","og_locale":"sv_SE","og_type":"article","og_title":"Terraforming Mars: Colonies Lis\u00e4osa","og_description":"Huom! T\u00e4m\u00e4 on lis\u00e4osa ja se tarvitsee Terraforming Mars peruspelin sen pelaamiseen!  Pelaajat: 1-5 (Paras M\u00e4\u00e4r\u00e4: 3-4)  Kesto: 120 min  Ik\u00e4suositus: 12+  Kielet: Suomi  Tyyppi: Laattojen Asettelu, K\u00e4den Hallinta, Settiker\u00e4ily, Eri pelaajavoimavarat, Vaihteleva alku  Teema: Tiede, Avaruus, Mars, Talous, Maankaltaistaminen  Yhteensopivat Sleevy Kortinsuojat (eiv\u00e4t sis\u00e4lly!): 54 kpl Standard koko  Kehitys: Jacob Fryxelius  Julkaisu: FryxGames \/ Lautapelit.fi","og_url":"https:\/\/spelivinkki.fi\/sv\/produkt\/terraforming-mars-colonies-lisaosa\/","og_site_name":"Spelivinkki","article_publisher":"https:\/\/www.facebook.com\/SpelivinkkiOy\/","article_modified_time":"2026-03-11T22:30:50+00:00","og_image":[{"width":813,"height":813,"url":"https:\/\/mlw9zexfsyfr.i.optimole.com\/w:auto\/h:auto\/q:mauto\/ig:avif\/https:\/\/spelivinkki.fi\/wp-content\/uploads\/2025\/09\/Terraforming-Mars-Colonies-Tuotekuva.webp","type":"image\/webp"}],"twitter_card":"summary_large_image","twitter_site":"@SpelivinkkiOy","twitter_misc":{"Pris":"25,00&nbsp;&euro;","Tillg\u00e4nglig":"I lager"},"schema":{"@context":"https:\/\/schema.org","@graph":[{"@type":"WebPage","@id":"https:\/\/spelivinkki.fi\/tuote\/terraforming-mars-colonies-lisaosa\/","url":"https:\/\/spelivinkki.fi\/tuote\/terraforming-mars-colonies-lisaosa\/","name":"Terraforming Mars: Colonies Lis\u00e4osa &#8211; Spelivinkki","isPartOf":{"@id":"https:\/\/spelivinkki.fi\/#website"},"primaryImageOfPage":{"@id":"https:\/\/spelivinkki.fi\/tuote\/terraforming-mars-colonies-lisaosa\/#primaryimage"},"image":{"@id":"https:\/\/spelivinkki.fi\/tuote\/terraforming-mars-colonies-lisaosa\/#primaryimage"},"thumbnailUrl":"https:\/\/mlw9zexfsyfr.i.optimole.com\/w:auto\/h:auto\/q:mauto\/ig:avif\/https:\/\/spelivinkki.fi\/wp-content\/uploads\/2025\/09\/Terraforming-Mars-Colonies-Tuotekuva.webp","datePublished":"2025-09-19T13:58:12+00:00","dateModified":"2026-03-11T22:30:50+00:00","breadcrumb":{"@id":"https:\/\/spelivinkki.fi\/tuote\/terraforming-mars-colonies-lisaosa\/#breadcrumb"},"inLanguage":"sv-SE","potentialAction":[{"@type":"ReadAction","target":["https:\/\/spelivinkki.fi\/tuote\/terraforming-mars-colonies-lisaosa\/"]}]},{"@type":"ImageObject","inLanguage":"sv-SE","@id":"https:\/\/spelivinkki.fi\/tuote\/terraforming-mars-colonies-lisaosa\/#primaryimage","url":"https:\/\/mlw9zexfsyfr.i.optimole.com\/w:auto\/h:auto\/q:mauto\/ig:avif\/https:\/\/spelivinkki.fi\/wp-content\/uploads\/2025\/09\/Terraforming-Mars-Colonies-Tuotekuva.webp","contentUrl":"https:\/\/mlw9zexfsyfr.i.optimole.com\/w:auto\/h:auto\/q:mauto\/ig:avif\/https:\/\/spelivinkki.fi\/wp-content\/uploads\/2025\/09\/Terraforming-Mars-Colonies-Tuotekuva.webp","width":813,"height":813,"caption":"Terraforming Mars Colonies Tuotekuva"},{"@type":"BreadcrumbList","@id":"https:\/\/spelivinkki.fi\/tuote\/terraforming-mars-colonies-lisaosa\/#breadcrumb","itemListElement":[{"@type":"ListItem","position":1,"name":"Etusivu","item":"https:\/\/spelivinkki.fi\/"},{"@type":"ListItem","position":2,"name":"Tuotteet","item":"https:\/\/spelivinkki.fi\/tuotteet\/"},{"@type":"ListItem","position":3,"name":"Terraforming Mars: Colonies Lis\u00e4osa"}]},{"@type":"WebSite","@id":"https:\/\/spelivinkki.fi\/#website","url":"https:\/\/spelivinkki.fi\/","name":"Spelivinkki","description":"Paraisten Lautapelikauppa","publisher":{"@id":"https:\/\/spelivinkki.fi\/#organization"},"alternateName":"Spelivinkki Oy","potentialAction":[{"@type":"SearchAction","target":{"@type":"EntryPoint","urlTemplate":"https:\/\/spelivinkki.fi\/?s={search_term_string}"},"query-input":{"@type":"PropertyValueSpecification","valueRequired":true,"valueName":"search_term_string"}}],"inLanguage":"sv-SE"},{"@type":"Organization","@id":"https:\/\/spelivinkki.fi\/#organization","name":"Spelivinkki Oy","alternateName":"Spelivinkki","url":"https:\/\/spelivinkki.fi\/","logo":{"@type":"ImageObject","inLanguage":"sv-SE","@id":"https:\/\/spelivinkki.fi\/#\/schema\/logo\/image\/","url":"https:\/\/mlw9zexfsyfr.i.optimole.com\/w:auto\/h:auto\/q:mauto\/ig:avif\/https:\/\/spelivinkki.fi\/wp-content\/uploads\/2024\/02\/Logo.svg","contentUrl":"https:\/\/mlw9zexfsyfr.i.optimole.com\/w:auto\/h:auto\/q:mauto\/ig:avif\/https:\/\/spelivinkki.fi\/wp-content\/uploads\/2024\/02\/Logo.svg","width":2176,"height":2323,"caption":"Spelivinkki Oy"},"image":{"@id":"https:\/\/spelivinkki.fi\/#\/schema\/logo\/image\/"},"sameAs":["https:\/\/www.facebook.com\/SpelivinkkiOy\/","https:\/\/x.com\/SpelivinkkiOy","https:\/\/www.instagram.com\/spelivinkkioy\/"],"description":"Spelivinkki Oy is a company operating both a brick-and-mortar store in Finland as well as a webshop online. We sell board games, roleplaying games, miniature wargames, logic puzzles, jigsaw puzzles and other things related to the boardgame hobby.","email":"myynti@spelivinkki.fi","telephone":"+358406486605","legalName":"Spelivinkki Oy","foundingDate":"2023-09-17","vatID":"FI33904524","numberOfEmployees":{"@type":"QuantitativeValue","minValue":"1","maxValue":"10"},"hasMerchantReturnPolicy":{"@type":"MerchantReturnPolicy","merchantReturnLink":"https:\/\/spelivinkki.fi\/sv\/spelivinkin-vaihto-ja-palautusoikeus\/"}}]},"product_brand":"Lautapelit.fi","product_price_amount":"25.00","product_price_currency":"EUR","og_availability":"instock","product_availability":"instock","product_retailer_item_id":"TM_Colonies","product_condition":"new"},"_links":{"self":[{"href":"https:\/\/spelivinkki.fi\/sv\/wp-json\/wp\/v2\/product\/7550","targetHints":{"allow":["GET"]}}],"collection":[{"href":"https:\/\/spelivinkki.fi\/sv\/wp-json\/wp\/v2\/product"}],"about":[{"href":"https:\/\/spelivinkki.fi\/sv\/wp-json\/wp\/v2\/types\/product"}],"wp:featuredmedia":[{"embeddable":true,"href":"https:\/\/spelivinkki.fi\/sv\/wp-json\/wp\/v2\/media\/7552"}],"wp:attachment":[{"href":"https:\/\/spelivinkki.fi\/sv\/wp-json\/wp\/v2\/media?parent=7550"}],"wp:term":[{"taxonomy":"product_brand","embeddable":true,"href":"https:\/\/spelivinkki.fi\/sv\/wp-json\/wp\/v2\/product_brand?post=7550"},{"taxonomy":"product_cat","embeddable":true,"href":"https:\/\/spelivinkki.fi\/sv\/wp-json\/wp\/v2\/product_cat?post=7550"},{"taxonomy":"product_tag","embeddable":true,"href":"https:\/\/spelivinkki.fi\/sv\/wp-json\/wp\/v2\/product_tag?post=7550"}],"curies":[{"name":"wp","href":"https:\/\/api.w.org\/{rel}","templated":true}]}}