{"id":7562,"date":"2025-09-19T22:59:08","date_gmt":"2025-09-19T22:59:08","guid":{"rendered":"https:\/\/spelivinkki.fi\/?post_type=product&#038;p=7562"},"modified":"2026-02-20T14:24:15","modified_gmt":"2026-02-20T14:24:15","slug":"white-dwarf-516-syyskuu-2025","status":"publish","type":"product","link":"https:\/\/spelivinkki.fi\/sv\/produkt\/white-dwarf-516-syyskuu-2025\/","title":{"rendered":"White Dwarf #516 \u2014 September 2025"},"content":{"rendered":"<h5>Publisher Description in English:<\/h5>\n<p><em><strong>White Dwarf<\/strong>\u00a0is the official Warhammer magazine, packed with amazing monthly content \u2013 including new rules and background, short stories, regular columns, special guests, and more.<\/em><\/p>\n<p><em>Here\u2019s what you can look forward to in the September issue:<\/em><\/p>\n<p><em><strong>Planet Warhammer<\/strong><\/em><br \/>\n<em>Minatures, letters and questions sent in by readers. Plus, knitwear!<\/em><\/p>\n<h6><em><strong>WARHAMMER 40,000<\/strong><\/em><\/h6>\n<p><strong>Data Exload: Leagues of Votann<\/strong><br \/>\n<em>Who are the diminutive space prospectors, and what are they up to? Data Exload reveals all.<\/em><\/p>\n<p><em><strong>Buri Aegnirssen<\/strong><\/em><br \/>\n<em>Introducing the last survivor of the Emberg-Aegnir Bloc and the slayer of the Bane!<\/em><\/p>\n<p><em><strong>New Prospects<\/strong><\/em><br \/>\n<em>It&#8217;s Kin! We take a closer look at the new Leagues of Votann Detachments.<\/em><\/p>\n<p><em><strong>Aspect of War<\/strong><\/em><br \/>\n<em>Will you take the risk and play a strategic gambit? There could be repercussions\u2026<\/em><\/p>\n<p><em><strong>Space Marine Operations<\/strong><\/em><br \/>\n<em>New missions for our exclusive mini-game. This time, you fight a Hive Tyrant. Good luck!<\/em><\/p>\n<h6><em><strong>WARHAMMER AGE OF SIGMAR<\/strong><\/em><\/h6>\n<p>The Story so Far<br \/>\n<em>Celebrating 10 years of epic warfare in the Age of Sigmar! Here are some of the main events.<\/em><\/p>\n<p><em><strong>Times of War<\/strong><\/em><br \/>\n<em>Presenting new rules for fighting battles in three iconic locations.<\/em><\/p>\n<p><em><strong>Battle Report: The War Eternal<\/strong><\/em><br \/>\n<em>The Hallowed Knights and Hammers of Sigmar battle against four historic adversaries across two realms in one massive double game.<\/em><\/p>\n<p><em><strong>Annals of the Eternal<\/strong><\/em><br \/>\n<em>What does it mean to be a Stormcast Eternal? Ionus Cryptborn bares his soul.<\/em><\/p>\n<p><em><strong>Basic Training<\/strong><\/em><br \/>\n<em>Purple Sun of Shyish? Or Ravenak&#8217;s Gnashing Jaws? Which manifestation works for you?<\/em><\/p>\n<p><em><strong>Grombrindal and the Gods<\/strong><\/em><br \/>\n<em>Our namesake takes a look at the self-made deities of the Mortal Realms.<\/em><\/p>\n<h6><em><strong>OTHER ARTICLES<\/strong><\/em><\/h6>\n<p>Mustering for War<br \/>\n<em>Want to conquer the galaxy? This Horus Heresy army-building article will help you prepare.<\/em><\/p>\n<p><em><strong>Paint Splatter<\/strong><\/em><br \/>\n<em>Painting guides for Saturnine Terminators of the Salamanders and Iron Warriors.<\/em><\/p>\n<p><em><strong>Brush Tips<\/strong><\/em><br \/>\n<em>A gallery of Saturnine Terminators (both Traitors and Loyalists) painted by the studio painters.<\/em><\/p>\n<p><em><strong>The Trials of Albarak: None so Worthy<\/strong><\/em><br \/>\n<em>There&#8217;s a shocking revelation about the White Dwarf in the final part of this serialised story.<\/em><\/p>\n<h6><em><strong>WHITE DWARF\u00a0BUNKER<\/strong><\/em><\/h6>\n<p><em><strong>Access Granted!<\/strong><\/em><br \/>\n<em>Here you will find painting challenges and the latest Bunker news.<\/em><\/p>\n<p><em><strong>Satellite Uplink<\/strong><\/em><br \/>\n<em>We only want the best of the best \u2013 and that&#8217;s exactly what we got in this issue&#8217;s Elites painting challenge.<\/em><\/p>\n<p><em><strong>Bunker Event: The Rusty Nurgling<\/strong><\/em><br \/>\n<em>The Warhammer Store &amp; Caf\u00e9 locations present their annual painting contest. This time, we feature some of the winners from Tokyo.<\/em><\/p>\n<p><em><strong>Bunker Bingo!<\/strong><\/em><br \/>\n<em>What have the\u00a0White Dwarf\u00a0team been up to this month? Probably a bit of painting. Maybe some gaming. They&#8217;ve got pictures to prove it!<\/em><\/p>\n<p><em>Each copy of\u00a0White Dwarf 516\u00a0also comes with a cardboard insert containing the scenarios of the month for Warhammer 40,000 and Warhammer Age of Sigmar. Also included is 1x Terminus Level Enemy card (105mm by 144mm), 2x Extremis Level Enemy cards (63mm by 88mm), and 1x Enemy Group Spawning Table Card (63mm by 88mm) for the Space Marine Operations mini-game introduced last issue.<\/em><\/p>","protected":false},"excerpt":{"rendered":"<ul>\n<li><strong>Nummer:<\/strong> 516<\/li>\n<li><strong>\u00c5ldersrekommendation:<\/strong> 12+<\/li>\n<li><strong>Spr\u00e5k:<\/strong> Engelska<\/li>\n<li><strong>Utgivare:<\/strong> Games Workshop<\/li>\n<\/ul>","protected":false},"featured_media":7563,"template":"","meta":{"site-sidebar-layout":"default","site-content-layout":"","ast-site-content-layout":"default","site-content-style":"default","site-sidebar-style":"default","ast-global-header-display":"","ast-banner-title-visibility":"","ast-main-header-display":"","ast-hfb-above-header-display":"","ast-hfb-below-header-display":"","ast-hfb-mobile-header-display":"","site-post-title":"","ast-breadcrumbs-content":"","ast-featured-img":"","footer-sml-layout":"","ast-disable-related-posts":"","theme-transparent-header-meta":"default","adv-header-id-meta":"","stick-header-meta":"","header-above-stick-meta":"","header-main-stick-meta":"","header-below-stick-meta":"","astra-migrate-meta-layouts":"set","ast-page-background-enabled":"default","ast-page-background-meta":{"desktop":{"background-color":"","background-image":"","background-repeat":"repeat","background-position":"center center","background-size":"auto","background-attachment":"scroll","background-type":"","background-media":"","overlay-type":"","overlay-color":"","overlay-opacity":"","overlay-gradient":""},"tablet":{"background-color":"","background-image":"","background-repeat":"repeat","background-position":"center center","background-size":"auto","background-attachment":"scroll","background-type":"","background-media":"","overlay-type":"","overlay-color":"","overlay-opacity":"","overlay-gradient":""},"mobile":{"background-color":"","background-image":"","background-repeat":"repeat","background-position":"center center","background-size":"auto","background-attachment":"scroll","background-type":"","background-media":"","overlay-type":"","overlay-color":"","overlay-opacity":"","overlay-gradient":""}},"ast-content-background-meta":{"desktop":{"background-color":"var(--ast-global-color-5)","background-image":"","background-repeat":"repeat","background-position":"center center","background-size":"auto","background-attachment":"scroll","background-type":"","background-media":"","overlay-type":"","overlay-color":"","overlay-opacity":"","overlay-gradient":""},"tablet":{"background-color":"var(--ast-global-color-5)","background-image":"","background-repeat":"repeat","background-position":"center center","background-size":"auto","background-attachment":"scroll","background-type":"","background-media":"","overlay-type":"","overlay-color":"","overlay-opacity":"","overlay-gradient":""},"mobile":{"background-color":"var(--ast-global-color-5)","background-image":"","background-repeat":"repeat","background-position":"center center","background-size":"auto","background-attachment":"scroll","background-type":"","background-media":"","overlay-type":"","overlay-color":"","overlay-opacity":"","overlay-gradient":""}}},"product_brand":[1051],"product_cat":[1034],"product_tag":[1275],"class_list":{"0":"post-7562","1":"product","2":"type-product","3":"status-publish","4":"has-post-thumbnail","6":"product_brand-games-workshop","7":"product_cat-white-dwarf-lehdet","8":"product_tag-lehdet","9":"product_shipping_class-any1","10":"desktop-align-center","11":"tablet-align-center","12":"mobile-align-center","14":"first","15":"outofstock","16":"taxable","17":"shipping-taxable","18":"purchasable","19":"product-type-simple"},"yoast_head":"<!-- This site is optimized with the Yoast SEO Premium plugin v27.3 (Yoast SEO v27.4) - https:\/\/yoast.com\/product\/yoast-seo-premium-wordpress\/ -->\n<title>White Dwarf #516 -- Syyskuu 2025 &#8211; Spelivinkki<\/title>\n<meta name=\"description\" content=\"Tutustu syyskuun White Dwarf 516 -numeroon, joka sis\u00e4lt\u00e4\u00e4 uusia s\u00e4\u00e4nt\u00f6j\u00e4 ja mielenkiintoisia tarinoita. \u00c4l\u00e4 j\u00e4\u00e4 paitsi! \ud83d\udee1\ufe0f\" \/>\n<meta name=\"robots\" content=\"index, follow, max-snippet:-1, max-image-preview:large, max-video-preview:-1\" \/>\n<link rel=\"canonical\" href=\"https:\/\/spelivinkki.fi\/sv\/produkt\/white-dwarf-516-syyskuu-2025\/\" \/>\n<meta property=\"og:locale\" content=\"sv_SE\" \/>\n<meta property=\"og:type\" content=\"article\" \/>\n<meta property=\"og:title\" content=\"White Dwarf #516 -- Syyskuu 2025\" \/>\n<meta property=\"og:description\" content=\"Tutustu syyskuun White Dwarf 516 -numeroon, joka sis\u00e4lt\u00e4\u00e4 uusia s\u00e4\u00e4nt\u00f6j\u00e4 ja mielenkiintoisia tarinoita. \u00c4l\u00e4 j\u00e4\u00e4 paitsi! \ud83d\udee1\ufe0f\" \/>\n<meta property=\"og:url\" content=\"https:\/\/spelivinkki.fi\/sv\/produkt\/white-dwarf-516-syyskuu-2025\/\" \/>\n<meta property=\"og:site_name\" content=\"Spelivinkki\" \/>\n<meta property=\"article:publisher\" content=\"https:\/\/www.facebook.com\/SpelivinkkiOy\/\" \/>\n<meta property=\"article:modified_time\" content=\"2026-02-20T14:24:15+00:00\" \/>\n<meta property=\"og:image\" content=\"https:\/\/mlw9zexfsyfr.i.optimole.com\/w:auto\/h:auto\/q:mauto\/ig:avif\/https:\/\/spelivinkki.fi\/wp-content\/uploads\/2025\/09\/White-Dwarf-516-Tuotekuva.webp\" \/>\n\t<meta property=\"og:image:width\" content=\"918\" \/>\n\t<meta property=\"og:image:height\" content=\"948\" \/>\n\t<meta property=\"og:image:type\" content=\"image\/webp\" \/>\n<meta name=\"twitter:card\" content=\"summary_large_image\" \/>\n<meta name=\"twitter:site\" content=\"@SpelivinkkiOy\" \/>\n<meta name=\"twitter:label1\" content=\"Pris\" \/>\n\t<meta name=\"twitter:data1\" content=\"9,00&nbsp;&euro;\" \/>\n\t<meta name=\"twitter:label2\" content=\"Tillg\u00e4nglig\" \/>\n\t<meta name=\"twitter:data2\" content=\"Slut i lager\" \/>\n<script type=\"application\/ld+json\" class=\"yoast-schema-graph\">{\"@context\":\"https:\\\/\\\/schema.org\",\"@graph\":[{\"@type\":\"WebPage\",\"@id\":\"https:\\\/\\\/spelivinkki.fi\\\/tuote\\\/white-dwarf-516-syyskuu-2025\\\/\",\"url\":\"https:\\\/\\\/spelivinkki.fi\\\/tuote\\\/white-dwarf-516-syyskuu-2025\\\/\",\"name\":\"White Dwarf #516 -- Syyskuu 2025 &#8211; Spelivinkki\",\"isPartOf\":{\"@id\":\"https:\\\/\\\/spelivinkki.fi\\\/#website\"},\"primaryImageOfPage\":{\"@id\":\"https:\\\/\\\/spelivinkki.fi\\\/tuote\\\/white-dwarf-516-syyskuu-2025\\\/#primaryimage\"},\"image\":{\"@id\":\"https:\\\/\\\/spelivinkki.fi\\\/tuote\\\/white-dwarf-516-syyskuu-2025\\\/#primaryimage\"},\"thumbnailUrl\":\"https:\\/\\/spelivinkki.fi\\/wp-content\\/uploads\\/2025\\/09\\/White-Dwarf-516-Tuotekuva.webp\",\"datePublished\":\"2025-09-19T22:59:08+00:00\",\"dateModified\":\"2026-02-20T14:24:15+00:00\",\"description\":\"Tutustu syyskuun White Dwarf 516 -numeroon, joka sis\u00e4lt\u00e4\u00e4 uusia s\u00e4\u00e4nt\u00f6j\u00e4 ja mielenkiintoisia tarinoita. \u00c4l\u00e4 j\u00e4\u00e4 paitsi! \ud83d\udee1\ufe0f\",\"breadcrumb\":{\"@id\":\"https:\\\/\\\/spelivinkki.fi\\\/tuote\\\/white-dwarf-516-syyskuu-2025\\\/#breadcrumb\"},\"inLanguage\":\"sv-SE\",\"potentialAction\":[{\"@type\":\"ReadAction\",\"target\":[\"https:\\\/\\\/spelivinkki.fi\\\/tuote\\\/white-dwarf-516-syyskuu-2025\\\/\"]}]},{\"@type\":\"ImageObject\",\"inLanguage\":\"sv-SE\",\"@id\":\"https:\\\/\\\/spelivinkki.fi\\\/tuote\\\/white-dwarf-516-syyskuu-2025\\\/#primaryimage\",\"url\":\"https:\\/\\/spelivinkki.fi\\/wp-content\\/uploads\\/2025\\/09\\/White-Dwarf-516-Tuotekuva.webp\",\"contentUrl\":\"https:\\/\\/spelivinkki.fi\\/wp-content\\/uploads\\/2025\\/09\\/White-Dwarf-516-Tuotekuva.webp\",\"width\":918,\"height\":948,\"caption\":\"White Dwarf 516 Tuotekuva\"},{\"@type\":\"BreadcrumbList\",\"@id\":\"https:\\\/\\\/spelivinkki.fi\\\/tuote\\\/white-dwarf-516-syyskuu-2025\\\/#breadcrumb\",\"itemListElement\":[{\"@type\":\"ListItem\",\"position\":1,\"name\":\"Etusivu\",\"item\":\"https:\\\/\\\/spelivinkki.fi\\\/\"},{\"@type\":\"ListItem\",\"position\":2,\"name\":\"Tuotteet\",\"item\":\"https:\\\/\\\/spelivinkki.fi\\\/tuotteet\\\/\"},{\"@type\":\"ListItem\",\"position\":3,\"name\":\"White Dwarf #516 &#8212; Syyskuu 2025\"}]},{\"@type\":\"WebSite\",\"@id\":\"https:\\\/\\\/spelivinkki.fi\\\/#website\",\"url\":\"https:\\\/\\\/spelivinkki.fi\\\/\",\"name\":\"Spelivinkki\",\"description\":\"Paraisten Lautapelikauppa\",\"publisher\":{\"@id\":\"https:\\\/\\\/spelivinkki.fi\\\/#organization\"},\"alternateName\":\"Spelivinkki Oy\",\"potentialAction\":[{\"@type\":\"SearchAction\",\"target\":{\"@type\":\"EntryPoint\",\"urlTemplate\":\"https:\\\/\\\/spelivinkki.fi\\\/?s={search_term_string}\"},\"query-input\":{\"@type\":\"PropertyValueSpecification\",\"valueRequired\":true,\"valueName\":\"search_term_string\"}}],\"inLanguage\":\"sv-SE\"},{\"@type\":\"Organization\",\"@id\":\"https:\\\/\\\/spelivinkki.fi\\\/#organization\",\"name\":\"Spelivinkki Oy\",\"alternateName\":\"Spelivinkki\",\"url\":\"https:\\\/\\\/spelivinkki.fi\\\/\",\"logo\":{\"@type\":\"ImageObject\",\"inLanguage\":\"sv-SE\",\"@id\":\"https:\\\/\\\/spelivinkki.fi\\\/#\\\/schema\\\/logo\\\/image\\\/\",\"url\":\"https:\\/\\/spelivinkki.fi\\/wp-content\\/uploads\\/2024\\/02\\/Logo.svg\",\"contentUrl\":\"https:\\/\\/spelivinkki.fi\\/wp-content\\/uploads\\/2024\\/02\\/Logo.svg\",\"width\":2176,\"height\":2323,\"caption\":\"Spelivinkki Oy\"},\"image\":{\"@id\":\"https:\\\/\\\/spelivinkki.fi\\\/#\\\/schema\\\/logo\\\/image\\\/\"},\"sameAs\":[\"https:\\\/\\\/www.facebook.com\\\/SpelivinkkiOy\\\/\",\"https:\\\/\\\/x.com\\\/SpelivinkkiOy\",\"https:\\\/\\\/www.instagram.com\\\/spelivinkkioy\\\/\"],\"description\":\"Spelivinkki Oy is a company operating both a brick-and-mortar store in Finland as well as a webshop online. We sell board games, roleplaying games, miniature wargames, logic puzzles, jigsaw puzzles and other things related to the boardgame hobby.\",\"email\":\"myynti@spelivinkki.fi\",\"telephone\":\"+358406486605\",\"legalName\":\"Spelivinkki Oy\",\"foundingDate\":\"2023-09-17\",\"vatID\":\"FI33904524\",\"numberOfEmployees\":{\"@type\":\"QuantitativeValue\",\"minValue\":\"1\",\"maxValue\":\"10\"},\"hasMerchantReturnPolicy\":{\"@type\":\"MerchantReturnPolicy\",\"merchantReturnLink\":\"https:\\\/\\\/spelivinkki.fi\\\/sv\\\/spelivinkin-vaihto-ja-palautusoikeus\\\/\"}}]}<\/script>\n<meta property=\"product:brand\" content=\"Games Workshop\" \/>\n<meta property=\"product:price:amount\" content=\"9.00\" \/>\n<meta property=\"product:price:currency\" content=\"EUR\" \/>\n<meta property=\"og:availability\" content=\"out of stock\" \/>\n<meta property=\"product:availability\" content=\"out of stock\" \/>\n<meta property=\"product:retailer_item_id\" content=\"WhiteDwarf_516\" \/>\n<meta property=\"product:condition\" content=\"new\" \/>\n<!-- \/ Yoast SEO Premium plugin. -->","yoast_head_json":{"title":"White Dwarf #516 -- Syyskuu 2025 &#8211; Spelivinkki","description":"Tutustu syyskuun White Dwarf 516 -numeroon, joka sis\u00e4lt\u00e4\u00e4 uusia s\u00e4\u00e4nt\u00f6j\u00e4 ja mielenkiintoisia tarinoita. \u00c4l\u00e4 j\u00e4\u00e4 paitsi! \ud83d\udee1\ufe0f","robots":{"index":"index","follow":"follow","max-snippet":"max-snippet:-1","max-image-preview":"max-image-preview:large","max-video-preview":"max-video-preview:-1"},"canonical":"https:\/\/spelivinkki.fi\/sv\/produkt\/white-dwarf-516-syyskuu-2025\/","og_locale":"sv_SE","og_type":"article","og_title":"White Dwarf #516 -- Syyskuu 2025","og_description":"Tutustu syyskuun White Dwarf 516 -numeroon, joka sis\u00e4lt\u00e4\u00e4 uusia s\u00e4\u00e4nt\u00f6j\u00e4 ja mielenkiintoisia tarinoita. \u00c4l\u00e4 j\u00e4\u00e4 paitsi! \ud83d\udee1\ufe0f","og_url":"https:\/\/spelivinkki.fi\/sv\/produkt\/white-dwarf-516-syyskuu-2025\/","og_site_name":"Spelivinkki","article_publisher":"https:\/\/www.facebook.com\/SpelivinkkiOy\/","article_modified_time":"2026-02-20T14:24:15+00:00","og_image":[{"width":918,"height":948,"url":"https:\/\/mlw9zexfsyfr.i.optimole.com\/w:auto\/h:auto\/q:mauto\/ig:avif\/https:\/\/spelivinkki.fi\/wp-content\/uploads\/2025\/09\/White-Dwarf-516-Tuotekuva.webp","type":"image\/webp"}],"twitter_card":"summary_large_image","twitter_site":"@SpelivinkkiOy","twitter_misc":{"Pris":"9,00&nbsp;&euro;","Tillg\u00e4nglig":"Slut i lager"},"schema":{"@context":"https:\/\/schema.org","@graph":[{"@type":"WebPage","@id":"https:\/\/spelivinkki.fi\/tuote\/white-dwarf-516-syyskuu-2025\/","url":"https:\/\/spelivinkki.fi\/tuote\/white-dwarf-516-syyskuu-2025\/","name":"White Dwarf #516 -- Syyskuu 2025 &#8211; Spelivinkki","isPartOf":{"@id":"https:\/\/spelivinkki.fi\/#website"},"primaryImageOfPage":{"@id":"https:\/\/spelivinkki.fi\/tuote\/white-dwarf-516-syyskuu-2025\/#primaryimage"},"image":{"@id":"https:\/\/spelivinkki.fi\/tuote\/white-dwarf-516-syyskuu-2025\/#primaryimage"},"thumbnailUrl":"https:\/\/mlw9zexfsyfr.i.optimole.com\/w:auto\/h:auto\/q:mauto\/ig:avif\/https:\/\/spelivinkki.fi\/wp-content\/uploads\/2025\/09\/White-Dwarf-516-Tuotekuva.webp","datePublished":"2025-09-19T22:59:08+00:00","dateModified":"2026-02-20T14:24:15+00:00","description":"Tutustu syyskuun White Dwarf 516 -numeroon, joka sis\u00e4lt\u00e4\u00e4 uusia s\u00e4\u00e4nt\u00f6j\u00e4 ja mielenkiintoisia tarinoita. \u00c4l\u00e4 j\u00e4\u00e4 paitsi! \ud83d\udee1\ufe0f","breadcrumb":{"@id":"https:\/\/spelivinkki.fi\/tuote\/white-dwarf-516-syyskuu-2025\/#breadcrumb"},"inLanguage":"sv-SE","potentialAction":[{"@type":"ReadAction","target":["https:\/\/spelivinkki.fi\/tuote\/white-dwarf-516-syyskuu-2025\/"]}]},{"@type":"ImageObject","inLanguage":"sv-SE","@id":"https:\/\/spelivinkki.fi\/tuote\/white-dwarf-516-syyskuu-2025\/#primaryimage","url":"https:\/\/mlw9zexfsyfr.i.optimole.com\/w:auto\/h:auto\/q:mauto\/ig:avif\/https:\/\/spelivinkki.fi\/wp-content\/uploads\/2025\/09\/White-Dwarf-516-Tuotekuva.webp","contentUrl":"https:\/\/mlw9zexfsyfr.i.optimole.com\/w:auto\/h:auto\/q:mauto\/ig:avif\/https:\/\/spelivinkki.fi\/wp-content\/uploads\/2025\/09\/White-Dwarf-516-Tuotekuva.webp","width":918,"height":948,"caption":"White Dwarf 516 Tuotekuva"},{"@type":"BreadcrumbList","@id":"https:\/\/spelivinkki.fi\/tuote\/white-dwarf-516-syyskuu-2025\/#breadcrumb","itemListElement":[{"@type":"ListItem","position":1,"name":"Etusivu","item":"https:\/\/spelivinkki.fi\/"},{"@type":"ListItem","position":2,"name":"Tuotteet","item":"https:\/\/spelivinkki.fi\/tuotteet\/"},{"@type":"ListItem","position":3,"name":"White Dwarf #516 &#8212; Syyskuu 2025"}]},{"@type":"WebSite","@id":"https:\/\/spelivinkki.fi\/#website","url":"https:\/\/spelivinkki.fi\/","name":"Spelivinkki","description":"Paraisten Lautapelikauppa","publisher":{"@id":"https:\/\/spelivinkki.fi\/#organization"},"alternateName":"Spelivinkki Oy","potentialAction":[{"@type":"SearchAction","target":{"@type":"EntryPoint","urlTemplate":"https:\/\/spelivinkki.fi\/?s={search_term_string}"},"query-input":{"@type":"PropertyValueSpecification","valueRequired":true,"valueName":"search_term_string"}}],"inLanguage":"sv-SE"},{"@type":"Organization","@id":"https:\/\/spelivinkki.fi\/#organization","name":"Spelivinkki Oy","alternateName":"Spelivinkki","url":"https:\/\/spelivinkki.fi\/","logo":{"@type":"ImageObject","inLanguage":"sv-SE","@id":"https:\/\/spelivinkki.fi\/#\/schema\/logo\/image\/","url":"https:\/\/mlw9zexfsyfr.i.optimole.com\/w:auto\/h:auto\/q:mauto\/ig:avif\/https:\/\/spelivinkki.fi\/wp-content\/uploads\/2024\/02\/Logo.svg","contentUrl":"https:\/\/mlw9zexfsyfr.i.optimole.com\/w:auto\/h:auto\/q:mauto\/ig:avif\/https:\/\/spelivinkki.fi\/wp-content\/uploads\/2024\/02\/Logo.svg","width":2176,"height":2323,"caption":"Spelivinkki Oy"},"image":{"@id":"https:\/\/spelivinkki.fi\/#\/schema\/logo\/image\/"},"sameAs":["https:\/\/www.facebook.com\/SpelivinkkiOy\/","https:\/\/x.com\/SpelivinkkiOy","https:\/\/www.instagram.com\/spelivinkkioy\/"],"description":"Spelivinkki Oy is a company operating both a brick-and-mortar store in Finland as well as a webshop online. We sell board games, roleplaying games, miniature wargames, logic puzzles, jigsaw puzzles and other things related to the boardgame hobby.","email":"myynti@spelivinkki.fi","telephone":"+358406486605","legalName":"Spelivinkki Oy","foundingDate":"2023-09-17","vatID":"FI33904524","numberOfEmployees":{"@type":"QuantitativeValue","minValue":"1","maxValue":"10"},"hasMerchantReturnPolicy":{"@type":"MerchantReturnPolicy","merchantReturnLink":"https:\/\/spelivinkki.fi\/sv\/spelivinkin-vaihto-ja-palautusoikeus\/"}}]},"product_brand":"Games Workshop","product_price_amount":"9.00","product_price_currency":"EUR","og_availability":"out of stock","product_availability":"out of stock","product_retailer_item_id":"WhiteDwarf_516","product_condition":"new"},"_links":{"self":[{"href":"https:\/\/spelivinkki.fi\/sv\/wp-json\/wp\/v2\/product\/7562","targetHints":{"allow":["GET"]}}],"collection":[{"href":"https:\/\/spelivinkki.fi\/sv\/wp-json\/wp\/v2\/product"}],"about":[{"href":"https:\/\/spelivinkki.fi\/sv\/wp-json\/wp\/v2\/types\/product"}],"wp:featuredmedia":[{"embeddable":true,"href":"https:\/\/spelivinkki.fi\/sv\/wp-json\/wp\/v2\/media\/7563"}],"wp:attachment":[{"href":"https:\/\/spelivinkki.fi\/sv\/wp-json\/wp\/v2\/media?parent=7562"}],"wp:term":[{"taxonomy":"product_brand","embeddable":true,"href":"https:\/\/spelivinkki.fi\/sv\/wp-json\/wp\/v2\/product_brand?post=7562"},{"taxonomy":"product_cat","embeddable":true,"href":"https:\/\/spelivinkki.fi\/sv\/wp-json\/wp\/v2\/product_cat?post=7562"},{"taxonomy":"product_tag","embeddable":true,"href":"https:\/\/spelivinkki.fi\/sv\/wp-json\/wp\/v2\/product_tag?post=7562"}],"curies":[{"name":"wp","href":"https:\/\/api.w.org\/{rel}","templated":true}]}}