{"id":7569,"date":"2025-09-26T10:12:52","date_gmt":"2025-09-26T10:12:52","guid":{"rendered":"https:\/\/spelivinkki.fi\/?post_type=product&#038;p=7569"},"modified":"2025-10-02T12:42:30","modified_gmt":"2025-10-02T12:42:30","slug":"drakborgen-farden-gar-vidare-lisaosa","status":"publish","type":"product","link":"https:\/\/spelivinkki.fi\/sv\/produkt\/drakborgen-farden-gar-vidare-lisaosa\/","title":{"rendered":"Drakborgen &#8211; F\u00e4rden G\u00e5r Vidare Lis\u00e4osa"},"content":{"rendered":"<p><a href=\"https:\/\/spelivinkki.fi\/sv\/produkt\/drakborgen-se\/\">Drakborgen \u2013 En F\u00e4rd in i Det Ok\u00e4nda<\/a> var en \u00e5terlansering av en 1980-talets klassiker. Till \u00e4ran av orginalets 40-\u00e5rs jubileum har en ny officiell expansion utkommit!<\/p>\n<h6>Inneh\u00e5ll:<\/h6>\n<ul>\n<li>3 t\u00e4rningar (D6, D10, D12)<\/li>\n<li>T\u00e4rningstorn<\/li>\n<li>Nya kort (skatter, tv\u00e5 nya karakt\u00e4rer medd specialvapen, rumskort, och magiska ringar).<\/li>\n<li>Nya labyrintbrickor<\/li>\n<\/ul>\n<h6><em>\u00c4ventyret \u00e4r inte \u00f6ver!<\/em><\/h6>\n<p><em>\u00c4nnu st\u00e5r den d\u00e4r p\u00e5 sin bergstopp: Ath Ungol, Drakborgen, en g\u00e5ng hj\u00e4rtat i T\u2019siramans v\u00e4lde. Fr\u00e5n n\u00e4r och fj\u00e4rran flockas fortfarande nya dj\u00e4rva \u00e4ventyrare f\u00f6r att ta sig an utmaningen med de ofattbara rikedomar som v\u00e4ntar d\u00e4rinne \u2013 och de skr\u00e4mmande fasor som vaktar skatterna.<\/em><br \/>\n<em>Ska du \u00f6verleva eller d\u00f6 denna dag, i el oupph\u00f6rligt sp\u00e4nnande, farofylld f\u00e4rd fr\u00e5n ditt f\u00f6rsta drag till ditt sista?<\/em><\/p>\n<p><em>\u00c5terlanseringen av Drakborgen blev en succ\u00e9! Eftersom fantasyklassikern nu fyller 40 \u00e5r firas det med denna jubileumsexpansion\u2026 med blodsbest\u00e4nkta t\u00e4rningar, nya f\u00f6rem\u00e5l i skattkammaren, tv\u00e5 nya hj\u00e4ltar med specialvapen, flera rumskort, nya magiska ringar, nya labyrintbrickor med hemliga g\u00e5ngar, och inte minst \u00d6destornet!<\/em><\/p>","protected":false},"excerpt":{"rendered":"<ul>\n<li><strong>OBS!<\/strong> Detta \u00e4r en expansion som kr\u00e4ver <a href=\"https:\/\/spelivinkki.fi\/sv\/produkt\/drakborgen-se\/\">Drakborgen 2023<\/a> basspelet f\u00f6r att spelas!<\/li>\n<li><strong>Spelarm\u00e4ngd: <\/strong>2-4 (<strong>B\u00e4sta m\u00e4ngden:<\/strong> 3-4)<\/li>\n<li><strong>Varaktighet: <\/strong>30-60 min<\/li>\n<li><strong>\u00c5ldersrekommendation: <\/strong>15+<\/li>\n<li><strong>Spr\u00e5k: <\/strong>Svenska<\/li>\n<li><strong>Genre: <\/strong>Dungeon Crawler, T\u00e4rningar, Risktagande, Spelarelimination, Skiftande spelomr\u00e5de, Olika spelarkrafter, Spelarkarakt\u00e4rer<\/li>\n<li><strong>Tema: <\/strong>\u00c4ventyr, Fantasy, Borg, Drake<\/li>\n<li><strong>Passande Sleevy Kortskydd (ing\u00e5r ej!): <\/strong>10 st Standard Storlek<\/li>\n<li><strong>Utveckling:<\/strong> Dan Glimme, Jakob Bonds<\/li>\n<li><strong>Utgivare:<\/strong> Alga<\/li>\n<\/ul>","protected":false},"featured_media":7570,"template":"","meta":{"site-sidebar-layout":"default","site-content-layout":"","ast-site-content-layout":"default","site-content-style":"default","site-sidebar-style":"default","ast-global-header-display":"","ast-banner-title-visibility":"","ast-main-header-display":"","ast-hfb-above-header-display":"","ast-hfb-below-header-display":"","ast-hfb-mobile-header-display":"","site-post-title":"","ast-breadcrumbs-content":"","ast-featured-img":"","footer-sml-layout":"","ast-disable-related-posts":"","theme-transparent-header-meta":"default","adv-header-id-meta":"","stick-header-meta":"","header-above-stick-meta":"","header-main-stick-meta":"","header-below-stick-meta":"","astra-migrate-meta-layouts":"set","ast-page-background-enabled":"default","ast-page-background-meta":{"desktop":{"background-color":"","background-image":"","background-repeat":"repeat","background-position":"center center","background-size":"auto","background-attachment":"scroll","background-type":"","background-media":"","overlay-type":"","overlay-color":"","overlay-opacity":"","overlay-gradient":""},"tablet":{"background-color":"","background-image":"","background-repeat":"repeat","background-position":"center center","background-size":"auto","background-attachment":"scroll","background-type":"","background-media":"","overlay-type":"","overlay-color":"","overlay-opacity":"","overlay-gradient":""},"mobile":{"background-color":"","background-image":"","background-repeat":"repeat","background-position":"center center","background-size":"auto","background-attachment":"scroll","background-type":"","background-media":"","overlay-type":"","overlay-color":"","overlay-opacity":"","overlay-gradient":""}},"ast-content-background-meta":{"desktop":{"background-color":"var(--ast-global-color-5)","background-image":"","background-repeat":"repeat","background-position":"center center","background-size":"auto","background-attachment":"scroll","background-type":"","background-media":"","overlay-type":"","overlay-color":"","overlay-opacity":"","overlay-gradient":""},"tablet":{"background-color":"var(--ast-global-color-5)","background-image":"","background-repeat":"repeat","background-position":"center center","background-size":"auto","background-attachment":"scroll","background-type":"","background-media":"","overlay-type":"","overlay-color":"","overlay-opacity":"","overlay-gradient":""},"mobile":{"background-color":"var(--ast-global-color-5)","background-image":"","background-repeat":"repeat","background-position":"center center","background-size":"auto","background-attachment":"scroll","background-type":"","background-media":"","overlay-type":"","overlay-color":"","overlay-opacity":"","overlay-gradient":""}}},"product_brand":[1053,1052],"product_cat":[16,321],"product_tag":[1085,1064,1065,1115,1050],"class_list":{"0":"post-7569","1":"product","2":"type-product","3":"status-publish","4":"has-post-thumbnail","6":"product_brand-alga","7":"product_brand-ravensburger","8":"product_cat-kaikki","9":"product_cat-luolastoroolipelit","10":"product_tag-ameripelit","11":"product_tag-dan-glimme","12":"product_tag-jakob-bonds","13":"product_tag-lisaosa","14":"product_tag-ruotsinkieliset-pelit","15":"product_shipping_class-standard2","16":"desktop-align-center","17":"tablet-align-center","18":"mobile-align-center","20":"first","21":"instock","22":"taxable","23":"shipping-taxable","24":"purchasable","25":"product-type-simple"},"yoast_head":"<!-- This site is optimized with the Yoast SEO Premium plugin v27.3 (Yoast SEO v27.4) - https:\/\/yoast.com\/product\/yoast-seo-premium-wordpress\/ -->\n<title>Drakborgen - F\u00e4rden G\u00e5r Vidare Lis\u00e4osa &#8211; Spelivinkki<\/title>\n<meta name=\"description\" content=\"Ota haltuun Drakborgen f\u00e4rden g\u00e5r vidare jubileumsexpansion ja astu tuntemattomaan! 40-vuotisjuhlassa saat uusia hahmoja ja labyrinttilaattoja. Tilaa nyt!\" \/>\n<meta name=\"robots\" content=\"index, follow, max-snippet:-1, max-image-preview:large, max-video-preview:-1\" \/>\n<link rel=\"canonical\" href=\"https:\/\/spelivinkki.fi\/sv\/produkt\/drakborgen-farden-gar-vidare-lisaosa\/\" \/>\n<meta property=\"og:locale\" content=\"sv_SE\" \/>\n<meta property=\"og:type\" content=\"article\" \/>\n<meta property=\"og:title\" content=\"Drakborgen - F\u00e4rden G\u00e5r Vidare Lis\u00e4osa\" \/>\n<meta property=\"og:description\" content=\"Ota haltuun Drakborgen f\u00e4rden g\u00e5r vidare jubileumsexpansion ja astu tuntemattomaan! 40-vuotisjuhlassa saat uusia hahmoja ja labyrinttilaattoja. Tilaa nyt!\" \/>\n<meta property=\"og:url\" content=\"https:\/\/spelivinkki.fi\/sv\/produkt\/drakborgen-farden-gar-vidare-lisaosa\/\" \/>\n<meta property=\"og:site_name\" content=\"Spelivinkki\" \/>\n<meta property=\"article:publisher\" content=\"https:\/\/www.facebook.com\/SpelivinkkiOy\/\" \/>\n<meta property=\"article:modified_time\" content=\"2025-10-02T12:42:30+00:00\" \/>\n<meta property=\"og:image\" content=\"https:\/\/mlw9zexfsyfr.i.optimole.com\/w:auto\/h:auto\/q:mauto\/ig:avif\/https:\/\/spelivinkki.fi\/wp-content\/uploads\/2025\/09\/Drakborgen-Jubileumsexpansion-tuotekuva-scaled.webp\" \/>\n\t<meta property=\"og:image:width\" content=\"1920\" \/>\n\t<meta property=\"og:image:height\" content=\"2560\" \/>\n\t<meta property=\"og:image:type\" content=\"image\/webp\" \/>\n<meta name=\"twitter:card\" content=\"summary_large_image\" \/>\n<meta name=\"twitter:site\" content=\"@SpelivinkkiOy\" \/>\n<meta name=\"twitter:label1\" content=\"Pris\" \/>\n\t<meta name=\"twitter:data1\" content=\"17,50&nbsp;&euro;\" \/>\n\t<meta name=\"twitter:label2\" content=\"Tillg\u00e4nglig\" \/>\n\t<meta name=\"twitter:data2\" content=\"I lager\" \/>\n<script type=\"application\/ld+json\" class=\"yoast-schema-graph\">{\"@context\":\"https:\\\/\\\/schema.org\",\"@graph\":[{\"@type\":\"WebPage\",\"@id\":\"https:\\\/\\\/spelivinkki.fi\\\/tuote\\\/drakborgen-farden-gar-vidare-lisaosa\\\/\",\"url\":\"https:\\\/\\\/spelivinkki.fi\\\/tuote\\\/drakborgen-farden-gar-vidare-lisaosa\\\/\",\"name\":\"Drakborgen - F\u00e4rden G\u00e5r Vidare Lis\u00e4osa &#8211; Spelivinkki\",\"isPartOf\":{\"@id\":\"https:\\\/\\\/spelivinkki.fi\\\/#website\"},\"primaryImageOfPage\":{\"@id\":\"https:\\\/\\\/spelivinkki.fi\\\/tuote\\\/drakborgen-farden-gar-vidare-lisaosa\\\/#primaryimage\"},\"image\":{\"@id\":\"https:\\\/\\\/spelivinkki.fi\\\/tuote\\\/drakborgen-farden-gar-vidare-lisaosa\\\/#primaryimage\"},\"thumbnailUrl\":\"https:\\/\\/spelivinkki.fi\\/wp-content\\/uploads\\/2025\\/09\\/Drakborgen-Jubileumsexpansion-tuotekuva-scaled.webp\",\"datePublished\":\"2025-09-26T10:12:52+00:00\",\"dateModified\":\"2025-10-02T12:42:30+00:00\",\"description\":\"Ota haltuun Drakborgen f\u00e4rden g\u00e5r vidare jubileumsexpansion ja astu tuntemattomaan! 40-vuotisjuhlassa saat uusia hahmoja ja labyrinttilaattoja. Tilaa nyt!\",\"breadcrumb\":{\"@id\":\"https:\\\/\\\/spelivinkki.fi\\\/tuote\\\/drakborgen-farden-gar-vidare-lisaosa\\\/#breadcrumb\"},\"inLanguage\":\"sv-SE\",\"potentialAction\":[{\"@type\":\"ReadAction\",\"target\":[\"https:\\\/\\\/spelivinkki.fi\\\/tuote\\\/drakborgen-farden-gar-vidare-lisaosa\\\/\"]}]},{\"@type\":\"ImageObject\",\"inLanguage\":\"sv-SE\",\"@id\":\"https:\\\/\\\/spelivinkki.fi\\\/tuote\\\/drakborgen-farden-gar-vidare-lisaosa\\\/#primaryimage\",\"url\":\"https:\\/\\/spelivinkki.fi\\/wp-content\\/uploads\\/2025\\/09\\/Drakborgen-Jubileumsexpansion-tuotekuva-scaled.webp\",\"contentUrl\":\"https:\\/\\/spelivinkki.fi\\/wp-content\\/uploads\\/2025\\/09\\/Drakborgen-Jubileumsexpansion-tuotekuva-scaled.webp\",\"width\":1920,\"height\":2560,\"caption\":\"Drakborgen Jubileumsexpansion tuotekuva\"},{\"@type\":\"BreadcrumbList\",\"@id\":\"https:\\\/\\\/spelivinkki.fi\\\/tuote\\\/drakborgen-farden-gar-vidare-lisaosa\\\/#breadcrumb\",\"itemListElement\":[{\"@type\":\"ListItem\",\"position\":1,\"name\":\"Etusivu\",\"item\":\"https:\\\/\\\/spelivinkki.fi\\\/\"},{\"@type\":\"ListItem\",\"position\":2,\"name\":\"Tuotteet\",\"item\":\"https:\\\/\\\/spelivinkki.fi\\\/tuotteet\\\/\"},{\"@type\":\"ListItem\",\"position\":3,\"name\":\"Drakborgen &#8211; F\u00e4rden G\u00e5r Vidare Lis\u00e4osa\"}]},{\"@type\":\"WebSite\",\"@id\":\"https:\\\/\\\/spelivinkki.fi\\\/#website\",\"url\":\"https:\\\/\\\/spelivinkki.fi\\\/\",\"name\":\"Spelivinkki\",\"description\":\"Paraisten Lautapelikauppa\",\"publisher\":{\"@id\":\"https:\\\/\\\/spelivinkki.fi\\\/#organization\"},\"alternateName\":\"Spelivinkki Oy\",\"potentialAction\":[{\"@type\":\"SearchAction\",\"target\":{\"@type\":\"EntryPoint\",\"urlTemplate\":\"https:\\\/\\\/spelivinkki.fi\\\/?s={search_term_string}\"},\"query-input\":{\"@type\":\"PropertyValueSpecification\",\"valueRequired\":true,\"valueName\":\"search_term_string\"}}],\"inLanguage\":\"sv-SE\"},{\"@type\":\"Organization\",\"@id\":\"https:\\\/\\\/spelivinkki.fi\\\/#organization\",\"name\":\"Spelivinkki Oy\",\"alternateName\":\"Spelivinkki\",\"url\":\"https:\\\/\\\/spelivinkki.fi\\\/\",\"logo\":{\"@type\":\"ImageObject\",\"inLanguage\":\"sv-SE\",\"@id\":\"https:\\\/\\\/spelivinkki.fi\\\/#\\\/schema\\\/logo\\\/image\\\/\",\"url\":\"https:\\/\\/spelivinkki.fi\\/wp-content\\/uploads\\/2024\\/02\\/Logo.svg\",\"contentUrl\":\"https:\\/\\/spelivinkki.fi\\/wp-content\\/uploads\\/2024\\/02\\/Logo.svg\",\"width\":2176,\"height\":2323,\"caption\":\"Spelivinkki Oy\"},\"image\":{\"@id\":\"https:\\\/\\\/spelivinkki.fi\\\/#\\\/schema\\\/logo\\\/image\\\/\"},\"sameAs\":[\"https:\\\/\\\/www.facebook.com\\\/SpelivinkkiOy\\\/\",\"https:\\\/\\\/x.com\\\/SpelivinkkiOy\",\"https:\\\/\\\/www.instagram.com\\\/spelivinkkioy\\\/\"],\"description\":\"Spelivinkki Oy is a company operating both a brick-and-mortar store in Finland as well as a webshop online. We sell board games, roleplaying games, miniature wargames, logic puzzles, jigsaw puzzles and other things related to the boardgame hobby.\",\"email\":\"myynti@spelivinkki.fi\",\"telephone\":\"+358406486605\",\"legalName\":\"Spelivinkki Oy\",\"foundingDate\":\"2023-09-17\",\"vatID\":\"FI33904524\",\"numberOfEmployees\":{\"@type\":\"QuantitativeValue\",\"minValue\":\"1\",\"maxValue\":\"10\"},\"hasMerchantReturnPolicy\":{\"@type\":\"MerchantReturnPolicy\",\"merchantReturnLink\":\"https:\\\/\\\/spelivinkki.fi\\\/sv\\\/spelivinkin-vaihto-ja-palautusoikeus\\\/\"}}]}<\/script>\n<meta property=\"product:brand\" content=\"Alga\" \/>\n<meta property=\"product:price:amount\" content=\"17.50\" \/>\n<meta property=\"product:price:currency\" content=\"EUR\" \/>\n<meta property=\"og:availability\" content=\"instock\" \/>\n<meta property=\"product:availability\" content=\"instock\" \/>\n<meta property=\"product:retailer_item_id\" content=\"Drakborgen_Jubileumsexpansion\" \/>\n<meta property=\"product:condition\" content=\"new\" \/>\n<!-- \/ Yoast SEO Premium plugin. -->","yoast_head_json":{"title":"Drakborgen - F\u00e4rden G\u00e5r Vidare Lis\u00e4osa &#8211; Spelivinkki","description":"Ota haltuun Drakborgen f\u00e4rden g\u00e5r vidare jubileumsexpansion ja astu tuntemattomaan! 40-vuotisjuhlassa saat uusia hahmoja ja labyrinttilaattoja. Tilaa nyt!","robots":{"index":"index","follow":"follow","max-snippet":"max-snippet:-1","max-image-preview":"max-image-preview:large","max-video-preview":"max-video-preview:-1"},"canonical":"https:\/\/spelivinkki.fi\/sv\/produkt\/drakborgen-farden-gar-vidare-lisaosa\/","og_locale":"sv_SE","og_type":"article","og_title":"Drakborgen - F\u00e4rden G\u00e5r Vidare Lis\u00e4osa","og_description":"Ota haltuun Drakborgen f\u00e4rden g\u00e5r vidare jubileumsexpansion ja astu tuntemattomaan! 40-vuotisjuhlassa saat uusia hahmoja ja labyrinttilaattoja. Tilaa nyt!","og_url":"https:\/\/spelivinkki.fi\/sv\/produkt\/drakborgen-farden-gar-vidare-lisaosa\/","og_site_name":"Spelivinkki","article_publisher":"https:\/\/www.facebook.com\/SpelivinkkiOy\/","article_modified_time":"2025-10-02T12:42:30+00:00","og_image":[{"width":1920,"height":2560,"url":"https:\/\/mlw9zexfsyfr.i.optimole.com\/w:auto\/h:auto\/q:mauto\/ig:avif\/https:\/\/spelivinkki.fi\/wp-content\/uploads\/2025\/09\/Drakborgen-Jubileumsexpansion-tuotekuva-scaled.webp","type":"image\/webp"}],"twitter_card":"summary_large_image","twitter_site":"@SpelivinkkiOy","twitter_misc":{"Pris":"17,50&nbsp;&euro;","Tillg\u00e4nglig":"I lager"},"schema":{"@context":"https:\/\/schema.org","@graph":[{"@type":"WebPage","@id":"https:\/\/spelivinkki.fi\/tuote\/drakborgen-farden-gar-vidare-lisaosa\/","url":"https:\/\/spelivinkki.fi\/tuote\/drakborgen-farden-gar-vidare-lisaosa\/","name":"Drakborgen - F\u00e4rden G\u00e5r Vidare Lis\u00e4osa &#8211; Spelivinkki","isPartOf":{"@id":"https:\/\/spelivinkki.fi\/#website"},"primaryImageOfPage":{"@id":"https:\/\/spelivinkki.fi\/tuote\/drakborgen-farden-gar-vidare-lisaosa\/#primaryimage"},"image":{"@id":"https:\/\/spelivinkki.fi\/tuote\/drakborgen-farden-gar-vidare-lisaosa\/#primaryimage"},"thumbnailUrl":"https:\/\/mlw9zexfsyfr.i.optimole.com\/w:auto\/h:auto\/q:mauto\/ig:avif\/https:\/\/spelivinkki.fi\/wp-content\/uploads\/2025\/09\/Drakborgen-Jubileumsexpansion-tuotekuva-scaled.webp","datePublished":"2025-09-26T10:12:52+00:00","dateModified":"2025-10-02T12:42:30+00:00","description":"Ota haltuun Drakborgen f\u00e4rden g\u00e5r vidare jubileumsexpansion ja astu tuntemattomaan! 40-vuotisjuhlassa saat uusia hahmoja ja labyrinttilaattoja. Tilaa nyt!","breadcrumb":{"@id":"https:\/\/spelivinkki.fi\/tuote\/drakborgen-farden-gar-vidare-lisaosa\/#breadcrumb"},"inLanguage":"sv-SE","potentialAction":[{"@type":"ReadAction","target":["https:\/\/spelivinkki.fi\/tuote\/drakborgen-farden-gar-vidare-lisaosa\/"]}]},{"@type":"ImageObject","inLanguage":"sv-SE","@id":"https:\/\/spelivinkki.fi\/tuote\/drakborgen-farden-gar-vidare-lisaosa\/#primaryimage","url":"https:\/\/mlw9zexfsyfr.i.optimole.com\/w:auto\/h:auto\/q:mauto\/ig:avif\/https:\/\/spelivinkki.fi\/wp-content\/uploads\/2025\/09\/Drakborgen-Jubileumsexpansion-tuotekuva-scaled.webp","contentUrl":"https:\/\/mlw9zexfsyfr.i.optimole.com\/w:auto\/h:auto\/q:mauto\/ig:avif\/https:\/\/spelivinkki.fi\/wp-content\/uploads\/2025\/09\/Drakborgen-Jubileumsexpansion-tuotekuva-scaled.webp","width":1920,"height":2560,"caption":"Drakborgen Jubileumsexpansion tuotekuva"},{"@type":"BreadcrumbList","@id":"https:\/\/spelivinkki.fi\/tuote\/drakborgen-farden-gar-vidare-lisaosa\/#breadcrumb","itemListElement":[{"@type":"ListItem","position":1,"name":"Etusivu","item":"https:\/\/spelivinkki.fi\/"},{"@type":"ListItem","position":2,"name":"Tuotteet","item":"https:\/\/spelivinkki.fi\/tuotteet\/"},{"@type":"ListItem","position":3,"name":"Drakborgen &#8211; F\u00e4rden G\u00e5r Vidare Lis\u00e4osa"}]},{"@type":"WebSite","@id":"https:\/\/spelivinkki.fi\/#website","url":"https:\/\/spelivinkki.fi\/","name":"Spelivinkki","description":"Paraisten Lautapelikauppa","publisher":{"@id":"https:\/\/spelivinkki.fi\/#organization"},"alternateName":"Spelivinkki Oy","potentialAction":[{"@type":"SearchAction","target":{"@type":"EntryPoint","urlTemplate":"https:\/\/spelivinkki.fi\/?s={search_term_string}"},"query-input":{"@type":"PropertyValueSpecification","valueRequired":true,"valueName":"search_term_string"}}],"inLanguage":"sv-SE"},{"@type":"Organization","@id":"https:\/\/spelivinkki.fi\/#organization","name":"Spelivinkki Oy","alternateName":"Spelivinkki","url":"https:\/\/spelivinkki.fi\/","logo":{"@type":"ImageObject","inLanguage":"sv-SE","@id":"https:\/\/spelivinkki.fi\/#\/schema\/logo\/image\/","url":"https:\/\/mlw9zexfsyfr.i.optimole.com\/w:auto\/h:auto\/q:mauto\/ig:avif\/https:\/\/spelivinkki.fi\/wp-content\/uploads\/2024\/02\/Logo.svg","contentUrl":"https:\/\/mlw9zexfsyfr.i.optimole.com\/w:auto\/h:auto\/q:mauto\/ig:avif\/https:\/\/spelivinkki.fi\/wp-content\/uploads\/2024\/02\/Logo.svg","width":2176,"height":2323,"caption":"Spelivinkki Oy"},"image":{"@id":"https:\/\/spelivinkki.fi\/#\/schema\/logo\/image\/"},"sameAs":["https:\/\/www.facebook.com\/SpelivinkkiOy\/","https:\/\/x.com\/SpelivinkkiOy","https:\/\/www.instagram.com\/spelivinkkioy\/"],"description":"Spelivinkki Oy is a company operating both a brick-and-mortar store in Finland as well as a webshop online. We sell board games, roleplaying games, miniature wargames, logic puzzles, jigsaw puzzles and other things related to the boardgame hobby.","email":"myynti@spelivinkki.fi","telephone":"+358406486605","legalName":"Spelivinkki Oy","foundingDate":"2023-09-17","vatID":"FI33904524","numberOfEmployees":{"@type":"QuantitativeValue","minValue":"1","maxValue":"10"},"hasMerchantReturnPolicy":{"@type":"MerchantReturnPolicy","merchantReturnLink":"https:\/\/spelivinkki.fi\/sv\/spelivinkin-vaihto-ja-palautusoikeus\/"}}]},"product_brand":"Alga","product_price_amount":"17.50","product_price_currency":"EUR","og_availability":"instock","product_availability":"instock","product_retailer_item_id":"Drakborgen_Jubileumsexpansion","product_condition":"new"},"_links":{"self":[{"href":"https:\/\/spelivinkki.fi\/sv\/wp-json\/wp\/v2\/product\/7569","targetHints":{"allow":["GET"]}}],"collection":[{"href":"https:\/\/spelivinkki.fi\/sv\/wp-json\/wp\/v2\/product"}],"about":[{"href":"https:\/\/spelivinkki.fi\/sv\/wp-json\/wp\/v2\/types\/product"}],"wp:featuredmedia":[{"embeddable":true,"href":"https:\/\/spelivinkki.fi\/sv\/wp-json\/wp\/v2\/media\/7570"}],"wp:attachment":[{"href":"https:\/\/spelivinkki.fi\/sv\/wp-json\/wp\/v2\/media?parent=7569"}],"wp:term":[{"taxonomy":"product_brand","embeddable":true,"href":"https:\/\/spelivinkki.fi\/sv\/wp-json\/wp\/v2\/product_brand?post=7569"},{"taxonomy":"product_cat","embeddable":true,"href":"https:\/\/spelivinkki.fi\/sv\/wp-json\/wp\/v2\/product_cat?post=7569"},{"taxonomy":"product_tag","embeddable":true,"href":"https:\/\/spelivinkki.fi\/sv\/wp-json\/wp\/v2\/product_tag?post=7569"}],"curies":[{"name":"wp","href":"https:\/\/api.w.org\/{rel}","templated":true}]}}