{"id":7680,"date":"2025-10-17T11:18:36","date_gmt":"2025-10-17T11:18:36","guid":{"rendered":"https:\/\/spelivinkki.fi\/?post_type=product&#038;p=7680"},"modified":"2025-12-23T15:07:38","modified_gmt":"2025-12-23T15:07:38","slug":"kluster-duo","status":"publish","type":"product","link":"https:\/\/spelivinkki.fi\/sv\/produkt\/kluster-duo\/","title":{"rendered":"Kluster DUO"},"content":{"rendered":"<h5>Julkaisijan Kuvaus Englanniksi:<\/h5>\n<h6><strong>Magical Magnet Game<\/strong><\/h6>\n<p class=\"MuiTypography-root MuiTypography-body1 jss125 css-1rxsmeu\">Kluster captures the essence of magnetic magic in a game that\u2019s as simple as it is entertaining. With 24 magnets and a string, players form a ring and take turns placing their magnets \u2013 but watch out! The magnets\u2019 attraction can be unpredictable. The winner is the first to place all their magnets in the ring without attracting any others. Kluster is straightforward and surprising and quickly becomes a favorite.<\/p>\n<h6 class=\"MuiTypography-root MuiTypography-body1 jss125 css-1rxsmeu\"><strong>Three Reasons to Love the Kluster Games<\/strong><\/h6>\n<ul class=\"MuiList-root MuiList-padding css-1ontqvh\">\n<li style=\"list-style-type: none;\">\n<ul class=\"MuiList-root MuiList-padding css-1ontqvh\">\n<li class=\"MuiListItem-root MuiListItem-gutters MuiListItem-padding css-8i1nrh\">\n<div class=\"MuiListItemIcon-root jss127 css-1f8bwsm\"><span class=\"MuiTypography-root MuiTypography-body1 MuiListItemText-primary css-117qzxa\">The unpredictable magnets spark smiles and laughter<\/span><\/div>\n<\/li>\n<\/ul>\n<\/li>\n<\/ul>\n<ul class=\"MuiList-root MuiList-padding css-1ontqvh\">\n<li style=\"list-style-type: none;\">\n<ul class=\"MuiList-root MuiList-padding css-1ontqvh\">\n<li class=\"MuiListItem-root MuiListItem-gutters MuiListItem-padding css-8i1nrh\">\n<div class=\"MuiListItemIcon-root jss127 css-1f8bwsm\"><span class=\"MuiTypography-root MuiTypography-body1 MuiListItemText-primary css-117qzxa\">The game can be explained in 20 seconds<\/span><\/div>\n<\/li>\n<\/ul>\n<\/li>\n<\/ul>\n<ul class=\"MuiList-root MuiList-padding css-1ontqvh\">\n<li style=\"list-style-type: none;\">\n<ul class=\"MuiList-root MuiList-padding css-1ontqvh\">\n<li class=\"MuiListItem-root MuiListItem-gutters MuiListItem-padding css-8i1nrh\">\n<div class=\"MuiListItemIcon-root jss127 css-1f8bwsm\"><span class=\"MuiTypography-root MuiTypography-body1 MuiListItemText-primary css-117qzxa\">It takes just moments to set up and pack away \u2013 perfect for gaming on the go<\/span><\/div>\n<\/li>\n<\/ul>\n<\/li>\n<\/ul>\n<h6 class=\"MuiTypography-root MuiTypography-body1 jss125 css-1rxsmeu\"><strong>Kluster Duo \u2013 Larger Magnets Make It Easier for Everyone<\/strong><\/h6>\n<p class=\"MuiTypography-root MuiTypography-body1 jss125 css-1rxsmeu\">Kluster Duo is made for all ages, but the larger magnets make it especially child-friendly and easier to handle. Combine it with the <a href=\"https:\/\/spelivinkki.fi\/sv\/produkt\/kluster-magneettipeli\/\">original Kluster<\/a> or play it on its own \u2013 and let the larger magnets bring fun to both small and large hands!<\/p>","protected":false},"excerpt":{"rendered":"<ul>\n<li><strong>OBS!<\/strong> Kluster Duo \u00e4r inte en expansion, men spelet g\u00e5r att kombinera med <a href=\"https:\/\/spelivinkki.fi\/sv\/produkt\/kluster-magneettipeli\/\">det ursprungliga kluster spelet!<\/a>!<\/li>\n<li><strong>Spelarm\u00e4ngd:<\/strong> 1-2 (<strong>B\u00e4sta m\u00e4ngden:<\/strong> 2)<\/li>\n<li><strong>Varaktighet:<\/strong> 10 min<\/li>\n<li><strong>\u00c5ldersrekommendation:<\/strong> 7+<\/li>\n<li><strong>Spr\u00e5k:<\/strong> Finska, svenska, norska, danska, engelska<\/li>\n<li><strong>Genre:\u00a0<\/strong>Fingerf\u00e4rdighetsspel<\/li>\n<li><strong>Tema:\u00a0<\/strong>Magneter<\/li>\n<li><strong>Utveckling:\u00a0<\/strong>Robert Henning, Paula Henning<\/li>\n<li><strong>Utgivare:\u00a0<\/strong>Borderline Editions<\/li>\n<\/ul>","protected":false},"featured_media":7681,"template":"","meta":{"site-sidebar-layout":"default","site-content-layout":"","ast-site-content-layout":"default","site-content-style":"default","site-sidebar-style":"default","ast-global-header-display":"","ast-banner-title-visibility":"","ast-main-header-display":"","ast-hfb-above-header-display":"","ast-hfb-below-header-display":"","ast-hfb-mobile-header-display":"","site-post-title":"","ast-breadcrumbs-content":"","ast-featured-img":"","footer-sml-layout":"","ast-disable-related-posts":"","theme-transparent-header-meta":"default","adv-header-id-meta":"","stick-header-meta":"","header-above-stick-meta":"","header-main-stick-meta":"","header-below-stick-meta":"","astra-migrate-meta-layouts":"set","ast-page-background-enabled":"default","ast-page-background-meta":{"desktop":{"background-color":"","background-image":"","background-repeat":"repeat","background-position":"center center","background-size":"auto","background-attachment":"scroll","background-type":"","background-media":"","overlay-type":"","overlay-color":"","overlay-opacity":"","overlay-gradient":""},"tablet":{"background-color":"","background-image":"","background-repeat":"repeat","background-position":"center center","background-size":"auto","background-attachment":"scroll","background-type":"","background-media":"","overlay-type":"","overlay-color":"","overlay-opacity":"","overlay-gradient":""},"mobile":{"background-color":"","background-image":"","background-repeat":"repeat","background-position":"center center","background-size":"auto","background-attachment":"scroll","background-type":"","background-media":"","overlay-type":"","overlay-color":"","overlay-opacity":"","overlay-gradient":""}},"ast-content-background-meta":{"desktop":{"background-color":"var(--ast-global-color-5)","background-image":"","background-repeat":"repeat","background-position":"center center","background-size":"auto","background-attachment":"scroll","background-type":"","background-media":"","overlay-type":"","overlay-color":"","overlay-opacity":"","overlay-gradient":""},"tablet":{"background-color":"var(--ast-global-color-5)","background-image":"","background-repeat":"repeat","background-position":"center center","background-size":"auto","background-attachment":"scroll","background-type":"","background-media":"","overlay-type":"","overlay-color":"","overlay-opacity":"","overlay-gradient":""},"mobile":{"background-color":"var(--ast-global-color-5)","background-image":"","background-repeat":"repeat","background-position":"center center","background-size":"auto","background-attachment":"scroll","background-type":"","background-media":"","overlay-type":"","overlay-color":"","overlay-opacity":"","overlay-gradient":""}}},"product_brand":[1253,1147],"product_cat":[16,37,41],"product_tag":[1049,1088,1310,1047,1309,1050,1048],"class_list":{"0":"post-7680","1":"product","2":"type-product","3":"status-publish","4":"has-post-thumbnail","6":"product_brand-borderline-editions","7":"product_brand-spilbraet","8":"product_cat-kaikki","9":"product_cat-lastenpelit","10":"product_cat-partypelit","11":"product_tag-englanninkieliset-pelit","12":"product_tag-napparyys","13":"product_tag-paula-henning","14":"product_tag-peruspeli","15":"product_tag-robert-henning","16":"product_tag-ruotsinkieliset-pelit","17":"product_tag-suomenkieliset-pelit","18":"product_shipping_class-standard2","19":"desktop-align-center","20":"tablet-align-center","21":"mobile-align-center","23":"first","24":"instock","25":"taxable","26":"shipping-taxable","27":"purchasable","28":"product-type-simple"},"yoast_head":"<!-- This site is optimized with the Yoast SEO Premium plugin v27.3 (Yoast SEO v27.4) - https:\/\/yoast.com\/product\/yoast-seo-premium-wordpress\/ -->\n<title>Kluster DUO &#8211; Spelivinkki<\/title>\n<meta name=\"description\" content=\"Oletko valmis yll\u00e4tt\u00e4m\u00e4\u00e4n yst\u00e4v\u00e4si Kluster DUO -peliss\u00e4? K\u00e4yt\u00e4 strategiaasi ja osoita taitosi magneettisten pelaajien keskuudessa!\" \/>\n<meta name=\"robots\" content=\"index, follow, max-snippet:-1, max-image-preview:large, max-video-preview:-1\" \/>\n<link rel=\"canonical\" href=\"https:\/\/spelivinkki.fi\/sv\/produkt\/kluster-duo\/\" \/>\n<meta property=\"og:locale\" content=\"sv_SE\" \/>\n<meta property=\"og:type\" content=\"article\" \/>\n<meta property=\"og:title\" content=\"Kluster DUO\" \/>\n<meta property=\"og:description\" content=\"Oletko valmis yll\u00e4tt\u00e4m\u00e4\u00e4n yst\u00e4v\u00e4si Kluster DUO -peliss\u00e4? K\u00e4yt\u00e4 strategiaasi ja osoita taitosi magneettisten pelaajien keskuudessa!\" \/>\n<meta property=\"og:url\" content=\"https:\/\/spelivinkki.fi\/sv\/produkt\/kluster-duo\/\" \/>\n<meta property=\"og:site_name\" content=\"Spelivinkki\" \/>\n<meta property=\"article:publisher\" content=\"https:\/\/www.facebook.com\/SpelivinkkiOy\/\" \/>\n<meta property=\"article:modified_time\" content=\"2025-12-23T15:07:38+00:00\" \/>\n<meta property=\"og:image\" content=\"https:\/\/mlw9zexfsyfr.i.optimole.com\/w:auto\/h:auto\/q:mauto\/ig:avif\/https:\/\/spelivinkki.fi\/wp-content\/uploads\/2025\/10\/kluster-duo-tuotekuva.webp\" \/>\n\t<meta property=\"og:image:width\" content=\"1000\" \/>\n\t<meta property=\"og:image:height\" content=\"1000\" \/>\n\t<meta property=\"og:image:type\" content=\"image\/webp\" \/>\n<meta name=\"twitter:card\" content=\"summary_large_image\" \/>\n<meta name=\"twitter:site\" content=\"@SpelivinkkiOy\" \/>\n<meta name=\"twitter:label1\" content=\"Pris\" \/>\n\t<meta name=\"twitter:data1\" content=\"25,00&nbsp;&euro;\" \/>\n\t<meta name=\"twitter:label2\" content=\"Tillg\u00e4nglig\" \/>\n\t<meta name=\"twitter:data2\" content=\"I lager\" \/>\n<script type=\"application\/ld+json\" class=\"yoast-schema-graph\">{\"@context\":\"https:\\\/\\\/schema.org\",\"@graph\":[{\"@type\":\"WebPage\",\"@id\":\"https:\\\/\\\/spelivinkki.fi\\\/tuote\\\/kluster-duo\\\/\",\"url\":\"https:\\\/\\\/spelivinkki.fi\\\/tuote\\\/kluster-duo\\\/\",\"name\":\"Kluster DUO &#8211; Spelivinkki\",\"isPartOf\":{\"@id\":\"https:\\\/\\\/spelivinkki.fi\\\/#website\"},\"primaryImageOfPage\":{\"@id\":\"https:\\\/\\\/spelivinkki.fi\\\/tuote\\\/kluster-duo\\\/#primaryimage\"},\"image\":{\"@id\":\"https:\\\/\\\/spelivinkki.fi\\\/tuote\\\/kluster-duo\\\/#primaryimage\"},\"thumbnailUrl\":\"https:\\/\\/spelivinkki.fi\\/wp-content\\/uploads\\/2025\\/10\\/kluster-duo-tuotekuva.webp\",\"datePublished\":\"2025-10-17T11:18:36+00:00\",\"dateModified\":\"2025-12-23T15:07:38+00:00\",\"description\":\"Oletko valmis yll\u00e4tt\u00e4m\u00e4\u00e4n yst\u00e4v\u00e4si Kluster DUO -peliss\u00e4? K\u00e4yt\u00e4 strategiaasi ja osoita taitosi magneettisten pelaajien keskuudessa!\",\"breadcrumb\":{\"@id\":\"https:\\\/\\\/spelivinkki.fi\\\/tuote\\\/kluster-duo\\\/#breadcrumb\"},\"inLanguage\":\"sv-SE\",\"potentialAction\":[{\"@type\":\"ReadAction\",\"target\":[\"https:\\\/\\\/spelivinkki.fi\\\/tuote\\\/kluster-duo\\\/\"]}]},{\"@type\":\"ImageObject\",\"inLanguage\":\"sv-SE\",\"@id\":\"https:\\\/\\\/spelivinkki.fi\\\/tuote\\\/kluster-duo\\\/#primaryimage\",\"url\":\"https:\\/\\/spelivinkki.fi\\/wp-content\\/uploads\\/2025\\/10\\/kluster-duo-tuotekuva.webp\",\"contentUrl\":\"https:\\/\\/spelivinkki.fi\\/wp-content\\/uploads\\/2025\\/10\\/kluster-duo-tuotekuva.webp\",\"width\":1000,\"height\":1000,\"caption\":\"kluster duo tuotekuva\"},{\"@type\":\"BreadcrumbList\",\"@id\":\"https:\\\/\\\/spelivinkki.fi\\\/tuote\\\/kluster-duo\\\/#breadcrumb\",\"itemListElement\":[{\"@type\":\"ListItem\",\"position\":1,\"name\":\"Etusivu\",\"item\":\"https:\\\/\\\/spelivinkki.fi\\\/\"},{\"@type\":\"ListItem\",\"position\":2,\"name\":\"Tuotteet\",\"item\":\"https:\\\/\\\/spelivinkki.fi\\\/tuotteet\\\/\"},{\"@type\":\"ListItem\",\"position\":3,\"name\":\"Kluster DUO\"}]},{\"@type\":\"WebSite\",\"@id\":\"https:\\\/\\\/spelivinkki.fi\\\/#website\",\"url\":\"https:\\\/\\\/spelivinkki.fi\\\/\",\"name\":\"Spelivinkki\",\"description\":\"Paraisten Lautapelikauppa\",\"publisher\":{\"@id\":\"https:\\\/\\\/spelivinkki.fi\\\/#organization\"},\"alternateName\":\"Spelivinkki Oy\",\"potentialAction\":[{\"@type\":\"SearchAction\",\"target\":{\"@type\":\"EntryPoint\",\"urlTemplate\":\"https:\\\/\\\/spelivinkki.fi\\\/?s={search_term_string}\"},\"query-input\":{\"@type\":\"PropertyValueSpecification\",\"valueRequired\":true,\"valueName\":\"search_term_string\"}}],\"inLanguage\":\"sv-SE\"},{\"@type\":\"Organization\",\"@id\":\"https:\\\/\\\/spelivinkki.fi\\\/#organization\",\"name\":\"Spelivinkki Oy\",\"alternateName\":\"Spelivinkki\",\"url\":\"https:\\\/\\\/spelivinkki.fi\\\/\",\"logo\":{\"@type\":\"ImageObject\",\"inLanguage\":\"sv-SE\",\"@id\":\"https:\\\/\\\/spelivinkki.fi\\\/#\\\/schema\\\/logo\\\/image\\\/\",\"url\":\"https:\\/\\/spelivinkki.fi\\/wp-content\\/uploads\\/2024\\/02\\/Logo.svg\",\"contentUrl\":\"https:\\/\\/spelivinkki.fi\\/wp-content\\/uploads\\/2024\\/02\\/Logo.svg\",\"width\":2176,\"height\":2323,\"caption\":\"Spelivinkki Oy\"},\"image\":{\"@id\":\"https:\\\/\\\/spelivinkki.fi\\\/#\\\/schema\\\/logo\\\/image\\\/\"},\"sameAs\":[\"https:\\\/\\\/www.facebook.com\\\/SpelivinkkiOy\\\/\",\"https:\\\/\\\/x.com\\\/SpelivinkkiOy\",\"https:\\\/\\\/www.instagram.com\\\/spelivinkkioy\\\/\"],\"description\":\"Spelivinkki Oy is a company operating both a brick-and-mortar store in Finland as well as a webshop online. We sell board games, roleplaying games, miniature wargames, logic puzzles, jigsaw puzzles and other things related to the boardgame hobby.\",\"email\":\"myynti@spelivinkki.fi\",\"telephone\":\"+358406486605\",\"legalName\":\"Spelivinkki Oy\",\"foundingDate\":\"2023-09-17\",\"vatID\":\"FI33904524\",\"numberOfEmployees\":{\"@type\":\"QuantitativeValue\",\"minValue\":\"1\",\"maxValue\":\"10\"},\"hasMerchantReturnPolicy\":{\"@type\":\"MerchantReturnPolicy\",\"merchantReturnLink\":\"https:\\\/\\\/spelivinkki.fi\\\/sv\\\/spelivinkin-vaihto-ja-palautusoikeus\\\/\"}}]}<\/script>\n<meta property=\"product:brand\" content=\"Borderline Editions\" \/>\n<meta property=\"product:price:amount\" content=\"25.00\" \/>\n<meta property=\"product:price:currency\" content=\"EUR\" \/>\n<meta property=\"og:availability\" content=\"instock\" \/>\n<meta property=\"product:availability\" content=\"instock\" \/>\n<meta property=\"product:retailer_item_id\" content=\"SBDK9970\" \/>\n<meta property=\"product:condition\" content=\"new\" \/>\n<!-- \/ Yoast SEO Premium plugin. -->","yoast_head_json":{"title":"Kluster DUO &#8211; Spelivinkki","description":"Oletko valmis yll\u00e4tt\u00e4m\u00e4\u00e4n yst\u00e4v\u00e4si Kluster DUO -peliss\u00e4? K\u00e4yt\u00e4 strategiaasi ja osoita taitosi magneettisten pelaajien keskuudessa!","robots":{"index":"index","follow":"follow","max-snippet":"max-snippet:-1","max-image-preview":"max-image-preview:large","max-video-preview":"max-video-preview:-1"},"canonical":"https:\/\/spelivinkki.fi\/sv\/produkt\/kluster-duo\/","og_locale":"sv_SE","og_type":"article","og_title":"Kluster DUO","og_description":"Oletko valmis yll\u00e4tt\u00e4m\u00e4\u00e4n yst\u00e4v\u00e4si Kluster DUO -peliss\u00e4? K\u00e4yt\u00e4 strategiaasi ja osoita taitosi magneettisten pelaajien keskuudessa!","og_url":"https:\/\/spelivinkki.fi\/sv\/produkt\/kluster-duo\/","og_site_name":"Spelivinkki","article_publisher":"https:\/\/www.facebook.com\/SpelivinkkiOy\/","article_modified_time":"2025-12-23T15:07:38+00:00","og_image":[{"width":1000,"height":1000,"url":"https:\/\/mlw9zexfsyfr.i.optimole.com\/w:auto\/h:auto\/q:mauto\/ig:avif\/https:\/\/spelivinkki.fi\/wp-content\/uploads\/2025\/10\/kluster-duo-tuotekuva.webp","type":"image\/webp"}],"twitter_card":"summary_large_image","twitter_site":"@SpelivinkkiOy","twitter_misc":{"Pris":"25,00&nbsp;&euro;","Tillg\u00e4nglig":"I lager"},"schema":{"@context":"https:\/\/schema.org","@graph":[{"@type":"WebPage","@id":"https:\/\/spelivinkki.fi\/tuote\/kluster-duo\/","url":"https:\/\/spelivinkki.fi\/tuote\/kluster-duo\/","name":"Kluster DUO &#8211; Spelivinkki","isPartOf":{"@id":"https:\/\/spelivinkki.fi\/#website"},"primaryImageOfPage":{"@id":"https:\/\/spelivinkki.fi\/tuote\/kluster-duo\/#primaryimage"},"image":{"@id":"https:\/\/spelivinkki.fi\/tuote\/kluster-duo\/#primaryimage"},"thumbnailUrl":"https:\/\/mlw9zexfsyfr.i.optimole.com\/w:auto\/h:auto\/q:mauto\/ig:avif\/https:\/\/spelivinkki.fi\/wp-content\/uploads\/2025\/10\/kluster-duo-tuotekuva.webp","datePublished":"2025-10-17T11:18:36+00:00","dateModified":"2025-12-23T15:07:38+00:00","description":"Oletko valmis yll\u00e4tt\u00e4m\u00e4\u00e4n yst\u00e4v\u00e4si Kluster DUO -peliss\u00e4? K\u00e4yt\u00e4 strategiaasi ja osoita taitosi magneettisten pelaajien keskuudessa!","breadcrumb":{"@id":"https:\/\/spelivinkki.fi\/tuote\/kluster-duo\/#breadcrumb"},"inLanguage":"sv-SE","potentialAction":[{"@type":"ReadAction","target":["https:\/\/spelivinkki.fi\/tuote\/kluster-duo\/"]}]},{"@type":"ImageObject","inLanguage":"sv-SE","@id":"https:\/\/spelivinkki.fi\/tuote\/kluster-duo\/#primaryimage","url":"https:\/\/mlw9zexfsyfr.i.optimole.com\/w:auto\/h:auto\/q:mauto\/ig:avif\/https:\/\/spelivinkki.fi\/wp-content\/uploads\/2025\/10\/kluster-duo-tuotekuva.webp","contentUrl":"https:\/\/mlw9zexfsyfr.i.optimole.com\/w:auto\/h:auto\/q:mauto\/ig:avif\/https:\/\/spelivinkki.fi\/wp-content\/uploads\/2025\/10\/kluster-duo-tuotekuva.webp","width":1000,"height":1000,"caption":"kluster duo tuotekuva"},{"@type":"BreadcrumbList","@id":"https:\/\/spelivinkki.fi\/tuote\/kluster-duo\/#breadcrumb","itemListElement":[{"@type":"ListItem","position":1,"name":"Etusivu","item":"https:\/\/spelivinkki.fi\/"},{"@type":"ListItem","position":2,"name":"Tuotteet","item":"https:\/\/spelivinkki.fi\/tuotteet\/"},{"@type":"ListItem","position":3,"name":"Kluster DUO"}]},{"@type":"WebSite","@id":"https:\/\/spelivinkki.fi\/#website","url":"https:\/\/spelivinkki.fi\/","name":"Spelivinkki","description":"Paraisten Lautapelikauppa","publisher":{"@id":"https:\/\/spelivinkki.fi\/#organization"},"alternateName":"Spelivinkki Oy","potentialAction":[{"@type":"SearchAction","target":{"@type":"EntryPoint","urlTemplate":"https:\/\/spelivinkki.fi\/?s={search_term_string}"},"query-input":{"@type":"PropertyValueSpecification","valueRequired":true,"valueName":"search_term_string"}}],"inLanguage":"sv-SE"},{"@type":"Organization","@id":"https:\/\/spelivinkki.fi\/#organization","name":"Spelivinkki Oy","alternateName":"Spelivinkki","url":"https:\/\/spelivinkki.fi\/","logo":{"@type":"ImageObject","inLanguage":"sv-SE","@id":"https:\/\/spelivinkki.fi\/#\/schema\/logo\/image\/","url":"https:\/\/mlw9zexfsyfr.i.optimole.com\/w:auto\/h:auto\/q:mauto\/ig:avif\/https:\/\/spelivinkki.fi\/wp-content\/uploads\/2024\/02\/Logo.svg","contentUrl":"https:\/\/mlw9zexfsyfr.i.optimole.com\/w:auto\/h:auto\/q:mauto\/ig:avif\/https:\/\/spelivinkki.fi\/wp-content\/uploads\/2024\/02\/Logo.svg","width":2176,"height":2323,"caption":"Spelivinkki Oy"},"image":{"@id":"https:\/\/spelivinkki.fi\/#\/schema\/logo\/image\/"},"sameAs":["https:\/\/www.facebook.com\/SpelivinkkiOy\/","https:\/\/x.com\/SpelivinkkiOy","https:\/\/www.instagram.com\/spelivinkkioy\/"],"description":"Spelivinkki Oy is a company operating both a brick-and-mortar store in Finland as well as a webshop online. We sell board games, roleplaying games, miniature wargames, logic puzzles, jigsaw puzzles and other things related to the boardgame hobby.","email":"myynti@spelivinkki.fi","telephone":"+358406486605","legalName":"Spelivinkki Oy","foundingDate":"2023-09-17","vatID":"FI33904524","numberOfEmployees":{"@type":"QuantitativeValue","minValue":"1","maxValue":"10"},"hasMerchantReturnPolicy":{"@type":"MerchantReturnPolicy","merchantReturnLink":"https:\/\/spelivinkki.fi\/sv\/spelivinkin-vaihto-ja-palautusoikeus\/"}}]},"product_brand":"Borderline Editions","product_price_amount":"25.00","product_price_currency":"EUR","og_availability":"instock","product_availability":"instock","product_retailer_item_id":"SBDK9970","product_condition":"new"},"_links":{"self":[{"href":"https:\/\/spelivinkki.fi\/sv\/wp-json\/wp\/v2\/product\/7680","targetHints":{"allow":["GET"]}}],"collection":[{"href":"https:\/\/spelivinkki.fi\/sv\/wp-json\/wp\/v2\/product"}],"about":[{"href":"https:\/\/spelivinkki.fi\/sv\/wp-json\/wp\/v2\/types\/product"}],"wp:featuredmedia":[{"embeddable":true,"href":"https:\/\/spelivinkki.fi\/sv\/wp-json\/wp\/v2\/media\/7681"}],"wp:attachment":[{"href":"https:\/\/spelivinkki.fi\/sv\/wp-json\/wp\/v2\/media?parent=7680"}],"wp:term":[{"taxonomy":"product_brand","embeddable":true,"href":"https:\/\/spelivinkki.fi\/sv\/wp-json\/wp\/v2\/product_brand?post=7680"},{"taxonomy":"product_cat","embeddable":true,"href":"https:\/\/spelivinkki.fi\/sv\/wp-json\/wp\/v2\/product_cat?post=7680"},{"taxonomy":"product_tag","embeddable":true,"href":"https:\/\/spelivinkki.fi\/sv\/wp-json\/wp\/v2\/product_tag?post=7680"}],"curies":[{"name":"wp","href":"https:\/\/api.w.org\/{rel}","templated":true}]}}