{"id":7684,"date":"2025-10-17T12:41:17","date_gmt":"2025-10-17T12:41:17","guid":{"rendered":"https:\/\/spelivinkki.fi\/?post_type=product&#038;p=7684"},"modified":"2026-02-20T14:24:41","modified_gmt":"2026-02-20T14:24:41","slug":"white-dwarf-517-lokakuu-2025","status":"publish","type":"product","link":"https:\/\/spelivinkki.fi\/sv\/produkt\/white-dwarf-517-lokakuu-2025\/","title":{"rendered":"White Dwarf #517 Oktober 2025"},"content":{"rendered":"<h5>Publisher Description in English:<\/h5>\n<p><em><strong>White Dwarf<\/strong>\u00a0is the official Warhammer magazine, packed with amazing monthly content \u2013 including new rules and background, short stories, regular columns, special guests, and more.<\/em><\/p>\n<p><em>Here\u2019s what you can look forward to in the October issue:<\/em><\/p>\n<p><em>Here\u2019s what you can look forward to in the October issue:<\/em><\/p>\n<p><em><strong>Planet Warhammer<\/strong><\/em><br \/>\n<em>Models, letters and questions sent in by readers. Plus, scenery!<\/em><\/p>\n<p><em><strong>Worlds of Warhammer<\/strong><\/em><br \/>\n<em>Exploring the planets of the 41st Millennium through their battlefields.<\/em><\/p>\n<h6><em>WARHAMMER 40,000<\/em><\/h6>\n<p><em><strong>Cavalry Engagement<\/strong><\/em><br \/>\n<em>Sound the bugle! Rev your horses! Charge into a new suite of rules for cavalry battles in the grim darkness of the far future.<\/em><\/p>\n<p><em><strong>Aethon Shaan Master of Shadows<\/strong><\/em><br \/>\n<em>Shhhh! You haven&#8217;t seen the new Chapter Master of the Raven Guard.<\/em><\/p>\n<p><em><strong>Retaliation Cadre<\/strong><\/em><br \/>\n<em>A well-weathered, war-torn army from the T\u2019au Empire painted by Gue\u2019vesa Gordon Miller.<\/em><\/p>\n<p><em><strong>Space Marine Operations<\/strong><\/em><br \/>\n<em>In part three, your Space Marines come face-to-face with a Carnifex. That escalated quickly!<\/em><\/p>\n<h6><em>WARHAMMER AGE OF SIGMAR<\/em><\/h6>\n<p><em><strong>A Tale of Four Warlords: Blighted Wilds<\/strong><\/em><br \/>\n<em>The classic series returns with four new warlords, four new armies, and a thrilling narrative to drive their gaming endeavours.<\/em><\/p>\n<p><em><strong>Warfront Ayadah<\/strong><\/em><br \/>\n<em>A Kharadron report on the conflict in the Spiral Crux (and its impact on their bottom line).<\/em><\/p>\n<p><em><strong>War in the Skies<\/strong><\/em><br \/>\n<em>Draconiths, sky-vessels, daemons \u2013 it\u2019s time for aerial combat in the Mortal Realms.<\/em><\/p>\n<h6><em>OTHER ARTICLES<\/em><\/h6>\n<p><em><strong>Hobby Hangout<\/strong><\/em><br \/>\n<em>Check out this rocky montage of hobby tips for building and painting big ol\u2019 boulders!<\/em><\/p>\n<p><em><strong>The Defence of Inwit<\/strong><\/em><br \/>\n<em>As part of our scenery special, we show off an inspirational Warhammer: The Horus Heresy battlefield.<\/em><\/p>\n<p><em><strong>Winter in the Westfold<\/strong><\/em><br \/>\n<em>Another board-building feature, this time for a winter wonderland. There\u2019s snow way you\u2019ll want to miss it.<\/em><\/p>\n<p><em><strong>Battle Report: The Long Winter<\/strong><\/em><br \/>\n<em>The Defenders of the Hornburg \u2013 led by a half-mad Helm Hammerhand \u2013 sally forth to fight Wulf\u2019s raiders in a wintry snowstorm.<\/em><\/p>\n<p><em><strong>Tattered Sails<\/strong><\/em><br \/>\n<em>Sunshine, flowers, happiness and peace. None of these are present in this horrifying short story that\u2019ll have your insides squirming.<\/em><\/p>\n<p><em><strong>White Dwarf Bunker<\/strong><\/em><br \/>\n<em>Welcome to the Bunker, a worldwide Warhammer club made for you!<\/em><\/p>\n<p><em><strong>Access Granted!<\/strong><\/em><br \/>\n<em>Here you will find painting challenges and the latest Bunker news.<\/em><\/p>\n<p><em><strong>Battles in Middle-earth<\/strong><\/em><br \/>\n<em>We feature some of our favourite collections from the studio\u2019s Middle-earth league.<\/em><\/p>\n<p><em><strong>Tombs Beyond Counting<\/strong><\/em><br \/>\n<em>New Kill Team rules for fighting on Necron Tomb Worlds. Beware the Flayer curse!<\/em><\/p>\n<p><em><strong>Battlefield Biomes<\/strong><\/em><br \/>\n<em>Eight pages of inspirational scenery projects created by members of the studio.<\/em><\/p>\n<p><em><strong>Satellite Uplink!<\/strong><\/em><br \/>\n<em>The Rusty Nurgling hits Dallas-Fort Worth, while Mr Pink shows off a Tyranids diorama.<\/em><\/p>\n<p><em><strong>Bunker Bingo!<\/strong><\/em><br \/>\n<em>Will you complete your Bunker Bingo sheet by the end of the year?<\/em><\/p>\n<p><em>Each copy of White Dwarf 517 also comes with a cardboard insert containing the scenarios of the month for Warhammer 40,000 and Warhammer Age of Sigmar, Terminus threat Level Enemy cards for the Space Marine Operations mini-game, and Kill Team: Tomb World event cards are also included.<\/em><\/p>","protected":false},"excerpt":{"rendered":"<ul>\n<li><strong>Nummer:<\/strong> 517<\/li>\n<li><strong>\u00c5ldersrekommendation:<\/strong> 12+<\/li>\n<li><strong>Spr\u00e5k:<\/strong> Engelska<\/li>\n<li><strong>Utgivare:<\/strong> Games Workshop<\/li>\n<\/ul>","protected":false},"featured_media":7685,"template":"","meta":{"site-sidebar-layout":"default","site-content-layout":"","ast-site-content-layout":"default","site-content-style":"default","site-sidebar-style":"default","ast-global-header-display":"","ast-banner-title-visibility":"","ast-main-header-display":"","ast-hfb-above-header-display":"","ast-hfb-below-header-display":"","ast-hfb-mobile-header-display":"","site-post-title":"","ast-breadcrumbs-content":"","ast-featured-img":"","footer-sml-layout":"","ast-disable-related-posts":"","theme-transparent-header-meta":"default","adv-header-id-meta":"","stick-header-meta":"","header-above-stick-meta":"","header-main-stick-meta":"","header-below-stick-meta":"","astra-migrate-meta-layouts":"set","ast-page-background-enabled":"default","ast-page-background-meta":{"desktop":{"background-color":"","background-image":"","background-repeat":"repeat","background-position":"center center","background-size":"auto","background-attachment":"scroll","background-type":"","background-media":"","overlay-type":"","overlay-color":"","overlay-opacity":"","overlay-gradient":""},"tablet":{"background-color":"","background-image":"","background-repeat":"repeat","background-position":"center center","background-size":"auto","background-attachment":"scroll","background-type":"","background-media":"","overlay-type":"","overlay-color":"","overlay-opacity":"","overlay-gradient":""},"mobile":{"background-color":"","background-image":"","background-repeat":"repeat","background-position":"center center","background-size":"auto","background-attachment":"scroll","background-type":"","background-media":"","overlay-type":"","overlay-color":"","overlay-opacity":"","overlay-gradient":""}},"ast-content-background-meta":{"desktop":{"background-color":"var(--ast-global-color-5)","background-image":"","background-repeat":"repeat","background-position":"center center","background-size":"auto","background-attachment":"scroll","background-type":"","background-media":"","overlay-type":"","overlay-color":"","overlay-opacity":"","overlay-gradient":""},"tablet":{"background-color":"var(--ast-global-color-5)","background-image":"","background-repeat":"repeat","background-position":"center center","background-size":"auto","background-attachment":"scroll","background-type":"","background-media":"","overlay-type":"","overlay-color":"","overlay-opacity":"","overlay-gradient":""},"mobile":{"background-color":"var(--ast-global-color-5)","background-image":"","background-repeat":"repeat","background-position":"center center","background-size":"auto","background-attachment":"scroll","background-type":"","background-media":"","overlay-type":"","overlay-color":"","overlay-opacity":"","overlay-gradient":""}}},"product_brand":[1051],"product_cat":[1034],"product_tag":[1275],"class_list":{"0":"post-7684","1":"product","2":"type-product","3":"status-publish","4":"has-post-thumbnail","6":"product_brand-games-workshop","7":"product_cat-white-dwarf-lehdet","8":"product_tag-lehdet","9":"product_shipping_class-any1","10":"desktop-align-center","11":"tablet-align-center","12":"mobile-align-center","14":"first","15":"outofstock","16":"taxable","17":"shipping-taxable","18":"purchasable","19":"product-type-simple"},"yoast_head":"<!-- This site is optimized with the Yoast SEO Premium plugin v27.3 (Yoast SEO v27.4) - https:\/\/yoast.com\/product\/yoast-seo-premium-wordpress\/ -->\n<title>White Dwarf #517 Lokakuu 2025 &#8211; Spelivinkki<\/title>\n<meta name=\"description\" content=\"Tutustu kuukauden White Dwarf 517 Lokakuu 2025 -lehteen, jossa on s\u00e4\u00e4nt\u00f6j\u00e4, tarinoita ja runsaasti muuta mielenkiintoista sis\u00e4lt\u00f6\u00e4. Liity mukaan ja nauti!\" \/>\n<meta name=\"robots\" content=\"index, follow, max-snippet:-1, max-image-preview:large, max-video-preview:-1\" \/>\n<link rel=\"canonical\" href=\"https:\/\/spelivinkki.fi\/sv\/produkt\/white-dwarf-517-lokakuu-2025\/\" \/>\n<meta property=\"og:locale\" content=\"sv_SE\" \/>\n<meta property=\"og:type\" content=\"article\" \/>\n<meta property=\"og:title\" content=\"White Dwarf #517 Lokakuu 2025\" \/>\n<meta property=\"og:description\" content=\"Tutustu kuukauden White Dwarf 517 Lokakuu 2025 -lehteen, jossa on s\u00e4\u00e4nt\u00f6j\u00e4, tarinoita ja runsaasti muuta mielenkiintoista sis\u00e4lt\u00f6\u00e4. Liity mukaan ja nauti!\" \/>\n<meta property=\"og:url\" content=\"https:\/\/spelivinkki.fi\/sv\/produkt\/white-dwarf-517-lokakuu-2025\/\" \/>\n<meta property=\"og:site_name\" content=\"Spelivinkki\" \/>\n<meta property=\"article:publisher\" content=\"https:\/\/www.facebook.com\/SpelivinkkiOy\/\" \/>\n<meta property=\"article:modified_time\" content=\"2026-02-20T14:24:41+00:00\" \/>\n<meta property=\"og:image\" content=\"https:\/\/mlw9zexfsyfr.i.optimole.com\/w:auto\/h:auto\/q:mauto\/ig:avif\/https:\/\/spelivinkki.fi\/wp-content\/uploads\/2025\/10\/white-dwarf-517-lokakuu-2025-tuotekuva.webp\" \/>\n\t<meta property=\"og:image:width\" content=\"918\" \/>\n\t<meta property=\"og:image:height\" content=\"948\" \/>\n\t<meta property=\"og:image:type\" content=\"image\/webp\" \/>\n<meta name=\"twitter:card\" content=\"summary_large_image\" \/>\n<meta name=\"twitter:site\" content=\"@SpelivinkkiOy\" \/>\n<meta name=\"twitter:label1\" content=\"Pris\" \/>\n\t<meta name=\"twitter:data1\" content=\"9,00&nbsp;&euro;\" \/>\n\t<meta name=\"twitter:label2\" content=\"Tillg\u00e4nglig\" \/>\n\t<meta name=\"twitter:data2\" content=\"Slut i lager\" \/>\n<script type=\"application\/ld+json\" class=\"yoast-schema-graph\">{\"@context\":\"https:\\\/\\\/schema.org\",\"@graph\":[{\"@type\":\"WebPage\",\"@id\":\"https:\\\/\\\/spelivinkki.fi\\\/tuote\\\/white-dwarf-517-lokakuu-2025\\\/\",\"url\":\"https:\\\/\\\/spelivinkki.fi\\\/tuote\\\/white-dwarf-517-lokakuu-2025\\\/\",\"name\":\"White Dwarf #517 Lokakuu 2025 &#8211; Spelivinkki\",\"isPartOf\":{\"@id\":\"https:\\\/\\\/spelivinkki.fi\\\/#website\"},\"primaryImageOfPage\":{\"@id\":\"https:\\\/\\\/spelivinkki.fi\\\/tuote\\\/white-dwarf-517-lokakuu-2025\\\/#primaryimage\"},\"image\":{\"@id\":\"https:\\\/\\\/spelivinkki.fi\\\/tuote\\\/white-dwarf-517-lokakuu-2025\\\/#primaryimage\"},\"thumbnailUrl\":\"https:\\/\\/spelivinkki.fi\\/wp-content\\/uploads\\/2025\\/10\\/white-dwarf-517-lokakuu-2025-tuotekuva.webp\",\"datePublished\":\"2025-10-17T12:41:17+00:00\",\"dateModified\":\"2026-02-20T14:24:41+00:00\",\"description\":\"Tutustu kuukauden White Dwarf 517 Lokakuu 2025 -lehteen, jossa on s\u00e4\u00e4nt\u00f6j\u00e4, tarinoita ja runsaasti muuta mielenkiintoista sis\u00e4lt\u00f6\u00e4. Liity mukaan ja nauti!\",\"breadcrumb\":{\"@id\":\"https:\\\/\\\/spelivinkki.fi\\\/tuote\\\/white-dwarf-517-lokakuu-2025\\\/#breadcrumb\"},\"inLanguage\":\"sv-SE\",\"potentialAction\":[{\"@type\":\"ReadAction\",\"target\":[\"https:\\\/\\\/spelivinkki.fi\\\/tuote\\\/white-dwarf-517-lokakuu-2025\\\/\"]}]},{\"@type\":\"ImageObject\",\"inLanguage\":\"sv-SE\",\"@id\":\"https:\\\/\\\/spelivinkki.fi\\\/tuote\\\/white-dwarf-517-lokakuu-2025\\\/#primaryimage\",\"url\":\"https:\\/\\/spelivinkki.fi\\/wp-content\\/uploads\\/2025\\/10\\/white-dwarf-517-lokakuu-2025-tuotekuva.webp\",\"contentUrl\":\"https:\\/\\/spelivinkki.fi\\/wp-content\\/uploads\\/2025\\/10\\/white-dwarf-517-lokakuu-2025-tuotekuva.webp\",\"width\":918,\"height\":948,\"caption\":\"white dwarf 517 lokakuu 2025 tuotekuva\"},{\"@type\":\"BreadcrumbList\",\"@id\":\"https:\\\/\\\/spelivinkki.fi\\\/tuote\\\/white-dwarf-517-lokakuu-2025\\\/#breadcrumb\",\"itemListElement\":[{\"@type\":\"ListItem\",\"position\":1,\"name\":\"Etusivu\",\"item\":\"https:\\\/\\\/spelivinkki.fi\\\/\"},{\"@type\":\"ListItem\",\"position\":2,\"name\":\"Tuotteet\",\"item\":\"https:\\\/\\\/spelivinkki.fi\\\/tuotteet\\\/\"},{\"@type\":\"ListItem\",\"position\":3,\"name\":\"White Dwarf #517 Lokakuu 2025\"}]},{\"@type\":\"WebSite\",\"@id\":\"https:\\\/\\\/spelivinkki.fi\\\/#website\",\"url\":\"https:\\\/\\\/spelivinkki.fi\\\/\",\"name\":\"Spelivinkki\",\"description\":\"Paraisten Lautapelikauppa\",\"publisher\":{\"@id\":\"https:\\\/\\\/spelivinkki.fi\\\/#organization\"},\"alternateName\":\"Spelivinkki Oy\",\"potentialAction\":[{\"@type\":\"SearchAction\",\"target\":{\"@type\":\"EntryPoint\",\"urlTemplate\":\"https:\\\/\\\/spelivinkki.fi\\\/?s={search_term_string}\"},\"query-input\":{\"@type\":\"PropertyValueSpecification\",\"valueRequired\":true,\"valueName\":\"search_term_string\"}}],\"inLanguage\":\"sv-SE\"},{\"@type\":\"Organization\",\"@id\":\"https:\\\/\\\/spelivinkki.fi\\\/#organization\",\"name\":\"Spelivinkki Oy\",\"alternateName\":\"Spelivinkki\",\"url\":\"https:\\\/\\\/spelivinkki.fi\\\/\",\"logo\":{\"@type\":\"ImageObject\",\"inLanguage\":\"sv-SE\",\"@id\":\"https:\\\/\\\/spelivinkki.fi\\\/#\\\/schema\\\/logo\\\/image\\\/\",\"url\":\"https:\\/\\/spelivinkki.fi\\/wp-content\\/uploads\\/2024\\/02\\/Logo.svg\",\"contentUrl\":\"https:\\/\\/spelivinkki.fi\\/wp-content\\/uploads\\/2024\\/02\\/Logo.svg\",\"width\":2176,\"height\":2323,\"caption\":\"Spelivinkki Oy\"},\"image\":{\"@id\":\"https:\\\/\\\/spelivinkki.fi\\\/#\\\/schema\\\/logo\\\/image\\\/\"},\"sameAs\":[\"https:\\\/\\\/www.facebook.com\\\/SpelivinkkiOy\\\/\",\"https:\\\/\\\/x.com\\\/SpelivinkkiOy\",\"https:\\\/\\\/www.instagram.com\\\/spelivinkkioy\\\/\"],\"description\":\"Spelivinkki Oy is a company operating both a brick-and-mortar store in Finland as well as a webshop online. We sell board games, roleplaying games, miniature wargames, logic puzzles, jigsaw puzzles and other things related to the boardgame hobby.\",\"email\":\"myynti@spelivinkki.fi\",\"telephone\":\"+358406486605\",\"legalName\":\"Spelivinkki Oy\",\"foundingDate\":\"2023-09-17\",\"vatID\":\"FI33904524\",\"numberOfEmployees\":{\"@type\":\"QuantitativeValue\",\"minValue\":\"1\",\"maxValue\":\"10\"},\"hasMerchantReturnPolicy\":{\"@type\":\"MerchantReturnPolicy\",\"merchantReturnLink\":\"https:\\\/\\\/spelivinkki.fi\\\/sv\\\/spelivinkin-vaihto-ja-palautusoikeus\\\/\"}}]}<\/script>\n<meta property=\"product:brand\" content=\"Games Workshop\" \/>\n<meta property=\"product:price:amount\" content=\"9.00\" \/>\n<meta property=\"product:price:currency\" content=\"EUR\" \/>\n<meta property=\"og:availability\" content=\"out of stock\" \/>\n<meta property=\"product:availability\" content=\"out of stock\" \/>\n<meta property=\"product:retailer_item_id\" content=\"WhiteDwarf-517\" \/>\n<meta property=\"product:condition\" content=\"new\" \/>\n<!-- \/ Yoast SEO Premium plugin. -->","yoast_head_json":{"title":"White Dwarf #517 Lokakuu 2025 &#8211; Spelivinkki","description":"Tutustu kuukauden White Dwarf 517 Lokakuu 2025 -lehteen, jossa on s\u00e4\u00e4nt\u00f6j\u00e4, tarinoita ja runsaasti muuta mielenkiintoista sis\u00e4lt\u00f6\u00e4. Liity mukaan ja nauti!","robots":{"index":"index","follow":"follow","max-snippet":"max-snippet:-1","max-image-preview":"max-image-preview:large","max-video-preview":"max-video-preview:-1"},"canonical":"https:\/\/spelivinkki.fi\/sv\/produkt\/white-dwarf-517-lokakuu-2025\/","og_locale":"sv_SE","og_type":"article","og_title":"White Dwarf #517 Lokakuu 2025","og_description":"Tutustu kuukauden White Dwarf 517 Lokakuu 2025 -lehteen, jossa on s\u00e4\u00e4nt\u00f6j\u00e4, tarinoita ja runsaasti muuta mielenkiintoista sis\u00e4lt\u00f6\u00e4. Liity mukaan ja nauti!","og_url":"https:\/\/spelivinkki.fi\/sv\/produkt\/white-dwarf-517-lokakuu-2025\/","og_site_name":"Spelivinkki","article_publisher":"https:\/\/www.facebook.com\/SpelivinkkiOy\/","article_modified_time":"2026-02-20T14:24:41+00:00","og_image":[{"width":918,"height":948,"url":"https:\/\/mlw9zexfsyfr.i.optimole.com\/w:auto\/h:auto\/q:mauto\/ig:avif\/https:\/\/spelivinkki.fi\/wp-content\/uploads\/2025\/10\/white-dwarf-517-lokakuu-2025-tuotekuva.webp","type":"image\/webp"}],"twitter_card":"summary_large_image","twitter_site":"@SpelivinkkiOy","twitter_misc":{"Pris":"9,00&nbsp;&euro;","Tillg\u00e4nglig":"Slut i lager"},"schema":{"@context":"https:\/\/schema.org","@graph":[{"@type":"WebPage","@id":"https:\/\/spelivinkki.fi\/tuote\/white-dwarf-517-lokakuu-2025\/","url":"https:\/\/spelivinkki.fi\/tuote\/white-dwarf-517-lokakuu-2025\/","name":"White Dwarf #517 Lokakuu 2025 &#8211; Spelivinkki","isPartOf":{"@id":"https:\/\/spelivinkki.fi\/#website"},"primaryImageOfPage":{"@id":"https:\/\/spelivinkki.fi\/tuote\/white-dwarf-517-lokakuu-2025\/#primaryimage"},"image":{"@id":"https:\/\/spelivinkki.fi\/tuote\/white-dwarf-517-lokakuu-2025\/#primaryimage"},"thumbnailUrl":"https:\/\/mlw9zexfsyfr.i.optimole.com\/w:auto\/h:auto\/q:mauto\/ig:avif\/https:\/\/spelivinkki.fi\/wp-content\/uploads\/2025\/10\/white-dwarf-517-lokakuu-2025-tuotekuva.webp","datePublished":"2025-10-17T12:41:17+00:00","dateModified":"2026-02-20T14:24:41+00:00","description":"Tutustu kuukauden White Dwarf 517 Lokakuu 2025 -lehteen, jossa on s\u00e4\u00e4nt\u00f6j\u00e4, tarinoita ja runsaasti muuta mielenkiintoista sis\u00e4lt\u00f6\u00e4. Liity mukaan ja nauti!","breadcrumb":{"@id":"https:\/\/spelivinkki.fi\/tuote\/white-dwarf-517-lokakuu-2025\/#breadcrumb"},"inLanguage":"sv-SE","potentialAction":[{"@type":"ReadAction","target":["https:\/\/spelivinkki.fi\/tuote\/white-dwarf-517-lokakuu-2025\/"]}]},{"@type":"ImageObject","inLanguage":"sv-SE","@id":"https:\/\/spelivinkki.fi\/tuote\/white-dwarf-517-lokakuu-2025\/#primaryimage","url":"https:\/\/mlw9zexfsyfr.i.optimole.com\/w:auto\/h:auto\/q:mauto\/ig:avif\/https:\/\/spelivinkki.fi\/wp-content\/uploads\/2025\/10\/white-dwarf-517-lokakuu-2025-tuotekuva.webp","contentUrl":"https:\/\/mlw9zexfsyfr.i.optimole.com\/w:auto\/h:auto\/q:mauto\/ig:avif\/https:\/\/spelivinkki.fi\/wp-content\/uploads\/2025\/10\/white-dwarf-517-lokakuu-2025-tuotekuva.webp","width":918,"height":948,"caption":"white dwarf 517 lokakuu 2025 tuotekuva"},{"@type":"BreadcrumbList","@id":"https:\/\/spelivinkki.fi\/tuote\/white-dwarf-517-lokakuu-2025\/#breadcrumb","itemListElement":[{"@type":"ListItem","position":1,"name":"Etusivu","item":"https:\/\/spelivinkki.fi\/"},{"@type":"ListItem","position":2,"name":"Tuotteet","item":"https:\/\/spelivinkki.fi\/tuotteet\/"},{"@type":"ListItem","position":3,"name":"White Dwarf #517 Lokakuu 2025"}]},{"@type":"WebSite","@id":"https:\/\/spelivinkki.fi\/#website","url":"https:\/\/spelivinkki.fi\/","name":"Spelivinkki","description":"Paraisten Lautapelikauppa","publisher":{"@id":"https:\/\/spelivinkki.fi\/#organization"},"alternateName":"Spelivinkki Oy","potentialAction":[{"@type":"SearchAction","target":{"@type":"EntryPoint","urlTemplate":"https:\/\/spelivinkki.fi\/?s={search_term_string}"},"query-input":{"@type":"PropertyValueSpecification","valueRequired":true,"valueName":"search_term_string"}}],"inLanguage":"sv-SE"},{"@type":"Organization","@id":"https:\/\/spelivinkki.fi\/#organization","name":"Spelivinkki Oy","alternateName":"Spelivinkki","url":"https:\/\/spelivinkki.fi\/","logo":{"@type":"ImageObject","inLanguage":"sv-SE","@id":"https:\/\/spelivinkki.fi\/#\/schema\/logo\/image\/","url":"https:\/\/mlw9zexfsyfr.i.optimole.com\/w:auto\/h:auto\/q:mauto\/ig:avif\/https:\/\/spelivinkki.fi\/wp-content\/uploads\/2024\/02\/Logo.svg","contentUrl":"https:\/\/mlw9zexfsyfr.i.optimole.com\/w:auto\/h:auto\/q:mauto\/ig:avif\/https:\/\/spelivinkki.fi\/wp-content\/uploads\/2024\/02\/Logo.svg","width":2176,"height":2323,"caption":"Spelivinkki Oy"},"image":{"@id":"https:\/\/spelivinkki.fi\/#\/schema\/logo\/image\/"},"sameAs":["https:\/\/www.facebook.com\/SpelivinkkiOy\/","https:\/\/x.com\/SpelivinkkiOy","https:\/\/www.instagram.com\/spelivinkkioy\/"],"description":"Spelivinkki Oy is a company operating both a brick-and-mortar store in Finland as well as a webshop online. We sell board games, roleplaying games, miniature wargames, logic puzzles, jigsaw puzzles and other things related to the boardgame hobby.","email":"myynti@spelivinkki.fi","telephone":"+358406486605","legalName":"Spelivinkki Oy","foundingDate":"2023-09-17","vatID":"FI33904524","numberOfEmployees":{"@type":"QuantitativeValue","minValue":"1","maxValue":"10"},"hasMerchantReturnPolicy":{"@type":"MerchantReturnPolicy","merchantReturnLink":"https:\/\/spelivinkki.fi\/sv\/spelivinkin-vaihto-ja-palautusoikeus\/"}}]},"product_brand":"Games Workshop","product_price_amount":"9.00","product_price_currency":"EUR","og_availability":"out of stock","product_availability":"out of stock","product_retailer_item_id":"WhiteDwarf-517","product_condition":"new"},"_links":{"self":[{"href":"https:\/\/spelivinkki.fi\/sv\/wp-json\/wp\/v2\/product\/7684","targetHints":{"allow":["GET"]}}],"collection":[{"href":"https:\/\/spelivinkki.fi\/sv\/wp-json\/wp\/v2\/product"}],"about":[{"href":"https:\/\/spelivinkki.fi\/sv\/wp-json\/wp\/v2\/types\/product"}],"wp:featuredmedia":[{"embeddable":true,"href":"https:\/\/spelivinkki.fi\/sv\/wp-json\/wp\/v2\/media\/7685"}],"wp:attachment":[{"href":"https:\/\/spelivinkki.fi\/sv\/wp-json\/wp\/v2\/media?parent=7684"}],"wp:term":[{"taxonomy":"product_brand","embeddable":true,"href":"https:\/\/spelivinkki.fi\/sv\/wp-json\/wp\/v2\/product_brand?post=7684"},{"taxonomy":"product_cat","embeddable":true,"href":"https:\/\/spelivinkki.fi\/sv\/wp-json\/wp\/v2\/product_cat?post=7684"},{"taxonomy":"product_tag","embeddable":true,"href":"https:\/\/spelivinkki.fi\/sv\/wp-json\/wp\/v2\/product_tag?post=7684"}],"curies":[{"name":"wp","href":"https:\/\/api.w.org\/{rel}","templated":true}]}}