{"id":7693,"date":"2025-10-20T09:13:16","date_gmt":"2025-10-20T09:13:16","guid":{"rendered":"https:\/\/spelivinkki.fi\/?post_type=product&#038;p=7693"},"modified":"2025-11-20T15:57:14","modified_gmt":"2025-11-20T15:57:14","slug":"warhammer-40k-astra-militarum-death-korps-of-krieg-combat-patrol","status":"publish","type":"product","link":"https:\/\/spelivinkki.fi\/sv\/produkt\/warhammer-40k-astra-militarum-death-korps-of-krieg-combat-patrol\/","title":{"rendered":"Warhammer 40k: Astra Militarum \u2014 Death Korps of Krieg Combat Patrol"},"content":{"rendered":"<h6>Julkaisijan kuvaus Englanniksi:<\/h6>\n<div class=\"\" data-testid=\"component-container-78FjuCqjfLcdwX3evrzwVN\">\n<div class=\"relative flex flex-col w-full hero bg-[#F7F7F7]\" data-testid=\"container-78FjuCqjfLcdwX3evrzwVN\">\n<div class=\"px-[5%] md:px-12 lg:px-[5.5rem] py-6 md:pb-12 bg-black\" data-testid=\"product-detail-hero-features\">\n<div class=\"flex justify-center w-full h-full py-3\" data-testid=\"product-detail-features-container\">\n<div class=\"justify-center w-full grid grid-cols-1 gap-4 md:grid-cols-2 md:max-w-[1446px] md:gap-8 justify-items-center\" data-testid=\"product-detail-features-grid\">\n<div class=\"w-full relative rounded-md border bg-Black-Primary-60 border-none text-white border-solid py-4 md:py-8 after:content-[''] after:absolute after:w-1 after:h-1 after:bg-gamesWorkshop after:rounded-full after:left-6 after:top-[calc(12px+2px+0.5ch)] md:after:top-[calc(50%-0.125rem)] md:odd:justify-self-end md:even:justify-self-start flex items-center \" data-testid=\"product-detail-feature-container-3\">\n<p class=\"w-full pl-16 pr-6 m-0 break-words bg-transparent text-marine-md\" data-testid=\"product-detail-feature-3\"><em>Save money compared to buying each kit individually<\/em><\/p>\n<\/div>\n<\/div>\n<\/div>\n<\/div>\n<\/div>\n<\/div>\n<div class=\"\" data-testid=\"component-container-7Eea2hlgLVTs3sWjgL4fM0\">\n<div class=\"w-full h-full flex items-center justify-center py-20 md:py-36 bg-white\" data-testid=\"container-7Eea2hlgLVTs3sWjgL4fM0\">\n<div class=\"flex flex-col justify-center text-justify items-center mx-6 max-w-xl text-black\" data-testid=\"product-detail-description-content-container\">\n<div>\n<p class=\"text-base first-letter:hidden font-[400] md:text-xl\" data-testid=\"product-detail-description\"><em>The Death Korps of Krieg will stop at nothing to prove their loyalty to the Imperium, casting aside their lives in brutal wars of attrition. They rely on the weight of numbers, an unflinching perspective on war and sacrifice, and the use of heavy siege weapons to grind their foes down.<\/em><\/p>\n<p><em>If you want to sacrifice yourself in the name of the God-Emperor, this box is the perfect way to start a new Death Korps of Krieg collection \u2013 or expand an existing army \u2013 and save money compared to buying the kits individually. A Command Squad lead the charge, followed by a dependable infantry squad. Heavy weapons provide covering firepower while Death Riders outflank the enemy, ready to strike with their vicious sabres. These 26 plastic miniatures represent a complete Astra Militarum force for use in tight, tactical Combat Patrol games of Warhammer 40,000.<\/em><\/p>\n<p><em><strong>This boxed set builds 26 multipart plastic Astra Militarum miniatures:<\/strong><\/em><br \/>\n<em>\u2013\u00a05x Death Riders<\/em><br \/>\n<em>\u2013\u00a04x Krieg Heavy Weapons Squad miniatures<\/em><br \/>\n<em>\u2013 10x Death Korps of Krieg soldiers<\/em><br \/>\n<em>\u2013 7x Krieg Command Squad miniatures<\/em><\/p>\n<p><em>The miniatures in this kit are easy to customise. The Death Riders can each be armed with a power sabre, frag lance, or Death Rider lascarbine. There are parts to build an optional squad leader, as well as numerous cosmetic parts, including various designs of pouches.<\/em><\/p>\n<p><em>The Heavy Weapons Squad gunners can be armed with a lascannon, a Krieg heavy flamer, or a twin Krieg heavy stubber, along with interchangeable backpacks and accessories. The Fire Coordinator can be built either leaning on their knee or consulting a map of the battlefield.<\/em><\/p>\n<p><em>The Death Korps of Krieg squad includes parts to build an optional Watchmaster who can be armed with a plasma pistol, laspistol, or bolt pistol, and a chainsword or power weapon. One miniature can be built as a sniper, one with a flamer, one with a grenade launcher, and one with a plasma gun or meltagun. One squad member can take a vox-caster, another can take a medi-pack, and there are cosmetic accessories, including bayonets, pickaxes, belt pouches, and grenades.<\/em><\/p>\n<p><em>The Lord Commissar in the Command Squad can be equipped with a plasma pistol or a whip in their right arm, and a powerfist or a sheathed power-sword and pointing hand for their other arm. One Veteran Guardsman in the unit may be assembled with either a laspistol, a bolt pistol, or a plasma pistol in their right hand and a chainsword, power weapon, or trench club in their left hand. Another Guardsman can carry a boltgun, plasma gun, meltagun, or grenade launcher into battle. The remaining Guardsmen carry the regimental standard, master vox, and alchemyk counteragents, respectively. There is also a range of optional cosmetic accessories, including shovels, to further decorate your miniatures.<\/em><\/p>\n<p><em>This kit comprises 803 plastic components, 1x Citadel 32mm Round Base, 17x Citadel 25mm Round Bases, 5x Citadel 60mm by 35.5mm Oval Bases, 3x Citadel 50mm Round Bases, and 1x Death Korps of Krieg Transfer Sheet containing 803 high-quality waterslide transfers to decorate your miniatures.<\/em><\/p>\n<p><em>These miniatures require assembly and are supplied unpainted \u2013 we recommend using Citadel Plastic Glue and Citadel Colour paints.<\/em><\/p>\n<p><strong>VAROITUS:<\/strong> Pienten osien takia tuote ei sovi alle 3-vuotiaille lapsille!<\/p>\n<\/div>\n<\/div>\n<\/div>\n<\/div>\n","protected":false},"excerpt":{"rendered":"<ul>\n<li><strong>\u00c5ldersrekommendation:<\/strong> 12+<\/li>\n<li><strong>Arm\u00e9:<\/strong><\/li>\n<li><strong>Spr\u00e5k:<\/strong> Engelska<\/li>\n<li><strong>Utgivare:<\/strong> Games Workshop<\/li>\n<\/ul>","protected":false},"featured_media":7694,"template":"","meta":{"site-sidebar-layout":"default","site-content-layout":"","ast-site-content-layout":"default","site-content-style":"default","site-sidebar-style":"default","ast-global-header-display":"","ast-banner-title-visibility":"","ast-main-header-display":"","ast-hfb-above-header-display":"","ast-hfb-below-header-display":"","ast-hfb-mobile-header-display":"","site-post-title":"","ast-breadcrumbs-content":"","ast-featured-img":"","footer-sml-layout":"","ast-disable-related-posts":"","theme-transparent-header-meta":"default","adv-header-id-meta":"","stick-header-meta":"","header-above-stick-meta":"","header-main-stick-meta":"","header-below-stick-meta":"","astra-migrate-meta-layouts":"set","ast-page-background-enabled":"default","ast-page-background-meta":{"desktop":{"background-color":"","background-image":"","background-repeat":"repeat","background-position":"center center","background-size":"auto","background-attachment":"scroll","background-type":"","background-media":"","overlay-type":"","overlay-color":"","overlay-opacity":"","overlay-gradient":""},"tablet":{"background-color":"","background-image":"","background-repeat":"repeat","background-position":"center center","background-size":"auto","background-attachment":"scroll","background-type":"","background-media":"","overlay-type":"","overlay-color":"","overlay-opacity":"","overlay-gradient":""},"mobile":{"background-color":"","background-image":"","background-repeat":"repeat","background-position":"center center","background-size":"auto","background-attachment":"scroll","background-type":"","background-media":"","overlay-type":"","overlay-color":"","overlay-opacity":"","overlay-gradient":""}},"ast-content-background-meta":{"desktop":{"background-color":"var(--ast-global-color-5)","background-image":"","background-repeat":"repeat","background-position":"center center","background-size":"auto","background-attachment":"scroll","background-type":"","background-media":"","overlay-type":"","overlay-color":"","overlay-opacity":"","overlay-gradient":""},"tablet":{"background-color":"var(--ast-global-color-5)","background-image":"","background-repeat":"repeat","background-position":"center center","background-size":"auto","background-attachment":"scroll","background-type":"","background-media":"","overlay-type":"","overlay-color":"","overlay-opacity":"","overlay-gradient":""},"mobile":{"background-color":"var(--ast-global-color-5)","background-image":"","background-repeat":"repeat","background-position":"center center","background-size":"auto","background-attachment":"scroll","background-type":"","background-media":"","overlay-type":"","overlay-color":"","overlay-opacity":"","overlay-gradient":""}}},"product_brand":[1051],"product_cat":[885,832,833],"product_tag":[1327,1279,1278],"class_list":{"0":"post-7693","1":"product","2":"type-product","3":"status-publish","4":"has-post-thumbnail","6":"product_brand-games-workshop","7":"product_cat-astra-militarum","8":"product_cat-miniatyyripelit","9":"product_cat-warhammer-40k","10":"product_tag-combat-patrol","11":"product_tag-koottava","12":"product_tag-muovifigu","13":"product_shipping_class-standard2","14":"desktop-align-center","15":"tablet-align-center","16":"mobile-align-center","18":"first","19":"outofstock","20":"taxable","21":"shipping-taxable","22":"purchasable","23":"product-type-simple"},"yoast_head":"<!-- This site is optimized with the Yoast SEO Premium plugin v27.3 (Yoast SEO v27.4) - https:\/\/yoast.com\/product\/yoast-seo-premium-wordpress\/ -->\n<title>Warhammer 40k: Astra Militarum -- Death Korps of Krieg Combat Patrol &#8211; Spelivinkki<\/title>\n<meta name=\"description\" content=\"Astu sotatantereelle Warhammer 40k Death Korps of Krieg Combat Patrolin kanssa! Investoi voittoosi ja hanki t\u00e4m\u00e4 paketti t\u00e4n\u00e4\u00e4n! \u2694\ufe0f\" \/>\n<meta name=\"robots\" content=\"index, follow, max-snippet:-1, max-image-preview:large, max-video-preview:-1\" \/>\n<link rel=\"canonical\" href=\"https:\/\/spelivinkki.fi\/sv\/produkt\/warhammer-40k-astra-militarum-death-korps-of-krieg-combat-patrol\/\" \/>\n<meta property=\"og:locale\" content=\"sv_SE\" \/>\n<meta property=\"og:type\" content=\"article\" \/>\n<meta property=\"og:title\" content=\"Warhammer 40k: Astra Militarum -- Death Korps of Krieg Combat Patrol\" \/>\n<meta property=\"og:description\" content=\"Astu sotatantereelle Warhammer 40k Death Korps of Krieg Combat Patrolin kanssa! Investoi voittoosi ja hanki t\u00e4m\u00e4 paketti t\u00e4n\u00e4\u00e4n! \u2694\ufe0f\" \/>\n<meta property=\"og:url\" content=\"https:\/\/spelivinkki.fi\/sv\/produkt\/warhammer-40k-astra-militarum-death-korps-of-krieg-combat-patrol\/\" \/>\n<meta property=\"og:site_name\" content=\"Spelivinkki\" \/>\n<meta property=\"article:publisher\" content=\"https:\/\/www.facebook.com\/SpelivinkkiOy\/\" \/>\n<meta property=\"article:modified_time\" content=\"2025-11-20T15:57:14+00:00\" \/>\n<meta property=\"og:image\" content=\"https:\/\/mlw9zexfsyfr.i.optimole.com\/w:auto\/h:auto\/q:mauto\/ig:avif\/https:\/\/spelivinkki.fi\/wp-content\/uploads\/2025\/10\/WH40-Death-Korps-of-Krieg-Combat-Patrol-Tuotekuva.webp\" \/>\n\t<meta property=\"og:image:width\" content=\"1840\" \/>\n\t<meta property=\"og:image:height\" content=\"1900\" \/>\n\t<meta property=\"og:image:type\" content=\"image\/webp\" \/>\n<meta name=\"twitter:card\" content=\"summary_large_image\" \/>\n<meta name=\"twitter:site\" content=\"@SpelivinkkiOy\" \/>\n<meta name=\"twitter:label1\" content=\"Pris\" \/>\n\t<meta name=\"twitter:data1\" content=\"130,00&nbsp;&euro;\" \/>\n\t<meta name=\"twitter:label2\" content=\"Tillg\u00e4nglig\" \/>\n\t<meta name=\"twitter:data2\" content=\"Slut i lager\" \/>\n<script type=\"application\/ld+json\" class=\"yoast-schema-graph\">{\"@context\":\"https:\\\/\\\/schema.org\",\"@graph\":[{\"@type\":\"WebPage\",\"@id\":\"https:\\\/\\\/spelivinkki.fi\\\/tuote\\\/warhammer-40k-astra-militarum-death-korps-of-krieg-combat-patrol\\\/\",\"url\":\"https:\\\/\\\/spelivinkki.fi\\\/tuote\\\/warhammer-40k-astra-militarum-death-korps-of-krieg-combat-patrol\\\/\",\"name\":\"Warhammer 40k: Astra Militarum -- Death Korps of Krieg Combat Patrol &#8211; Spelivinkki\",\"isPartOf\":{\"@id\":\"https:\\\/\\\/spelivinkki.fi\\\/#website\"},\"primaryImageOfPage\":{\"@id\":\"https:\\\/\\\/spelivinkki.fi\\\/tuote\\\/warhammer-40k-astra-militarum-death-korps-of-krieg-combat-patrol\\\/#primaryimage\"},\"image\":{\"@id\":\"https:\\\/\\\/spelivinkki.fi\\\/tuote\\\/warhammer-40k-astra-militarum-death-korps-of-krieg-combat-patrol\\\/#primaryimage\"},\"thumbnailUrl\":\"https:\\/\\/spelivinkki.fi\\/wp-content\\/uploads\\/2025\\/10\\/WH40-Death-Korps-of-Krieg-Combat-Patrol-Tuotekuva.webp\",\"datePublished\":\"2025-10-20T09:13:16+00:00\",\"dateModified\":\"2025-11-20T15:57:14+00:00\",\"description\":\"Astu sotatantereelle Warhammer 40k Death Korps of Krieg Combat Patrolin kanssa! Investoi voittoosi ja hanki t\u00e4m\u00e4 paketti t\u00e4n\u00e4\u00e4n! \u2694\ufe0f\",\"breadcrumb\":{\"@id\":\"https:\\\/\\\/spelivinkki.fi\\\/tuote\\\/warhammer-40k-astra-militarum-death-korps-of-krieg-combat-patrol\\\/#breadcrumb\"},\"inLanguage\":\"sv-SE\",\"potentialAction\":[{\"@type\":\"ReadAction\",\"target\":[\"https:\\\/\\\/spelivinkki.fi\\\/tuote\\\/warhammer-40k-astra-militarum-death-korps-of-krieg-combat-patrol\\\/\"]}]},{\"@type\":\"ImageObject\",\"inLanguage\":\"sv-SE\",\"@id\":\"https:\\\/\\\/spelivinkki.fi\\\/tuote\\\/warhammer-40k-astra-militarum-death-korps-of-krieg-combat-patrol\\\/#primaryimage\",\"url\":\"https:\\/\\/spelivinkki.fi\\/wp-content\\/uploads\\/2025\\/10\\/WH40-Death-Korps-of-Krieg-Combat-Patrol-Tuotekuva.webp\",\"contentUrl\":\"https:\\/\\/spelivinkki.fi\\/wp-content\\/uploads\\/2025\\/10\\/WH40-Death-Korps-of-Krieg-Combat-Patrol-Tuotekuva.webp\",\"width\":1840,\"height\":1900,\"caption\":\"WH40 Death Korps of Krieg Combat Patrol Tuotekuva\"},{\"@type\":\"BreadcrumbList\",\"@id\":\"https:\\\/\\\/spelivinkki.fi\\\/tuote\\\/warhammer-40k-astra-militarum-death-korps-of-krieg-combat-patrol\\\/#breadcrumb\",\"itemListElement\":[{\"@type\":\"ListItem\",\"position\":1,\"name\":\"Etusivu\",\"item\":\"https:\\\/\\\/spelivinkki.fi\\\/\"},{\"@type\":\"ListItem\",\"position\":2,\"name\":\"Tuotteet\",\"item\":\"https:\\\/\\\/spelivinkki.fi\\\/tuotteet\\\/\"},{\"@type\":\"ListItem\",\"position\":3,\"name\":\"Warhammer 40k: Astra Militarum &#8212; Death Korps of Krieg Combat Patrol\"}]},{\"@type\":\"WebSite\",\"@id\":\"https:\\\/\\\/spelivinkki.fi\\\/#website\",\"url\":\"https:\\\/\\\/spelivinkki.fi\\\/\",\"name\":\"Spelivinkki\",\"description\":\"Paraisten Lautapelikauppa\",\"publisher\":{\"@id\":\"https:\\\/\\\/spelivinkki.fi\\\/#organization\"},\"alternateName\":\"Spelivinkki Oy\",\"potentialAction\":[{\"@type\":\"SearchAction\",\"target\":{\"@type\":\"EntryPoint\",\"urlTemplate\":\"https:\\\/\\\/spelivinkki.fi\\\/?s={search_term_string}\"},\"query-input\":{\"@type\":\"PropertyValueSpecification\",\"valueRequired\":true,\"valueName\":\"search_term_string\"}}],\"inLanguage\":\"sv-SE\"},{\"@type\":\"Organization\",\"@id\":\"https:\\\/\\\/spelivinkki.fi\\\/#organization\",\"name\":\"Spelivinkki Oy\",\"alternateName\":\"Spelivinkki\",\"url\":\"https:\\\/\\\/spelivinkki.fi\\\/\",\"logo\":{\"@type\":\"ImageObject\",\"inLanguage\":\"sv-SE\",\"@id\":\"https:\\\/\\\/spelivinkki.fi\\\/#\\\/schema\\\/logo\\\/image\\\/\",\"url\":\"https:\\/\\/spelivinkki.fi\\/wp-content\\/uploads\\/2024\\/02\\/Logo.svg\",\"contentUrl\":\"https:\\/\\/spelivinkki.fi\\/wp-content\\/uploads\\/2024\\/02\\/Logo.svg\",\"width\":2176,\"height\":2323,\"caption\":\"Spelivinkki Oy\"},\"image\":{\"@id\":\"https:\\\/\\\/spelivinkki.fi\\\/#\\\/schema\\\/logo\\\/image\\\/\"},\"sameAs\":[\"https:\\\/\\\/www.facebook.com\\\/SpelivinkkiOy\\\/\",\"https:\\\/\\\/x.com\\\/SpelivinkkiOy\",\"https:\\\/\\\/www.instagram.com\\\/spelivinkkioy\\\/\"],\"description\":\"Spelivinkki Oy is a company operating both a brick-and-mortar store in Finland as well as a webshop online. We sell board games, roleplaying games, miniature wargames, logic puzzles, jigsaw puzzles and other things related to the boardgame hobby.\",\"email\":\"myynti@spelivinkki.fi\",\"telephone\":\"+358406486605\",\"legalName\":\"Spelivinkki Oy\",\"foundingDate\":\"2023-09-17\",\"vatID\":\"FI33904524\",\"numberOfEmployees\":{\"@type\":\"QuantitativeValue\",\"minValue\":\"1\",\"maxValue\":\"10\"},\"hasMerchantReturnPolicy\":{\"@type\":\"MerchantReturnPolicy\",\"merchantReturnLink\":\"https:\\\/\\\/spelivinkki.fi\\\/sv\\\/spelivinkin-vaihto-ja-palautusoikeus\\\/\"}}]}<\/script>\n<meta property=\"product:brand\" content=\"Games Workshop\" \/>\n<meta property=\"product:price:amount\" content=\"130.00\" \/>\n<meta property=\"product:price:currency\" content=\"EUR\" \/>\n<meta property=\"og:availability\" content=\"out of stock\" \/>\n<meta property=\"product:availability\" content=\"out of stock\" \/>\n<meta property=\"product:retailer_item_id\" content=\"99120105136\" \/>\n<meta property=\"product:condition\" content=\"new\" \/>\n<!-- \/ Yoast SEO Premium plugin. -->","yoast_head_json":{"title":"Warhammer 40k: Astra Militarum -- Death Korps of Krieg Combat Patrol &#8211; Spelivinkki","description":"Astu sotatantereelle Warhammer 40k Death Korps of Krieg Combat Patrolin kanssa! Investoi voittoosi ja hanki t\u00e4m\u00e4 paketti t\u00e4n\u00e4\u00e4n! \u2694\ufe0f","robots":{"index":"index","follow":"follow","max-snippet":"max-snippet:-1","max-image-preview":"max-image-preview:large","max-video-preview":"max-video-preview:-1"},"canonical":"https:\/\/spelivinkki.fi\/sv\/produkt\/warhammer-40k-astra-militarum-death-korps-of-krieg-combat-patrol\/","og_locale":"sv_SE","og_type":"article","og_title":"Warhammer 40k: Astra Militarum -- Death Korps of Krieg Combat Patrol","og_description":"Astu sotatantereelle Warhammer 40k Death Korps of Krieg Combat Patrolin kanssa! Investoi voittoosi ja hanki t\u00e4m\u00e4 paketti t\u00e4n\u00e4\u00e4n! \u2694\ufe0f","og_url":"https:\/\/spelivinkki.fi\/sv\/produkt\/warhammer-40k-astra-militarum-death-korps-of-krieg-combat-patrol\/","og_site_name":"Spelivinkki","article_publisher":"https:\/\/www.facebook.com\/SpelivinkkiOy\/","article_modified_time":"2025-11-20T15:57:14+00:00","og_image":[{"width":1840,"height":1900,"url":"https:\/\/mlw9zexfsyfr.i.optimole.com\/w:auto\/h:auto\/q:mauto\/ig:avif\/https:\/\/spelivinkki.fi\/wp-content\/uploads\/2025\/10\/WH40-Death-Korps-of-Krieg-Combat-Patrol-Tuotekuva.webp","type":"image\/webp"}],"twitter_card":"summary_large_image","twitter_site":"@SpelivinkkiOy","twitter_misc":{"Pris":"130,00&nbsp;&euro;","Tillg\u00e4nglig":"Slut i lager"},"schema":{"@context":"https:\/\/schema.org","@graph":[{"@type":"WebPage","@id":"https:\/\/spelivinkki.fi\/tuote\/warhammer-40k-astra-militarum-death-korps-of-krieg-combat-patrol\/","url":"https:\/\/spelivinkki.fi\/tuote\/warhammer-40k-astra-militarum-death-korps-of-krieg-combat-patrol\/","name":"Warhammer 40k: Astra Militarum -- Death Korps of Krieg Combat Patrol &#8211; Spelivinkki","isPartOf":{"@id":"https:\/\/spelivinkki.fi\/#website"},"primaryImageOfPage":{"@id":"https:\/\/spelivinkki.fi\/tuote\/warhammer-40k-astra-militarum-death-korps-of-krieg-combat-patrol\/#primaryimage"},"image":{"@id":"https:\/\/spelivinkki.fi\/tuote\/warhammer-40k-astra-militarum-death-korps-of-krieg-combat-patrol\/#primaryimage"},"thumbnailUrl":"https:\/\/mlw9zexfsyfr.i.optimole.com\/w:auto\/h:auto\/q:mauto\/ig:avif\/https:\/\/spelivinkki.fi\/wp-content\/uploads\/2025\/10\/WH40-Death-Korps-of-Krieg-Combat-Patrol-Tuotekuva.webp","datePublished":"2025-10-20T09:13:16+00:00","dateModified":"2025-11-20T15:57:14+00:00","description":"Astu sotatantereelle Warhammer 40k Death Korps of Krieg Combat Patrolin kanssa! Investoi voittoosi ja hanki t\u00e4m\u00e4 paketti t\u00e4n\u00e4\u00e4n! \u2694\ufe0f","breadcrumb":{"@id":"https:\/\/spelivinkki.fi\/tuote\/warhammer-40k-astra-militarum-death-korps-of-krieg-combat-patrol\/#breadcrumb"},"inLanguage":"sv-SE","potentialAction":[{"@type":"ReadAction","target":["https:\/\/spelivinkki.fi\/tuote\/warhammer-40k-astra-militarum-death-korps-of-krieg-combat-patrol\/"]}]},{"@type":"ImageObject","inLanguage":"sv-SE","@id":"https:\/\/spelivinkki.fi\/tuote\/warhammer-40k-astra-militarum-death-korps-of-krieg-combat-patrol\/#primaryimage","url":"https:\/\/mlw9zexfsyfr.i.optimole.com\/w:auto\/h:auto\/q:mauto\/ig:avif\/https:\/\/spelivinkki.fi\/wp-content\/uploads\/2025\/10\/WH40-Death-Korps-of-Krieg-Combat-Patrol-Tuotekuva.webp","contentUrl":"https:\/\/mlw9zexfsyfr.i.optimole.com\/w:auto\/h:auto\/q:mauto\/ig:avif\/https:\/\/spelivinkki.fi\/wp-content\/uploads\/2025\/10\/WH40-Death-Korps-of-Krieg-Combat-Patrol-Tuotekuva.webp","width":1840,"height":1900,"caption":"WH40 Death Korps of Krieg Combat Patrol Tuotekuva"},{"@type":"BreadcrumbList","@id":"https:\/\/spelivinkki.fi\/tuote\/warhammer-40k-astra-militarum-death-korps-of-krieg-combat-patrol\/#breadcrumb","itemListElement":[{"@type":"ListItem","position":1,"name":"Etusivu","item":"https:\/\/spelivinkki.fi\/"},{"@type":"ListItem","position":2,"name":"Tuotteet","item":"https:\/\/spelivinkki.fi\/tuotteet\/"},{"@type":"ListItem","position":3,"name":"Warhammer 40k: Astra Militarum &#8212; Death Korps of Krieg Combat Patrol"}]},{"@type":"WebSite","@id":"https:\/\/spelivinkki.fi\/#website","url":"https:\/\/spelivinkki.fi\/","name":"Spelivinkki","description":"Paraisten Lautapelikauppa","publisher":{"@id":"https:\/\/spelivinkki.fi\/#organization"},"alternateName":"Spelivinkki Oy","potentialAction":[{"@type":"SearchAction","target":{"@type":"EntryPoint","urlTemplate":"https:\/\/spelivinkki.fi\/?s={search_term_string}"},"query-input":{"@type":"PropertyValueSpecification","valueRequired":true,"valueName":"search_term_string"}}],"inLanguage":"sv-SE"},{"@type":"Organization","@id":"https:\/\/spelivinkki.fi\/#organization","name":"Spelivinkki Oy","alternateName":"Spelivinkki","url":"https:\/\/spelivinkki.fi\/","logo":{"@type":"ImageObject","inLanguage":"sv-SE","@id":"https:\/\/spelivinkki.fi\/#\/schema\/logo\/image\/","url":"https:\/\/mlw9zexfsyfr.i.optimole.com\/w:auto\/h:auto\/q:mauto\/ig:avif\/https:\/\/spelivinkki.fi\/wp-content\/uploads\/2024\/02\/Logo.svg","contentUrl":"https:\/\/mlw9zexfsyfr.i.optimole.com\/w:auto\/h:auto\/q:mauto\/ig:avif\/https:\/\/spelivinkki.fi\/wp-content\/uploads\/2024\/02\/Logo.svg","width":2176,"height":2323,"caption":"Spelivinkki Oy"},"image":{"@id":"https:\/\/spelivinkki.fi\/#\/schema\/logo\/image\/"},"sameAs":["https:\/\/www.facebook.com\/SpelivinkkiOy\/","https:\/\/x.com\/SpelivinkkiOy","https:\/\/www.instagram.com\/spelivinkkioy\/"],"description":"Spelivinkki Oy is a company operating both a brick-and-mortar store in Finland as well as a webshop online. We sell board games, roleplaying games, miniature wargames, logic puzzles, jigsaw puzzles and other things related to the boardgame hobby.","email":"myynti@spelivinkki.fi","telephone":"+358406486605","legalName":"Spelivinkki Oy","foundingDate":"2023-09-17","vatID":"FI33904524","numberOfEmployees":{"@type":"QuantitativeValue","minValue":"1","maxValue":"10"},"hasMerchantReturnPolicy":{"@type":"MerchantReturnPolicy","merchantReturnLink":"https:\/\/spelivinkki.fi\/sv\/spelivinkin-vaihto-ja-palautusoikeus\/"}}]},"product_brand":"Games Workshop","product_price_amount":"130.00","product_price_currency":"EUR","og_availability":"out of stock","product_availability":"out of stock","product_retailer_item_id":"99120105136","product_condition":"new"},"_links":{"self":[{"href":"https:\/\/spelivinkki.fi\/sv\/wp-json\/wp\/v2\/product\/7693","targetHints":{"allow":["GET"]}}],"collection":[{"href":"https:\/\/spelivinkki.fi\/sv\/wp-json\/wp\/v2\/product"}],"about":[{"href":"https:\/\/spelivinkki.fi\/sv\/wp-json\/wp\/v2\/types\/product"}],"wp:featuredmedia":[{"embeddable":true,"href":"https:\/\/spelivinkki.fi\/sv\/wp-json\/wp\/v2\/media\/7694"}],"wp:attachment":[{"href":"https:\/\/spelivinkki.fi\/sv\/wp-json\/wp\/v2\/media?parent=7693"}],"wp:term":[{"taxonomy":"product_brand","embeddable":true,"href":"https:\/\/spelivinkki.fi\/sv\/wp-json\/wp\/v2\/product_brand?post=7693"},{"taxonomy":"product_cat","embeddable":true,"href":"https:\/\/spelivinkki.fi\/sv\/wp-json\/wp\/v2\/product_cat?post=7693"},{"taxonomy":"product_tag","embeddable":true,"href":"https:\/\/spelivinkki.fi\/sv\/wp-json\/wp\/v2\/product_tag?post=7693"}],"curies":[{"name":"wp","href":"https:\/\/api.w.org\/{rel}","templated":true}]}}