{"id":7755,"date":"2025-11-25T14:31:05","date_gmt":"2025-11-25T14:31:05","guid":{"rendered":"https:\/\/spelivinkki.fi\/?post_type=product&#038;p=7755"},"modified":"2026-02-20T14:26:05","modified_gmt":"2026-02-20T14:26:05","slug":"white-dwarf-518-marraskuu-2025","status":"publish","type":"product","link":"https:\/\/spelivinkki.fi\/sv\/produkt\/white-dwarf-518-marraskuu-2025\/","title":{"rendered":"White Dwarf #518 \u2013 November 2025"},"content":{"rendered":"<h6>Julkaisijan Kuvaus<\/h6>\n<p><em>White Dwarf\u00a0is the official Warhammer magazine, packed with amazing monthly content \u2013 including new rules and background, short stories, regular columns, special guests, and more.<\/em><\/p>\n<p><em>Here\u2019s what you can look forward to in the November issue:<\/em><\/p>\n<p><em><strong>Planet Warhammer<\/strong><\/em><br \/>\n<em>Miniatures, letters, and questions sent in by readers. Plus, Troggoths in the Pantry.<\/em><\/p>\n<p><em><strong>WARHAMMER 40,000<\/strong><\/em><\/p>\n<p>The Blessed Boltgun<br \/>\n<em>For 38 years, the boltgun has reigned supreme as the iconic firearm of the 41st Millennium. We take a closer look at it (not down the barrel).<\/em><\/p>\n<p><em><strong>Battle Through the Ages<\/strong><\/em><br \/>\n<em>Classic box sets of Warhammer 40,000, but played with modern rules. Bring your blast templates, kids! Are we mad? Yep!<\/em><\/p>\n<p><em><strong>Battle Report: The Battle for Kasr Kraf<\/strong><\/em><br \/>\n<em>Writer Dan and photographer Adam recreate one of Warhammer 40,000&#8217;s most epic events in a Battle Report. It took them ages!<\/em><\/p>\n<p><em><strong>WARHAMMER AGE OF SIGMAR<\/strong><\/em><\/p>\n<p>Wasteland Death Race<br \/>\n<em>Rev your\u2026 horses? The Mortal Realms celebrates 50 years of Games Workshop with rules for chariot racing!<\/em><\/p>\n<p><em><strong>Death on Wheels<\/strong><\/em><br \/>\n<em>Bit of wood, couple of wheels, something to pull it (preferably quickly). Beware the chariot!<\/em><\/p>\n<p><em><strong>Legions of Fire<\/strong><\/em><br \/>\n<em>An in-depth look at the Helsmiths of Hashut miniatures, with glorious pictures, insights from the designers, and some big ol\u2019 hats.<\/em><\/p>\n<p><em><strong>Paint Splatter<\/strong><\/em><br \/>\n<em>Fancy painting some Helsmiths? Here&#8217;s a handy guide showing you how.<\/em><\/p>\n<p><em><strong>OTHER ARTICLES<\/strong><\/em><\/p>\n<p>Black Library: A Tale of Many Tales<br \/>\n<em>Black Library joins in our 50-year celebrations with a look at its many stories over the years.<\/em><\/p>\n<p><em><strong>50 Years of Games Workshop<\/strong><\/em><br \/>\n<em>Since 1975, Games Workshop has brought Warhammer, Citadel Miniatures and\u00a0White Dwarf\u00a0to the world. We take a look at what makes Games Workshop&#8230; Games Workshop!<\/em><\/p>\n<p><em><strong>White Dwarf\u00a0Bunker<\/strong><\/em><br \/>\n<em>Welcome to the Bunker, a worldwide Warhammer club made for you!<\/em><\/p>\n<p><em><strong>Access Granted!<\/strong><\/em><br \/>\n<em>Here you will find painting challenges and the latest Bunker news.<\/em><\/p>\n<p><em><strong>Satellite Uplink!<\/strong><\/em><br \/>\n<em>A 50-year celebration of some classic miniatures from back in the day.<\/em><\/p>\n<p><em><strong>Bunker Bingo!<\/strong><\/em><br \/>\n<em>It&#8217;s the penultimate month, and some of the team have completed their bingo sheets!<\/em><\/p>\n<p><em>Each copy of\u00a0White Dwarf\u00a0518 also comes with a cardboard insert containing a punch-out 5th Edition board overlay and a story card for the Talisman board game, which sees players take on The Dead King. You&#8217;ll also find a Tacticus card for the Tacticus app game that unlocks Nicodemus \u2013 Sanguinary Priest, and one double-sided card showing the scenarios of the month for Warhammer 40,000 and Warhammer Age of Sigmar.<\/em><\/p>\n<p><em>Also included is 1x racing card (12.8cm by 17.2cm), 1x pivot template (16.7cm by 10.3cm), 12x artefacts of power, and 12x boosted tokens (2.2cm diameter) for the Chariot Racing Game. Finally, 1x Circular blast template (7.3cm diameter), and 1x long blast template (20.5cm) for classic Warhammer 40,000 are also included. Scissors are required to cut out and use these cards, tokens, and templates.<\/em><\/p>\n<h6><\/h6>","protected":false},"excerpt":{"rendered":"<ul>\n<li><strong>Nummer:<\/strong> 518<\/li>\n<li><strong>\u00c5ldersrekommendation:<\/strong> 12+<\/li>\n<li><strong>Spr\u00e5k:<\/strong> Engelska<\/li>\n<li><strong>Utgivare:<\/strong> Games Workshop<\/li>\n<\/ul>","protected":false},"featured_media":7756,"template":"","meta":{"site-sidebar-layout":"default","site-content-layout":"","ast-site-content-layout":"default","site-content-style":"default","site-sidebar-style":"default","ast-global-header-display":"","ast-banner-title-visibility":"","ast-main-header-display":"","ast-hfb-above-header-display":"","ast-hfb-below-header-display":"","ast-hfb-mobile-header-display":"","site-post-title":"","ast-breadcrumbs-content":"","ast-featured-img":"","footer-sml-layout":"","ast-disable-related-posts":"","theme-transparent-header-meta":"default","adv-header-id-meta":"","stick-header-meta":"","header-above-stick-meta":"","header-main-stick-meta":"","header-below-stick-meta":"","astra-migrate-meta-layouts":"set","ast-page-background-enabled":"default","ast-page-background-meta":{"desktop":{"background-color":"","background-image":"","background-repeat":"repeat","background-position":"center center","background-size":"auto","background-attachment":"scroll","background-type":"","background-media":"","overlay-type":"","overlay-color":"","overlay-opacity":"","overlay-gradient":""},"tablet":{"background-color":"","background-image":"","background-repeat":"repeat","background-position":"center center","background-size":"auto","background-attachment":"scroll","background-type":"","background-media":"","overlay-type":"","overlay-color":"","overlay-opacity":"","overlay-gradient":""},"mobile":{"background-color":"","background-image":"","background-repeat":"repeat","background-position":"center center","background-size":"auto","background-attachment":"scroll","background-type":"","background-media":"","overlay-type":"","overlay-color":"","overlay-opacity":"","overlay-gradient":""}},"ast-content-background-meta":{"desktop":{"background-color":"var(--ast-global-color-5)","background-image":"","background-repeat":"repeat","background-position":"center center","background-size":"auto","background-attachment":"scroll","background-type":"","background-media":"","overlay-type":"","overlay-color":"","overlay-opacity":"","overlay-gradient":""},"tablet":{"background-color":"var(--ast-global-color-5)","background-image":"","background-repeat":"repeat","background-position":"center center","background-size":"auto","background-attachment":"scroll","background-type":"","background-media":"","overlay-type":"","overlay-color":"","overlay-opacity":"","overlay-gradient":""},"mobile":{"background-color":"var(--ast-global-color-5)","background-image":"","background-repeat":"repeat","background-position":"center center","background-size":"auto","background-attachment":"scroll","background-type":"","background-media":"","overlay-type":"","overlay-color":"","overlay-opacity":"","overlay-gradient":""}}},"product_brand":[1051],"product_cat":[1034],"product_tag":[1275],"class_list":{"0":"post-7755","1":"product","2":"type-product","3":"status-publish","4":"has-post-thumbnail","6":"product_brand-games-workshop","7":"product_cat-white-dwarf-lehdet","8":"product_tag-lehdet","9":"product_shipping_class-standard2","10":"desktop-align-center","11":"tablet-align-center","12":"mobile-align-center","14":"first","15":"outofstock","16":"taxable","17":"shipping-taxable","18":"purchasable","19":"product-type-simple"},"yoast_head":"<!-- This site is optimized with the Yoast SEO Premium plugin v27.3 (Yoast SEO v27.4) - https:\/\/yoast.com\/product\/yoast-seo-premium-wordpress\/ -->\n<title>White Dwarf #518 - Marraskuu 2025 &#8211; Spelivinkki<\/title>\n<meta name=\"description\" content=\"Tutustu viralliseen Warhammer-lehteen, White Dwarf 518 on juhlanumero! Pakkauksessa uusia s\u00e4\u00e4nt\u00f6j\u00e4, tarinoita ja erikoisvieraita. Tilaa nyt!\" \/>\n<meta name=\"robots\" content=\"index, follow, max-snippet:-1, max-image-preview:large, max-video-preview:-1\" \/>\n<link rel=\"canonical\" href=\"https:\/\/spelivinkki.fi\/sv\/produkt\/white-dwarf-518-marraskuu-2025\/\" \/>\n<meta property=\"og:locale\" content=\"sv_SE\" \/>\n<meta property=\"og:type\" content=\"article\" \/>\n<meta property=\"og:title\" content=\"White Dwarf #518 - Marraskuu 2025\" \/>\n<meta property=\"og:description\" content=\"Tutustu viralliseen Warhammer-lehteen, White Dwarf 518 on juhlanumero! Pakkauksessa uusia s\u00e4\u00e4nt\u00f6j\u00e4, tarinoita ja erikoisvieraita. Tilaa nyt!\" \/>\n<meta property=\"og:url\" content=\"https:\/\/spelivinkki.fi\/sv\/produkt\/white-dwarf-518-marraskuu-2025\/\" \/>\n<meta property=\"og:site_name\" content=\"Spelivinkki\" \/>\n<meta property=\"article:publisher\" content=\"https:\/\/www.facebook.com\/SpelivinkkiOy\/\" \/>\n<meta property=\"article:modified_time\" content=\"2026-02-20T14:26:05+00:00\" \/>\n<meta property=\"og:image\" content=\"https:\/\/mlw9zexfsyfr.i.optimole.com\/w:auto\/h:auto\/q:mauto\/ig:avif\/https:\/\/spelivinkki.fi\/wp-content\/uploads\/2025\/11\/White-Dwarf-518-Tuotekuva.webp\" \/>\n\t<meta property=\"og:image:width\" content=\"918\" \/>\n\t<meta property=\"og:image:height\" content=\"948\" \/>\n\t<meta property=\"og:image:type\" content=\"image\/webp\" \/>\n<meta name=\"twitter:card\" content=\"summary_large_image\" \/>\n<meta name=\"twitter:site\" content=\"@SpelivinkkiOy\" \/>\n<meta name=\"twitter:label1\" content=\"Pris\" \/>\n\t<meta name=\"twitter:data1\" content=\"9,00&nbsp;&euro;\" \/>\n\t<meta name=\"twitter:label2\" content=\"Tillg\u00e4nglig\" \/>\n\t<meta name=\"twitter:data2\" content=\"Slut i lager\" \/>\n<script type=\"application\/ld+json\" class=\"yoast-schema-graph\">{\"@context\":\"https:\\\/\\\/schema.org\",\"@graph\":[{\"@type\":\"WebPage\",\"@id\":\"https:\\\/\\\/spelivinkki.fi\\\/tuote\\\/white-dwarf-518-marraskuu-2025\\\/\",\"url\":\"https:\\\/\\\/spelivinkki.fi\\\/tuote\\\/white-dwarf-518-marraskuu-2025\\\/\",\"name\":\"White Dwarf #518 - Marraskuu 2025 &#8211; Spelivinkki\",\"isPartOf\":{\"@id\":\"https:\\\/\\\/spelivinkki.fi\\\/#website\"},\"primaryImageOfPage\":{\"@id\":\"https:\\\/\\\/spelivinkki.fi\\\/tuote\\\/white-dwarf-518-marraskuu-2025\\\/#primaryimage\"},\"image\":{\"@id\":\"https:\\\/\\\/spelivinkki.fi\\\/tuote\\\/white-dwarf-518-marraskuu-2025\\\/#primaryimage\"},\"thumbnailUrl\":\"https:\\/\\/spelivinkki.fi\\/wp-content\\/uploads\\/2025\\/11\\/White-Dwarf-518-Tuotekuva.webp\",\"datePublished\":\"2025-11-25T14:31:05+00:00\",\"dateModified\":\"2026-02-20T14:26:05+00:00\",\"description\":\"Tutustu viralliseen Warhammer-lehteen, White Dwarf 518 on juhlanumero! Pakkauksessa uusia s\u00e4\u00e4nt\u00f6j\u00e4, tarinoita ja erikoisvieraita. Tilaa nyt!\",\"breadcrumb\":{\"@id\":\"https:\\\/\\\/spelivinkki.fi\\\/tuote\\\/white-dwarf-518-marraskuu-2025\\\/#breadcrumb\"},\"inLanguage\":\"sv-SE\",\"potentialAction\":[{\"@type\":\"ReadAction\",\"target\":[\"https:\\\/\\\/spelivinkki.fi\\\/tuote\\\/white-dwarf-518-marraskuu-2025\\\/\"]}]},{\"@type\":\"ImageObject\",\"inLanguage\":\"sv-SE\",\"@id\":\"https:\\\/\\\/spelivinkki.fi\\\/tuote\\\/white-dwarf-518-marraskuu-2025\\\/#primaryimage\",\"url\":\"https:\\/\\/spelivinkki.fi\\/wp-content\\/uploads\\/2025\\/11\\/White-Dwarf-518-Tuotekuva.webp\",\"contentUrl\":\"https:\\/\\/spelivinkki.fi\\/wp-content\\/uploads\\/2025\\/11\\/White-Dwarf-518-Tuotekuva.webp\",\"width\":918,\"height\":948,\"caption\":\"White Dwarf 518 Tuotekuva\"},{\"@type\":\"BreadcrumbList\",\"@id\":\"https:\\\/\\\/spelivinkki.fi\\\/tuote\\\/white-dwarf-518-marraskuu-2025\\\/#breadcrumb\",\"itemListElement\":[{\"@type\":\"ListItem\",\"position\":1,\"name\":\"Etusivu\",\"item\":\"https:\\\/\\\/spelivinkki.fi\\\/\"},{\"@type\":\"ListItem\",\"position\":2,\"name\":\"Tuotteet\",\"item\":\"https:\\\/\\\/spelivinkki.fi\\\/tuotteet\\\/\"},{\"@type\":\"ListItem\",\"position\":3,\"name\":\"White Dwarf #518 &#8211; Marraskuu 2025\"}]},{\"@type\":\"WebSite\",\"@id\":\"https:\\\/\\\/spelivinkki.fi\\\/#website\",\"url\":\"https:\\\/\\\/spelivinkki.fi\\\/\",\"name\":\"Spelivinkki\",\"description\":\"Paraisten Lautapelikauppa\",\"publisher\":{\"@id\":\"https:\\\/\\\/spelivinkki.fi\\\/#organization\"},\"alternateName\":\"Spelivinkki Oy\",\"potentialAction\":[{\"@type\":\"SearchAction\",\"target\":{\"@type\":\"EntryPoint\",\"urlTemplate\":\"https:\\\/\\\/spelivinkki.fi\\\/?s={search_term_string}\"},\"query-input\":{\"@type\":\"PropertyValueSpecification\",\"valueRequired\":true,\"valueName\":\"search_term_string\"}}],\"inLanguage\":\"sv-SE\"},{\"@type\":\"Organization\",\"@id\":\"https:\\\/\\\/spelivinkki.fi\\\/#organization\",\"name\":\"Spelivinkki Oy\",\"alternateName\":\"Spelivinkki\",\"url\":\"https:\\\/\\\/spelivinkki.fi\\\/\",\"logo\":{\"@type\":\"ImageObject\",\"inLanguage\":\"sv-SE\",\"@id\":\"https:\\\/\\\/spelivinkki.fi\\\/#\\\/schema\\\/logo\\\/image\\\/\",\"url\":\"https:\\/\\/spelivinkki.fi\\/wp-content\\/uploads\\/2024\\/02\\/Logo.svg\",\"contentUrl\":\"https:\\/\\/spelivinkki.fi\\/wp-content\\/uploads\\/2024\\/02\\/Logo.svg\",\"width\":2176,\"height\":2323,\"caption\":\"Spelivinkki Oy\"},\"image\":{\"@id\":\"https:\\\/\\\/spelivinkki.fi\\\/#\\\/schema\\\/logo\\\/image\\\/\"},\"sameAs\":[\"https:\\\/\\\/www.facebook.com\\\/SpelivinkkiOy\\\/\",\"https:\\\/\\\/x.com\\\/SpelivinkkiOy\",\"https:\\\/\\\/www.instagram.com\\\/spelivinkkioy\\\/\"],\"description\":\"Spelivinkki Oy is a company operating both a brick-and-mortar store in Finland as well as a webshop online. We sell board games, roleplaying games, miniature wargames, logic puzzles, jigsaw puzzles and other things related to the boardgame hobby.\",\"email\":\"myynti@spelivinkki.fi\",\"telephone\":\"+358406486605\",\"legalName\":\"Spelivinkki Oy\",\"foundingDate\":\"2023-09-17\",\"vatID\":\"FI33904524\",\"numberOfEmployees\":{\"@type\":\"QuantitativeValue\",\"minValue\":\"1\",\"maxValue\":\"10\"},\"hasMerchantReturnPolicy\":{\"@type\":\"MerchantReturnPolicy\",\"merchantReturnLink\":\"https:\\\/\\\/spelivinkki.fi\\\/sv\\\/spelivinkin-vaihto-ja-palautusoikeus\\\/\"}}]}<\/script>\n<meta property=\"product:brand\" content=\"Games Workshop\" \/>\n<meta property=\"product:price:amount\" content=\"9.00\" \/>\n<meta property=\"product:price:currency\" content=\"EUR\" \/>\n<meta property=\"og:availability\" content=\"out of stock\" \/>\n<meta property=\"product:availability\" content=\"out of stock\" \/>\n<meta property=\"product:retailer_item_id\" content=\"WhiteDwarf-518\" \/>\n<meta property=\"product:condition\" content=\"new\" \/>\n<!-- \/ Yoast SEO Premium plugin. -->","yoast_head_json":{"title":"White Dwarf #518 - Marraskuu 2025 &#8211; Spelivinkki","description":"Tutustu viralliseen Warhammer-lehteen, White Dwarf 518 on juhlanumero! Pakkauksessa uusia s\u00e4\u00e4nt\u00f6j\u00e4, tarinoita ja erikoisvieraita. Tilaa nyt!","robots":{"index":"index","follow":"follow","max-snippet":"max-snippet:-1","max-image-preview":"max-image-preview:large","max-video-preview":"max-video-preview:-1"},"canonical":"https:\/\/spelivinkki.fi\/sv\/produkt\/white-dwarf-518-marraskuu-2025\/","og_locale":"sv_SE","og_type":"article","og_title":"White Dwarf #518 - Marraskuu 2025","og_description":"Tutustu viralliseen Warhammer-lehteen, White Dwarf 518 on juhlanumero! Pakkauksessa uusia s\u00e4\u00e4nt\u00f6j\u00e4, tarinoita ja erikoisvieraita. Tilaa nyt!","og_url":"https:\/\/spelivinkki.fi\/sv\/produkt\/white-dwarf-518-marraskuu-2025\/","og_site_name":"Spelivinkki","article_publisher":"https:\/\/www.facebook.com\/SpelivinkkiOy\/","article_modified_time":"2026-02-20T14:26:05+00:00","og_image":[{"width":918,"height":948,"url":"https:\/\/mlw9zexfsyfr.i.optimole.com\/w:auto\/h:auto\/q:mauto\/ig:avif\/https:\/\/spelivinkki.fi\/wp-content\/uploads\/2025\/11\/White-Dwarf-518-Tuotekuva.webp","type":"image\/webp"}],"twitter_card":"summary_large_image","twitter_site":"@SpelivinkkiOy","twitter_misc":{"Pris":"9,00&nbsp;&euro;","Tillg\u00e4nglig":"Slut i lager"},"schema":{"@context":"https:\/\/schema.org","@graph":[{"@type":"WebPage","@id":"https:\/\/spelivinkki.fi\/tuote\/white-dwarf-518-marraskuu-2025\/","url":"https:\/\/spelivinkki.fi\/tuote\/white-dwarf-518-marraskuu-2025\/","name":"White Dwarf #518 - Marraskuu 2025 &#8211; Spelivinkki","isPartOf":{"@id":"https:\/\/spelivinkki.fi\/#website"},"primaryImageOfPage":{"@id":"https:\/\/spelivinkki.fi\/tuote\/white-dwarf-518-marraskuu-2025\/#primaryimage"},"image":{"@id":"https:\/\/spelivinkki.fi\/tuote\/white-dwarf-518-marraskuu-2025\/#primaryimage"},"thumbnailUrl":"https:\/\/mlw9zexfsyfr.i.optimole.com\/w:auto\/h:auto\/q:mauto\/ig:avif\/https:\/\/spelivinkki.fi\/wp-content\/uploads\/2025\/11\/White-Dwarf-518-Tuotekuva.webp","datePublished":"2025-11-25T14:31:05+00:00","dateModified":"2026-02-20T14:26:05+00:00","description":"Tutustu viralliseen Warhammer-lehteen, White Dwarf 518 on juhlanumero! Pakkauksessa uusia s\u00e4\u00e4nt\u00f6j\u00e4, tarinoita ja erikoisvieraita. Tilaa nyt!","breadcrumb":{"@id":"https:\/\/spelivinkki.fi\/tuote\/white-dwarf-518-marraskuu-2025\/#breadcrumb"},"inLanguage":"sv-SE","potentialAction":[{"@type":"ReadAction","target":["https:\/\/spelivinkki.fi\/tuote\/white-dwarf-518-marraskuu-2025\/"]}]},{"@type":"ImageObject","inLanguage":"sv-SE","@id":"https:\/\/spelivinkki.fi\/tuote\/white-dwarf-518-marraskuu-2025\/#primaryimage","url":"https:\/\/mlw9zexfsyfr.i.optimole.com\/w:auto\/h:auto\/q:mauto\/ig:avif\/https:\/\/spelivinkki.fi\/wp-content\/uploads\/2025\/11\/White-Dwarf-518-Tuotekuva.webp","contentUrl":"https:\/\/mlw9zexfsyfr.i.optimole.com\/w:auto\/h:auto\/q:mauto\/ig:avif\/https:\/\/spelivinkki.fi\/wp-content\/uploads\/2025\/11\/White-Dwarf-518-Tuotekuva.webp","width":918,"height":948,"caption":"White Dwarf 518 Tuotekuva"},{"@type":"BreadcrumbList","@id":"https:\/\/spelivinkki.fi\/tuote\/white-dwarf-518-marraskuu-2025\/#breadcrumb","itemListElement":[{"@type":"ListItem","position":1,"name":"Etusivu","item":"https:\/\/spelivinkki.fi\/"},{"@type":"ListItem","position":2,"name":"Tuotteet","item":"https:\/\/spelivinkki.fi\/tuotteet\/"},{"@type":"ListItem","position":3,"name":"White Dwarf #518 &#8211; Marraskuu 2025"}]},{"@type":"WebSite","@id":"https:\/\/spelivinkki.fi\/#website","url":"https:\/\/spelivinkki.fi\/","name":"Spelivinkki","description":"Paraisten Lautapelikauppa","publisher":{"@id":"https:\/\/spelivinkki.fi\/#organization"},"alternateName":"Spelivinkki Oy","potentialAction":[{"@type":"SearchAction","target":{"@type":"EntryPoint","urlTemplate":"https:\/\/spelivinkki.fi\/?s={search_term_string}"},"query-input":{"@type":"PropertyValueSpecification","valueRequired":true,"valueName":"search_term_string"}}],"inLanguage":"sv-SE"},{"@type":"Organization","@id":"https:\/\/spelivinkki.fi\/#organization","name":"Spelivinkki Oy","alternateName":"Spelivinkki","url":"https:\/\/spelivinkki.fi\/","logo":{"@type":"ImageObject","inLanguage":"sv-SE","@id":"https:\/\/spelivinkki.fi\/#\/schema\/logo\/image\/","url":"https:\/\/mlw9zexfsyfr.i.optimole.com\/w:auto\/h:auto\/q:mauto\/ig:avif\/https:\/\/spelivinkki.fi\/wp-content\/uploads\/2024\/02\/Logo.svg","contentUrl":"https:\/\/mlw9zexfsyfr.i.optimole.com\/w:auto\/h:auto\/q:mauto\/ig:avif\/https:\/\/spelivinkki.fi\/wp-content\/uploads\/2024\/02\/Logo.svg","width":2176,"height":2323,"caption":"Spelivinkki Oy"},"image":{"@id":"https:\/\/spelivinkki.fi\/#\/schema\/logo\/image\/"},"sameAs":["https:\/\/www.facebook.com\/SpelivinkkiOy\/","https:\/\/x.com\/SpelivinkkiOy","https:\/\/www.instagram.com\/spelivinkkioy\/"],"description":"Spelivinkki Oy is a company operating both a brick-and-mortar store in Finland as well as a webshop online. We sell board games, roleplaying games, miniature wargames, logic puzzles, jigsaw puzzles and other things related to the boardgame hobby.","email":"myynti@spelivinkki.fi","telephone":"+358406486605","legalName":"Spelivinkki Oy","foundingDate":"2023-09-17","vatID":"FI33904524","numberOfEmployees":{"@type":"QuantitativeValue","minValue":"1","maxValue":"10"},"hasMerchantReturnPolicy":{"@type":"MerchantReturnPolicy","merchantReturnLink":"https:\/\/spelivinkki.fi\/sv\/spelivinkin-vaihto-ja-palautusoikeus\/"}}]},"product_brand":"Games Workshop","product_price_amount":"9.00","product_price_currency":"EUR","og_availability":"out of stock","product_availability":"out of stock","product_retailer_item_id":"WhiteDwarf-518","product_condition":"new"},"_links":{"self":[{"href":"https:\/\/spelivinkki.fi\/sv\/wp-json\/wp\/v2\/product\/7755","targetHints":{"allow":["GET"]}}],"collection":[{"href":"https:\/\/spelivinkki.fi\/sv\/wp-json\/wp\/v2\/product"}],"about":[{"href":"https:\/\/spelivinkki.fi\/sv\/wp-json\/wp\/v2\/types\/product"}],"wp:featuredmedia":[{"embeddable":true,"href":"https:\/\/spelivinkki.fi\/sv\/wp-json\/wp\/v2\/media\/7756"}],"wp:attachment":[{"href":"https:\/\/spelivinkki.fi\/sv\/wp-json\/wp\/v2\/media?parent=7755"}],"wp:term":[{"taxonomy":"product_brand","embeddable":true,"href":"https:\/\/spelivinkki.fi\/sv\/wp-json\/wp\/v2\/product_brand?post=7755"},{"taxonomy":"product_cat","embeddable":true,"href":"https:\/\/spelivinkki.fi\/sv\/wp-json\/wp\/v2\/product_cat?post=7755"},{"taxonomy":"product_tag","embeddable":true,"href":"https:\/\/spelivinkki.fi\/sv\/wp-json\/wp\/v2\/product_tag?post=7755"}],"curies":[{"name":"wp","href":"https:\/\/api.w.org\/{rel}","templated":true}]}}