{"id":7847,"date":"2026-01-21T11:36:09","date_gmt":"2026-01-21T11:36:09","guid":{"rendered":"https:\/\/spelivinkki.fi\/?post_type=product&#038;p=7847"},"modified":"2026-01-21T11:36:12","modified_gmt":"2026-01-21T11:36:12","slug":"warhammer-40k-500-worlds-titus-the-battle-for-unity-begins-english","status":"publish","type":"product","link":"https:\/\/spelivinkki.fi\/sv\/produkt\/warhammer-40k-500-worlds-titus-the-battle-for-unity-begins-english\/","title":{"rendered":"Warhammer 40k: 500 Worlds: Titus \u2013 The Battle for Unity Begins (English)"},"content":{"rendered":"<h6>Ugivarens beskrivning:<\/h6>\n<p><em>By command of Primarch Roboute Guilliman, the ancient empire of the Five Hundred Worlds shall rise anew in the Imperium&#8217;s darkest hour. Demetrian Titus, now Captain of the Ultramarines Second Company, fights at the forefront of this war of reclamation. Yet the task that lies before him and his battle-brothers is titanic. Upon the blighted world of Novamagnor, Titus meets a malevolent foe in a battle of wits and will. Can he defeat the monstrous Nekrosor Ammentar, its Destroyer legions, and its stygian shards of the Nightbringer, or will Novamagnor and all its defenders be smothered beneath the shroud of death?<\/em><\/p>\n<p><em>This galaxy-shaking expansion for Warhammer 40,000 gives everyone new ways to play games in the 41st Millennium, from narrative-focused campaigns to matched play meetups. This is the first instalment of the 500 Worlds story arc, detailing the brutal and bloody operation to wrest control of Novamagnor from a horrifying new Necron threat. Inside the slipcase, you&#8217;ll find three books, a booklet, a foldout map, and a sticker sheet to track your game progress. No matter how you like to play Warhammer 40,000, there&#8217;s something in here for you.<\/em><\/p>\n<p><em><strong>Contents:<\/strong><\/em><br \/>\n<em>\u2013\u00a0<strong>500 Worlds: Titus<\/strong>\u00a0\u2013\u00a0An 80-page softcover book featuring lore and background about the opening moves to reclaim the 500 Worlds of Ultramar, including the forces marshalled by the Ultramarines and the Necrons.<\/em><br \/>\n<em>\u2013\u00a0<strong>500 Worlds: Titus \u2013 Dread Incursions\u00a0<\/strong>\u2013\u00a0An 80-page softcover book covering boarding actions, giving you all the rules you&#8217;ll need to play, along with two Boarding Actions Detachments, 12 new missions, and linked campaigns.<\/em><br \/>\n<em>\u2013\u00a0<strong>500 Worlds: Titus \u2013\u00a0War on the Vespator Front<\/strong>\u00a0\u2013\u00a0A 56-page softcover book offering a narrative campaign of the over-arching conflict, giving every gamer a chance to stake their claim, along with six new missions to try.<\/em><br \/>\n<em>\u2013\u00a0<strong>500 Worlds: Titus \u2013 Detachments<\/strong>\u00a0\u2013\u00a0A 16-page booklet including three new detachments for the Space Marines (Orbital Assault Force, Bastion Task Force, and Reclamation Force) and Necrons (Pantheon of Woe, Cursed Legion, and Cryptek Conclave).<\/em><br \/>\n<em>\u2013 1x Fold-out map of the Vespator Front, measuring 594mm by 420mm.<\/em><br \/>\n<em>\u2013\u00a01x Sticker sheet to track your progress on the Vespator Front, with 252 individual stickers.<\/em><\/p>\n<p><em>This expansion is only available while stocks last.<\/em><\/p>","protected":false},"excerpt":{"rendered":"<ul>\n<li><strong>\u00c5ldersrekommendation:<\/strong> 12+<\/li>\n<li><strong>Arm\u00e9:<\/strong> Space Marines, Necrons<\/li>\n<li><strong>Spr\u00e5k:<\/strong> Engelska<\/li>\n<li><strong>Utgivare:<\/strong> Games Workshop<\/li>\n<\/ul>","protected":false},"featured_media":7848,"template":"","meta":{"site-sidebar-layout":"default","site-content-layout":"","ast-site-content-layout":"default","site-content-style":"default","site-sidebar-style":"default","ast-global-header-display":"","ast-banner-title-visibility":"","ast-main-header-display":"","ast-hfb-above-header-display":"","ast-hfb-below-header-display":"","ast-hfb-mobile-header-display":"","site-post-title":"","ast-breadcrumbs-content":"","ast-featured-img":"","footer-sml-layout":"","ast-disable-related-posts":"","theme-transparent-header-meta":"default","adv-header-id-meta":"","stick-header-meta":"","header-above-stick-meta":"","header-main-stick-meta":"","header-below-stick-meta":"","astra-migrate-meta-layouts":"set","ast-page-background-enabled":"default","ast-page-background-meta":{"desktop":{"background-color":"","background-image":"","background-repeat":"repeat","background-position":"center center","background-size":"auto","background-attachment":"scroll","background-type":"","background-media":"","overlay-type":"","overlay-color":"","overlay-opacity":"","overlay-gradient":""},"tablet":{"background-color":"","background-image":"","background-repeat":"repeat","background-position":"center center","background-size":"auto","background-attachment":"scroll","background-type":"","background-media":"","overlay-type":"","overlay-color":"","overlay-opacity":"","overlay-gradient":""},"mobile":{"background-color":"","background-image":"","background-repeat":"repeat","background-position":"center center","background-size":"auto","background-attachment":"scroll","background-type":"","background-media":"","overlay-type":"","overlay-color":"","overlay-opacity":"","overlay-gradient":""}},"ast-content-background-meta":{"desktop":{"background-color":"var(--ast-global-color-5)","background-image":"","background-repeat":"repeat","background-position":"center center","background-size":"auto","background-attachment":"scroll","background-type":"","background-media":"","overlay-type":"","overlay-color":"","overlay-opacity":"","overlay-gradient":""},"tablet":{"background-color":"var(--ast-global-color-5)","background-image":"","background-repeat":"repeat","background-position":"center center","background-size":"auto","background-attachment":"scroll","background-type":"","background-media":"","overlay-type":"","overlay-color":"","overlay-opacity":"","overlay-gradient":""},"mobile":{"background-color":"var(--ast-global-color-5)","background-image":"","background-repeat":"repeat","background-position":"center center","background-size":"auto","background-attachment":"scroll","background-type":"","background-media":"","overlay-type":"","overlay-color":"","overlay-opacity":"","overlay-gradient":""}}},"product_brand":[1051],"product_cat":[832,911,834,833],"product_tag":[1227],"class_list":{"0":"post-7847","1":"product","2":"type-product","3":"status-publish","4":"has-post-thumbnail","6":"product_brand-games-workshop","7":"product_cat-miniatyyripelit","8":"product_cat-necrons","9":"product_cat-space-marines","10":"product_cat-warhammer-40k","11":"product_tag-lisasaantokirja","12":"product_shipping_class-standard2","13":"desktop-align-center","14":"tablet-align-center","15":"mobile-align-center","17":"first","18":"instock","19":"taxable","20":"shipping-taxable","21":"purchasable","22":"product-type-simple"},"yoast_head":"<!-- This site is optimized with the Yoast SEO Premium plugin v27.3 (Yoast SEO v27.4) - https:\/\/yoast.com\/product\/yoast-seo-premium-wordpress\/ -->\n<title>Warhammer 40k: 500 Worlds: Titus - The Battle for Unity Begins (English) &#8211; Spelivinkki<\/title>\n<meta name=\"description\" content=\"Vahvista Imperiumia ja tue Demetrian Titusta t\u00e4ss\u00e4 mahtavassa taistelussa. J\u00e4nnitt\u00e4v\u00e4 Warhammer 40k 500 Worlds alkaa nyt!\" \/>\n<meta name=\"robots\" content=\"index, follow, max-snippet:-1, max-image-preview:large, max-video-preview:-1\" \/>\n<link rel=\"canonical\" href=\"https:\/\/spelivinkki.fi\/sv\/produkt\/warhammer-40k-500-worlds-titus-the-battle-for-unity-begins-english\/\" \/>\n<meta property=\"og:locale\" content=\"sv_SE\" \/>\n<meta property=\"og:type\" content=\"article\" \/>\n<meta property=\"og:title\" content=\"Warhammer 40k: 500 Worlds: Titus - The Battle for Unity Begins (English)\" \/>\n<meta property=\"og:description\" content=\"Vahvista Imperiumia ja tue Demetrian Titusta t\u00e4ss\u00e4 mahtavassa taistelussa. J\u00e4nnitt\u00e4v\u00e4 Warhammer 40k 500 Worlds alkaa nyt!\" \/>\n<meta property=\"og:url\" content=\"https:\/\/spelivinkki.fi\/sv\/produkt\/warhammer-40k-500-worlds-titus-the-battle-for-unity-begins-english\/\" \/>\n<meta property=\"og:site_name\" content=\"Spelivinkki\" \/>\n<meta property=\"article:publisher\" content=\"https:\/\/www.facebook.com\/SpelivinkkiOy\/\" \/>\n<meta property=\"article:modified_time\" content=\"2026-01-21T11:36:12+00:00\" \/>\n<meta property=\"og:image\" content=\"https:\/\/mlw9zexfsyfr.i.optimole.com\/w:auto\/h:auto\/q:mauto\/ig:avif\/https:\/\/spelivinkki.fi\/wp-content\/uploads\/2026\/01\/WH40k-500-worlds-titus-battletome-rulebook-tuotekuva.webp\" \/>\n\t<meta property=\"og:image:width\" content=\"891\" \/>\n\t<meta property=\"og:image:height\" content=\"920\" \/>\n\t<meta property=\"og:image:type\" content=\"image\/webp\" \/>\n<meta name=\"twitter:card\" content=\"summary_large_image\" \/>\n<meta name=\"twitter:site\" content=\"@SpelivinkkiOy\" \/>\n<meta name=\"twitter:label1\" content=\"Pris\" \/>\n\t<meta name=\"twitter:data1\" content=\"63,00&nbsp;&euro;\" \/>\n\t<meta name=\"twitter:label2\" content=\"Tillg\u00e4nglig\" \/>\n\t<meta name=\"twitter:data2\" content=\"I lager\" \/>\n<script type=\"application\/ld+json\" class=\"yoast-schema-graph\">{\"@context\":\"https:\\\/\\\/schema.org\",\"@graph\":[{\"@type\":\"WebPage\",\"@id\":\"https:\\\/\\\/spelivinkki.fi\\\/tuote\\\/warhammer-40k-500-worlds-titus-the-battle-for-unity-begins-english\\\/\",\"url\":\"https:\\\/\\\/spelivinkki.fi\\\/tuote\\\/warhammer-40k-500-worlds-titus-the-battle-for-unity-begins-english\\\/\",\"name\":\"Warhammer 40k: 500 Worlds: Titus - The Battle for Unity Begins (English) &#8211; Spelivinkki\",\"isPartOf\":{\"@id\":\"https:\\\/\\\/spelivinkki.fi\\\/#website\"},\"primaryImageOfPage\":{\"@id\":\"https:\\\/\\\/spelivinkki.fi\\\/tuote\\\/warhammer-40k-500-worlds-titus-the-battle-for-unity-begins-english\\\/#primaryimage\"},\"image\":{\"@id\":\"https:\\\/\\\/spelivinkki.fi\\\/tuote\\\/warhammer-40k-500-worlds-titus-the-battle-for-unity-begins-english\\\/#primaryimage\"},\"thumbnailUrl\":\"https:\\/\\/spelivinkki.fi\\/wp-content\\/uploads\\/2026\\/01\\/WH40k-500-worlds-titus-battletome-rulebook-tuotekuva.webp\",\"datePublished\":\"2026-01-21T11:36:09+00:00\",\"dateModified\":\"2026-01-21T11:36:12+00:00\",\"description\":\"Vahvista Imperiumia ja tue Demetrian Titusta t\u00e4ss\u00e4 mahtavassa taistelussa. J\u00e4nnitt\u00e4v\u00e4 Warhammer 40k 500 Worlds alkaa nyt!\",\"breadcrumb\":{\"@id\":\"https:\\\/\\\/spelivinkki.fi\\\/tuote\\\/warhammer-40k-500-worlds-titus-the-battle-for-unity-begins-english\\\/#breadcrumb\"},\"inLanguage\":\"sv-SE\",\"potentialAction\":[{\"@type\":\"ReadAction\",\"target\":[\"https:\\\/\\\/spelivinkki.fi\\\/tuote\\\/warhammer-40k-500-worlds-titus-the-battle-for-unity-begins-english\\\/\"]}]},{\"@type\":\"ImageObject\",\"inLanguage\":\"sv-SE\",\"@id\":\"https:\\\/\\\/spelivinkki.fi\\\/tuote\\\/warhammer-40k-500-worlds-titus-the-battle-for-unity-begins-english\\\/#primaryimage\",\"url\":\"https:\\/\\/spelivinkki.fi\\/wp-content\\/uploads\\/2026\\/01\\/WH40k-500-worlds-titus-battletome-rulebook-tuotekuva.webp\",\"contentUrl\":\"https:\\/\\/spelivinkki.fi\\/wp-content\\/uploads\\/2026\\/01\\/WH40k-500-worlds-titus-battletome-rulebook-tuotekuva.webp\",\"width\":891,\"height\":920,\"caption\":\"WH40k 500 worlds titus battletome rulebook tuotekuva\"},{\"@type\":\"BreadcrumbList\",\"@id\":\"https:\\\/\\\/spelivinkki.fi\\\/tuote\\\/warhammer-40k-500-worlds-titus-the-battle-for-unity-begins-english\\\/#breadcrumb\",\"itemListElement\":[{\"@type\":\"ListItem\",\"position\":1,\"name\":\"Etusivu\",\"item\":\"https:\\\/\\\/spelivinkki.fi\\\/\"},{\"@type\":\"ListItem\",\"position\":2,\"name\":\"Tuotteet\",\"item\":\"https:\\\/\\\/spelivinkki.fi\\\/tuotteet\\\/\"},{\"@type\":\"ListItem\",\"position\":3,\"name\":\"Warhammer 40k: 500 Worlds: Titus &#8211; The Battle for Unity Begins (English)\"}]},{\"@type\":\"WebSite\",\"@id\":\"https:\\\/\\\/spelivinkki.fi\\\/#website\",\"url\":\"https:\\\/\\\/spelivinkki.fi\\\/\",\"name\":\"Spelivinkki\",\"description\":\"Paraisten Lautapelikauppa\",\"publisher\":{\"@id\":\"https:\\\/\\\/spelivinkki.fi\\\/#organization\"},\"alternateName\":\"Spelivinkki Oy\",\"potentialAction\":[{\"@type\":\"SearchAction\",\"target\":{\"@type\":\"EntryPoint\",\"urlTemplate\":\"https:\\\/\\\/spelivinkki.fi\\\/?s={search_term_string}\"},\"query-input\":{\"@type\":\"PropertyValueSpecification\",\"valueRequired\":true,\"valueName\":\"search_term_string\"}}],\"inLanguage\":\"sv-SE\"},{\"@type\":\"Organization\",\"@id\":\"https:\\\/\\\/spelivinkki.fi\\\/#organization\",\"name\":\"Spelivinkki Oy\",\"alternateName\":\"Spelivinkki\",\"url\":\"https:\\\/\\\/spelivinkki.fi\\\/\",\"logo\":{\"@type\":\"ImageObject\",\"inLanguage\":\"sv-SE\",\"@id\":\"https:\\\/\\\/spelivinkki.fi\\\/#\\\/schema\\\/logo\\\/image\\\/\",\"url\":\"https:\\/\\/spelivinkki.fi\\/wp-content\\/uploads\\/2024\\/02\\/Logo.svg\",\"contentUrl\":\"https:\\/\\/spelivinkki.fi\\/wp-content\\/uploads\\/2024\\/02\\/Logo.svg\",\"width\":2176,\"height\":2323,\"caption\":\"Spelivinkki Oy\"},\"image\":{\"@id\":\"https:\\\/\\\/spelivinkki.fi\\\/#\\\/schema\\\/logo\\\/image\\\/\"},\"sameAs\":[\"https:\\\/\\\/www.facebook.com\\\/SpelivinkkiOy\\\/\",\"https:\\\/\\\/x.com\\\/SpelivinkkiOy\",\"https:\\\/\\\/www.instagram.com\\\/spelivinkkioy\\\/\"],\"description\":\"Spelivinkki Oy is a company operating both a brick-and-mortar store in Finland as well as a webshop online. We sell board games, roleplaying games, miniature wargames, logic puzzles, jigsaw puzzles and other things related to the boardgame hobby.\",\"email\":\"myynti@spelivinkki.fi\",\"telephone\":\"+358406486605\",\"legalName\":\"Spelivinkki Oy\",\"foundingDate\":\"2023-09-17\",\"vatID\":\"FI33904524\",\"numberOfEmployees\":{\"@type\":\"QuantitativeValue\",\"minValue\":\"1\",\"maxValue\":\"10\"},\"hasMerchantReturnPolicy\":{\"@type\":\"MerchantReturnPolicy\",\"merchantReturnLink\":\"https:\\\/\\\/spelivinkki.fi\\\/sv\\\/spelivinkin-vaihto-ja-palautusoikeus\\\/\"}}]}<\/script>\n<meta property=\"product:brand\" content=\"Games Workshop\" \/>\n<meta property=\"product:price:amount\" content=\"63.00\" \/>\n<meta property=\"product:price:currency\" content=\"EUR\" \/>\n<meta property=\"og:availability\" content=\"instock\" \/>\n<meta property=\"product:availability\" content=\"instock\" \/>\n<meta property=\"product:retailer_item_id\" content=\"60040199184\" \/>\n<meta property=\"product:condition\" content=\"new\" \/>\n<!-- \/ Yoast SEO Premium plugin. -->","yoast_head_json":{"title":"Warhammer 40k: 500 Worlds: Titus - The Battle for Unity Begins (English) &#8211; Spelivinkki","description":"Vahvista Imperiumia ja tue Demetrian Titusta t\u00e4ss\u00e4 mahtavassa taistelussa. J\u00e4nnitt\u00e4v\u00e4 Warhammer 40k 500 Worlds alkaa nyt!","robots":{"index":"index","follow":"follow","max-snippet":"max-snippet:-1","max-image-preview":"max-image-preview:large","max-video-preview":"max-video-preview:-1"},"canonical":"https:\/\/spelivinkki.fi\/sv\/produkt\/warhammer-40k-500-worlds-titus-the-battle-for-unity-begins-english\/","og_locale":"sv_SE","og_type":"article","og_title":"Warhammer 40k: 500 Worlds: Titus - The Battle for Unity Begins (English)","og_description":"Vahvista Imperiumia ja tue Demetrian Titusta t\u00e4ss\u00e4 mahtavassa taistelussa. J\u00e4nnitt\u00e4v\u00e4 Warhammer 40k 500 Worlds alkaa nyt!","og_url":"https:\/\/spelivinkki.fi\/sv\/produkt\/warhammer-40k-500-worlds-titus-the-battle-for-unity-begins-english\/","og_site_name":"Spelivinkki","article_publisher":"https:\/\/www.facebook.com\/SpelivinkkiOy\/","article_modified_time":"2026-01-21T11:36:12+00:00","og_image":[{"width":891,"height":920,"url":"https:\/\/mlw9zexfsyfr.i.optimole.com\/w:auto\/h:auto\/q:mauto\/ig:avif\/https:\/\/spelivinkki.fi\/wp-content\/uploads\/2026\/01\/WH40k-500-worlds-titus-battletome-rulebook-tuotekuva.webp","type":"image\/webp"}],"twitter_card":"summary_large_image","twitter_site":"@SpelivinkkiOy","twitter_misc":{"Pris":"63,00&nbsp;&euro;","Tillg\u00e4nglig":"I lager"},"schema":{"@context":"https:\/\/schema.org","@graph":[{"@type":"WebPage","@id":"https:\/\/spelivinkki.fi\/tuote\/warhammer-40k-500-worlds-titus-the-battle-for-unity-begins-english\/","url":"https:\/\/spelivinkki.fi\/tuote\/warhammer-40k-500-worlds-titus-the-battle-for-unity-begins-english\/","name":"Warhammer 40k: 500 Worlds: Titus - The Battle for Unity Begins (English) &#8211; Spelivinkki","isPartOf":{"@id":"https:\/\/spelivinkki.fi\/#website"},"primaryImageOfPage":{"@id":"https:\/\/spelivinkki.fi\/tuote\/warhammer-40k-500-worlds-titus-the-battle-for-unity-begins-english\/#primaryimage"},"image":{"@id":"https:\/\/spelivinkki.fi\/tuote\/warhammer-40k-500-worlds-titus-the-battle-for-unity-begins-english\/#primaryimage"},"thumbnailUrl":"https:\/\/mlw9zexfsyfr.i.optimole.com\/w:auto\/h:auto\/q:mauto\/ig:avif\/https:\/\/spelivinkki.fi\/wp-content\/uploads\/2026\/01\/WH40k-500-worlds-titus-battletome-rulebook-tuotekuva.webp","datePublished":"2026-01-21T11:36:09+00:00","dateModified":"2026-01-21T11:36:12+00:00","description":"Vahvista Imperiumia ja tue Demetrian Titusta t\u00e4ss\u00e4 mahtavassa taistelussa. J\u00e4nnitt\u00e4v\u00e4 Warhammer 40k 500 Worlds alkaa nyt!","breadcrumb":{"@id":"https:\/\/spelivinkki.fi\/tuote\/warhammer-40k-500-worlds-titus-the-battle-for-unity-begins-english\/#breadcrumb"},"inLanguage":"sv-SE","potentialAction":[{"@type":"ReadAction","target":["https:\/\/spelivinkki.fi\/tuote\/warhammer-40k-500-worlds-titus-the-battle-for-unity-begins-english\/"]}]},{"@type":"ImageObject","inLanguage":"sv-SE","@id":"https:\/\/spelivinkki.fi\/tuote\/warhammer-40k-500-worlds-titus-the-battle-for-unity-begins-english\/#primaryimage","url":"https:\/\/mlw9zexfsyfr.i.optimole.com\/w:auto\/h:auto\/q:mauto\/ig:avif\/https:\/\/spelivinkki.fi\/wp-content\/uploads\/2026\/01\/WH40k-500-worlds-titus-battletome-rulebook-tuotekuva.webp","contentUrl":"https:\/\/mlw9zexfsyfr.i.optimole.com\/w:auto\/h:auto\/q:mauto\/ig:avif\/https:\/\/spelivinkki.fi\/wp-content\/uploads\/2026\/01\/WH40k-500-worlds-titus-battletome-rulebook-tuotekuva.webp","width":891,"height":920,"caption":"WH40k 500 worlds titus battletome rulebook tuotekuva"},{"@type":"BreadcrumbList","@id":"https:\/\/spelivinkki.fi\/tuote\/warhammer-40k-500-worlds-titus-the-battle-for-unity-begins-english\/#breadcrumb","itemListElement":[{"@type":"ListItem","position":1,"name":"Etusivu","item":"https:\/\/spelivinkki.fi\/"},{"@type":"ListItem","position":2,"name":"Tuotteet","item":"https:\/\/spelivinkki.fi\/tuotteet\/"},{"@type":"ListItem","position":3,"name":"Warhammer 40k: 500 Worlds: Titus &#8211; The Battle for Unity Begins (English)"}]},{"@type":"WebSite","@id":"https:\/\/spelivinkki.fi\/#website","url":"https:\/\/spelivinkki.fi\/","name":"Spelivinkki","description":"Paraisten Lautapelikauppa","publisher":{"@id":"https:\/\/spelivinkki.fi\/#organization"},"alternateName":"Spelivinkki Oy","potentialAction":[{"@type":"SearchAction","target":{"@type":"EntryPoint","urlTemplate":"https:\/\/spelivinkki.fi\/?s={search_term_string}"},"query-input":{"@type":"PropertyValueSpecification","valueRequired":true,"valueName":"search_term_string"}}],"inLanguage":"sv-SE"},{"@type":"Organization","@id":"https:\/\/spelivinkki.fi\/#organization","name":"Spelivinkki Oy","alternateName":"Spelivinkki","url":"https:\/\/spelivinkki.fi\/","logo":{"@type":"ImageObject","inLanguage":"sv-SE","@id":"https:\/\/spelivinkki.fi\/#\/schema\/logo\/image\/","url":"https:\/\/mlw9zexfsyfr.i.optimole.com\/w:auto\/h:auto\/q:mauto\/ig:avif\/https:\/\/spelivinkki.fi\/wp-content\/uploads\/2024\/02\/Logo.svg","contentUrl":"https:\/\/mlw9zexfsyfr.i.optimole.com\/w:auto\/h:auto\/q:mauto\/ig:avif\/https:\/\/spelivinkki.fi\/wp-content\/uploads\/2024\/02\/Logo.svg","width":2176,"height":2323,"caption":"Spelivinkki Oy"},"image":{"@id":"https:\/\/spelivinkki.fi\/#\/schema\/logo\/image\/"},"sameAs":["https:\/\/www.facebook.com\/SpelivinkkiOy\/","https:\/\/x.com\/SpelivinkkiOy","https:\/\/www.instagram.com\/spelivinkkioy\/"],"description":"Spelivinkki Oy is a company operating both a brick-and-mortar store in Finland as well as a webshop online. We sell board games, roleplaying games, miniature wargames, logic puzzles, jigsaw puzzles and other things related to the boardgame hobby.","email":"myynti@spelivinkki.fi","telephone":"+358406486605","legalName":"Spelivinkki Oy","foundingDate":"2023-09-17","vatID":"FI33904524","numberOfEmployees":{"@type":"QuantitativeValue","minValue":"1","maxValue":"10"},"hasMerchantReturnPolicy":{"@type":"MerchantReturnPolicy","merchantReturnLink":"https:\/\/spelivinkki.fi\/sv\/spelivinkin-vaihto-ja-palautusoikeus\/"}}]},"product_brand":"Games Workshop","product_price_amount":"63.00","product_price_currency":"EUR","og_availability":"instock","product_availability":"instock","product_retailer_item_id":"60040199184","product_condition":"new"},"_links":{"self":[{"href":"https:\/\/spelivinkki.fi\/sv\/wp-json\/wp\/v2\/product\/7847","targetHints":{"allow":["GET"]}}],"collection":[{"href":"https:\/\/spelivinkki.fi\/sv\/wp-json\/wp\/v2\/product"}],"about":[{"href":"https:\/\/spelivinkki.fi\/sv\/wp-json\/wp\/v2\/types\/product"}],"wp:featuredmedia":[{"embeddable":true,"href":"https:\/\/spelivinkki.fi\/sv\/wp-json\/wp\/v2\/media\/7848"}],"wp:attachment":[{"href":"https:\/\/spelivinkki.fi\/sv\/wp-json\/wp\/v2\/media?parent=7847"}],"wp:term":[{"taxonomy":"product_brand","embeddable":true,"href":"https:\/\/spelivinkki.fi\/sv\/wp-json\/wp\/v2\/product_brand?post=7847"},{"taxonomy":"product_cat","embeddable":true,"href":"https:\/\/spelivinkki.fi\/sv\/wp-json\/wp\/v2\/product_cat?post=7847"},{"taxonomy":"product_tag","embeddable":true,"href":"https:\/\/spelivinkki.fi\/sv\/wp-json\/wp\/v2\/product_tag?post=7847"}],"curies":[{"name":"wp","href":"https:\/\/api.w.org\/{rel}","templated":true}]}}