{"id":7864,"date":"2026-02-09T13:09:35","date_gmt":"2026-02-09T13:09:35","guid":{"rendered":"https:\/\/spelivinkki.fi\/?post_type=product&#038;p=7864"},"modified":"2026-02-18T09:05:44","modified_gmt":"2026-02-18T09:05:44","slug":"kalaha-deluxe-en","status":"publish","type":"product","link":"https:\/\/spelivinkki.fi\/sv\/produkt\/kalaha-deluxe-en\/","title":{"rendered":"Kalaha Deluxe (EN)"},"content":{"rendered":"<p>Kalaha (\u00e4ven k\u00e4nt under namnet <strong>Mancala <\/strong>eller <strong>Kalah<\/strong>) \u00e4r en klassiker f\u00f6r tv\u00e5 d\u00e4r m\u00e5let \u00e4r att f\u00e5 flest p\u00e4rlor i sin egna sk\u00e5l (<em>den s\u00e5 kallade Kalahan<\/em>) innan spelet tar slut. I b\u00f6rjan av spelet har b\u00e4gge spelare framf\u00f6r sig sex stycken sm\u00e5 sk\u00e5lar p\u00e5 den egna sidan spelbr\u00e4det och sin egna Kalaha till h\u00f6ger. I varje liten sk\u00e5l finns fyra p\u00e4rlor. Spelarna f\u00e5r flytta p\u00e4rlor turvis.<\/p>\n<p>En enskild tur fungerar s\u00e5h\u00e4r: Spelaren vars tur det \u00e4r att flytta p\u00e4rlor v\u00e4ljer en sk\u00e5l fr\u00e5n sin egna sida. Han tar alla p\u00e4rlor fr\u00e5n sk\u00e5len och <em>planterar<\/em> dem. Detta inneb\u00e4r att han delar ut p\u00e4rlorna en i taget i varje n\u00e4sta sk\u00e5l moturs. Den valda sk\u00e5len blir allts\u00e5 tom, medan resten f\u00e5r en till (ocks\u00e5 den egna Kalahan och sm\u00e5 sk\u00e5lar p\u00e5 motspelarens sida kan f\u00e5 p\u00e4rlor, men inte motspelarens Kalaha) tills det inte finns p\u00e4rlor kvar i handen. Beroende p\u00e5 hur den sista p\u00e4rlan landar forts\u00e4tter spelet p\u00e5 olika s\u00e4tt:<\/p>\n<ol>\n<li><strong>Sista p\u00e4rlan hamnar rakt i spelarens egna Kalaha:<\/strong> Spelaren f\u00e5r en extra tur! Det finns inga begr\u00e4nsningar p\u00e5 hur m\u00e5nga extra turer som g\u00e5r att f\u00e5.<\/li>\n<li><strong>Sista p\u00e4rlan hamnar i en tom sk\u00e5l p\u00e5 den egna sidan och det finns p\u00e4rlor i den andra spelarens motsatta sk\u00e5l:<\/strong> Spelaren f\u00e5r b\u00e5de den sista p\u00e4rlan och p\u00e4rlorna som finns i den motsatta sk\u00e5len i sin egen Kalaha.<\/li>\n<li><strong>Det finns s\u00e5 m\u00e5nga p\u00e4rlor att de till och med passerar den egna Kalahan:<\/strong> Spelaren forts\u00e4tter plantera p\u00e4rlorna en efter en i den andra sidans sk\u00e5lar moturs.<\/li>\n<li><strong>Den sista p\u00e4rlan hamnar i en sk\u00e5l som redan har p\u00e4rlor<\/strong> eller <strong>sk\u00e5len \u00e4r tom men det finns inga p\u00e4rlor i sk\u00e5len p\u00e5 andra sidan:<\/strong> Turen tar slut.<\/li>\n<\/ol>\n<p>N\u00e4r n\u00e5gondera sida har slut p\u00e5 p\u00e4rlor \u00e4r spelet \u00f6ver. Den spelare som \u00e4nnu har p\u00e4rlor kvar p\u00e5 sin sida tar dem och flyttar dem in i sin egen Kalaha. Vinnaren \u00e4r den som slutar med flest p\u00e4rlor i sin Kalaha.<\/p>\n<p><strong>VARNING:<\/strong> P\u00e5 grund av sm\u00e5delar \u00e4r inte produkten l\u00e4mplig f\u00f6r barn under 3!<\/p>","protected":false},"excerpt":{"rendered":"<ul>\n<li><strong>Spelarm\u00e4ngd:<\/strong>2<\/li>\n<li><strong>Varaktighet:<\/strong> 10 min<\/li>\n<li><strong>\u00c5ldersrekommendation:<\/strong> 6+<\/li>\n<li><strong>Spr\u00e5k:<\/strong> Engelska<\/li>\n<li><strong>Genre:<\/strong>Klassiskt spel<\/li>\n<li><strong>Utgivare:<\/strong> Pegasus Spiele<\/li>\n<\/ul>","protected":false},"featured_media":7865,"template":"","meta":{"site-sidebar-layout":"default","site-content-layout":"","ast-site-content-layout":"default","site-content-style":"default","site-sidebar-style":"default","ast-global-header-display":"","ast-banner-title-visibility":"","ast-main-header-display":"","ast-hfb-above-header-display":"","ast-hfb-below-header-display":"","ast-hfb-mobile-header-display":"","site-post-title":"","ast-breadcrumbs-content":"","ast-featured-img":"","footer-sml-layout":"","ast-disable-related-posts":"","theme-transparent-header-meta":"default","adv-header-id-meta":"","stick-header-meta":"","header-above-stick-meta":"","header-main-stick-meta":"","header-below-stick-meta":"","astra-migrate-meta-layouts":"set","ast-page-background-enabled":"default","ast-page-background-meta":{"desktop":{"background-color":"","background-image":"","background-repeat":"repeat","background-position":"center center","background-size":"auto","background-attachment":"scroll","background-type":"","background-media":"","overlay-type":"","overlay-color":"","overlay-opacity":"","overlay-gradient":""},"tablet":{"background-color":"","background-image":"","background-repeat":"repeat","background-position":"center center","background-size":"auto","background-attachment":"scroll","background-type":"","background-media":"","overlay-type":"","overlay-color":"","overlay-opacity":"","overlay-gradient":""},"mobile":{"background-color":"","background-image":"","background-repeat":"repeat","background-position":"center center","background-size":"auto","background-attachment":"scroll","background-type":"","background-media":"","overlay-type":"","overlay-color":"","overlay-opacity":"","overlay-gradient":""}},"ast-content-background-meta":{"desktop":{"background-color":"var(--ast-global-color-5)","background-image":"","background-repeat":"repeat","background-position":"center center","background-size":"auto","background-attachment":"scroll","background-type":"","background-media":"","overlay-type":"","overlay-color":"","overlay-opacity":"","overlay-gradient":""},"tablet":{"background-color":"var(--ast-global-color-5)","background-image":"","background-repeat":"repeat","background-position":"center center","background-size":"auto","background-attachment":"scroll","background-type":"","background-media":"","overlay-type":"","overlay-color":"","overlay-opacity":"","overlay-gradient":""},"mobile":{"background-color":"var(--ast-global-color-5)","background-image":"","background-repeat":"repeat","background-position":"center center","background-size":"auto","background-attachment":"scroll","background-type":"","background-media":"","overlay-type":"","overlay-color":"","overlay-opacity":"","overlay-gradient":""}}},"product_brand":[1114],"product_cat":[16,40,431],"product_tag":[1049,1047],"class_list":{"0":"post-7864","1":"product","2":"type-product","3":"status-publish","4":"has-post-thumbnail","6":"product_brand-pegasus-spiele","7":"product_cat-kaikki","8":"product_cat-klassikot","9":"product_cat-perinteiset-lautapelit","10":"product_tag-englanninkieliset-pelit","11":"product_tag-peruspeli","12":"product_shipping_class-standard2","13":"desktop-align-center","14":"tablet-align-center","15":"mobile-align-center","17":"first","18":"instock","19":"taxable","20":"shipping-taxable","21":"purchasable","22":"product-type-simple"},"yoast_head":"<!-- This site is optimized with the Yoast SEO Premium plugin v27.3 (Yoast SEO v27.4) - https:\/\/yoast.com\/product\/yoast-seo-premium-wordpress\/ -->\n<title>Kalaha Deluxe (EN) &#8211; Spelivinkki<\/title>\n<meta name=\"description\" content=\"Koe klassinen Kalaha Deluxe, jossa tavoitteena on ker\u00e4t\u00e4 eniten helmi\u00e4! Kutsu yst\u00e4v\u00e4si ja nauti t\u00e4m\u00e4n hauskan pelin j\u00e4nnityksest\u00e4.\" \/>\n<meta name=\"robots\" content=\"index, follow, max-snippet:-1, max-image-preview:large, max-video-preview:-1\" \/>\n<link rel=\"canonical\" href=\"https:\/\/spelivinkki.fi\/sv\/produkt\/kalaha-deluxe-en\/\" \/>\n<meta property=\"og:locale\" content=\"sv_SE\" \/>\n<meta property=\"og:type\" content=\"article\" \/>\n<meta property=\"og:title\" content=\"Kalaha Deluxe (EN)\" \/>\n<meta property=\"og:description\" content=\"Koe klassinen Kalaha Deluxe, jossa tavoitteena on ker\u00e4t\u00e4 eniten helmi\u00e4! Kutsu yst\u00e4v\u00e4si ja nauti t\u00e4m\u00e4n hauskan pelin j\u00e4nnityksest\u00e4.\" \/>\n<meta property=\"og:url\" content=\"https:\/\/spelivinkki.fi\/sv\/produkt\/kalaha-deluxe-en\/\" \/>\n<meta property=\"og:site_name\" content=\"Spelivinkki\" \/>\n<meta property=\"article:publisher\" content=\"https:\/\/www.facebook.com\/SpelivinkkiOy\/\" \/>\n<meta property=\"article:modified_time\" content=\"2026-02-18T09:05:44+00:00\" \/>\n<meta property=\"og:image\" content=\"https:\/\/mlw9zexfsyfr.i.optimole.com\/w:auto\/h:auto\/q:mauto\/ig:avif\/https:\/\/spelivinkki.fi\/wp-content\/uploads\/2026\/02\/kalaha-deluxe-tuotekuva.webp\" \/>\n\t<meta property=\"og:image:width\" content=\"1000\" \/>\n\t<meta property=\"og:image:height\" content=\"1000\" \/>\n\t<meta property=\"og:image:type\" content=\"image\/webp\" \/>\n<meta name=\"twitter:card\" content=\"summary_large_image\" \/>\n<meta name=\"twitter:site\" content=\"@SpelivinkkiOy\" \/>\n<meta name=\"twitter:label1\" content=\"Pris\" \/>\n\t<meta name=\"twitter:data1\" content=\"25,00&nbsp;&euro;\" \/>\n\t<meta name=\"twitter:label2\" content=\"Tillg\u00e4nglig\" \/>\n\t<meta name=\"twitter:data2\" content=\"I lager\" \/>\n<script type=\"application\/ld+json\" class=\"yoast-schema-graph\">{\"@context\":\"https:\\\/\\\/schema.org\",\"@graph\":[{\"@type\":\"WebPage\",\"@id\":\"https:\\\/\\\/spelivinkki.fi\\\/tuote\\\/kalaha-deluxe-en\\\/\",\"url\":\"https:\\\/\\\/spelivinkki.fi\\\/tuote\\\/kalaha-deluxe-en\\\/\",\"name\":\"Kalaha Deluxe (EN) &#8211; Spelivinkki\",\"isPartOf\":{\"@id\":\"https:\\\/\\\/spelivinkki.fi\\\/#website\"},\"primaryImageOfPage\":{\"@id\":\"https:\\\/\\\/spelivinkki.fi\\\/tuote\\\/kalaha-deluxe-en\\\/#primaryimage\"},\"image\":{\"@id\":\"https:\\\/\\\/spelivinkki.fi\\\/tuote\\\/kalaha-deluxe-en\\\/#primaryimage\"},\"thumbnailUrl\":\"https:\\/\\/spelivinkki.fi\\/wp-content\\/uploads\\/2026\\/02\\/kalaha-deluxe-tuotekuva.webp\",\"datePublished\":\"2026-02-09T13:09:35+00:00\",\"dateModified\":\"2026-02-18T09:05:44+00:00\",\"description\":\"Koe klassinen Kalaha Deluxe, jossa tavoitteena on ker\u00e4t\u00e4 eniten helmi\u00e4! Kutsu yst\u00e4v\u00e4si ja nauti t\u00e4m\u00e4n hauskan pelin j\u00e4nnityksest\u00e4.\",\"breadcrumb\":{\"@id\":\"https:\\\/\\\/spelivinkki.fi\\\/tuote\\\/kalaha-deluxe-en\\\/#breadcrumb\"},\"inLanguage\":\"sv-SE\",\"potentialAction\":[{\"@type\":\"ReadAction\",\"target\":[\"https:\\\/\\\/spelivinkki.fi\\\/tuote\\\/kalaha-deluxe-en\\\/\"]}]},{\"@type\":\"ImageObject\",\"inLanguage\":\"sv-SE\",\"@id\":\"https:\\\/\\\/spelivinkki.fi\\\/tuote\\\/kalaha-deluxe-en\\\/#primaryimage\",\"url\":\"https:\\/\\/spelivinkki.fi\\/wp-content\\/uploads\\/2026\\/02\\/kalaha-deluxe-tuotekuva.webp\",\"contentUrl\":\"https:\\/\\/spelivinkki.fi\\/wp-content\\/uploads\\/2026\\/02\\/kalaha-deluxe-tuotekuva.webp\",\"width\":1000,\"height\":1000,\"caption\":\"kalaha deluxe tuotekuva\"},{\"@type\":\"BreadcrumbList\",\"@id\":\"https:\\\/\\\/spelivinkki.fi\\\/tuote\\\/kalaha-deluxe-en\\\/#breadcrumb\",\"itemListElement\":[{\"@type\":\"ListItem\",\"position\":1,\"name\":\"Etusivu\",\"item\":\"https:\\\/\\\/spelivinkki.fi\\\/\"},{\"@type\":\"ListItem\",\"position\":2,\"name\":\"Tuotteet\",\"item\":\"https:\\\/\\\/spelivinkki.fi\\\/tuotteet\\\/\"},{\"@type\":\"ListItem\",\"position\":3,\"name\":\"Kalaha Deluxe (EN)\"}]},{\"@type\":\"WebSite\",\"@id\":\"https:\\\/\\\/spelivinkki.fi\\\/#website\",\"url\":\"https:\\\/\\\/spelivinkki.fi\\\/\",\"name\":\"Spelivinkki\",\"description\":\"Paraisten Lautapelikauppa\",\"publisher\":{\"@id\":\"https:\\\/\\\/spelivinkki.fi\\\/#organization\"},\"alternateName\":\"Spelivinkki Oy\",\"potentialAction\":[{\"@type\":\"SearchAction\",\"target\":{\"@type\":\"EntryPoint\",\"urlTemplate\":\"https:\\\/\\\/spelivinkki.fi\\\/?s={search_term_string}\"},\"query-input\":{\"@type\":\"PropertyValueSpecification\",\"valueRequired\":true,\"valueName\":\"search_term_string\"}}],\"inLanguage\":\"sv-SE\"},{\"@type\":\"Organization\",\"@id\":\"https:\\\/\\\/spelivinkki.fi\\\/#organization\",\"name\":\"Spelivinkki Oy\",\"alternateName\":\"Spelivinkki\",\"url\":\"https:\\\/\\\/spelivinkki.fi\\\/\",\"logo\":{\"@type\":\"ImageObject\",\"inLanguage\":\"sv-SE\",\"@id\":\"https:\\\/\\\/spelivinkki.fi\\\/#\\\/schema\\\/logo\\\/image\\\/\",\"url\":\"https:\\/\\/spelivinkki.fi\\/wp-content\\/uploads\\/2024\\/02\\/Logo.svg\",\"contentUrl\":\"https:\\/\\/spelivinkki.fi\\/wp-content\\/uploads\\/2024\\/02\\/Logo.svg\",\"width\":2176,\"height\":2323,\"caption\":\"Spelivinkki Oy\"},\"image\":{\"@id\":\"https:\\\/\\\/spelivinkki.fi\\\/#\\\/schema\\\/logo\\\/image\\\/\"},\"sameAs\":[\"https:\\\/\\\/www.facebook.com\\\/SpelivinkkiOy\\\/\",\"https:\\\/\\\/x.com\\\/SpelivinkkiOy\",\"https:\\\/\\\/www.instagram.com\\\/spelivinkkioy\\\/\"],\"description\":\"Spelivinkki Oy is a company operating both a brick-and-mortar store in Finland as well as a webshop online. We sell board games, roleplaying games, miniature wargames, logic puzzles, jigsaw puzzles and other things related to the boardgame hobby.\",\"email\":\"myynti@spelivinkki.fi\",\"telephone\":\"+358406486605\",\"legalName\":\"Spelivinkki Oy\",\"foundingDate\":\"2023-09-17\",\"vatID\":\"FI33904524\",\"numberOfEmployees\":{\"@type\":\"QuantitativeValue\",\"minValue\":\"1\",\"maxValue\":\"10\"},\"hasMerchantReturnPolicy\":{\"@type\":\"MerchantReturnPolicy\",\"merchantReturnLink\":\"https:\\\/\\\/spelivinkki.fi\\\/sv\\\/spelivinkin-vaihto-ja-palautusoikeus\\\/\"}}]}<\/script>\n<meta property=\"product:brand\" content=\"Pegasus Spiele\" \/>\n<meta property=\"product:price:amount\" content=\"25.00\" \/>\n<meta property=\"product:price:currency\" content=\"EUR\" \/>\n<meta property=\"og:availability\" content=\"instock\" \/>\n<meta property=\"product:availability\" content=\"instock\" \/>\n<meta property=\"product:retailer_item_id\" content=\"PEG0467\" \/>\n<meta property=\"product:condition\" content=\"new\" \/>\n<!-- \/ Yoast SEO Premium plugin. -->","yoast_head_json":{"title":"Kalaha Deluxe (EN) &#8211; Spelivinkki","description":"Koe klassinen Kalaha Deluxe, jossa tavoitteena on ker\u00e4t\u00e4 eniten helmi\u00e4! Kutsu yst\u00e4v\u00e4si ja nauti t\u00e4m\u00e4n hauskan pelin j\u00e4nnityksest\u00e4.","robots":{"index":"index","follow":"follow","max-snippet":"max-snippet:-1","max-image-preview":"max-image-preview:large","max-video-preview":"max-video-preview:-1"},"canonical":"https:\/\/spelivinkki.fi\/sv\/produkt\/kalaha-deluxe-en\/","og_locale":"sv_SE","og_type":"article","og_title":"Kalaha Deluxe (EN)","og_description":"Koe klassinen Kalaha Deluxe, jossa tavoitteena on ker\u00e4t\u00e4 eniten helmi\u00e4! Kutsu yst\u00e4v\u00e4si ja nauti t\u00e4m\u00e4n hauskan pelin j\u00e4nnityksest\u00e4.","og_url":"https:\/\/spelivinkki.fi\/sv\/produkt\/kalaha-deluxe-en\/","og_site_name":"Spelivinkki","article_publisher":"https:\/\/www.facebook.com\/SpelivinkkiOy\/","article_modified_time":"2026-02-18T09:05:44+00:00","og_image":[{"width":1000,"height":1000,"url":"https:\/\/mlw9zexfsyfr.i.optimole.com\/w:auto\/h:auto\/q:mauto\/ig:avif\/https:\/\/spelivinkki.fi\/wp-content\/uploads\/2026\/02\/kalaha-deluxe-tuotekuva.webp","type":"image\/webp"}],"twitter_card":"summary_large_image","twitter_site":"@SpelivinkkiOy","twitter_misc":{"Pris":"25,00&nbsp;&euro;","Tillg\u00e4nglig":"I lager"},"schema":{"@context":"https:\/\/schema.org","@graph":[{"@type":"WebPage","@id":"https:\/\/spelivinkki.fi\/tuote\/kalaha-deluxe-en\/","url":"https:\/\/spelivinkki.fi\/tuote\/kalaha-deluxe-en\/","name":"Kalaha Deluxe (EN) &#8211; Spelivinkki","isPartOf":{"@id":"https:\/\/spelivinkki.fi\/#website"},"primaryImageOfPage":{"@id":"https:\/\/spelivinkki.fi\/tuote\/kalaha-deluxe-en\/#primaryimage"},"image":{"@id":"https:\/\/spelivinkki.fi\/tuote\/kalaha-deluxe-en\/#primaryimage"},"thumbnailUrl":"https:\/\/mlw9zexfsyfr.i.optimole.com\/w:auto\/h:auto\/q:mauto\/ig:avif\/https:\/\/spelivinkki.fi\/wp-content\/uploads\/2026\/02\/kalaha-deluxe-tuotekuva.webp","datePublished":"2026-02-09T13:09:35+00:00","dateModified":"2026-02-18T09:05:44+00:00","description":"Koe klassinen Kalaha Deluxe, jossa tavoitteena on ker\u00e4t\u00e4 eniten helmi\u00e4! Kutsu yst\u00e4v\u00e4si ja nauti t\u00e4m\u00e4n hauskan pelin j\u00e4nnityksest\u00e4.","breadcrumb":{"@id":"https:\/\/spelivinkki.fi\/tuote\/kalaha-deluxe-en\/#breadcrumb"},"inLanguage":"sv-SE","potentialAction":[{"@type":"ReadAction","target":["https:\/\/spelivinkki.fi\/tuote\/kalaha-deluxe-en\/"]}]},{"@type":"ImageObject","inLanguage":"sv-SE","@id":"https:\/\/spelivinkki.fi\/tuote\/kalaha-deluxe-en\/#primaryimage","url":"https:\/\/mlw9zexfsyfr.i.optimole.com\/w:auto\/h:auto\/q:mauto\/ig:avif\/https:\/\/spelivinkki.fi\/wp-content\/uploads\/2026\/02\/kalaha-deluxe-tuotekuva.webp","contentUrl":"https:\/\/mlw9zexfsyfr.i.optimole.com\/w:auto\/h:auto\/q:mauto\/ig:avif\/https:\/\/spelivinkki.fi\/wp-content\/uploads\/2026\/02\/kalaha-deluxe-tuotekuva.webp","width":1000,"height":1000,"caption":"kalaha deluxe tuotekuva"},{"@type":"BreadcrumbList","@id":"https:\/\/spelivinkki.fi\/tuote\/kalaha-deluxe-en\/#breadcrumb","itemListElement":[{"@type":"ListItem","position":1,"name":"Etusivu","item":"https:\/\/spelivinkki.fi\/"},{"@type":"ListItem","position":2,"name":"Tuotteet","item":"https:\/\/spelivinkki.fi\/tuotteet\/"},{"@type":"ListItem","position":3,"name":"Kalaha Deluxe (EN)"}]},{"@type":"WebSite","@id":"https:\/\/spelivinkki.fi\/#website","url":"https:\/\/spelivinkki.fi\/","name":"Spelivinkki","description":"Paraisten Lautapelikauppa","publisher":{"@id":"https:\/\/spelivinkki.fi\/#organization"},"alternateName":"Spelivinkki Oy","potentialAction":[{"@type":"SearchAction","target":{"@type":"EntryPoint","urlTemplate":"https:\/\/spelivinkki.fi\/?s={search_term_string}"},"query-input":{"@type":"PropertyValueSpecification","valueRequired":true,"valueName":"search_term_string"}}],"inLanguage":"sv-SE"},{"@type":"Organization","@id":"https:\/\/spelivinkki.fi\/#organization","name":"Spelivinkki Oy","alternateName":"Spelivinkki","url":"https:\/\/spelivinkki.fi\/","logo":{"@type":"ImageObject","inLanguage":"sv-SE","@id":"https:\/\/spelivinkki.fi\/#\/schema\/logo\/image\/","url":"https:\/\/mlw9zexfsyfr.i.optimole.com\/w:auto\/h:auto\/q:mauto\/ig:avif\/https:\/\/spelivinkki.fi\/wp-content\/uploads\/2024\/02\/Logo.svg","contentUrl":"https:\/\/mlw9zexfsyfr.i.optimole.com\/w:auto\/h:auto\/q:mauto\/ig:avif\/https:\/\/spelivinkki.fi\/wp-content\/uploads\/2024\/02\/Logo.svg","width":2176,"height":2323,"caption":"Spelivinkki Oy"},"image":{"@id":"https:\/\/spelivinkki.fi\/#\/schema\/logo\/image\/"},"sameAs":["https:\/\/www.facebook.com\/SpelivinkkiOy\/","https:\/\/x.com\/SpelivinkkiOy","https:\/\/www.instagram.com\/spelivinkkioy\/"],"description":"Spelivinkki Oy is a company operating both a brick-and-mortar store in Finland as well as a webshop online. We sell board games, roleplaying games, miniature wargames, logic puzzles, jigsaw puzzles and other things related to the boardgame hobby.","email":"myynti@spelivinkki.fi","telephone":"+358406486605","legalName":"Spelivinkki Oy","foundingDate":"2023-09-17","vatID":"FI33904524","numberOfEmployees":{"@type":"QuantitativeValue","minValue":"1","maxValue":"10"},"hasMerchantReturnPolicy":{"@type":"MerchantReturnPolicy","merchantReturnLink":"https:\/\/spelivinkki.fi\/sv\/spelivinkin-vaihto-ja-palautusoikeus\/"}}]},"product_brand":"Pegasus Spiele","product_price_amount":"25.00","product_price_currency":"EUR","og_availability":"instock","product_availability":"instock","product_retailer_item_id":"PEG0467","product_condition":"new"},"_links":{"self":[{"href":"https:\/\/spelivinkki.fi\/sv\/wp-json\/wp\/v2\/product\/7864","targetHints":{"allow":["GET"]}}],"collection":[{"href":"https:\/\/spelivinkki.fi\/sv\/wp-json\/wp\/v2\/product"}],"about":[{"href":"https:\/\/spelivinkki.fi\/sv\/wp-json\/wp\/v2\/types\/product"}],"wp:featuredmedia":[{"embeddable":true,"href":"https:\/\/spelivinkki.fi\/sv\/wp-json\/wp\/v2\/media\/7865"}],"wp:attachment":[{"href":"https:\/\/spelivinkki.fi\/sv\/wp-json\/wp\/v2\/media?parent=7864"}],"wp:term":[{"taxonomy":"product_brand","embeddable":true,"href":"https:\/\/spelivinkki.fi\/sv\/wp-json\/wp\/v2\/product_brand?post=7864"},{"taxonomy":"product_cat","embeddable":true,"href":"https:\/\/spelivinkki.fi\/sv\/wp-json\/wp\/v2\/product_cat?post=7864"},{"taxonomy":"product_tag","embeddable":true,"href":"https:\/\/spelivinkki.fi\/sv\/wp-json\/wp\/v2\/product_tag?post=7864"}],"curies":[{"name":"wp","href":"https:\/\/api.w.org\/{rel}","templated":true}]}}