{"id":7868,"date":"2026-02-13T12:53:40","date_gmt":"2026-02-13T12:53:40","guid":{"rendered":"https:\/\/spelivinkki.fi\/?post_type=product&#038;p=7868"},"modified":"2026-02-13T13:00:50","modified_gmt":"2026-02-13T13:00:50","slug":"sushi-go-party-nordic","status":"publish","type":"product","link":"https:\/\/spelivinkki.fi\/sv\/produkt\/sushi-go-party-nordic\/","title":{"rendered":"Sushi Go Party! (Nordic)"},"content":{"rendered":"<p><em><strong>Sushi Go Party!<\/strong><\/em>\u00a0\u00e4r ett smakligt och l\u00e4tt hela familjens kortspel d\u00e4r korten roterar fr\u00e5n spelare till spelare.<\/p>\n<p><em>Sushi Go<\/em>\u00a0<em>Party!<\/em>\u00a0spelet g\u00e5r ut p\u00e5 att sushiutbudet circulerar runt bordet och spelarna f\u00f6rs\u00f6ker samla den smakligaste portionen \u00e5t sig sj\u00e4lv. Spelarna l\u00e4gger ett kort ur sin hand med bildsidan ner\u00e5t och ger sedan resten av sina kort vidare till n\u00e4sta spelare. D\u00e4refter avsl\u00f6jas korten p\u00e5 bordet, och rundan forts\u00e4tter med att v\u00e4lja en ny delikatess ur de nya handkorten.<\/p>\n<p>Efter den sista rundan ges po\u00e4ngen, och den som samlat den godaste portionen vinner spelet.<\/p>\n<p>Det h\u00e4r \u00e4r Sushi Go! i den ut\u00f6kade versionen av kortspelet hittar du mer variation mellan spelen, eftersom det finns mer \u00e4n 20 olika r\u00e4tter, fr\u00e5n vilka du kan f\u00f6rbereda din egen meny i b\u00f6rjan av spelet!<\/p>\n<p><strong>Obs! Sj\u00e4lva korten \u00e4r p\u00e5 engelska, men det finns \u00f6vers\u00e4ttningar p\u00e5 deras styrkor p\u00e5 po\u00e4ngbr\u00e4det och i regelboken.<\/strong><\/p>","protected":false},"excerpt":{"rendered":"<ul>\n<li><strong>Spelarm\u00e4ngd:<\/strong> 2-8 (<strong>B\u00e4sta m\u00e4ngden:<\/strong> 4-5)<\/li>\n<li><strong>Varaktighet:<\/strong> 20 min<\/li>\n<li><strong>\u00c5ldersrekommendation:<\/strong> 8+<\/li>\n<li><strong>Spr\u00e5k:<\/strong> Finska, svenska, norska, danska<\/li>\n<li><strong>Genre:<\/strong> Set-Samling, korthandsbyte<\/li>\n<li><strong>Tema:<\/strong> Sushi<\/li>\n<li><strong>Passande Sleevy Kortskydd (ing\u00e5r ej!):<\/strong> 181 st Medium storlek<\/li>\n<li><strong>Utveckling:<\/strong> Phil Walker-Harding<\/li>\n<li><strong>Utgivare:<\/strong> Lautapelit.fi<\/li>\n<\/ul>","protected":false},"featured_media":7869,"template":"","meta":{"site-sidebar-layout":"default","site-content-layout":"","ast-site-content-layout":"default","site-content-style":"default","site-sidebar-style":"default","ast-global-header-display":"","ast-banner-title-visibility":"","ast-main-header-display":"","ast-hfb-above-header-display":"","ast-hfb-below-header-display":"","ast-hfb-mobile-header-display":"","site-post-title":"","ast-breadcrumbs-content":"","ast-featured-img":"","footer-sml-layout":"","ast-disable-related-posts":"","theme-transparent-header-meta":"default","adv-header-id-meta":"","stick-header-meta":"","header-above-stick-meta":"","header-main-stick-meta":"","header-below-stick-meta":"","astra-migrate-meta-layouts":"set","ast-page-background-enabled":"default","ast-page-background-meta":{"desktop":{"background-color":"","background-image":"","background-repeat":"repeat","background-position":"center center","background-size":"auto","background-attachment":"scroll","background-type":"","background-media":"","overlay-type":"","overlay-color":"","overlay-opacity":"","overlay-gradient":""},"tablet":{"background-color":"","background-image":"","background-repeat":"repeat","background-position":"center center","background-size":"auto","background-attachment":"scroll","background-type":"","background-media":"","overlay-type":"","overlay-color":"","overlay-opacity":"","overlay-gradient":""},"mobile":{"background-color":"","background-image":"","background-repeat":"repeat","background-position":"center center","background-size":"auto","background-attachment":"scroll","background-type":"","background-media":"","overlay-type":"","overlay-color":"","overlay-opacity":"","overlay-gradient":""}},"ast-content-background-meta":{"desktop":{"background-color":"var(--ast-global-color-5)","background-image":"","background-repeat":"repeat","background-position":"center center","background-size":"auto","background-attachment":"scroll","background-type":"","background-media":"","overlay-type":"","overlay-color":"","overlay-opacity":"","overlay-gradient":""},"tablet":{"background-color":"var(--ast-global-color-5)","background-image":"","background-repeat":"repeat","background-position":"center center","background-size":"auto","background-attachment":"scroll","background-type":"","background-media":"","overlay-type":"","overlay-color":"","overlay-opacity":"","overlay-gradient":""},"mobile":{"background-color":"var(--ast-global-color-5)","background-image":"","background-repeat":"repeat","background-position":"center center","background-size":"auto","background-attachment":"scroll","background-type":"","background-media":"","overlay-type":"","overlay-color":"","overlay-opacity":"","overlay-gradient":""}}},"product_brand":[1107],"product_cat":[16,41,278,45],"product_tag":[1047,1234,1050,1048],"class_list":{"0":"post-7868","1":"product","2":"type-product","3":"status-publish","4":"has-post-thumbnail","6":"product_brand-lautapelit-fi","7":"product_cat-kaikki","8":"product_cat-partypelit","9":"product_cat-settikeraily","10":"product_cat-strategiapelit","11":"product_tag-peruspeli","12":"product_tag-phil-walker-harding","13":"product_tag-ruotsinkieliset-pelit","14":"product_tag-suomenkieliset-pelit","15":"product_shipping_class-standard2","16":"desktop-align-center","17":"tablet-align-center","18":"mobile-align-center","20":"first","21":"instock","22":"taxable","23":"shipping-taxable","24":"purchasable","25":"product-type-simple"},"yoast_head":"<!-- This site is optimized with the Yoast SEO Premium plugin v27.3 (Yoast SEO v27.4) - https:\/\/yoast.com\/product\/yoast-seo-premium-wordpress\/ -->\n<title>Sushi Go Party! (Nordic) &#8211; Spelivinkki<\/title>\n<meta name=\"description\" content=\"Sushi Go Party! on t\u00e4ydellinen korttipeli koko perheelle. Yhdist\u00e4 yst\u00e4v\u00e4t ja ker\u00e4\u00e4 herkulliset sushivalikoimat! Kokeile nyt!\" \/>\n<meta name=\"robots\" content=\"index, follow, max-snippet:-1, max-image-preview:large, max-video-preview:-1\" \/>\n<link rel=\"canonical\" href=\"https:\/\/spelivinkki.fi\/sv\/produkt\/sushi-go-party-nordic\/\" \/>\n<meta property=\"og:locale\" content=\"sv_SE\" \/>\n<meta property=\"og:type\" content=\"article\" \/>\n<meta property=\"og:title\" content=\"Sushi Go Party! (Nordic)\" \/>\n<meta property=\"og:description\" content=\"Sushi Go Party! on t\u00e4ydellinen korttipeli koko perheelle. Yhdist\u00e4 yst\u00e4v\u00e4t ja ker\u00e4\u00e4 herkulliset sushivalikoimat! Kokeile nyt!\" \/>\n<meta property=\"og:url\" content=\"https:\/\/spelivinkki.fi\/sv\/produkt\/sushi-go-party-nordic\/\" \/>\n<meta property=\"og:site_name\" content=\"Spelivinkki\" \/>\n<meta property=\"article:publisher\" content=\"https:\/\/www.facebook.com\/SpelivinkkiOy\/\" \/>\n<meta property=\"article:modified_time\" content=\"2026-02-13T13:00:50+00:00\" \/>\n<meta property=\"og:image\" content=\"https:\/\/mlw9zexfsyfr.i.optimole.com\/w:auto\/h:auto\/q:mauto\/ig:avif\/https:\/\/spelivinkki.fi\/wp-content\/uploads\/2026\/02\/Sushi-go-party-tuotekuva.png\" \/>\n\t<meta property=\"og:image:width\" content=\"800\" \/>\n\t<meta property=\"og:image:height\" content=\"799\" \/>\n\t<meta property=\"og:image:type\" content=\"image\/png\" \/>\n<meta name=\"twitter:card\" content=\"summary_large_image\" \/>\n<meta name=\"twitter:site\" content=\"@SpelivinkkiOy\" \/>\n<meta name=\"twitter:label1\" content=\"Pris\" \/>\n\t<meta name=\"twitter:data1\" content=\"26,00&nbsp;&euro;\" \/>\n\t<meta name=\"twitter:label2\" content=\"Tillg\u00e4nglig\" \/>\n\t<meta name=\"twitter:data2\" content=\"I lager\" \/>\n<script type=\"application\/ld+json\" class=\"yoast-schema-graph\">{\"@context\":\"https:\\\/\\\/schema.org\",\"@graph\":[{\"@type\":\"WebPage\",\"@id\":\"https:\\\/\\\/spelivinkki.fi\\\/tuote\\\/sushi-go-party-nordic\\\/\",\"url\":\"https:\\\/\\\/spelivinkki.fi\\\/tuote\\\/sushi-go-party-nordic\\\/\",\"name\":\"Sushi Go Party! (Nordic) &#8211; Spelivinkki\",\"isPartOf\":{\"@id\":\"https:\\\/\\\/spelivinkki.fi\\\/#website\"},\"primaryImageOfPage\":{\"@id\":\"https:\\\/\\\/spelivinkki.fi\\\/tuote\\\/sushi-go-party-nordic\\\/#primaryimage\"},\"image\":{\"@id\":\"https:\\\/\\\/spelivinkki.fi\\\/tuote\\\/sushi-go-party-nordic\\\/#primaryimage\"},\"thumbnailUrl\":\"https:\\/\\/spelivinkki.fi\\/wp-content\\/uploads\\/2026\\/02\\/Sushi-go-party-tuotekuva.png\",\"datePublished\":\"2026-02-13T12:53:40+00:00\",\"dateModified\":\"2026-02-13T13:00:50+00:00\",\"description\":\"Sushi Go Party! on t\u00e4ydellinen korttipeli koko perheelle. Yhdist\u00e4 yst\u00e4v\u00e4t ja ker\u00e4\u00e4 herkulliset sushivalikoimat! Kokeile nyt!\",\"breadcrumb\":{\"@id\":\"https:\\\/\\\/spelivinkki.fi\\\/tuote\\\/sushi-go-party-nordic\\\/#breadcrumb\"},\"inLanguage\":\"sv-SE\",\"potentialAction\":[{\"@type\":\"ReadAction\",\"target\":[\"https:\\\/\\\/spelivinkki.fi\\\/tuote\\\/sushi-go-party-nordic\\\/\"]}]},{\"@type\":\"ImageObject\",\"inLanguage\":\"sv-SE\",\"@id\":\"https:\\\/\\\/spelivinkki.fi\\\/tuote\\\/sushi-go-party-nordic\\\/#primaryimage\",\"url\":\"https:\\/\\/spelivinkki.fi\\/wp-content\\/uploads\\/2026\\/02\\/Sushi-go-party-tuotekuva.png\",\"contentUrl\":\"https:\\/\\/spelivinkki.fi\\/wp-content\\/uploads\\/2026\\/02\\/Sushi-go-party-tuotekuva.png\",\"width\":800,\"height\":799,\"caption\":\"Sushi go party tuotekuva\"},{\"@type\":\"BreadcrumbList\",\"@id\":\"https:\\\/\\\/spelivinkki.fi\\\/tuote\\\/sushi-go-party-nordic\\\/#breadcrumb\",\"itemListElement\":[{\"@type\":\"ListItem\",\"position\":1,\"name\":\"Etusivu\",\"item\":\"https:\\\/\\\/spelivinkki.fi\\\/\"},{\"@type\":\"ListItem\",\"position\":2,\"name\":\"Tuotteet\",\"item\":\"https:\\\/\\\/spelivinkki.fi\\\/tuotteet\\\/\"},{\"@type\":\"ListItem\",\"position\":3,\"name\":\"Sushi Go Party! (Nordic)\"}]},{\"@type\":\"WebSite\",\"@id\":\"https:\\\/\\\/spelivinkki.fi\\\/#website\",\"url\":\"https:\\\/\\\/spelivinkki.fi\\\/\",\"name\":\"Spelivinkki\",\"description\":\"Paraisten Lautapelikauppa\",\"publisher\":{\"@id\":\"https:\\\/\\\/spelivinkki.fi\\\/#organization\"},\"alternateName\":\"Spelivinkki Oy\",\"potentialAction\":[{\"@type\":\"SearchAction\",\"target\":{\"@type\":\"EntryPoint\",\"urlTemplate\":\"https:\\\/\\\/spelivinkki.fi\\\/?s={search_term_string}\"},\"query-input\":{\"@type\":\"PropertyValueSpecification\",\"valueRequired\":true,\"valueName\":\"search_term_string\"}}],\"inLanguage\":\"sv-SE\"},{\"@type\":\"Organization\",\"@id\":\"https:\\\/\\\/spelivinkki.fi\\\/#organization\",\"name\":\"Spelivinkki Oy\",\"alternateName\":\"Spelivinkki\",\"url\":\"https:\\\/\\\/spelivinkki.fi\\\/\",\"logo\":{\"@type\":\"ImageObject\",\"inLanguage\":\"sv-SE\",\"@id\":\"https:\\\/\\\/spelivinkki.fi\\\/#\\\/schema\\\/logo\\\/image\\\/\",\"url\":\"https:\\/\\/spelivinkki.fi\\/wp-content\\/uploads\\/2024\\/02\\/Logo.svg\",\"contentUrl\":\"https:\\/\\/spelivinkki.fi\\/wp-content\\/uploads\\/2024\\/02\\/Logo.svg\",\"width\":2176,\"height\":2323,\"caption\":\"Spelivinkki Oy\"},\"image\":{\"@id\":\"https:\\\/\\\/spelivinkki.fi\\\/#\\\/schema\\\/logo\\\/image\\\/\"},\"sameAs\":[\"https:\\\/\\\/www.facebook.com\\\/SpelivinkkiOy\\\/\",\"https:\\\/\\\/x.com\\\/SpelivinkkiOy\",\"https:\\\/\\\/www.instagram.com\\\/spelivinkkioy\\\/\"],\"description\":\"Spelivinkki Oy is a company operating both a brick-and-mortar store in Finland as well as a webshop online. We sell board games, roleplaying games, miniature wargames, logic puzzles, jigsaw puzzles and other things related to the boardgame hobby.\",\"email\":\"myynti@spelivinkki.fi\",\"telephone\":\"+358406486605\",\"legalName\":\"Spelivinkki Oy\",\"foundingDate\":\"2023-09-17\",\"vatID\":\"FI33904524\",\"numberOfEmployees\":{\"@type\":\"QuantitativeValue\",\"minValue\":\"1\",\"maxValue\":\"10\"},\"hasMerchantReturnPolicy\":{\"@type\":\"MerchantReturnPolicy\",\"merchantReturnLink\":\"https:\\\/\\\/spelivinkki.fi\\\/sv\\\/spelivinkin-vaihto-ja-palautusoikeus\\\/\"}}]}<\/script>\n<meta property=\"product:brand\" content=\"Lautapelit.fi\" \/>\n<meta property=\"product:price:amount\" content=\"26.00\" \/>\n<meta property=\"product:price:currency\" content=\"EUR\" \/>\n<meta property=\"og:availability\" content=\"instock\" \/>\n<meta property=\"product:availability\" content=\"instock\" \/>\n<meta property=\"product:retailer_item_id\" content=\"LPFI741\" \/>\n<meta property=\"product:condition\" content=\"new\" \/>\n<!-- \/ Yoast SEO Premium plugin. -->","yoast_head_json":{"title":"Sushi Go Party! (Nordic) &#8211; Spelivinkki","description":"Sushi Go Party! on t\u00e4ydellinen korttipeli koko perheelle. Yhdist\u00e4 yst\u00e4v\u00e4t ja ker\u00e4\u00e4 herkulliset sushivalikoimat! Kokeile nyt!","robots":{"index":"index","follow":"follow","max-snippet":"max-snippet:-1","max-image-preview":"max-image-preview:large","max-video-preview":"max-video-preview:-1"},"canonical":"https:\/\/spelivinkki.fi\/sv\/produkt\/sushi-go-party-nordic\/","og_locale":"sv_SE","og_type":"article","og_title":"Sushi Go Party! (Nordic)","og_description":"Sushi Go Party! on t\u00e4ydellinen korttipeli koko perheelle. Yhdist\u00e4 yst\u00e4v\u00e4t ja ker\u00e4\u00e4 herkulliset sushivalikoimat! Kokeile nyt!","og_url":"https:\/\/spelivinkki.fi\/sv\/produkt\/sushi-go-party-nordic\/","og_site_name":"Spelivinkki","article_publisher":"https:\/\/www.facebook.com\/SpelivinkkiOy\/","article_modified_time":"2026-02-13T13:00:50+00:00","og_image":[{"width":800,"height":799,"url":"https:\/\/mlw9zexfsyfr.i.optimole.com\/w:auto\/h:auto\/q:mauto\/ig:avif\/https:\/\/spelivinkki.fi\/wp-content\/uploads\/2026\/02\/Sushi-go-party-tuotekuva.png","type":"image\/png"}],"twitter_card":"summary_large_image","twitter_site":"@SpelivinkkiOy","twitter_misc":{"Pris":"26,00&nbsp;&euro;","Tillg\u00e4nglig":"I lager"},"schema":{"@context":"https:\/\/schema.org","@graph":[{"@type":"WebPage","@id":"https:\/\/spelivinkki.fi\/tuote\/sushi-go-party-nordic\/","url":"https:\/\/spelivinkki.fi\/tuote\/sushi-go-party-nordic\/","name":"Sushi Go Party! (Nordic) &#8211; Spelivinkki","isPartOf":{"@id":"https:\/\/spelivinkki.fi\/#website"},"primaryImageOfPage":{"@id":"https:\/\/spelivinkki.fi\/tuote\/sushi-go-party-nordic\/#primaryimage"},"image":{"@id":"https:\/\/spelivinkki.fi\/tuote\/sushi-go-party-nordic\/#primaryimage"},"thumbnailUrl":"https:\/\/mlw9zexfsyfr.i.optimole.com\/w:auto\/h:auto\/q:mauto\/ig:avif\/https:\/\/spelivinkki.fi\/wp-content\/uploads\/2026\/02\/Sushi-go-party-tuotekuva.png","datePublished":"2026-02-13T12:53:40+00:00","dateModified":"2026-02-13T13:00:50+00:00","description":"Sushi Go Party! on t\u00e4ydellinen korttipeli koko perheelle. Yhdist\u00e4 yst\u00e4v\u00e4t ja ker\u00e4\u00e4 herkulliset sushivalikoimat! Kokeile nyt!","breadcrumb":{"@id":"https:\/\/spelivinkki.fi\/tuote\/sushi-go-party-nordic\/#breadcrumb"},"inLanguage":"sv-SE","potentialAction":[{"@type":"ReadAction","target":["https:\/\/spelivinkki.fi\/tuote\/sushi-go-party-nordic\/"]}]},{"@type":"ImageObject","inLanguage":"sv-SE","@id":"https:\/\/spelivinkki.fi\/tuote\/sushi-go-party-nordic\/#primaryimage","url":"https:\/\/mlw9zexfsyfr.i.optimole.com\/w:auto\/h:auto\/q:mauto\/ig:avif\/https:\/\/spelivinkki.fi\/wp-content\/uploads\/2026\/02\/Sushi-go-party-tuotekuva.png","contentUrl":"https:\/\/mlw9zexfsyfr.i.optimole.com\/w:auto\/h:auto\/q:mauto\/ig:avif\/https:\/\/spelivinkki.fi\/wp-content\/uploads\/2026\/02\/Sushi-go-party-tuotekuva.png","width":800,"height":799,"caption":"Sushi go party tuotekuva"},{"@type":"BreadcrumbList","@id":"https:\/\/spelivinkki.fi\/tuote\/sushi-go-party-nordic\/#breadcrumb","itemListElement":[{"@type":"ListItem","position":1,"name":"Etusivu","item":"https:\/\/spelivinkki.fi\/"},{"@type":"ListItem","position":2,"name":"Tuotteet","item":"https:\/\/spelivinkki.fi\/tuotteet\/"},{"@type":"ListItem","position":3,"name":"Sushi Go Party! (Nordic)"}]},{"@type":"WebSite","@id":"https:\/\/spelivinkki.fi\/#website","url":"https:\/\/spelivinkki.fi\/","name":"Spelivinkki","description":"Paraisten Lautapelikauppa","publisher":{"@id":"https:\/\/spelivinkki.fi\/#organization"},"alternateName":"Spelivinkki Oy","potentialAction":[{"@type":"SearchAction","target":{"@type":"EntryPoint","urlTemplate":"https:\/\/spelivinkki.fi\/?s={search_term_string}"},"query-input":{"@type":"PropertyValueSpecification","valueRequired":true,"valueName":"search_term_string"}}],"inLanguage":"sv-SE"},{"@type":"Organization","@id":"https:\/\/spelivinkki.fi\/#organization","name":"Spelivinkki Oy","alternateName":"Spelivinkki","url":"https:\/\/spelivinkki.fi\/","logo":{"@type":"ImageObject","inLanguage":"sv-SE","@id":"https:\/\/spelivinkki.fi\/#\/schema\/logo\/image\/","url":"https:\/\/mlw9zexfsyfr.i.optimole.com\/w:auto\/h:auto\/q:mauto\/ig:avif\/https:\/\/spelivinkki.fi\/wp-content\/uploads\/2024\/02\/Logo.svg","contentUrl":"https:\/\/mlw9zexfsyfr.i.optimole.com\/w:auto\/h:auto\/q:mauto\/ig:avif\/https:\/\/spelivinkki.fi\/wp-content\/uploads\/2024\/02\/Logo.svg","width":2176,"height":2323,"caption":"Spelivinkki Oy"},"image":{"@id":"https:\/\/spelivinkki.fi\/#\/schema\/logo\/image\/"},"sameAs":["https:\/\/www.facebook.com\/SpelivinkkiOy\/","https:\/\/x.com\/SpelivinkkiOy","https:\/\/www.instagram.com\/spelivinkkioy\/"],"description":"Spelivinkki Oy is a company operating both a brick-and-mortar store in Finland as well as a webshop online. We sell board games, roleplaying games, miniature wargames, logic puzzles, jigsaw puzzles and other things related to the boardgame hobby.","email":"myynti@spelivinkki.fi","telephone":"+358406486605","legalName":"Spelivinkki Oy","foundingDate":"2023-09-17","vatID":"FI33904524","numberOfEmployees":{"@type":"QuantitativeValue","minValue":"1","maxValue":"10"},"hasMerchantReturnPolicy":{"@type":"MerchantReturnPolicy","merchantReturnLink":"https:\/\/spelivinkki.fi\/sv\/spelivinkin-vaihto-ja-palautusoikeus\/"}}]},"product_brand":"Lautapelit.fi","product_price_amount":"26.00","product_price_currency":"EUR","og_availability":"instock","product_availability":"instock","product_retailer_item_id":"LPFI741","product_condition":"new"},"_links":{"self":[{"href":"https:\/\/spelivinkki.fi\/sv\/wp-json\/wp\/v2\/product\/7868","targetHints":{"allow":["GET"]}}],"collection":[{"href":"https:\/\/spelivinkki.fi\/sv\/wp-json\/wp\/v2\/product"}],"about":[{"href":"https:\/\/spelivinkki.fi\/sv\/wp-json\/wp\/v2\/types\/product"}],"wp:featuredmedia":[{"embeddable":true,"href":"https:\/\/spelivinkki.fi\/sv\/wp-json\/wp\/v2\/media\/7869"}],"wp:attachment":[{"href":"https:\/\/spelivinkki.fi\/sv\/wp-json\/wp\/v2\/media?parent=7868"}],"wp:term":[{"taxonomy":"product_brand","embeddable":true,"href":"https:\/\/spelivinkki.fi\/sv\/wp-json\/wp\/v2\/product_brand?post=7868"},{"taxonomy":"product_cat","embeddable":true,"href":"https:\/\/spelivinkki.fi\/sv\/wp-json\/wp\/v2\/product_cat?post=7868"},{"taxonomy":"product_tag","embeddable":true,"href":"https:\/\/spelivinkki.fi\/sv\/wp-json\/wp\/v2\/product_tag?post=7868"}],"curies":[{"name":"wp","href":"https:\/\/api.w.org\/{rel}","templated":true}]}}