{"id":7875,"date":"2026-02-14T15:46:40","date_gmt":"2026-02-14T15:46:40","guid":{"rendered":"https:\/\/spelivinkki.fi\/?post_type=product&#038;p=7875"},"modified":"2026-02-16T10:56:02","modified_gmt":"2026-02-16T10:56:02","slug":"clever-4-ever-aina-ovelaa-fi-se-no-dk-en","status":"publish","type":"product","link":"https:\/\/spelivinkki.fi\/sv\/produkt\/clever-4-ever-aina-ovelaa-fi-se-no-dk-en\/","title":{"rendered":"Clever 4-ever (FI\/SE\/NO\/DK\/EN)"},"content":{"rendered":"<p><i>\u00c4r du redo att visa att du alltid \u00e4r slug?<\/i><\/p>\n<p><b><i>Clever 4-ever<\/i><\/b>\u00a0\u00e4r det senaste frist\u00e5ende spelet i Wolfgang Warschs prisbel\u00f6nta Clever-serie. Spelet bjuder p\u00e5 fem helt nya po\u00e4ngomr\u00e5den, fr\u00e4scha v\u00e4ndningar och \u00e4nnu mer kittlande kombinationer f\u00f6r alla som \u00e4lskar smarta t\u00e4rningsval.<\/p>\n<p>Precis som i de tidigare Clever-spelen spelar varje kast roll. V\u00e4lj dina t\u00e4rningar klokt, maximera dina po\u00e4ng och h\u00e5ll samtidigt ett \u00f6ga p\u00e5 de andra spelarna \u2013 de f\u00e5r n\u00e4mligen anv\u00e4nda de t\u00e4rningar du l\u00e4mnar kvar. Clever 4-ever erbjuder genom sina f\u00e4rgglada omr\u00e5den nya utmaningar och n\u00e4stan o\u00e4ndlig \u00e5terspelbarhet.<\/p>\n<p>Oavsett om du \u00e4r en m\u00e4stare p\u00e5 solospel eller t\u00e4vlar med v\u00e4nner, levererar Clever 4-ever en h\u00e4rligt slug spelupplevelse om och om igen!<\/p>","protected":false},"excerpt":{"rendered":"<ul>\n<li><strong>Spelarm\u00e4ngd:<\/strong> 1-4 (<strong>B\u00e4sta m\u00e4ngden:<\/strong> 2)<\/li>\n<li><strong>Varaktighet:<\/strong> 30 min<\/li>\n<li><strong>\u00c5ldersrekommendation:<\/strong> 14+<\/li>\n<li><strong>Spr\u00e5k:<\/strong>Finska, svenska, norska, danska, engelska<\/li>\n<li><strong>Genre:<\/strong> Noppapeli, resurssinosto<\/li>\n<li><strong>Utveckling:<\/strong> Wolfgang Warsch<\/li>\n<li><strong>Utgivare:<\/strong>Schmidt Spiele \/ Lautapelit.fi<\/li>\n<\/ul>","protected":false},"featured_media":7877,"template":"","meta":{"site-sidebar-layout":"default","site-content-layout":"","ast-site-content-layout":"default","site-content-style":"default","site-sidebar-style":"default","ast-global-header-display":"","ast-banner-title-visibility":"","ast-main-header-display":"","ast-hfb-above-header-display":"","ast-hfb-below-header-display":"","ast-hfb-mobile-header-display":"","site-post-title":"","ast-breadcrumbs-content":"","ast-featured-img":"","footer-sml-layout":"","ast-disable-related-posts":"","theme-transparent-header-meta":"default","adv-header-id-meta":"","stick-header-meta":"","header-above-stick-meta":"","header-main-stick-meta":"","header-below-stick-meta":"","astra-migrate-meta-layouts":"set","ast-page-background-enabled":"default","ast-page-background-meta":{"desktop":{"background-color":"","background-image":"","background-repeat":"repeat","background-position":"center center","background-size":"auto","background-attachment":"scroll","background-type":"","background-media":"","overlay-type":"","overlay-color":"","overlay-opacity":"","overlay-gradient":""},"tablet":{"background-color":"","background-image":"","background-repeat":"repeat","background-position":"center center","background-size":"auto","background-attachment":"scroll","background-type":"","background-media":"","overlay-type":"","overlay-color":"","overlay-opacity":"","overlay-gradient":""},"mobile":{"background-color":"","background-image":"","background-repeat":"repeat","background-position":"center center","background-size":"auto","background-attachment":"scroll","background-type":"","background-media":"","overlay-type":"","overlay-color":"","overlay-opacity":"","overlay-gradient":""}},"ast-content-background-meta":{"desktop":{"background-color":"var(--ast-global-color-5)","background-image":"","background-repeat":"repeat","background-position":"center center","background-size":"auto","background-attachment":"scroll","background-type":"","background-media":"","overlay-type":"","overlay-color":"","overlay-opacity":"","overlay-gradient":""},"tablet":{"background-color":"var(--ast-global-color-5)","background-image":"","background-repeat":"repeat","background-position":"center center","background-size":"auto","background-attachment":"scroll","background-type":"","background-media":"","overlay-type":"","overlay-color":"","overlay-opacity":"","overlay-gradient":""},"mobile":{"background-color":"var(--ast-global-color-5)","background-image":"","background-repeat":"repeat","background-position":"center center","background-size":"auto","background-attachment":"scroll","background-type":"","background-media":"","overlay-type":"","overlay-color":"","overlay-opacity":"","overlay-gradient":""}}},"product_brand":[1107,1163],"product_cat":[16,48],"product_tag":[1049,1047,1167,1050,1048,1164],"class_list":{"0":"post-7875","1":"product","2":"type-product","3":"status-publish","4":"has-post-thumbnail","6":"product_brand-lautapelit-fi","7":"product_brand-schmidt-spiele","8":"product_cat-kaikki","9":"product_cat-noppapelit","10":"product_tag-englanninkieliset-pelit","11":"product_tag-peruspeli","12":"product_tag-roll-and-write","13":"product_tag-ruotsinkieliset-pelit","14":"product_tag-suomenkieliset-pelit","15":"product_tag-wolfgang-warsch","16":"product_shipping_class-standard2","17":"desktop-align-center","18":"tablet-align-center","19":"mobile-align-center","21":"first","22":"instock","23":"taxable","24":"shipping-taxable","25":"purchasable","26":"product-type-simple"},"yoast_head":"<!-- This site is optimized with the Yoast SEO Premium plugin v27.3 (Yoast SEO v27.4) - https:\/\/yoast.com\/product\/yoast-seo-premium-wordpress\/ -->\n<title>Clever 4-ever \/ Aina ovelaa (FI\/SE\/NO\/DK\/EN) &#8211; Spelivinkki<\/title>\n<meta name=\"description\" content=\"Oletko valmis ottamaan pelin haltuusi? Clever 4-ever Aina Ovelaa tarjoaa j\u00e4nnitt\u00e4vi\u00e4 yhdistelmi\u00e4 ja kilpailua yst\u00e4vien kesken. Kokeile!\" \/>\n<meta name=\"robots\" content=\"index, follow, max-snippet:-1, max-image-preview:large, max-video-preview:-1\" \/>\n<link rel=\"canonical\" href=\"https:\/\/spelivinkki.fi\/sv\/produkt\/clever-4-ever-aina-ovelaa-fi-se-no-dk-en\/\" \/>\n<meta property=\"og:locale\" content=\"sv_SE\" \/>\n<meta property=\"og:type\" content=\"article\" \/>\n<meta property=\"og:title\" content=\"Clever 4-ever \/ Aina ovelaa (FI\/SE\/NO\/DK\/EN)\" \/>\n<meta property=\"og:description\" content=\"Oletko valmis ottamaan pelin haltuusi? Clever 4-ever Aina Ovelaa tarjoaa j\u00e4nnitt\u00e4vi\u00e4 yhdistelmi\u00e4 ja kilpailua yst\u00e4vien kesken. Kokeile!\" \/>\n<meta property=\"og:url\" content=\"https:\/\/spelivinkki.fi\/sv\/produkt\/clever-4-ever-aina-ovelaa-fi-se-no-dk-en\/\" \/>\n<meta property=\"og:site_name\" content=\"Spelivinkki\" \/>\n<meta property=\"article:publisher\" content=\"https:\/\/www.facebook.com\/SpelivinkkiOy\/\" \/>\n<meta property=\"article:modified_time\" content=\"2026-02-16T10:56:02+00:00\" \/>\n<meta property=\"og:image\" content=\"https:\/\/mlw9zexfsyfr.i.optimole.com\/w:auto\/h:auto\/q:mauto\/ig:avif\/https:\/\/spelivinkki.fi\/wp-content\/uploads\/2026\/02\/Clever-4Ever-Nordic-Tuotekuva.png\" \/>\n\t<meta property=\"og:image:width\" content=\"1000\" \/>\n\t<meta property=\"og:image:height\" content=\"1000\" \/>\n\t<meta property=\"og:image:type\" content=\"image\/png\" \/>\n<meta name=\"twitter:card\" content=\"summary_large_image\" \/>\n<meta name=\"twitter:site\" content=\"@SpelivinkkiOy\" \/>\n<meta name=\"twitter:label1\" content=\"Pris\" \/>\n\t<meta name=\"twitter:data1\" content=\"16,00&nbsp;&euro;\" \/>\n\t<meta name=\"twitter:label2\" content=\"Tillg\u00e4nglig\" \/>\n\t<meta name=\"twitter:data2\" content=\"I lager\" \/>\n<script type=\"application\/ld+json\" class=\"yoast-schema-graph\">{\"@context\":\"https:\\\/\\\/schema.org\",\"@graph\":[{\"@type\":\"WebPage\",\"@id\":\"https:\\\/\\\/spelivinkki.fi\\\/tuote\\\/clever-4-ever-aina-ovelaa-fi-se-no-dk-en\\\/\",\"url\":\"https:\\\/\\\/spelivinkki.fi\\\/tuote\\\/clever-4-ever-aina-ovelaa-fi-se-no-dk-en\\\/\",\"name\":\"Clever 4-ever \\\/ Aina ovelaa (FI\\\/SE\\\/NO\\\/DK\\\/EN) &#8211; Spelivinkki\",\"isPartOf\":{\"@id\":\"https:\\\/\\\/spelivinkki.fi\\\/#website\"},\"primaryImageOfPage\":{\"@id\":\"https:\\\/\\\/spelivinkki.fi\\\/tuote\\\/clever-4-ever-aina-ovelaa-fi-se-no-dk-en\\\/#primaryimage\"},\"image\":{\"@id\":\"https:\\\/\\\/spelivinkki.fi\\\/tuote\\\/clever-4-ever-aina-ovelaa-fi-se-no-dk-en\\\/#primaryimage\"},\"thumbnailUrl\":\"https:\\/\\/spelivinkki.fi\\/wp-content\\/uploads\\/2026\\/02\\/Clever-4Ever-Nordic-Tuotekuva.png\",\"datePublished\":\"2026-02-14T15:46:40+00:00\",\"dateModified\":\"2026-02-16T10:56:02+00:00\",\"description\":\"Oletko valmis ottamaan pelin haltuusi? Clever 4-ever Aina Ovelaa tarjoaa j\u00e4nnitt\u00e4vi\u00e4 yhdistelmi\u00e4 ja kilpailua yst\u00e4vien kesken. Kokeile!\",\"breadcrumb\":{\"@id\":\"https:\\\/\\\/spelivinkki.fi\\\/tuote\\\/clever-4-ever-aina-ovelaa-fi-se-no-dk-en\\\/#breadcrumb\"},\"inLanguage\":\"sv-SE\",\"potentialAction\":[{\"@type\":\"ReadAction\",\"target\":[\"https:\\\/\\\/spelivinkki.fi\\\/tuote\\\/clever-4-ever-aina-ovelaa-fi-se-no-dk-en\\\/\"]}]},{\"@type\":\"ImageObject\",\"inLanguage\":\"sv-SE\",\"@id\":\"https:\\\/\\\/spelivinkki.fi\\\/tuote\\\/clever-4-ever-aina-ovelaa-fi-se-no-dk-en\\\/#primaryimage\",\"url\":\"https:\\/\\/spelivinkki.fi\\/wp-content\\/uploads\\/2026\\/02\\/Clever-4Ever-Nordic-Tuotekuva.png\",\"contentUrl\":\"https:\\/\\/spelivinkki.fi\\/wp-content\\/uploads\\/2026\\/02\\/Clever-4Ever-Nordic-Tuotekuva.png\",\"width\":1000,\"height\":1000,\"caption\":\"Clever 4Ever Nordic Tuotekuva\"},{\"@type\":\"BreadcrumbList\",\"@id\":\"https:\\\/\\\/spelivinkki.fi\\\/tuote\\\/clever-4-ever-aina-ovelaa-fi-se-no-dk-en\\\/#breadcrumb\",\"itemListElement\":[{\"@type\":\"ListItem\",\"position\":1,\"name\":\"Etusivu\",\"item\":\"https:\\\/\\\/spelivinkki.fi\\\/\"},{\"@type\":\"ListItem\",\"position\":2,\"name\":\"Tuotteet\",\"item\":\"https:\\\/\\\/spelivinkki.fi\\\/tuotteet\\\/\"},{\"@type\":\"ListItem\",\"position\":3,\"name\":\"Clever 4-ever \\\/ Aina ovelaa (FI\\\/SE\\\/NO\\\/DK\\\/EN)\"}]},{\"@type\":\"WebSite\",\"@id\":\"https:\\\/\\\/spelivinkki.fi\\\/#website\",\"url\":\"https:\\\/\\\/spelivinkki.fi\\\/\",\"name\":\"Spelivinkki\",\"description\":\"Paraisten Lautapelikauppa\",\"publisher\":{\"@id\":\"https:\\\/\\\/spelivinkki.fi\\\/#organization\"},\"alternateName\":\"Spelivinkki Oy\",\"potentialAction\":[{\"@type\":\"SearchAction\",\"target\":{\"@type\":\"EntryPoint\",\"urlTemplate\":\"https:\\\/\\\/spelivinkki.fi\\\/?s={search_term_string}\"},\"query-input\":{\"@type\":\"PropertyValueSpecification\",\"valueRequired\":true,\"valueName\":\"search_term_string\"}}],\"inLanguage\":\"sv-SE\"},{\"@type\":\"Organization\",\"@id\":\"https:\\\/\\\/spelivinkki.fi\\\/#organization\",\"name\":\"Spelivinkki Oy\",\"alternateName\":\"Spelivinkki\",\"url\":\"https:\\\/\\\/spelivinkki.fi\\\/\",\"logo\":{\"@type\":\"ImageObject\",\"inLanguage\":\"sv-SE\",\"@id\":\"https:\\\/\\\/spelivinkki.fi\\\/#\\\/schema\\\/logo\\\/image\\\/\",\"url\":\"https:\\/\\/spelivinkki.fi\\/wp-content\\/uploads\\/2024\\/02\\/Logo.svg\",\"contentUrl\":\"https:\\/\\/spelivinkki.fi\\/wp-content\\/uploads\\/2024\\/02\\/Logo.svg\",\"width\":2176,\"height\":2323,\"caption\":\"Spelivinkki Oy\"},\"image\":{\"@id\":\"https:\\\/\\\/spelivinkki.fi\\\/#\\\/schema\\\/logo\\\/image\\\/\"},\"sameAs\":[\"https:\\\/\\\/www.facebook.com\\\/SpelivinkkiOy\\\/\",\"https:\\\/\\\/x.com\\\/SpelivinkkiOy\",\"https:\\\/\\\/www.instagram.com\\\/spelivinkkioy\\\/\"],\"description\":\"Spelivinkki Oy is a company operating both a brick-and-mortar store in Finland as well as a webshop online. We sell board games, roleplaying games, miniature wargames, logic puzzles, jigsaw puzzles and other things related to the boardgame hobby.\",\"email\":\"myynti@spelivinkki.fi\",\"telephone\":\"+358406486605\",\"legalName\":\"Spelivinkki Oy\",\"foundingDate\":\"2023-09-17\",\"vatID\":\"FI33904524\",\"numberOfEmployees\":{\"@type\":\"QuantitativeValue\",\"minValue\":\"1\",\"maxValue\":\"10\"},\"hasMerchantReturnPolicy\":{\"@type\":\"MerchantReturnPolicy\",\"merchantReturnLink\":\"https:\\\/\\\/spelivinkki.fi\\\/sv\\\/spelivinkin-vaihto-ja-palautusoikeus\\\/\"}}]}<\/script>\n<meta property=\"product:brand\" content=\"Lautapelit.fi\" \/>\n<meta property=\"product:price:amount\" content=\"16.00\" \/>\n<meta property=\"product:price:currency\" content=\"EUR\" \/>\n<meta property=\"og:availability\" content=\"instock\" \/>\n<meta property=\"product:availability\" content=\"instock\" \/>\n<meta property=\"product:retailer_item_id\" content=\"LPFI860\" \/>\n<meta property=\"product:condition\" content=\"new\" \/>\n<!-- \/ Yoast SEO Premium plugin. -->","yoast_head_json":{"title":"Clever 4-ever \/ Aina ovelaa (FI\/SE\/NO\/DK\/EN) &#8211; Spelivinkki","description":"Oletko valmis ottamaan pelin haltuusi? Clever 4-ever Aina Ovelaa tarjoaa j\u00e4nnitt\u00e4vi\u00e4 yhdistelmi\u00e4 ja kilpailua yst\u00e4vien kesken. Kokeile!","robots":{"index":"index","follow":"follow","max-snippet":"max-snippet:-1","max-image-preview":"max-image-preview:large","max-video-preview":"max-video-preview:-1"},"canonical":"https:\/\/spelivinkki.fi\/sv\/produkt\/clever-4-ever-aina-ovelaa-fi-se-no-dk-en\/","og_locale":"sv_SE","og_type":"article","og_title":"Clever 4-ever \/ Aina ovelaa (FI\/SE\/NO\/DK\/EN)","og_description":"Oletko valmis ottamaan pelin haltuusi? Clever 4-ever Aina Ovelaa tarjoaa j\u00e4nnitt\u00e4vi\u00e4 yhdistelmi\u00e4 ja kilpailua yst\u00e4vien kesken. Kokeile!","og_url":"https:\/\/spelivinkki.fi\/sv\/produkt\/clever-4-ever-aina-ovelaa-fi-se-no-dk-en\/","og_site_name":"Spelivinkki","article_publisher":"https:\/\/www.facebook.com\/SpelivinkkiOy\/","article_modified_time":"2026-02-16T10:56:02+00:00","og_image":[{"width":1000,"height":1000,"url":"https:\/\/mlw9zexfsyfr.i.optimole.com\/w:auto\/h:auto\/q:mauto\/ig:avif\/https:\/\/spelivinkki.fi\/wp-content\/uploads\/2026\/02\/Clever-4Ever-Nordic-Tuotekuva.png","type":"image\/png"}],"twitter_card":"summary_large_image","twitter_site":"@SpelivinkkiOy","twitter_misc":{"Pris":"16,00&nbsp;&euro;","Tillg\u00e4nglig":"I lager"},"schema":{"@context":"https:\/\/schema.org","@graph":[{"@type":"WebPage","@id":"https:\/\/spelivinkki.fi\/tuote\/clever-4-ever-aina-ovelaa-fi-se-no-dk-en\/","url":"https:\/\/spelivinkki.fi\/tuote\/clever-4-ever-aina-ovelaa-fi-se-no-dk-en\/","name":"Clever 4-ever \/ Aina ovelaa (FI\/SE\/NO\/DK\/EN) &#8211; Spelivinkki","isPartOf":{"@id":"https:\/\/spelivinkki.fi\/#website"},"primaryImageOfPage":{"@id":"https:\/\/spelivinkki.fi\/tuote\/clever-4-ever-aina-ovelaa-fi-se-no-dk-en\/#primaryimage"},"image":{"@id":"https:\/\/spelivinkki.fi\/tuote\/clever-4-ever-aina-ovelaa-fi-se-no-dk-en\/#primaryimage"},"thumbnailUrl":"https:\/\/mlw9zexfsyfr.i.optimole.com\/w:auto\/h:auto\/q:mauto\/ig:avif\/https:\/\/spelivinkki.fi\/wp-content\/uploads\/2026\/02\/Clever-4Ever-Nordic-Tuotekuva.png","datePublished":"2026-02-14T15:46:40+00:00","dateModified":"2026-02-16T10:56:02+00:00","description":"Oletko valmis ottamaan pelin haltuusi? Clever 4-ever Aina Ovelaa tarjoaa j\u00e4nnitt\u00e4vi\u00e4 yhdistelmi\u00e4 ja kilpailua yst\u00e4vien kesken. Kokeile!","breadcrumb":{"@id":"https:\/\/spelivinkki.fi\/tuote\/clever-4-ever-aina-ovelaa-fi-se-no-dk-en\/#breadcrumb"},"inLanguage":"sv-SE","potentialAction":[{"@type":"ReadAction","target":["https:\/\/spelivinkki.fi\/tuote\/clever-4-ever-aina-ovelaa-fi-se-no-dk-en\/"]}]},{"@type":"ImageObject","inLanguage":"sv-SE","@id":"https:\/\/spelivinkki.fi\/tuote\/clever-4-ever-aina-ovelaa-fi-se-no-dk-en\/#primaryimage","url":"https:\/\/mlw9zexfsyfr.i.optimole.com\/w:auto\/h:auto\/q:mauto\/ig:avif\/https:\/\/spelivinkki.fi\/wp-content\/uploads\/2026\/02\/Clever-4Ever-Nordic-Tuotekuva.png","contentUrl":"https:\/\/mlw9zexfsyfr.i.optimole.com\/w:auto\/h:auto\/q:mauto\/ig:avif\/https:\/\/spelivinkki.fi\/wp-content\/uploads\/2026\/02\/Clever-4Ever-Nordic-Tuotekuva.png","width":1000,"height":1000,"caption":"Clever 4Ever Nordic Tuotekuva"},{"@type":"BreadcrumbList","@id":"https:\/\/spelivinkki.fi\/tuote\/clever-4-ever-aina-ovelaa-fi-se-no-dk-en\/#breadcrumb","itemListElement":[{"@type":"ListItem","position":1,"name":"Etusivu","item":"https:\/\/spelivinkki.fi\/"},{"@type":"ListItem","position":2,"name":"Tuotteet","item":"https:\/\/spelivinkki.fi\/tuotteet\/"},{"@type":"ListItem","position":3,"name":"Clever 4-ever \/ Aina ovelaa (FI\/SE\/NO\/DK\/EN)"}]},{"@type":"WebSite","@id":"https:\/\/spelivinkki.fi\/#website","url":"https:\/\/spelivinkki.fi\/","name":"Spelivinkki","description":"Paraisten Lautapelikauppa","publisher":{"@id":"https:\/\/spelivinkki.fi\/#organization"},"alternateName":"Spelivinkki Oy","potentialAction":[{"@type":"SearchAction","target":{"@type":"EntryPoint","urlTemplate":"https:\/\/spelivinkki.fi\/?s={search_term_string}"},"query-input":{"@type":"PropertyValueSpecification","valueRequired":true,"valueName":"search_term_string"}}],"inLanguage":"sv-SE"},{"@type":"Organization","@id":"https:\/\/spelivinkki.fi\/#organization","name":"Spelivinkki Oy","alternateName":"Spelivinkki","url":"https:\/\/spelivinkki.fi\/","logo":{"@type":"ImageObject","inLanguage":"sv-SE","@id":"https:\/\/spelivinkki.fi\/#\/schema\/logo\/image\/","url":"https:\/\/mlw9zexfsyfr.i.optimole.com\/w:auto\/h:auto\/q:mauto\/ig:avif\/https:\/\/spelivinkki.fi\/wp-content\/uploads\/2024\/02\/Logo.svg","contentUrl":"https:\/\/mlw9zexfsyfr.i.optimole.com\/w:auto\/h:auto\/q:mauto\/ig:avif\/https:\/\/spelivinkki.fi\/wp-content\/uploads\/2024\/02\/Logo.svg","width":2176,"height":2323,"caption":"Spelivinkki Oy"},"image":{"@id":"https:\/\/spelivinkki.fi\/#\/schema\/logo\/image\/"},"sameAs":["https:\/\/www.facebook.com\/SpelivinkkiOy\/","https:\/\/x.com\/SpelivinkkiOy","https:\/\/www.instagram.com\/spelivinkkioy\/"],"description":"Spelivinkki Oy is a company operating both a brick-and-mortar store in Finland as well as a webshop online. We sell board games, roleplaying games, miniature wargames, logic puzzles, jigsaw puzzles and other things related to the boardgame hobby.","email":"myynti@spelivinkki.fi","telephone":"+358406486605","legalName":"Spelivinkki Oy","foundingDate":"2023-09-17","vatID":"FI33904524","numberOfEmployees":{"@type":"QuantitativeValue","minValue":"1","maxValue":"10"},"hasMerchantReturnPolicy":{"@type":"MerchantReturnPolicy","merchantReturnLink":"https:\/\/spelivinkki.fi\/sv\/spelivinkin-vaihto-ja-palautusoikeus\/"}}]},"product_brand":"Lautapelit.fi","product_price_amount":"16.00","product_price_currency":"EUR","og_availability":"instock","product_availability":"instock","product_retailer_item_id":"LPFI860","product_condition":"new"},"_links":{"self":[{"href":"https:\/\/spelivinkki.fi\/sv\/wp-json\/wp\/v2\/product\/7875","targetHints":{"allow":["GET"]}}],"collection":[{"href":"https:\/\/spelivinkki.fi\/sv\/wp-json\/wp\/v2\/product"}],"about":[{"href":"https:\/\/spelivinkki.fi\/sv\/wp-json\/wp\/v2\/types\/product"}],"wp:featuredmedia":[{"embeddable":true,"href":"https:\/\/spelivinkki.fi\/sv\/wp-json\/wp\/v2\/media\/7877"}],"wp:attachment":[{"href":"https:\/\/spelivinkki.fi\/sv\/wp-json\/wp\/v2\/media?parent=7875"}],"wp:term":[{"taxonomy":"product_brand","embeddable":true,"href":"https:\/\/spelivinkki.fi\/sv\/wp-json\/wp\/v2\/product_brand?post=7875"},{"taxonomy":"product_cat","embeddable":true,"href":"https:\/\/spelivinkki.fi\/sv\/wp-json\/wp\/v2\/product_cat?post=7875"},{"taxonomy":"product_tag","embeddable":true,"href":"https:\/\/spelivinkki.fi\/sv\/wp-json\/wp\/v2\/product_tag?post=7875"}],"curies":[{"name":"wp","href":"https:\/\/api.w.org\/{rel}","templated":true}]}}