{"id":7888,"date":"2026-02-20T14:44:17","date_gmt":"2026-02-20T14:44:17","guid":{"rendered":"https:\/\/spelivinkki.fi\/?post_type=product&#038;p=7888"},"modified":"2026-02-20T14:46:18","modified_gmt":"2026-02-20T14:46:18","slug":"white-dwarf-521-helmikuu-2026","status":"publish","type":"product","link":"https:\/\/spelivinkki.fi\/sv\/produkt\/white-dwarf-521-helmikuu-2026\/","title":{"rendered":"White Dwarf #521 \u2014 Februari 2026"},"content":{"rendered":"<h5>Publisher Description:<\/h5>\n<p><em>White Dwarf\u00a0is the official Warhammer magazine, packed with amazing monthly content \u2013 including new rules and background, short stories, regular columns, special guests, and more.<\/em><\/p>\n<p><em>Here\u2019s what you can look forward to in the February issue:<\/em><\/p>\n<h6><em><strong>WARHAMMER 40,000<\/strong><\/em><\/h6>\n<p>Deadly Encounters: Tomb Worlds<br \/>\n<em>Ancient anomalies and technological terrors abound in these new game rules for Kill Team.<\/em><\/p>\n<p><em><strong>Paint Splatter<\/strong><\/em><br \/>\n<em>The Night Lords may be murderous, but painting them doesn&#8217;t have to be!<\/em><\/p>\n<p><em><strong>Hobby Hangout<\/strong><\/em><br \/>\n<em>Dan provides a crash course in Necron interior design with this scenery painting guide.<\/em><\/p>\n<p><em><strong>The Battle of Sanctuary 101<\/strong><\/em><br \/>\n<em>Long-lost pict-captures of this fateful battle revealed! [Note: vermillion-class clearance required.]<\/em><\/p>\n<p><em><strong>Space Marine Operations<\/strong><\/em><br \/>\n<em>Our mini-game returns with new missions, new enemies, and new options for your squad.<\/em><\/p>\n<p><em><strong>Gaunt&#8217;s Ghosts<\/strong><\/em><br \/>\n<em>Living legends or just propaganda? Have a real good look at this article and see for yourself.<\/em><\/p>\n<h6><em><strong>WARHAMMER AGE OF SIGMAR<\/strong><\/em><\/h6>\n<p>A Shining Company<br \/>\n<em>Bring light to the darkness of the Jade Abbey with four heroes of the Lumineth Realm-lords.<\/em><\/p>\n<p><em><strong>Legends of the World-that-Was<\/strong><\/em><br \/>\n<em>Where are they now? Grombrindal remembers some fellow survivors of the End Times.<\/em><\/p>\n<p><em><strong>Arc Arcana: The Realms Remarkable<\/strong><\/em><br \/>\n<em>Notes from the journal of Erasmus Zonn on some of the realms&#8217; remarkable sights.<\/em><\/p>\n<p><em><strong>War in the Blighted Wilds<\/strong><\/em><br \/>\n<em>Going into battle in the Jade Kingdoms, traveller? These new rules will help you adapt.<\/em><\/p>\n<p><em><strong>A Tale of Four Warlords: Blighted Wilds<\/strong><\/em><br \/>\n<em>The warlords have taken their first steps on the Path to Glory! How are they faring in the wilds?<\/em><\/p>\n<h6><em><strong>OTHER ARTICLES<\/strong><\/em><\/h6>\n<p>Tales From the Underhive<br \/>\n<em>Dan resurfaces from the sump with tall tales of his gaming group&#8217;s Necromunda campaign!<\/em><\/p>\n<p><em><strong>Battle Report: Barons vs Nightmares<\/strong><\/em><br \/>\n<em>Twenty glorious pages of tense Blood Bowl action, each more climactic than the last!<\/em><\/p>\n<p><em><strong>The Chronicles of Bain: The Hole<\/strong><\/em><br \/>\n<em>Trooper Elias Bain finds himself in deep (deep) trouble in the latest chapter of his story.<\/em><\/p>\n<p><em><strong>Access Granted!<\/strong><\/em><br \/>\n<em>Here you will find painting challenges and the latest Bunker news.<\/em><\/p>\n<p><em><strong>Your Warhammer<\/strong><\/em><br \/>\n<em>Models, letters, and questions sent in by readers. Plus, skirmish game minis galore!<\/em><\/p>\n<p><em><strong>Bunker Bingo!<\/strong><\/em><br \/>\n<em>Matt and Dan are our Bunker Bingo stars this issue. Don&#8217;t make a fuss, it&#8217;ll go to their heads.<\/em><\/p>\n<p><em><strong>Each copy of White Dwarf 521 also comes with:<\/strong><\/em><br \/>\n<em>\u2013 1x double-sided card featuring the Warhammer 40,000 and Warhammer Age of Sigmar Scenarios of the Month<\/em><br \/>\n<em>\u2013 A set of tokens and cards for Warhammer Quest: Darkwater, including 8x double-sided tokens, 4x Lumineth Realm-lords character cards, and 4x equipment\/upgraded equipment cards<\/em><br \/>\n<em>\u2013 1x double-sided Bunker rank tracker<\/em><br \/>\n<em>\u2013 Scan-and-print Space Marine Operations game cards, including 1x Threat Level Extremis card, and 2x Threat Level Terminus cards<\/em><\/p>\n","protected":false},"excerpt":{"rendered":"<ul>\n<li><strong>Nummer:<\/strong> 521<\/li>\n<li><strong>\u00c5ldersrekommendation:<\/strong> 12+<\/li>\n<li><strong>Spr\u00e5k:<\/strong> Engelska<\/li>\n<li><strong>Utgivare:<\/strong> Games Workshop<\/li>\n<\/ul>","protected":false},"featured_media":7889,"template":"","meta":{"site-sidebar-layout":"default","site-content-layout":"","ast-site-content-layout":"default","site-content-style":"default","site-sidebar-style":"default","ast-global-header-display":"","ast-banner-title-visibility":"","ast-main-header-display":"","ast-hfb-above-header-display":"","ast-hfb-below-header-display":"","ast-hfb-mobile-header-display":"","site-post-title":"","ast-breadcrumbs-content":"","ast-featured-img":"","footer-sml-layout":"","ast-disable-related-posts":"","theme-transparent-header-meta":"default","adv-header-id-meta":"","stick-header-meta":"","header-above-stick-meta":"","header-main-stick-meta":"","header-below-stick-meta":"","astra-migrate-meta-layouts":"set","ast-page-background-enabled":"default","ast-page-background-meta":{"desktop":{"background-color":"","background-image":"","background-repeat":"repeat","background-position":"center center","background-size":"auto","background-attachment":"scroll","background-type":"","background-media":"","overlay-type":"","overlay-color":"","overlay-opacity":"","overlay-gradient":""},"tablet":{"background-color":"","background-image":"","background-repeat":"repeat","background-position":"center center","background-size":"auto","background-attachment":"scroll","background-type":"","background-media":"","overlay-type":"","overlay-color":"","overlay-opacity":"","overlay-gradient":""},"mobile":{"background-color":"","background-image":"","background-repeat":"repeat","background-position":"center center","background-size":"auto","background-attachment":"scroll","background-type":"","background-media":"","overlay-type":"","overlay-color":"","overlay-opacity":"","overlay-gradient":""}},"ast-content-background-meta":{"desktop":{"background-color":"var(--ast-global-color-5)","background-image":"","background-repeat":"repeat","background-position":"center center","background-size":"auto","background-attachment":"scroll","background-type":"","background-media":"","overlay-type":"","overlay-color":"","overlay-opacity":"","overlay-gradient":""},"tablet":{"background-color":"var(--ast-global-color-5)","background-image":"","background-repeat":"repeat","background-position":"center center","background-size":"auto","background-attachment":"scroll","background-type":"","background-media":"","overlay-type":"","overlay-color":"","overlay-opacity":"","overlay-gradient":""},"mobile":{"background-color":"var(--ast-global-color-5)","background-image":"","background-repeat":"repeat","background-position":"center center","background-size":"auto","background-attachment":"scroll","background-type":"","background-media":"","overlay-type":"","overlay-color":"","overlay-opacity":"","overlay-gradient":""}}},"product_brand":[1051],"product_cat":[1034],"product_tag":[1275],"class_list":{"0":"post-7888","1":"product","2":"type-product","3":"status-publish","4":"has-post-thumbnail","6":"product_brand-games-workshop","7":"product_cat-white-dwarf-lehdet","8":"product_tag-lehdet","9":"product_shipping_class-any1","10":"desktop-align-center","11":"tablet-align-center","12":"mobile-align-center","14":"first","15":"instock","16":"taxable","17":"shipping-taxable","18":"purchasable","19":"product-type-simple"},"yoast_head":"<!-- This site is optimized with the Yoast SEO Premium plugin v27.3 (Yoast SEO v27.4) - https:\/\/yoast.com\/product\/yoast-seo-premium-wordpress\/ -->\n<title>White Dwarf #521 -- Helmikuu 2026 &#8211; Spelivinkki<\/title>\n<meta name=\"description\" content=\"Hanki White Dwarf 521 ja uppoudu uusiin s\u00e4\u00e4nt\u00f6ihin ja tarinoihin Warhammer-maailmassa. \u00c4l\u00e4 j\u00e4\u00e4 paitsi t\u00e4st\u00e4 mahtavasta lehdest\u00e4!\" \/>\n<meta name=\"robots\" content=\"index, follow, max-snippet:-1, max-image-preview:large, max-video-preview:-1\" \/>\n<link rel=\"canonical\" href=\"https:\/\/spelivinkki.fi\/sv\/produkt\/white-dwarf-521-helmikuu-2026\/\" \/>\n<meta property=\"og:locale\" content=\"sv_SE\" \/>\n<meta property=\"og:type\" content=\"article\" \/>\n<meta property=\"og:title\" content=\"White Dwarf #521 -- Helmikuu 2026\" \/>\n<meta property=\"og:description\" content=\"Hanki White Dwarf 521 ja uppoudu uusiin s\u00e4\u00e4nt\u00f6ihin ja tarinoihin Warhammer-maailmassa. \u00c4l\u00e4 j\u00e4\u00e4 paitsi t\u00e4st\u00e4 mahtavasta lehdest\u00e4!\" \/>\n<meta property=\"og:url\" content=\"https:\/\/spelivinkki.fi\/sv\/produkt\/white-dwarf-521-helmikuu-2026\/\" \/>\n<meta property=\"og:site_name\" content=\"Spelivinkki\" \/>\n<meta property=\"article:publisher\" content=\"https:\/\/www.facebook.com\/SpelivinkkiOy\/\" \/>\n<meta property=\"article:modified_time\" content=\"2026-02-20T14:46:18+00:00\" \/>\n<meta property=\"og:image\" content=\"https:\/\/mlw9zexfsyfr.i.optimole.com\/w:auto\/h:auto\/q:mauto\/ig:avif\/https:\/\/spelivinkki.fi\/wp-content\/uploads\/2026\/02\/White-Dwarf-521-Tuotekuva.webp\" \/>\n\t<meta property=\"og:image:width\" content=\"891\" \/>\n\t<meta property=\"og:image:height\" content=\"920\" \/>\n\t<meta property=\"og:image:type\" content=\"image\/webp\" \/>\n<meta name=\"twitter:card\" content=\"summary_large_image\" \/>\n<meta name=\"twitter:site\" content=\"@SpelivinkkiOy\" \/>\n<meta name=\"twitter:label1\" content=\"Pris\" \/>\n\t<meta name=\"twitter:data1\" content=\"10,00&nbsp;&euro;\" \/>\n\t<meta name=\"twitter:label2\" content=\"Tillg\u00e4nglig\" \/>\n\t<meta name=\"twitter:data2\" content=\"I lager\" \/>\n<script type=\"application\/ld+json\" class=\"yoast-schema-graph\">{\"@context\":\"https:\\\/\\\/schema.org\",\"@graph\":[{\"@type\":\"WebPage\",\"@id\":\"https:\\\/\\\/spelivinkki.fi\\\/tuote\\\/white-dwarf-521-helmikuu-2026\\\/\",\"url\":\"https:\\\/\\\/spelivinkki.fi\\\/tuote\\\/white-dwarf-521-helmikuu-2026\\\/\",\"name\":\"White Dwarf #521 -- Helmikuu 2026 &#8211; Spelivinkki\",\"isPartOf\":{\"@id\":\"https:\\\/\\\/spelivinkki.fi\\\/#website\"},\"primaryImageOfPage\":{\"@id\":\"https:\\\/\\\/spelivinkki.fi\\\/tuote\\\/white-dwarf-521-helmikuu-2026\\\/#primaryimage\"},\"image\":{\"@id\":\"https:\\\/\\\/spelivinkki.fi\\\/tuote\\\/white-dwarf-521-helmikuu-2026\\\/#primaryimage\"},\"thumbnailUrl\":\"https:\\/\\/spelivinkki.fi\\/wp-content\\/uploads\\/2026\\/02\\/White-Dwarf-521-Tuotekuva.webp\",\"datePublished\":\"2026-02-20T14:44:17+00:00\",\"dateModified\":\"2026-02-20T14:46:18+00:00\",\"description\":\"Hanki White Dwarf 521 ja uppoudu uusiin s\u00e4\u00e4nt\u00f6ihin ja tarinoihin Warhammer-maailmassa. \u00c4l\u00e4 j\u00e4\u00e4 paitsi t\u00e4st\u00e4 mahtavasta lehdest\u00e4!\",\"breadcrumb\":{\"@id\":\"https:\\\/\\\/spelivinkki.fi\\\/tuote\\\/white-dwarf-521-helmikuu-2026\\\/#breadcrumb\"},\"inLanguage\":\"sv-SE\",\"potentialAction\":[{\"@type\":\"ReadAction\",\"target\":[\"https:\\\/\\\/spelivinkki.fi\\\/tuote\\\/white-dwarf-521-helmikuu-2026\\\/\"]}]},{\"@type\":\"ImageObject\",\"inLanguage\":\"sv-SE\",\"@id\":\"https:\\\/\\\/spelivinkki.fi\\\/tuote\\\/white-dwarf-521-helmikuu-2026\\\/#primaryimage\",\"url\":\"https:\\/\\/spelivinkki.fi\\/wp-content\\/uploads\\/2026\\/02\\/White-Dwarf-521-Tuotekuva.webp\",\"contentUrl\":\"https:\\/\\/spelivinkki.fi\\/wp-content\\/uploads\\/2026\\/02\\/White-Dwarf-521-Tuotekuva.webp\",\"width\":891,\"height\":920,\"caption\":\"White Dwarf 521 Tuotekuva\"},{\"@type\":\"BreadcrumbList\",\"@id\":\"https:\\\/\\\/spelivinkki.fi\\\/tuote\\\/white-dwarf-521-helmikuu-2026\\\/#breadcrumb\",\"itemListElement\":[{\"@type\":\"ListItem\",\"position\":1,\"name\":\"Etusivu\",\"item\":\"https:\\\/\\\/spelivinkki.fi\\\/\"},{\"@type\":\"ListItem\",\"position\":2,\"name\":\"Tuotteet\",\"item\":\"https:\\\/\\\/spelivinkki.fi\\\/tuotteet\\\/\"},{\"@type\":\"ListItem\",\"position\":3,\"name\":\"White Dwarf #521 &#8212; Helmikuu 2026\"}]},{\"@type\":\"WebSite\",\"@id\":\"https:\\\/\\\/spelivinkki.fi\\\/#website\",\"url\":\"https:\\\/\\\/spelivinkki.fi\\\/\",\"name\":\"Spelivinkki\",\"description\":\"Paraisten Lautapelikauppa\",\"publisher\":{\"@id\":\"https:\\\/\\\/spelivinkki.fi\\\/#organization\"},\"alternateName\":\"Spelivinkki Oy\",\"potentialAction\":[{\"@type\":\"SearchAction\",\"target\":{\"@type\":\"EntryPoint\",\"urlTemplate\":\"https:\\\/\\\/spelivinkki.fi\\\/?s={search_term_string}\"},\"query-input\":{\"@type\":\"PropertyValueSpecification\",\"valueRequired\":true,\"valueName\":\"search_term_string\"}}],\"inLanguage\":\"sv-SE\"},{\"@type\":\"Organization\",\"@id\":\"https:\\\/\\\/spelivinkki.fi\\\/#organization\",\"name\":\"Spelivinkki Oy\",\"alternateName\":\"Spelivinkki\",\"url\":\"https:\\\/\\\/spelivinkki.fi\\\/\",\"logo\":{\"@type\":\"ImageObject\",\"inLanguage\":\"sv-SE\",\"@id\":\"https:\\\/\\\/spelivinkki.fi\\\/#\\\/schema\\\/logo\\\/image\\\/\",\"url\":\"https:\\/\\/spelivinkki.fi\\/wp-content\\/uploads\\/2024\\/02\\/Logo.svg\",\"contentUrl\":\"https:\\/\\/spelivinkki.fi\\/wp-content\\/uploads\\/2024\\/02\\/Logo.svg\",\"width\":2176,\"height\":2323,\"caption\":\"Spelivinkki Oy\"},\"image\":{\"@id\":\"https:\\\/\\\/spelivinkki.fi\\\/#\\\/schema\\\/logo\\\/image\\\/\"},\"sameAs\":[\"https:\\\/\\\/www.facebook.com\\\/SpelivinkkiOy\\\/\",\"https:\\\/\\\/x.com\\\/SpelivinkkiOy\",\"https:\\\/\\\/www.instagram.com\\\/spelivinkkioy\\\/\"],\"description\":\"Spelivinkki Oy is a company operating both a brick-and-mortar store in Finland as well as a webshop online. We sell board games, roleplaying games, miniature wargames, logic puzzles, jigsaw puzzles and other things related to the boardgame hobby.\",\"email\":\"myynti@spelivinkki.fi\",\"telephone\":\"+358406486605\",\"legalName\":\"Spelivinkki Oy\",\"foundingDate\":\"2023-09-17\",\"vatID\":\"FI33904524\",\"numberOfEmployees\":{\"@type\":\"QuantitativeValue\",\"minValue\":\"1\",\"maxValue\":\"10\"},\"hasMerchantReturnPolicy\":{\"@type\":\"MerchantReturnPolicy\",\"merchantReturnLink\":\"https:\\\/\\\/spelivinkki.fi\\\/sv\\\/spelivinkin-vaihto-ja-palautusoikeus\\\/\"}}]}<\/script>\n<meta property=\"product:brand\" content=\"Games Workshop\" \/>\n<meta property=\"product:price:amount\" content=\"10.00\" \/>\n<meta property=\"product:price:currency\" content=\"EUR\" \/>\n<meta property=\"og:availability\" content=\"instock\" \/>\n<meta property=\"product:availability\" content=\"instock\" \/>\n<meta property=\"product:retailer_item_id\" content=\"WhiteDwarf-521\" \/>\n<meta property=\"product:condition\" content=\"new\" \/>\n<!-- \/ Yoast SEO Premium plugin. -->","yoast_head_json":{"title":"White Dwarf #521 -- Helmikuu 2026 &#8211; Spelivinkki","description":"Hanki White Dwarf 521 ja uppoudu uusiin s\u00e4\u00e4nt\u00f6ihin ja tarinoihin Warhammer-maailmassa. \u00c4l\u00e4 j\u00e4\u00e4 paitsi t\u00e4st\u00e4 mahtavasta lehdest\u00e4!","robots":{"index":"index","follow":"follow","max-snippet":"max-snippet:-1","max-image-preview":"max-image-preview:large","max-video-preview":"max-video-preview:-1"},"canonical":"https:\/\/spelivinkki.fi\/sv\/produkt\/white-dwarf-521-helmikuu-2026\/","og_locale":"sv_SE","og_type":"article","og_title":"White Dwarf #521 -- Helmikuu 2026","og_description":"Hanki White Dwarf 521 ja uppoudu uusiin s\u00e4\u00e4nt\u00f6ihin ja tarinoihin Warhammer-maailmassa. \u00c4l\u00e4 j\u00e4\u00e4 paitsi t\u00e4st\u00e4 mahtavasta lehdest\u00e4!","og_url":"https:\/\/spelivinkki.fi\/sv\/produkt\/white-dwarf-521-helmikuu-2026\/","og_site_name":"Spelivinkki","article_publisher":"https:\/\/www.facebook.com\/SpelivinkkiOy\/","article_modified_time":"2026-02-20T14:46:18+00:00","og_image":[{"width":891,"height":920,"url":"https:\/\/mlw9zexfsyfr.i.optimole.com\/w:auto\/h:auto\/q:mauto\/ig:avif\/https:\/\/spelivinkki.fi\/wp-content\/uploads\/2026\/02\/White-Dwarf-521-Tuotekuva.webp","type":"image\/webp"}],"twitter_card":"summary_large_image","twitter_site":"@SpelivinkkiOy","twitter_misc":{"Pris":"10,00&nbsp;&euro;","Tillg\u00e4nglig":"I lager"},"schema":{"@context":"https:\/\/schema.org","@graph":[{"@type":"WebPage","@id":"https:\/\/spelivinkki.fi\/tuote\/white-dwarf-521-helmikuu-2026\/","url":"https:\/\/spelivinkki.fi\/tuote\/white-dwarf-521-helmikuu-2026\/","name":"White Dwarf #521 -- Helmikuu 2026 &#8211; Spelivinkki","isPartOf":{"@id":"https:\/\/spelivinkki.fi\/#website"},"primaryImageOfPage":{"@id":"https:\/\/spelivinkki.fi\/tuote\/white-dwarf-521-helmikuu-2026\/#primaryimage"},"image":{"@id":"https:\/\/spelivinkki.fi\/tuote\/white-dwarf-521-helmikuu-2026\/#primaryimage"},"thumbnailUrl":"https:\/\/mlw9zexfsyfr.i.optimole.com\/w:auto\/h:auto\/q:mauto\/ig:avif\/https:\/\/spelivinkki.fi\/wp-content\/uploads\/2026\/02\/White-Dwarf-521-Tuotekuva.webp","datePublished":"2026-02-20T14:44:17+00:00","dateModified":"2026-02-20T14:46:18+00:00","description":"Hanki White Dwarf 521 ja uppoudu uusiin s\u00e4\u00e4nt\u00f6ihin ja tarinoihin Warhammer-maailmassa. \u00c4l\u00e4 j\u00e4\u00e4 paitsi t\u00e4st\u00e4 mahtavasta lehdest\u00e4!","breadcrumb":{"@id":"https:\/\/spelivinkki.fi\/tuote\/white-dwarf-521-helmikuu-2026\/#breadcrumb"},"inLanguage":"sv-SE","potentialAction":[{"@type":"ReadAction","target":["https:\/\/spelivinkki.fi\/tuote\/white-dwarf-521-helmikuu-2026\/"]}]},{"@type":"ImageObject","inLanguage":"sv-SE","@id":"https:\/\/spelivinkki.fi\/tuote\/white-dwarf-521-helmikuu-2026\/#primaryimage","url":"https:\/\/mlw9zexfsyfr.i.optimole.com\/w:auto\/h:auto\/q:mauto\/ig:avif\/https:\/\/spelivinkki.fi\/wp-content\/uploads\/2026\/02\/White-Dwarf-521-Tuotekuva.webp","contentUrl":"https:\/\/mlw9zexfsyfr.i.optimole.com\/w:auto\/h:auto\/q:mauto\/ig:avif\/https:\/\/spelivinkki.fi\/wp-content\/uploads\/2026\/02\/White-Dwarf-521-Tuotekuva.webp","width":891,"height":920,"caption":"White Dwarf 521 Tuotekuva"},{"@type":"BreadcrumbList","@id":"https:\/\/spelivinkki.fi\/tuote\/white-dwarf-521-helmikuu-2026\/#breadcrumb","itemListElement":[{"@type":"ListItem","position":1,"name":"Etusivu","item":"https:\/\/spelivinkki.fi\/"},{"@type":"ListItem","position":2,"name":"Tuotteet","item":"https:\/\/spelivinkki.fi\/tuotteet\/"},{"@type":"ListItem","position":3,"name":"White Dwarf #521 &#8212; Helmikuu 2026"}]},{"@type":"WebSite","@id":"https:\/\/spelivinkki.fi\/#website","url":"https:\/\/spelivinkki.fi\/","name":"Spelivinkki","description":"Paraisten Lautapelikauppa","publisher":{"@id":"https:\/\/spelivinkki.fi\/#organization"},"alternateName":"Spelivinkki Oy","potentialAction":[{"@type":"SearchAction","target":{"@type":"EntryPoint","urlTemplate":"https:\/\/spelivinkki.fi\/?s={search_term_string}"},"query-input":{"@type":"PropertyValueSpecification","valueRequired":true,"valueName":"search_term_string"}}],"inLanguage":"sv-SE"},{"@type":"Organization","@id":"https:\/\/spelivinkki.fi\/#organization","name":"Spelivinkki Oy","alternateName":"Spelivinkki","url":"https:\/\/spelivinkki.fi\/","logo":{"@type":"ImageObject","inLanguage":"sv-SE","@id":"https:\/\/spelivinkki.fi\/#\/schema\/logo\/image\/","url":"https:\/\/mlw9zexfsyfr.i.optimole.com\/w:auto\/h:auto\/q:mauto\/ig:avif\/https:\/\/spelivinkki.fi\/wp-content\/uploads\/2024\/02\/Logo.svg","contentUrl":"https:\/\/mlw9zexfsyfr.i.optimole.com\/w:auto\/h:auto\/q:mauto\/ig:avif\/https:\/\/spelivinkki.fi\/wp-content\/uploads\/2024\/02\/Logo.svg","width":2176,"height":2323,"caption":"Spelivinkki Oy"},"image":{"@id":"https:\/\/spelivinkki.fi\/#\/schema\/logo\/image\/"},"sameAs":["https:\/\/www.facebook.com\/SpelivinkkiOy\/","https:\/\/x.com\/SpelivinkkiOy","https:\/\/www.instagram.com\/spelivinkkioy\/"],"description":"Spelivinkki Oy is a company operating both a brick-and-mortar store in Finland as well as a webshop online. We sell board games, roleplaying games, miniature wargames, logic puzzles, jigsaw puzzles and other things related to the boardgame hobby.","email":"myynti@spelivinkki.fi","telephone":"+358406486605","legalName":"Spelivinkki Oy","foundingDate":"2023-09-17","vatID":"FI33904524","numberOfEmployees":{"@type":"QuantitativeValue","minValue":"1","maxValue":"10"},"hasMerchantReturnPolicy":{"@type":"MerchantReturnPolicy","merchantReturnLink":"https:\/\/spelivinkki.fi\/sv\/spelivinkin-vaihto-ja-palautusoikeus\/"}}]},"product_brand":"Games Workshop","product_price_amount":"10.00","product_price_currency":"EUR","og_availability":"instock","product_availability":"instock","product_retailer_item_id":"WhiteDwarf-521","product_condition":"new"},"_links":{"self":[{"href":"https:\/\/spelivinkki.fi\/sv\/wp-json\/wp\/v2\/product\/7888","targetHints":{"allow":["GET"]}}],"collection":[{"href":"https:\/\/spelivinkki.fi\/sv\/wp-json\/wp\/v2\/product"}],"about":[{"href":"https:\/\/spelivinkki.fi\/sv\/wp-json\/wp\/v2\/types\/product"}],"wp:featuredmedia":[{"embeddable":true,"href":"https:\/\/spelivinkki.fi\/sv\/wp-json\/wp\/v2\/media\/7889"}],"wp:attachment":[{"href":"https:\/\/spelivinkki.fi\/sv\/wp-json\/wp\/v2\/media?parent=7888"}],"wp:term":[{"taxonomy":"product_brand","embeddable":true,"href":"https:\/\/spelivinkki.fi\/sv\/wp-json\/wp\/v2\/product_brand?post=7888"},{"taxonomy":"product_cat","embeddable":true,"href":"https:\/\/spelivinkki.fi\/sv\/wp-json\/wp\/v2\/product_cat?post=7888"},{"taxonomy":"product_tag","embeddable":true,"href":"https:\/\/spelivinkki.fi\/sv\/wp-json\/wp\/v2\/product_tag?post=7888"}],"curies":[{"name":"wp","href":"https:\/\/api.w.org\/{rel}","templated":true}]}}