{"id":7898,"date":"2026-02-20T15:51:08","date_gmt":"2026-02-20T15:51:08","guid":{"rendered":"https:\/\/spelivinkki.fi\/?post_type=product&#038;p=7898"},"modified":"2026-03-08T14:33:18","modified_gmt":"2026-03-08T14:33:18","slug":"age-of-sigmar-soulblight-gravelords-lances-of-the-crimson-keep","status":"publish","type":"product","link":"https:\/\/spelivinkki.fi\/sv\/produkt\/age-of-sigmar-soulblight-gravelords-lances-of-the-crimson-keep\/","title":{"rendered":"Age of Sigmar: Soulblight Gravelords \u2014 Lances of the Crimson Keep"},"content":{"rendered":"<h6>Publisher Description:<\/h6>\n<p><em>This packed boxed set is ideal for starting a new Soulblight Gravelords collection \u2013 or expanding an existing army \u2013 to unleash in games of Warhammer Age of Sigmar, and save money compared to buying the kits separately. This highly mobile force is led by Prince Vhordrai, Lord of the Crimson Keep, atop his undead Draconith known as Shordemaire. He&#8217;s ready to take on the toughest units your opponent can throw at you. Ten Blood Knights \u2013 tough and hard-hitting \u2013 support his charge, while a trio of Fell Bats round out the army by claiming objectives and harassing enemy units.<\/em><\/p>\n<p><em>This boxed set builds 14 multipart plastic Soulblight Gravelords miniatures:<\/em><\/p>\n<ul>\n<li><em>\u2013 1x Prince Vhordrai, Lord of the Crimson Keep (which can alternatively be built as a Revenant Draconith)<\/em><\/li>\n<li><em>\u2013 3x Fell Bats<\/em><\/li>\n<li><em>\u2013 10x Blood Knights<\/em><\/li>\n<\/ul>\n<p><em>The miniatures in this kit are easy to customise. The heads of the Fell Bats are interchangeable across the three bodies.<\/em><\/p>\n<p><em>Prince Vhordrai can alternatively be built as a Revenant Draconith without a rider \u2013 a vicious monster to support your armies.<\/em><\/p>\n<p><em>The Blood Knights can each be armed with a lance or a sword, and each has an option of two heads \u2013 bare or helmeted. There are also parts to build up to two optional champions and standard bearers.<\/em><\/p>\n<p><em>This kit comprises 216 plastic components, 1x Citadel 160mm Round Base, 3x Citadel 40mm Round Bases, and 10x Citadel 75mm by 41.5mm Oval Bases. These miniatures require assembly and are supplied unpainted<\/em><\/p>\n<p><strong>VARNING:<\/strong> P\u00e5 grund av sm\u00e5delar \u00e4r inte produkten l\u00e4mplig f\u00f6r barn under 3!<\/p>","protected":false},"excerpt":{"rendered":"<ul>\n<li><strong>\u00c5ldersrekommendation:<\/strong> 12+<\/li>\n<li><strong>Arm\u00e9:<\/strong> Soulblight Gravelords<\/li>\n<li><strong>Spr\u00e5k:<\/strong> Engelska<\/li>\n<li><strong>Utgivare:<\/strong> Games Workshop<\/li>\n<\/ul>","protected":false},"featured_media":7899,"template":"","meta":{"site-sidebar-layout":"default","site-content-layout":"","ast-site-content-layout":"default","site-content-style":"default","site-sidebar-style":"default","ast-global-header-display":"","ast-banner-title-visibility":"","ast-main-header-display":"","ast-hfb-above-header-display":"","ast-hfb-below-header-display":"","ast-hfb-mobile-header-display":"","site-post-title":"","ast-breadcrumbs-content":"","ast-featured-img":"","footer-sml-layout":"","ast-disable-related-posts":"","theme-transparent-header-meta":"default","adv-header-id-meta":"","stick-header-meta":"","header-above-stick-meta":"","header-main-stick-meta":"","header-below-stick-meta":"","astra-migrate-meta-layouts":"set","ast-page-background-enabled":"default","ast-page-background-meta":{"desktop":{"background-color":"","background-image":"","background-repeat":"repeat","background-position":"center center","background-size":"auto","background-attachment":"scroll","background-type":"","background-media":"","overlay-type":"","overlay-color":"","overlay-opacity":"","overlay-gradient":""},"tablet":{"background-color":"","background-image":"","background-repeat":"repeat","background-position":"center center","background-size":"auto","background-attachment":"scroll","background-type":"","background-media":"","overlay-type":"","overlay-color":"","overlay-opacity":"","overlay-gradient":""},"mobile":{"background-color":"","background-image":"","background-repeat":"repeat","background-position":"center center","background-size":"auto","background-attachment":"scroll","background-type":"","background-media":"","overlay-type":"","overlay-color":"","overlay-opacity":"","overlay-gradient":""}},"ast-content-background-meta":{"desktop":{"background-color":"var(--ast-global-color-5)","background-image":"","background-repeat":"repeat","background-position":"center center","background-size":"auto","background-attachment":"scroll","background-type":"","background-media":"","overlay-type":"","overlay-color":"","overlay-opacity":"","overlay-gradient":""},"tablet":{"background-color":"var(--ast-global-color-5)","background-image":"","background-repeat":"repeat","background-position":"center center","background-size":"auto","background-attachment":"scroll","background-type":"","background-media":"","overlay-type":"","overlay-color":"","overlay-opacity":"","overlay-gradient":""},"mobile":{"background-color":"var(--ast-global-color-5)","background-image":"","background-repeat":"repeat","background-position":"center center","background-size":"auto","background-attachment":"scroll","background-type":"","background-media":"","overlay-type":"","overlay-color":"","overlay-opacity":"","overlay-gradient":""}}},"product_brand":[1051],"product_cat":[1026,832,1027,842],"product_tag":[1279,1278],"class_list":{"0":"post-7898","1":"product","2":"type-product","3":"status-publish","4":"has-post-thumbnail","6":"product_brand-games-workshop","7":"product_cat-death","8":"product_cat-miniatyyripelit","9":"product_cat-soulblight-gravelords","10":"product_cat-warhammer-age-of-sigmar","11":"product_tag-koottava","12":"product_tag-muovifigu","13":"product_shipping_class-standard2","14":"desktop-align-center","15":"tablet-align-center","16":"mobile-align-center","18":"first","19":"outofstock","20":"taxable","21":"shipping-taxable","22":"purchasable","23":"product-type-simple"},"yoast_head":"<!-- This site is optimized with the Yoast SEO Premium plugin v27.3 (Yoast SEO v27.4) - https:\/\/yoast.com\/product\/yoast-seo-premium-wordpress\/ -->\n<title>Age of Sigmar: Soulblight Gravelords -- Lances of the Crimson Keep &#8211; Spelivinkki<\/title>\n<meta name=\"description\" content=\"Aloita tai laajenna Soulblight Gravelords -kokoelmaasi Age of Sigmar -peleiss\u00e4 t\u00e4m\u00e4n pakatun settin avulla. Hanki se nyt ja s\u00e4\u00e4st\u00e4 rahaa!\" \/>\n<meta name=\"robots\" content=\"index, follow, max-snippet:-1, max-image-preview:large, max-video-preview:-1\" \/>\n<link rel=\"canonical\" href=\"https:\/\/spelivinkki.fi\/sv\/produkt\/age-of-sigmar-soulblight-gravelords-lances-of-the-crimson-keep\/\" \/>\n<meta property=\"og:locale\" content=\"sv_SE\" \/>\n<meta property=\"og:type\" content=\"article\" \/>\n<meta property=\"og:title\" content=\"Age of Sigmar: Soulblight Gravelords -- Lances of the Crimson Keep\" \/>\n<meta property=\"og:description\" content=\"Aloita tai laajenna Soulblight Gravelords -kokoelmaasi Age of Sigmar -peleiss\u00e4 t\u00e4m\u00e4n pakatun settin avulla. Hanki se nyt ja s\u00e4\u00e4st\u00e4 rahaa!\" \/>\n<meta property=\"og:url\" content=\"https:\/\/spelivinkki.fi\/sv\/produkt\/age-of-sigmar-soulblight-gravelords-lances-of-the-crimson-keep\/\" \/>\n<meta property=\"og:site_name\" content=\"Spelivinkki\" \/>\n<meta property=\"article:publisher\" content=\"https:\/\/www.facebook.com\/SpelivinkkiOy\/\" \/>\n<meta property=\"article:modified_time\" content=\"2026-03-08T14:33:18+00:00\" \/>\n<meta property=\"og:image\" content=\"https:\/\/mlw9zexfsyfr.i.optimole.com\/w:auto\/h:auto\/q:mauto\/ig:avif\/https:\/\/spelivinkki.fi\/wp-content\/uploads\/2026\/02\/AoS-Lances-of-the-Crimson-Keep-Tuotekuva.webp\" \/>\n\t<meta property=\"og:image:width\" content=\"1840\" \/>\n\t<meta property=\"og:image:height\" content=\"1900\" \/>\n\t<meta property=\"og:image:type\" content=\"image\/webp\" \/>\n<meta name=\"twitter:card\" content=\"summary_large_image\" \/>\n<meta name=\"twitter:site\" content=\"@SpelivinkkiOy\" \/>\n<meta name=\"twitter:label1\" content=\"Pris\" \/>\n\t<meta name=\"twitter:data1\" content=\"200,00&nbsp;&euro;\" \/>\n\t<meta name=\"twitter:label2\" content=\"Tillg\u00e4nglig\" \/>\n\t<meta name=\"twitter:data2\" content=\"Slut i lager\" \/>\n<script type=\"application\/ld+json\" class=\"yoast-schema-graph\">{\"@context\":\"https:\\\/\\\/schema.org\",\"@graph\":[{\"@type\":\"WebPage\",\"@id\":\"https:\\\/\\\/spelivinkki.fi\\\/tuote\\\/age-of-sigmar-soulblight-gravelords-lances-of-the-crimson-keep\\\/\",\"url\":\"https:\\\/\\\/spelivinkki.fi\\\/tuote\\\/age-of-sigmar-soulblight-gravelords-lances-of-the-crimson-keep\\\/\",\"name\":\"Age of Sigmar: Soulblight Gravelords -- Lances of the Crimson Keep &#8211; Spelivinkki\",\"isPartOf\":{\"@id\":\"https:\\\/\\\/spelivinkki.fi\\\/#website\"},\"primaryImageOfPage\":{\"@id\":\"https:\\\/\\\/spelivinkki.fi\\\/tuote\\\/age-of-sigmar-soulblight-gravelords-lances-of-the-crimson-keep\\\/#primaryimage\"},\"image\":{\"@id\":\"https:\\\/\\\/spelivinkki.fi\\\/tuote\\\/age-of-sigmar-soulblight-gravelords-lances-of-the-crimson-keep\\\/#primaryimage\"},\"thumbnailUrl\":\"https:\\/\\/spelivinkki.fi\\/wp-content\\/uploads\\/2026\\/02\\/AoS-Lances-of-the-Crimson-Keep-Tuotekuva.webp\",\"datePublished\":\"2026-02-20T15:51:08+00:00\",\"dateModified\":\"2026-03-08T14:33:18+00:00\",\"description\":\"Aloita tai laajenna Soulblight Gravelords -kokoelmaasi Age of Sigmar -peleiss\u00e4 t\u00e4m\u00e4n pakatun settin avulla. Hanki se nyt ja s\u00e4\u00e4st\u00e4 rahaa!\",\"breadcrumb\":{\"@id\":\"https:\\\/\\\/spelivinkki.fi\\\/tuote\\\/age-of-sigmar-soulblight-gravelords-lances-of-the-crimson-keep\\\/#breadcrumb\"},\"inLanguage\":\"sv-SE\",\"potentialAction\":[{\"@type\":\"ReadAction\",\"target\":[\"https:\\\/\\\/spelivinkki.fi\\\/tuote\\\/age-of-sigmar-soulblight-gravelords-lances-of-the-crimson-keep\\\/\"]}]},{\"@type\":\"ImageObject\",\"inLanguage\":\"sv-SE\",\"@id\":\"https:\\\/\\\/spelivinkki.fi\\\/tuote\\\/age-of-sigmar-soulblight-gravelords-lances-of-the-crimson-keep\\\/#primaryimage\",\"url\":\"https:\\/\\/spelivinkki.fi\\/wp-content\\/uploads\\/2026\\/02\\/AoS-Lances-of-the-Crimson-Keep-Tuotekuva.webp\",\"contentUrl\":\"https:\\/\\/spelivinkki.fi\\/wp-content\\/uploads\\/2026\\/02\\/AoS-Lances-of-the-Crimson-Keep-Tuotekuva.webp\",\"width\":1840,\"height\":1900,\"caption\":\"AoS Lances of the Crimson Keep Tuotekuva\"},{\"@type\":\"BreadcrumbList\",\"@id\":\"https:\\\/\\\/spelivinkki.fi\\\/tuote\\\/age-of-sigmar-soulblight-gravelords-lances-of-the-crimson-keep\\\/#breadcrumb\",\"itemListElement\":[{\"@type\":\"ListItem\",\"position\":1,\"name\":\"Etusivu\",\"item\":\"https:\\\/\\\/spelivinkki.fi\\\/\"},{\"@type\":\"ListItem\",\"position\":2,\"name\":\"Tuotteet\",\"item\":\"https:\\\/\\\/spelivinkki.fi\\\/tuotteet\\\/\"},{\"@type\":\"ListItem\",\"position\":3,\"name\":\"Age of Sigmar: Soulblight Gravelords &#8212; Lances of the Crimson Keep\"}]},{\"@type\":\"WebSite\",\"@id\":\"https:\\\/\\\/spelivinkki.fi\\\/#website\",\"url\":\"https:\\\/\\\/spelivinkki.fi\\\/\",\"name\":\"Spelivinkki\",\"description\":\"Paraisten Lautapelikauppa\",\"publisher\":{\"@id\":\"https:\\\/\\\/spelivinkki.fi\\\/#organization\"},\"alternateName\":\"Spelivinkki Oy\",\"potentialAction\":[{\"@type\":\"SearchAction\",\"target\":{\"@type\":\"EntryPoint\",\"urlTemplate\":\"https:\\\/\\\/spelivinkki.fi\\\/?s={search_term_string}\"},\"query-input\":{\"@type\":\"PropertyValueSpecification\",\"valueRequired\":true,\"valueName\":\"search_term_string\"}}],\"inLanguage\":\"sv-SE\"},{\"@type\":\"Organization\",\"@id\":\"https:\\\/\\\/spelivinkki.fi\\\/#organization\",\"name\":\"Spelivinkki Oy\",\"alternateName\":\"Spelivinkki\",\"url\":\"https:\\\/\\\/spelivinkki.fi\\\/\",\"logo\":{\"@type\":\"ImageObject\",\"inLanguage\":\"sv-SE\",\"@id\":\"https:\\\/\\\/spelivinkki.fi\\\/#\\\/schema\\\/logo\\\/image\\\/\",\"url\":\"https:\\/\\/spelivinkki.fi\\/wp-content\\/uploads\\/2024\\/02\\/Logo.svg\",\"contentUrl\":\"https:\\/\\/spelivinkki.fi\\/wp-content\\/uploads\\/2024\\/02\\/Logo.svg\",\"width\":2176,\"height\":2323,\"caption\":\"Spelivinkki Oy\"},\"image\":{\"@id\":\"https:\\\/\\\/spelivinkki.fi\\\/#\\\/schema\\\/logo\\\/image\\\/\"},\"sameAs\":[\"https:\\\/\\\/www.facebook.com\\\/SpelivinkkiOy\\\/\",\"https:\\\/\\\/x.com\\\/SpelivinkkiOy\",\"https:\\\/\\\/www.instagram.com\\\/spelivinkkioy\\\/\"],\"description\":\"Spelivinkki Oy is a company operating both a brick-and-mortar store in Finland as well as a webshop online. We sell board games, roleplaying games, miniature wargames, logic puzzles, jigsaw puzzles and other things related to the boardgame hobby.\",\"email\":\"myynti@spelivinkki.fi\",\"telephone\":\"+358406486605\",\"legalName\":\"Spelivinkki Oy\",\"foundingDate\":\"2023-09-17\",\"vatID\":\"FI33904524\",\"numberOfEmployees\":{\"@type\":\"QuantitativeValue\",\"minValue\":\"1\",\"maxValue\":\"10\"},\"hasMerchantReturnPolicy\":{\"@type\":\"MerchantReturnPolicy\",\"merchantReturnLink\":\"https:\\\/\\\/spelivinkki.fi\\\/sv\\\/spelivinkin-vaihto-ja-palautusoikeus\\\/\"}}]}<\/script>\n<meta property=\"product:brand\" content=\"Games Workshop\" \/>\n<meta property=\"product:price:amount\" content=\"200.00\" \/>\n<meta property=\"product:price:currency\" content=\"EUR\" \/>\n<meta property=\"og:availability\" content=\"out of stock\" \/>\n<meta property=\"product:availability\" content=\"out of stock\" \/>\n<meta property=\"product:condition\" content=\"new\" \/>\n<!-- \/ Yoast SEO Premium plugin. -->","yoast_head_json":{"title":"Age of Sigmar: Soulblight Gravelords -- Lances of the Crimson Keep &#8211; Spelivinkki","description":"Aloita tai laajenna Soulblight Gravelords -kokoelmaasi Age of Sigmar -peleiss\u00e4 t\u00e4m\u00e4n pakatun settin avulla. Hanki se nyt ja s\u00e4\u00e4st\u00e4 rahaa!","robots":{"index":"index","follow":"follow","max-snippet":"max-snippet:-1","max-image-preview":"max-image-preview:large","max-video-preview":"max-video-preview:-1"},"canonical":"https:\/\/spelivinkki.fi\/sv\/produkt\/age-of-sigmar-soulblight-gravelords-lances-of-the-crimson-keep\/","og_locale":"sv_SE","og_type":"article","og_title":"Age of Sigmar: Soulblight Gravelords -- Lances of the Crimson Keep","og_description":"Aloita tai laajenna Soulblight Gravelords -kokoelmaasi Age of Sigmar -peleiss\u00e4 t\u00e4m\u00e4n pakatun settin avulla. Hanki se nyt ja s\u00e4\u00e4st\u00e4 rahaa!","og_url":"https:\/\/spelivinkki.fi\/sv\/produkt\/age-of-sigmar-soulblight-gravelords-lances-of-the-crimson-keep\/","og_site_name":"Spelivinkki","article_publisher":"https:\/\/www.facebook.com\/SpelivinkkiOy\/","article_modified_time":"2026-03-08T14:33:18+00:00","og_image":[{"width":1840,"height":1900,"url":"https:\/\/mlw9zexfsyfr.i.optimole.com\/w:auto\/h:auto\/q:mauto\/ig:avif\/https:\/\/spelivinkki.fi\/wp-content\/uploads\/2026\/02\/AoS-Lances-of-the-Crimson-Keep-Tuotekuva.webp","type":"image\/webp"}],"twitter_card":"summary_large_image","twitter_site":"@SpelivinkkiOy","twitter_misc":{"Pris":"200,00&nbsp;&euro;","Tillg\u00e4nglig":"Slut i lager"},"schema":{"@context":"https:\/\/schema.org","@graph":[{"@type":"WebPage","@id":"https:\/\/spelivinkki.fi\/tuote\/age-of-sigmar-soulblight-gravelords-lances-of-the-crimson-keep\/","url":"https:\/\/spelivinkki.fi\/tuote\/age-of-sigmar-soulblight-gravelords-lances-of-the-crimson-keep\/","name":"Age of Sigmar: Soulblight Gravelords -- Lances of the Crimson Keep &#8211; Spelivinkki","isPartOf":{"@id":"https:\/\/spelivinkki.fi\/#website"},"primaryImageOfPage":{"@id":"https:\/\/spelivinkki.fi\/tuote\/age-of-sigmar-soulblight-gravelords-lances-of-the-crimson-keep\/#primaryimage"},"image":{"@id":"https:\/\/spelivinkki.fi\/tuote\/age-of-sigmar-soulblight-gravelords-lances-of-the-crimson-keep\/#primaryimage"},"thumbnailUrl":"https:\/\/mlw9zexfsyfr.i.optimole.com\/w:auto\/h:auto\/q:mauto\/ig:avif\/https:\/\/spelivinkki.fi\/wp-content\/uploads\/2026\/02\/AoS-Lances-of-the-Crimson-Keep-Tuotekuva.webp","datePublished":"2026-02-20T15:51:08+00:00","dateModified":"2026-03-08T14:33:18+00:00","description":"Aloita tai laajenna Soulblight Gravelords -kokoelmaasi Age of Sigmar -peleiss\u00e4 t\u00e4m\u00e4n pakatun settin avulla. Hanki se nyt ja s\u00e4\u00e4st\u00e4 rahaa!","breadcrumb":{"@id":"https:\/\/spelivinkki.fi\/tuote\/age-of-sigmar-soulblight-gravelords-lances-of-the-crimson-keep\/#breadcrumb"},"inLanguage":"sv-SE","potentialAction":[{"@type":"ReadAction","target":["https:\/\/spelivinkki.fi\/tuote\/age-of-sigmar-soulblight-gravelords-lances-of-the-crimson-keep\/"]}]},{"@type":"ImageObject","inLanguage":"sv-SE","@id":"https:\/\/spelivinkki.fi\/tuote\/age-of-sigmar-soulblight-gravelords-lances-of-the-crimson-keep\/#primaryimage","url":"https:\/\/mlw9zexfsyfr.i.optimole.com\/w:auto\/h:auto\/q:mauto\/ig:avif\/https:\/\/spelivinkki.fi\/wp-content\/uploads\/2026\/02\/AoS-Lances-of-the-Crimson-Keep-Tuotekuva.webp","contentUrl":"https:\/\/mlw9zexfsyfr.i.optimole.com\/w:auto\/h:auto\/q:mauto\/ig:avif\/https:\/\/spelivinkki.fi\/wp-content\/uploads\/2026\/02\/AoS-Lances-of-the-Crimson-Keep-Tuotekuva.webp","width":1840,"height":1900,"caption":"AoS Lances of the Crimson Keep Tuotekuva"},{"@type":"BreadcrumbList","@id":"https:\/\/spelivinkki.fi\/tuote\/age-of-sigmar-soulblight-gravelords-lances-of-the-crimson-keep\/#breadcrumb","itemListElement":[{"@type":"ListItem","position":1,"name":"Etusivu","item":"https:\/\/spelivinkki.fi\/"},{"@type":"ListItem","position":2,"name":"Tuotteet","item":"https:\/\/spelivinkki.fi\/tuotteet\/"},{"@type":"ListItem","position":3,"name":"Age of Sigmar: Soulblight Gravelords &#8212; Lances of the Crimson Keep"}]},{"@type":"WebSite","@id":"https:\/\/spelivinkki.fi\/#website","url":"https:\/\/spelivinkki.fi\/","name":"Spelivinkki","description":"Paraisten Lautapelikauppa","publisher":{"@id":"https:\/\/spelivinkki.fi\/#organization"},"alternateName":"Spelivinkki Oy","potentialAction":[{"@type":"SearchAction","target":{"@type":"EntryPoint","urlTemplate":"https:\/\/spelivinkki.fi\/?s={search_term_string}"},"query-input":{"@type":"PropertyValueSpecification","valueRequired":true,"valueName":"search_term_string"}}],"inLanguage":"sv-SE"},{"@type":"Organization","@id":"https:\/\/spelivinkki.fi\/#organization","name":"Spelivinkki Oy","alternateName":"Spelivinkki","url":"https:\/\/spelivinkki.fi\/","logo":{"@type":"ImageObject","inLanguage":"sv-SE","@id":"https:\/\/spelivinkki.fi\/#\/schema\/logo\/image\/","url":"https:\/\/mlw9zexfsyfr.i.optimole.com\/w:auto\/h:auto\/q:mauto\/ig:avif\/https:\/\/spelivinkki.fi\/wp-content\/uploads\/2024\/02\/Logo.svg","contentUrl":"https:\/\/mlw9zexfsyfr.i.optimole.com\/w:auto\/h:auto\/q:mauto\/ig:avif\/https:\/\/spelivinkki.fi\/wp-content\/uploads\/2024\/02\/Logo.svg","width":2176,"height":2323,"caption":"Spelivinkki Oy"},"image":{"@id":"https:\/\/spelivinkki.fi\/#\/schema\/logo\/image\/"},"sameAs":["https:\/\/www.facebook.com\/SpelivinkkiOy\/","https:\/\/x.com\/SpelivinkkiOy","https:\/\/www.instagram.com\/spelivinkkioy\/"],"description":"Spelivinkki Oy is a company operating both a brick-and-mortar store in Finland as well as a webshop online. We sell board games, roleplaying games, miniature wargames, logic puzzles, jigsaw puzzles and other things related to the boardgame hobby.","email":"myynti@spelivinkki.fi","telephone":"+358406486605","legalName":"Spelivinkki Oy","foundingDate":"2023-09-17","vatID":"FI33904524","numberOfEmployees":{"@type":"QuantitativeValue","minValue":"1","maxValue":"10"},"hasMerchantReturnPolicy":{"@type":"MerchantReturnPolicy","merchantReturnLink":"https:\/\/spelivinkki.fi\/sv\/spelivinkin-vaihto-ja-palautusoikeus\/"}}]},"product_brand":"Games Workshop","product_price_amount":"200.00","product_price_currency":"EUR","og_availability":"out of stock","product_availability":"out of stock","product_condition":"new"},"_links":{"self":[{"href":"https:\/\/spelivinkki.fi\/sv\/wp-json\/wp\/v2\/product\/7898","targetHints":{"allow":["GET"]}}],"collection":[{"href":"https:\/\/spelivinkki.fi\/sv\/wp-json\/wp\/v2\/product"}],"about":[{"href":"https:\/\/spelivinkki.fi\/sv\/wp-json\/wp\/v2\/types\/product"}],"wp:featuredmedia":[{"embeddable":true,"href":"https:\/\/spelivinkki.fi\/sv\/wp-json\/wp\/v2\/media\/7899"}],"wp:attachment":[{"href":"https:\/\/spelivinkki.fi\/sv\/wp-json\/wp\/v2\/media?parent=7898"}],"wp:term":[{"taxonomy":"product_brand","embeddable":true,"href":"https:\/\/spelivinkki.fi\/sv\/wp-json\/wp\/v2\/product_brand?post=7898"},{"taxonomy":"product_cat","embeddable":true,"href":"https:\/\/spelivinkki.fi\/sv\/wp-json\/wp\/v2\/product_cat?post=7898"},{"taxonomy":"product_tag","embeddable":true,"href":"https:\/\/spelivinkki.fi\/sv\/wp-json\/wp\/v2\/product_tag?post=7898"}],"curies":[{"name":"wp","href":"https:\/\/api.w.org\/{rel}","templated":true}]}}