{"id":7920,"date":"2026-03-05T10:19:05","date_gmt":"2026-03-05T10:19:05","guid":{"rendered":"https:\/\/spelivinkki.fi\/?post_type=product&#038;p=7920"},"modified":"2026-04-18T06:05:55","modified_gmt":"2026-04-18T06:05:55","slug":"konflikt-47-starter-set-2025","status":"publish","type":"product","link":"https:\/\/spelivinkki.fi\/sv\/produkt\/konflikt-47-starter-set-2025\/","title":{"rendered":"Konflikt \u201947 Starter Set (2025)"},"content":{"rendered":"<h6>Ugivarens beskrivning:<\/h6>\n<p>It is 1947. Humanity has breached the barrier between realities, using Rifts to create previously impossible technologies. Driven by this esoteric knowledge and Rift energy, a new era of both science and superstition has engulfed humankind. The fires of World War II rage as brightly as ever. Nations bloodied and scarred by years of fighting launch fresh offensives and counterattacks. Weapons of unprecedented destruction and beings of unnatural origin dominate countless battles across land, air, and sea.<\/p>\n<p>In this horrifying new world, the only victory lies in survival.<\/p>\n<p><strong><em>Konflikt \u201947<\/em><\/strong>\u00a0is the game of heroes, horrors, monsters, and mechs, putting you in command of the nightmarish struggle for supremacy as the old world is torn apart and remade in blood and crackling energy. Fast-paced, action-packed gameplay provides countless cinematic moments, with fluctuating Rift energies and the ever-present fog of war ensuring that no two games are ever the same, and the outcome is never guaranteed. Heroes and villains on each side lend their unique abilities to turn the tide of battle, as mechs and monsters face off in brutal contests of flesh versus steel.<\/p>\n<p>This is not war. This is the end.<\/p>\n<p>This starter set contains everything you need to start playing\u00a0<em>Konflikt \u201947<\/em>\u00a0&#8211; rulebook, models, dice, scenery, and more. Elite United States Firefly jump infantry, supported by the armoured punch of a Linebacker walker, drop from the skies into combat against hulking Axis\u00a0<em>Stahltruppen<\/em>\u00a0heavy infantry and a scuttling\u00a0<em>Vogelspinne<\/em>\u00a0light mech &#8211; the perfect introduction to the lethal battlefields of\u00a0<em>Konflikt \u201947<\/em>\u00a0and the foundation of a pair of powerful forces. In addition, each force is led by a powerful hero figure, unique to this set!<\/p>\n<p>The\u00a0<em>Konflikt \u201947<\/em>\u00a0Starter Set contains:<\/p>\n<ul>\n<li>The following Axis miniatures:\n<ul>\n<li>1 Warlord Resin Axis Platoon Commander (Exclusive to this set)<\/li>\n<li>6 plastic\u00a0<em>Stahltruppen<\/em><\/li>\n<li>1 plastic\u00a0<em>Vogelspinne Light Panzermech<\/em><\/li>\n<\/ul>\n<\/li>\n<li>The following US miniatures:\n<ul>\n<li>1 Warlord Resin United States Platoon Commander (Exclusive to this set)<\/li>\n<li>12 plastic Firefly Airborne Infantry<\/li>\n<li>1 plastic M2A5 Linebacker jump walker<\/li>\n<\/ul>\n<\/li>\n<li>Waterslide transfer sheet<\/li>\n<li>Plastic\u00a0<em>Konflikt \u201847<\/em>\u00a0ruins (4 plastic frames)<\/li>\n<li>1 A5 softback\u00a0<em>Konflikt \u201847<\/em>\u00a0Rulebook<\/li>\n<li>4 olive drab &amp; 4 grey with black<em>\u00a0Konflikt \u201847<\/em>\u00a0Order Dice<\/li>\n<li>4 green &amp; 4 grey<em>\u00a0Konflikt \u201847<\/em>\u00a0Rift Dice<\/li>\n<li>Plain dice bag<\/li>\n<li>10 six-sided dice<\/li>\n<li>Double-sided paper gaming mat<\/li>\n<li>Plastic pin markers and templates sprue<\/li>\n<li>Assembly guides<\/li>\n<\/ul>\n<p><em>Miniatures sculpted by Steven Clark, Wojtek Flis, Jon Heeney, &amp; Marco Sano.<\/em><\/p>\n<p><em>Studio Miniatures painted by Kirsten Williams &amp; Darek Wyrozebski.<\/em><\/p>\n<p><em>Models supplied unassembled and unpainted.<\/em><\/p>\n<p><strong>VARNING:<\/strong> P\u00e5 grund av sm\u00e5delar \u00e4r inte produkten l\u00e4mplig f\u00f6r barn under 3!<\/p>","protected":false},"excerpt":{"rendered":"<ul>\n<li><strong>\u00c5ldersrekommendation:<\/strong> 14+<\/li>\n<li><strong>Arm\u00e9:<\/strong> USA &amp; Tyskland<\/li>\n<li><strong>Spr\u00e5k:<\/strong> Engelska<\/li>\n<li><strong>Utgivare:<\/strong> Warlord Games<\/li>\n<\/ul>","protected":false},"featured_media":7921,"template":"","meta":{"site-sidebar-layout":"default","site-content-layout":"","ast-site-content-layout":"default","site-content-style":"default","site-sidebar-style":"default","ast-global-header-display":"","ast-banner-title-visibility":"","ast-main-header-display":"","ast-hfb-above-header-display":"","ast-hfb-below-header-display":"","ast-hfb-mobile-header-display":"","site-post-title":"","ast-breadcrumbs-content":"","ast-featured-img":"","footer-sml-layout":"","ast-disable-related-posts":"","theme-transparent-header-meta":"default","adv-header-id-meta":"","stick-header-meta":"","header-above-stick-meta":"","header-main-stick-meta":"","header-below-stick-meta":"","astra-migrate-meta-layouts":"set","ast-page-background-enabled":"default","ast-page-background-meta":{"desktop":{"background-color":"","background-image":"","background-repeat":"repeat","background-position":"center center","background-size":"auto","background-attachment":"scroll","background-type":"","background-media":"","overlay-type":"","overlay-color":"","overlay-opacity":"","overlay-gradient":""},"tablet":{"background-color":"","background-image":"","background-repeat":"repeat","background-position":"center center","background-size":"auto","background-attachment":"scroll","background-type":"","background-media":"","overlay-type":"","overlay-color":"","overlay-opacity":"","overlay-gradient":""},"mobile":{"background-color":"","background-image":"","background-repeat":"repeat","background-position":"center center","background-size":"auto","background-attachment":"scroll","background-type":"","background-media":"","overlay-type":"","overlay-color":"","overlay-opacity":"","overlay-gradient":""}},"ast-content-background-meta":{"desktop":{"background-color":"var(--ast-global-color-5)","background-image":"","background-repeat":"repeat","background-position":"center center","background-size":"auto","background-attachment":"scroll","background-type":"","background-media":"","overlay-type":"","overlay-color":"","overlay-opacity":"","overlay-gradient":""},"tablet":{"background-color":"var(--ast-global-color-5)","background-image":"","background-repeat":"repeat","background-position":"center center","background-size":"auto","background-attachment":"scroll","background-type":"","background-media":"","overlay-type":"","overlay-color":"","overlay-opacity":"","overlay-gradient":""},"mobile":{"background-color":"var(--ast-global-color-5)","background-image":"","background-repeat":"repeat","background-position":"center center","background-size":"auto","background-attachment":"scroll","background-type":"","background-media":"","overlay-type":"","overlay-color":"","overlay-opacity":"","overlay-gradient":""}}},"product_brand":[1330],"product_cat":[1331,832],"product_tag":[1261,1279,1278],"class_list":{"0":"post-7920","1":"product","2":"type-product","3":"status-publish","4":"has-post-thumbnail","6":"product_brand-warlord-games","7":"product_cat-konflikt-47","8":"product_cat-miniatyyripelit","9":"product_tag-aloitussetti","10":"product_tag-koottava","11":"product_tag-muovifigu","12":"product_shipping_class-standard2","13":"desktop-align-center","14":"tablet-align-center","15":"mobile-align-center","17":"first","18":"instock","19":"taxable","20":"shipping-taxable","21":"purchasable","22":"product-type-simple"},"yoast_head":"<!-- This site is optimized with the Yoast SEO Premium plugin v27.3 (Yoast SEO v27.4) - https:\/\/yoast.com\/product\/yoast-seo-premium-wordpress\/ -->\n<title>Konflikt &#039;47 Starter Set (2025) &#8211; Spelivinkki<\/title>\n<meta name=\"description\" content=\"Astu 1947: Konflikt &#039;47 Starter Set vie sinut ep\u00e4todellisuuksien maailmaan. Liity taisteluun nyt ja koe aikakauden uudet teknologiat!\" \/>\n<meta name=\"robots\" content=\"index, follow, max-snippet:-1, max-image-preview:large, max-video-preview:-1\" \/>\n<link rel=\"canonical\" href=\"https:\/\/spelivinkki.fi\/sv\/produkt\/konflikt-47-starter-set-2025\/\" \/>\n<meta property=\"og:locale\" content=\"sv_SE\" \/>\n<meta property=\"og:type\" content=\"article\" \/>\n<meta property=\"og:title\" content=\"Konflikt &#039;47 Starter Set (2025)\" \/>\n<meta property=\"og:description\" content=\"Astu 1947: Konflikt &#039;47 Starter Set vie sinut ep\u00e4todellisuuksien maailmaan. Liity taisteluun nyt ja koe aikakauden uudet teknologiat!\" \/>\n<meta property=\"og:url\" content=\"https:\/\/spelivinkki.fi\/sv\/produkt\/konflikt-47-starter-set-2025\/\" \/>\n<meta property=\"og:site_name\" content=\"Spelivinkki\" \/>\n<meta property=\"article:publisher\" content=\"https:\/\/www.facebook.com\/SpelivinkkiOy\/\" \/>\n<meta property=\"article:modified_time\" content=\"2026-04-18T06:05:55+00:00\" \/>\n<meta property=\"og:image\" content=\"https:\/\/mlw9zexfsyfr.i.optimole.com\/w:auto\/h:auto\/q:mauto\/ig:avif\/https:\/\/spelivinkki.fi\/wp-content\/uploads\/2026\/03\/Konflikt-47-Starter-Set-Tuotekuva.webp\" \/>\n\t<meta property=\"og:image:width\" content=\"2048\" \/>\n\t<meta property=\"og:image:height\" content=\"2048\" \/>\n\t<meta property=\"og:image:type\" content=\"image\/webp\" \/>\n<meta name=\"twitter:card\" content=\"summary_large_image\" \/>\n<meta name=\"twitter:site\" content=\"@SpelivinkkiOy\" \/>\n<meta name=\"twitter:label1\" content=\"Pris\" \/>\n\t<meta name=\"twitter:data1\" content=\"114,00&nbsp;&euro;\" \/>\n\t<meta name=\"twitter:label2\" content=\"Tillg\u00e4nglig\" \/>\n\t<meta name=\"twitter:data2\" content=\"I lager\" \/>\n<script type=\"application\/ld+json\" class=\"yoast-schema-graph\">{\"@context\":\"https:\\\/\\\/schema.org\",\"@graph\":[{\"@type\":\"WebPage\",\"@id\":\"https:\\\/\\\/spelivinkki.fi\\\/tuote\\\/konflikt-47-starter-set-2025\\\/\",\"url\":\"https:\\\/\\\/spelivinkki.fi\\\/tuote\\\/konflikt-47-starter-set-2025\\\/\",\"name\":\"Konflikt '47 Starter Set (2025) &#8211; Spelivinkki\",\"isPartOf\":{\"@id\":\"https:\\\/\\\/spelivinkki.fi\\\/#website\"},\"primaryImageOfPage\":{\"@id\":\"https:\\\/\\\/spelivinkki.fi\\\/tuote\\\/konflikt-47-starter-set-2025\\\/#primaryimage\"},\"image\":{\"@id\":\"https:\\\/\\\/spelivinkki.fi\\\/tuote\\\/konflikt-47-starter-set-2025\\\/#primaryimage\"},\"thumbnailUrl\":\"https:\\/\\/spelivinkki.fi\\/wp-content\\/uploads\\/2026\\/03\\/Konflikt-47-Starter-Set-Tuotekuva.webp\",\"datePublished\":\"2026-03-05T10:19:05+00:00\",\"dateModified\":\"2026-04-18T06:05:55+00:00\",\"description\":\"Astu 1947: Konflikt '47 Starter Set vie sinut ep\u00e4todellisuuksien maailmaan. Liity taisteluun nyt ja koe aikakauden uudet teknologiat!\",\"breadcrumb\":{\"@id\":\"https:\\\/\\\/spelivinkki.fi\\\/tuote\\\/konflikt-47-starter-set-2025\\\/#breadcrumb\"},\"inLanguage\":\"sv-SE\",\"potentialAction\":[{\"@type\":\"ReadAction\",\"target\":[\"https:\\\/\\\/spelivinkki.fi\\\/tuote\\\/konflikt-47-starter-set-2025\\\/\"]}]},{\"@type\":\"ImageObject\",\"inLanguage\":\"sv-SE\",\"@id\":\"https:\\\/\\\/spelivinkki.fi\\\/tuote\\\/konflikt-47-starter-set-2025\\\/#primaryimage\",\"url\":\"https:\\/\\/spelivinkki.fi\\/wp-content\\/uploads\\/2026\\/03\\/Konflikt-47-Starter-Set-Tuotekuva.webp\",\"contentUrl\":\"https:\\/\\/spelivinkki.fi\\/wp-content\\/uploads\\/2026\\/03\\/Konflikt-47-Starter-Set-Tuotekuva.webp\",\"width\":2048,\"height\":2048,\"caption\":\"Konflikt 47 Starter Set Tuotekuva\"},{\"@type\":\"BreadcrumbList\",\"@id\":\"https:\\\/\\\/spelivinkki.fi\\\/tuote\\\/konflikt-47-starter-set-2025\\\/#breadcrumb\",\"itemListElement\":[{\"@type\":\"ListItem\",\"position\":1,\"name\":\"Etusivu\",\"item\":\"https:\\\/\\\/spelivinkki.fi\\\/\"},{\"@type\":\"ListItem\",\"position\":2,\"name\":\"Tuotteet\",\"item\":\"https:\\\/\\\/spelivinkki.fi\\\/tuotteet\\\/\"},{\"@type\":\"ListItem\",\"position\":3,\"name\":\"Konflikt &#8217;47 Starter Set (2025)\"}]},{\"@type\":\"WebSite\",\"@id\":\"https:\\\/\\\/spelivinkki.fi\\\/#website\",\"url\":\"https:\\\/\\\/spelivinkki.fi\\\/\",\"name\":\"Spelivinkki\",\"description\":\"Paraisten Lautapelikauppa\",\"publisher\":{\"@id\":\"https:\\\/\\\/spelivinkki.fi\\\/#organization\"},\"alternateName\":\"Spelivinkki Oy\",\"potentialAction\":[{\"@type\":\"SearchAction\",\"target\":{\"@type\":\"EntryPoint\",\"urlTemplate\":\"https:\\\/\\\/spelivinkki.fi\\\/?s={search_term_string}\"},\"query-input\":{\"@type\":\"PropertyValueSpecification\",\"valueRequired\":true,\"valueName\":\"search_term_string\"}}],\"inLanguage\":\"sv-SE\"},{\"@type\":\"Organization\",\"@id\":\"https:\\\/\\\/spelivinkki.fi\\\/#organization\",\"name\":\"Spelivinkki Oy\",\"alternateName\":\"Spelivinkki\",\"url\":\"https:\\\/\\\/spelivinkki.fi\\\/\",\"logo\":{\"@type\":\"ImageObject\",\"inLanguage\":\"sv-SE\",\"@id\":\"https:\\\/\\\/spelivinkki.fi\\\/#\\\/schema\\\/logo\\\/image\\\/\",\"url\":\"https:\\/\\/spelivinkki.fi\\/wp-content\\/uploads\\/2024\\/02\\/Logo.svg\",\"contentUrl\":\"https:\\/\\/spelivinkki.fi\\/wp-content\\/uploads\\/2024\\/02\\/Logo.svg\",\"width\":2176,\"height\":2323,\"caption\":\"Spelivinkki Oy\"},\"image\":{\"@id\":\"https:\\\/\\\/spelivinkki.fi\\\/#\\\/schema\\\/logo\\\/image\\\/\"},\"sameAs\":[\"https:\\\/\\\/www.facebook.com\\\/SpelivinkkiOy\\\/\",\"https:\\\/\\\/x.com\\\/SpelivinkkiOy\",\"https:\\\/\\\/www.instagram.com\\\/spelivinkkioy\\\/\"],\"description\":\"Spelivinkki Oy is a company operating both a brick-and-mortar store in Finland as well as a webshop online. We sell board games, roleplaying games, miniature wargames, logic puzzles, jigsaw puzzles and other things related to the boardgame hobby.\",\"email\":\"myynti@spelivinkki.fi\",\"telephone\":\"+358406486605\",\"legalName\":\"Spelivinkki Oy\",\"foundingDate\":\"2023-09-17\",\"vatID\":\"FI33904524\",\"numberOfEmployees\":{\"@type\":\"QuantitativeValue\",\"minValue\":\"1\",\"maxValue\":\"10\"},\"hasMerchantReturnPolicy\":{\"@type\":\"MerchantReturnPolicy\",\"merchantReturnLink\":\"https:\\\/\\\/spelivinkki.fi\\\/sv\\\/spelivinkin-vaihto-ja-palautusoikeus\\\/\"}}]}<\/script>\n<meta property=\"product:brand\" content=\"Warlord Games\" \/>\n<meta property=\"product:price:amount\" content=\"114.00\" \/>\n<meta property=\"product:price:currency\" content=\"EUR\" \/>\n<meta property=\"og:availability\" content=\"instock\" \/>\n<meta property=\"product:availability\" content=\"instock\" \/>\n<meta property=\"product:retailer_item_id\" content=\"451510001\" \/>\n<meta property=\"product:condition\" content=\"new\" \/>\n<!-- \/ Yoast SEO Premium plugin. -->","yoast_head_json":{"title":"Konflikt '47 Starter Set (2025) &#8211; Spelivinkki","description":"Astu 1947: Konflikt '47 Starter Set vie sinut ep\u00e4todellisuuksien maailmaan. Liity taisteluun nyt ja koe aikakauden uudet teknologiat!","robots":{"index":"index","follow":"follow","max-snippet":"max-snippet:-1","max-image-preview":"max-image-preview:large","max-video-preview":"max-video-preview:-1"},"canonical":"https:\/\/spelivinkki.fi\/sv\/produkt\/konflikt-47-starter-set-2025\/","og_locale":"sv_SE","og_type":"article","og_title":"Konflikt '47 Starter Set (2025)","og_description":"Astu 1947: Konflikt '47 Starter Set vie sinut ep\u00e4todellisuuksien maailmaan. Liity taisteluun nyt ja koe aikakauden uudet teknologiat!","og_url":"https:\/\/spelivinkki.fi\/sv\/produkt\/konflikt-47-starter-set-2025\/","og_site_name":"Spelivinkki","article_publisher":"https:\/\/www.facebook.com\/SpelivinkkiOy\/","article_modified_time":"2026-04-18T06:05:55+00:00","og_image":[{"width":2048,"height":2048,"url":"https:\/\/mlw9zexfsyfr.i.optimole.com\/w:auto\/h:auto\/q:mauto\/ig:avif\/https:\/\/spelivinkki.fi\/wp-content\/uploads\/2026\/03\/Konflikt-47-Starter-Set-Tuotekuva.webp","type":"image\/webp"}],"twitter_card":"summary_large_image","twitter_site":"@SpelivinkkiOy","twitter_misc":{"Pris":"114,00&nbsp;&euro;","Tillg\u00e4nglig":"I lager"},"schema":{"@context":"https:\/\/schema.org","@graph":[{"@type":"WebPage","@id":"https:\/\/spelivinkki.fi\/tuote\/konflikt-47-starter-set-2025\/","url":"https:\/\/spelivinkki.fi\/tuote\/konflikt-47-starter-set-2025\/","name":"Konflikt '47 Starter Set (2025) &#8211; Spelivinkki","isPartOf":{"@id":"https:\/\/spelivinkki.fi\/#website"},"primaryImageOfPage":{"@id":"https:\/\/spelivinkki.fi\/tuote\/konflikt-47-starter-set-2025\/#primaryimage"},"image":{"@id":"https:\/\/spelivinkki.fi\/tuote\/konflikt-47-starter-set-2025\/#primaryimage"},"thumbnailUrl":"https:\/\/mlw9zexfsyfr.i.optimole.com\/w:auto\/h:auto\/q:mauto\/ig:avif\/https:\/\/spelivinkki.fi\/wp-content\/uploads\/2026\/03\/Konflikt-47-Starter-Set-Tuotekuva.webp","datePublished":"2026-03-05T10:19:05+00:00","dateModified":"2026-04-18T06:05:55+00:00","description":"Astu 1947: Konflikt '47 Starter Set vie sinut ep\u00e4todellisuuksien maailmaan. Liity taisteluun nyt ja koe aikakauden uudet teknologiat!","breadcrumb":{"@id":"https:\/\/spelivinkki.fi\/tuote\/konflikt-47-starter-set-2025\/#breadcrumb"},"inLanguage":"sv-SE","potentialAction":[{"@type":"ReadAction","target":["https:\/\/spelivinkki.fi\/tuote\/konflikt-47-starter-set-2025\/"]}]},{"@type":"ImageObject","inLanguage":"sv-SE","@id":"https:\/\/spelivinkki.fi\/tuote\/konflikt-47-starter-set-2025\/#primaryimage","url":"https:\/\/mlw9zexfsyfr.i.optimole.com\/w:auto\/h:auto\/q:mauto\/ig:avif\/https:\/\/spelivinkki.fi\/wp-content\/uploads\/2026\/03\/Konflikt-47-Starter-Set-Tuotekuva.webp","contentUrl":"https:\/\/mlw9zexfsyfr.i.optimole.com\/w:auto\/h:auto\/q:mauto\/ig:avif\/https:\/\/spelivinkki.fi\/wp-content\/uploads\/2026\/03\/Konflikt-47-Starter-Set-Tuotekuva.webp","width":2048,"height":2048,"caption":"Konflikt 47 Starter Set Tuotekuva"},{"@type":"BreadcrumbList","@id":"https:\/\/spelivinkki.fi\/tuote\/konflikt-47-starter-set-2025\/#breadcrumb","itemListElement":[{"@type":"ListItem","position":1,"name":"Etusivu","item":"https:\/\/spelivinkki.fi\/"},{"@type":"ListItem","position":2,"name":"Tuotteet","item":"https:\/\/spelivinkki.fi\/tuotteet\/"},{"@type":"ListItem","position":3,"name":"Konflikt &#8217;47 Starter Set (2025)"}]},{"@type":"WebSite","@id":"https:\/\/spelivinkki.fi\/#website","url":"https:\/\/spelivinkki.fi\/","name":"Spelivinkki","description":"Paraisten Lautapelikauppa","publisher":{"@id":"https:\/\/spelivinkki.fi\/#organization"},"alternateName":"Spelivinkki Oy","potentialAction":[{"@type":"SearchAction","target":{"@type":"EntryPoint","urlTemplate":"https:\/\/spelivinkki.fi\/?s={search_term_string}"},"query-input":{"@type":"PropertyValueSpecification","valueRequired":true,"valueName":"search_term_string"}}],"inLanguage":"sv-SE"},{"@type":"Organization","@id":"https:\/\/spelivinkki.fi\/#organization","name":"Spelivinkki Oy","alternateName":"Spelivinkki","url":"https:\/\/spelivinkki.fi\/","logo":{"@type":"ImageObject","inLanguage":"sv-SE","@id":"https:\/\/spelivinkki.fi\/#\/schema\/logo\/image\/","url":"https:\/\/mlw9zexfsyfr.i.optimole.com\/w:auto\/h:auto\/q:mauto\/ig:avif\/https:\/\/spelivinkki.fi\/wp-content\/uploads\/2024\/02\/Logo.svg","contentUrl":"https:\/\/mlw9zexfsyfr.i.optimole.com\/w:auto\/h:auto\/q:mauto\/ig:avif\/https:\/\/spelivinkki.fi\/wp-content\/uploads\/2024\/02\/Logo.svg","width":2176,"height":2323,"caption":"Spelivinkki Oy"},"image":{"@id":"https:\/\/spelivinkki.fi\/#\/schema\/logo\/image\/"},"sameAs":["https:\/\/www.facebook.com\/SpelivinkkiOy\/","https:\/\/x.com\/SpelivinkkiOy","https:\/\/www.instagram.com\/spelivinkkioy\/"],"description":"Spelivinkki Oy is a company operating both a brick-and-mortar store in Finland as well as a webshop online. We sell board games, roleplaying games, miniature wargames, logic puzzles, jigsaw puzzles and other things related to the boardgame hobby.","email":"myynti@spelivinkki.fi","telephone":"+358406486605","legalName":"Spelivinkki Oy","foundingDate":"2023-09-17","vatID":"FI33904524","numberOfEmployees":{"@type":"QuantitativeValue","minValue":"1","maxValue":"10"},"hasMerchantReturnPolicy":{"@type":"MerchantReturnPolicy","merchantReturnLink":"https:\/\/spelivinkki.fi\/sv\/spelivinkin-vaihto-ja-palautusoikeus\/"}}]},"product_brand":"Warlord Games","product_price_amount":"114.00","product_price_currency":"EUR","og_availability":"instock","product_availability":"instock","product_retailer_item_id":"451510001","product_condition":"new"},"_links":{"self":[{"href":"https:\/\/spelivinkki.fi\/sv\/wp-json\/wp\/v2\/product\/7920","targetHints":{"allow":["GET"]}}],"collection":[{"href":"https:\/\/spelivinkki.fi\/sv\/wp-json\/wp\/v2\/product"}],"about":[{"href":"https:\/\/spelivinkki.fi\/sv\/wp-json\/wp\/v2\/types\/product"}],"wp:featuredmedia":[{"embeddable":true,"href":"https:\/\/spelivinkki.fi\/sv\/wp-json\/wp\/v2\/media\/7921"}],"wp:attachment":[{"href":"https:\/\/spelivinkki.fi\/sv\/wp-json\/wp\/v2\/media?parent=7920"}],"wp:term":[{"taxonomy":"product_brand","embeddable":true,"href":"https:\/\/spelivinkki.fi\/sv\/wp-json\/wp\/v2\/product_brand?post=7920"},{"taxonomy":"product_cat","embeddable":true,"href":"https:\/\/spelivinkki.fi\/sv\/wp-json\/wp\/v2\/product_cat?post=7920"},{"taxonomy":"product_tag","embeddable":true,"href":"https:\/\/spelivinkki.fi\/sv\/wp-json\/wp\/v2\/product_tag?post=7920"}],"curies":[{"name":"wp","href":"https:\/\/api.w.org\/{rel}","templated":true}]}}