{"id":7988,"date":"2026-04-15T09:27:15","date_gmt":"2026-04-15T09:27:15","guid":{"rendered":"https:\/\/spelivinkki.fi\/?post_type=product&#038;p=7988"},"modified":"2026-04-15T09:27:17","modified_gmt":"2026-04-15T09:27:17","slug":"age-of-sigmar-soulblight-gravelords-deathrattle-tomb-host-spearhead","status":"publish","type":"product","link":"https:\/\/spelivinkki.fi\/sv\/produkt\/age-of-sigmar-soulblight-gravelords-deathrattle-tomb-host-spearhead\/","title":{"rendered":"Age of Sigmar: Soulblight Gravelords \u2014 Deathrattle Tomb Host Spearhead"},"content":{"rendered":"<h5>Publisher Description in English:<\/h5>\n<p><em>Deathrattle Tomb Hosts exemplify the military might of the barrow kingdoms. They are raised when a Wight King\u2019s entire barrow kingdom is emptied for war, its undead citizenry taking up blades and spears at the unspoken command of their eternal overlord.<\/em><\/p>\n<p><em>Heed the call to arms with this box, an ideal way to start a new Soulblight Gravelords collection \u2013 or expand an existing army \u2013 and save money compared to buying the kits individually. The army is led by a commanding Wight King who fights at the forefront of the hordes, and is protected by the elite Barrow Guard. A unit of Barrow Knights rushes forward to smash tough units and take objectives, while a large unit of Deathrattle Skeletons controls the board and protects vital assets. These miniatures comprise a complete Spearhead force, meaning you&#8217;re ready to jump into tight, tactical games and crush the living right out of the box.<\/em><\/p>\n<h6><em><strong>This boxed set builds 40 multipart plastic Soulblight Gravelords miniatures:<\/strong><\/em><\/h6>\n<ul>\n<li><em>1x Wight King<\/em><\/li>\n<li style=\"list-style-type: none;\"><\/li>\n<li><em>5x Barrow Knights<\/em><\/li>\n<li><em>10x Barrow Guard<\/em><\/li>\n<li><em>20x Deathrattle Skeletons with 4x Tombstones<\/em><\/li>\n<\/ul>\n<p><em>The miniatures in this box are easy to customise. The Barrow Knights include parts to build an optional champion, standard bearer, and musician, and the helmets and shields are interchangeable across the unit.<\/em><\/p>\n<p><em>The Barrow Guard can include an optional champion armed with either a sword and shield or a mace, a standard bearer, and a musician. The helmets are interchangeable across the unit, and they can swap their rusted swords and distinctive shields for heavy two-handed glaives.<\/em><\/p>\n<p><em>The Deathrattle Skeletons include parts to build up to two optional champions and standard bearers. The champions have a choice of four different weapons, while the other Deathrattle Skeletons can be armed with either spears or jagged swords. The weapons and shields are interchangeable across the miniatures, making it easy to personalise your deathless force.<\/em><\/p>\n<p><em>The kit comprises 287 plastic components, 5x Citadel 60mm by 35mm Oval Bases, 1x Citadel 32mm Round Base, 10x Citadel 28.5mm Round Bases, and 24x Citadel 25mm Round Bases. These miniatures require assembly and are supplied unpainted \u2013 we recommend using Citadel Plastic Glue and Citadel Colour paints.<\/em><\/p>\n<p><strong>VARNING:<\/strong> P\u00e5 grund av sm\u00e5delar \u00e4r inte produkten l\u00e4mplig f\u00f6r barn under 3!<\/p>","protected":false},"excerpt":{"rendered":"<ul>\n<li><strong>\u00c5ldersrekommendation:<\/strong> 12+<\/li>\n<li><strong>Arm\u00e9:<\/strong> Soulblight Gravelords<\/li>\n<li><strong>Spr\u00e5k:<\/strong> Engelska<\/li>\n<li><strong>Utgivare:<\/strong> Games Workshop<\/li>\n<\/ul>","protected":false},"featured_media":7989,"template":"","meta":{"site-sidebar-layout":"default","site-content-layout":"","ast-site-content-layout":"default","site-content-style":"default","site-sidebar-style":"default","ast-global-header-display":"","ast-banner-title-visibility":"","ast-main-header-display":"","ast-hfb-above-header-display":"","ast-hfb-below-header-display":"","ast-hfb-mobile-header-display":"","site-post-title":"","ast-breadcrumbs-content":"","ast-featured-img":"","footer-sml-layout":"","ast-disable-related-posts":"","theme-transparent-header-meta":"default","adv-header-id-meta":"","stick-header-meta":"","header-above-stick-meta":"","header-main-stick-meta":"","header-below-stick-meta":"","astra-migrate-meta-layouts":"set","ast-page-background-enabled":"default","ast-page-background-meta":{"desktop":{"background-color":"","background-image":"","background-repeat":"repeat","background-position":"center center","background-size":"auto","background-attachment":"scroll","background-type":"","background-media":"","overlay-type":"","overlay-color":"","overlay-opacity":"","overlay-gradient":""},"tablet":{"background-color":"","background-image":"","background-repeat":"repeat","background-position":"center center","background-size":"auto","background-attachment":"scroll","background-type":"","background-media":"","overlay-type":"","overlay-color":"","overlay-opacity":"","overlay-gradient":""},"mobile":{"background-color":"","background-image":"","background-repeat":"repeat","background-position":"center center","background-size":"auto","background-attachment":"scroll","background-type":"","background-media":"","overlay-type":"","overlay-color":"","overlay-opacity":"","overlay-gradient":""}},"ast-content-background-meta":{"desktop":{"background-color":"var(--ast-global-color-5)","background-image":"","background-repeat":"repeat","background-position":"center center","background-size":"auto","background-attachment":"scroll","background-type":"","background-media":"","overlay-type":"","overlay-color":"","overlay-opacity":"","overlay-gradient":""},"tablet":{"background-color":"var(--ast-global-color-5)","background-image":"","background-repeat":"repeat","background-position":"center center","background-size":"auto","background-attachment":"scroll","background-type":"","background-media":"","overlay-type":"","overlay-color":"","overlay-opacity":"","overlay-gradient":""},"mobile":{"background-color":"var(--ast-global-color-5)","background-image":"","background-repeat":"repeat","background-position":"center center","background-size":"auto","background-attachment":"scroll","background-type":"","background-media":"","overlay-type":"","overlay-color":"","overlay-opacity":"","overlay-gradient":""}}},"product_brand":[1051],"product_cat":[1026,832,1027],"product_tag":[1279,1278,1271],"class_list":{"0":"post-7988","1":"product","2":"type-product","3":"status-publish","4":"has-post-thumbnail","6":"product_brand-games-workshop","7":"product_cat-death","8":"product_cat-miniatyyripelit","9":"product_cat-soulblight-gravelords","10":"product_tag-koottava","11":"product_tag-muovifigu","12":"product_tag-spearhead","13":"desktop-align-center","14":"tablet-align-center","15":"mobile-align-center","17":"first","18":"instock","19":"taxable","20":"shipping-taxable","21":"purchasable","22":"product-type-simple"},"yoast_head":"<!-- This site is optimized with the Yoast SEO Premium plugin v27.3 (Yoast SEO v27.4) - https:\/\/yoast.com\/product\/yoast-seo-premium-wordpress\/ -->\n<title>Age of Sigmar: Soulblight Gravelords -- Deathrattle Tomb Host Spearhead &#8211; Spelivinkki<\/title>\n<meta name=\"robots\" content=\"index, follow, max-snippet:-1, max-image-preview:large, max-video-preview:-1\" \/>\n<link rel=\"canonical\" href=\"https:\/\/spelivinkki.fi\/sv\/produkt\/age-of-sigmar-soulblight-gravelords-deathrattle-tomb-host-spearhead\/\" \/>\n<meta property=\"og:locale\" content=\"sv_SE\" \/>\n<meta property=\"og:type\" content=\"article\" \/>\n<meta property=\"og:title\" content=\"Age of Sigmar: Soulblight Gravelords -- Deathrattle Tomb Host Spearhead\" \/>\n<meta property=\"og:description\" content=\"Ik\u00e4suositus: 12+ Armeija: Soulblight Gravelords Kieli: Englanti Julkaisu: Games Workshop\" \/>\n<meta property=\"og:url\" content=\"https:\/\/spelivinkki.fi\/sv\/produkt\/age-of-sigmar-soulblight-gravelords-deathrattle-tomb-host-spearhead\/\" \/>\n<meta property=\"og:site_name\" content=\"Spelivinkki\" \/>\n<meta property=\"article:publisher\" content=\"https:\/\/www.facebook.com\/SpelivinkkiOy\/\" \/>\n<meta property=\"article:modified_time\" content=\"2026-04-15T09:27:17+00:00\" \/>\n<meta property=\"og:image\" content=\"https:\/\/mlw9zexfsyfr.i.optimole.com\/w:auto\/h:auto\/q:mauto\/ig:avif\/https:\/\/spelivinkki.fi\/wp-content\/uploads\/2026\/04\/AoS-Deathrattle-Tomb-Host-Spearhead-Tuotekuva.webp\" \/>\n\t<meta property=\"og:image:width\" content=\"891\" \/>\n\t<meta property=\"og:image:height\" content=\"920\" \/>\n\t<meta property=\"og:image:type\" content=\"image\/webp\" \/>\n<meta name=\"twitter:card\" content=\"summary_large_image\" \/>\n<meta name=\"twitter:site\" content=\"@SpelivinkkiOy\" \/>\n<meta name=\"twitter:label1\" content=\"Pris\" \/>\n\t<meta name=\"twitter:data1\" content=\"118,00&nbsp;&euro;\" \/>\n\t<meta name=\"twitter:label2\" content=\"Tillg\u00e4nglig\" \/>\n\t<meta name=\"twitter:data2\" content=\"I lager\" \/>\n<script type=\"application\/ld+json\" class=\"yoast-schema-graph\">{\"@context\":\"https:\\\/\\\/schema.org\",\"@graph\":[{\"@type\":\"WebPage\",\"@id\":\"https:\\\/\\\/spelivinkki.fi\\\/tuote\\\/age-of-sigmar-soulblight-gravelords-deathrattle-tomb-host-spearhead\\\/\",\"url\":\"https:\\\/\\\/spelivinkki.fi\\\/tuote\\\/age-of-sigmar-soulblight-gravelords-deathrattle-tomb-host-spearhead\\\/\",\"name\":\"Age of Sigmar: Soulblight Gravelords -- Deathrattle Tomb Host Spearhead &#8211; Spelivinkki\",\"isPartOf\":{\"@id\":\"https:\\\/\\\/spelivinkki.fi\\\/#website\"},\"primaryImageOfPage\":{\"@id\":\"https:\\\/\\\/spelivinkki.fi\\\/tuote\\\/age-of-sigmar-soulblight-gravelords-deathrattle-tomb-host-spearhead\\\/#primaryimage\"},\"image\":{\"@id\":\"https:\\\/\\\/spelivinkki.fi\\\/tuote\\\/age-of-sigmar-soulblight-gravelords-deathrattle-tomb-host-spearhead\\\/#primaryimage\"},\"thumbnailUrl\":\"https:\\/\\/spelivinkki.fi\\/wp-content\\/uploads\\/2026\\/04\\/AoS-Deathrattle-Tomb-Host-Spearhead-Tuotekuva.webp\",\"datePublished\":\"2026-04-15T09:27:15+00:00\",\"dateModified\":\"2026-04-15T09:27:17+00:00\",\"breadcrumb\":{\"@id\":\"https:\\\/\\\/spelivinkki.fi\\\/tuote\\\/age-of-sigmar-soulblight-gravelords-deathrattle-tomb-host-spearhead\\\/#breadcrumb\"},\"inLanguage\":\"sv-SE\",\"potentialAction\":[{\"@type\":\"ReadAction\",\"target\":[\"https:\\\/\\\/spelivinkki.fi\\\/tuote\\\/age-of-sigmar-soulblight-gravelords-deathrattle-tomb-host-spearhead\\\/\"]}]},{\"@type\":\"ImageObject\",\"inLanguage\":\"sv-SE\",\"@id\":\"https:\\\/\\\/spelivinkki.fi\\\/tuote\\\/age-of-sigmar-soulblight-gravelords-deathrattle-tomb-host-spearhead\\\/#primaryimage\",\"url\":\"https:\\/\\/spelivinkki.fi\\/wp-content\\/uploads\\/2026\\/04\\/AoS-Deathrattle-Tomb-Host-Spearhead-Tuotekuva.webp\",\"contentUrl\":\"https:\\/\\/spelivinkki.fi\\/wp-content\\/uploads\\/2026\\/04\\/AoS-Deathrattle-Tomb-Host-Spearhead-Tuotekuva.webp\",\"width\":891,\"height\":920,\"caption\":\"AoS Deathrattle Tomb Host Spearhead Tuotekuva\"},{\"@type\":\"BreadcrumbList\",\"@id\":\"https:\\\/\\\/spelivinkki.fi\\\/tuote\\\/age-of-sigmar-soulblight-gravelords-deathrattle-tomb-host-spearhead\\\/#breadcrumb\",\"itemListElement\":[{\"@type\":\"ListItem\",\"position\":1,\"name\":\"Etusivu\",\"item\":\"https:\\\/\\\/spelivinkki.fi\\\/\"},{\"@type\":\"ListItem\",\"position\":2,\"name\":\"Tuotteet\",\"item\":\"https:\\\/\\\/spelivinkki.fi\\\/tuotteet\\\/\"},{\"@type\":\"ListItem\",\"position\":3,\"name\":\"Age of Sigmar: Soulblight Gravelords &#8212; Deathrattle Tomb Host Spearhead\"}]},{\"@type\":\"WebSite\",\"@id\":\"https:\\\/\\\/spelivinkki.fi\\\/#website\",\"url\":\"https:\\\/\\\/spelivinkki.fi\\\/\",\"name\":\"Spelivinkki\",\"description\":\"Paraisten Lautapelikauppa\",\"publisher\":{\"@id\":\"https:\\\/\\\/spelivinkki.fi\\\/#organization\"},\"alternateName\":\"Spelivinkki Oy\",\"potentialAction\":[{\"@type\":\"SearchAction\",\"target\":{\"@type\":\"EntryPoint\",\"urlTemplate\":\"https:\\\/\\\/spelivinkki.fi\\\/?s={search_term_string}\"},\"query-input\":{\"@type\":\"PropertyValueSpecification\",\"valueRequired\":true,\"valueName\":\"search_term_string\"}}],\"inLanguage\":\"sv-SE\"},{\"@type\":\"Organization\",\"@id\":\"https:\\\/\\\/spelivinkki.fi\\\/#organization\",\"name\":\"Spelivinkki Oy\",\"alternateName\":\"Spelivinkki\",\"url\":\"https:\\\/\\\/spelivinkki.fi\\\/\",\"logo\":{\"@type\":\"ImageObject\",\"inLanguage\":\"sv-SE\",\"@id\":\"https:\\\/\\\/spelivinkki.fi\\\/#\\\/schema\\\/logo\\\/image\\\/\",\"url\":\"https:\\/\\/spelivinkki.fi\\/wp-content\\/uploads\\/2024\\/02\\/Logo.svg\",\"contentUrl\":\"https:\\/\\/spelivinkki.fi\\/wp-content\\/uploads\\/2024\\/02\\/Logo.svg\",\"width\":2176,\"height\":2323,\"caption\":\"Spelivinkki Oy\"},\"image\":{\"@id\":\"https:\\\/\\\/spelivinkki.fi\\\/#\\\/schema\\\/logo\\\/image\\\/\"},\"sameAs\":[\"https:\\\/\\\/www.facebook.com\\\/SpelivinkkiOy\\\/\",\"https:\\\/\\\/x.com\\\/SpelivinkkiOy\",\"https:\\\/\\\/www.instagram.com\\\/spelivinkkioy\\\/\"],\"description\":\"Spelivinkki Oy is a company operating both a brick-and-mortar store in Finland as well as a webshop online. We sell board games, roleplaying games, miniature wargames, logic puzzles, jigsaw puzzles and other things related to the boardgame hobby.\",\"email\":\"myynti@spelivinkki.fi\",\"telephone\":\"+358406486605\",\"legalName\":\"Spelivinkki Oy\",\"foundingDate\":\"2023-09-17\",\"vatID\":\"FI33904524\",\"numberOfEmployees\":{\"@type\":\"QuantitativeValue\",\"minValue\":\"1\",\"maxValue\":\"10\"},\"hasMerchantReturnPolicy\":{\"@type\":\"MerchantReturnPolicy\",\"merchantReturnLink\":\"https:\\\/\\\/spelivinkki.fi\\\/sv\\\/spelivinkin-vaihto-ja-palautusoikeus\\\/\"}}]}<\/script>\n<meta property=\"product:brand\" content=\"Games Workshop\" \/>\n<meta property=\"product:price:amount\" content=\"118.00\" \/>\n<meta property=\"product:price:currency\" content=\"EUR\" \/>\n<meta property=\"og:availability\" content=\"instock\" \/>\n<meta property=\"product:availability\" content=\"instock\" \/>\n<meta property=\"product:retailer_item_id\" content=\"99120207176\" \/>\n<meta property=\"product:condition\" content=\"new\" \/>\n<!-- \/ Yoast SEO Premium plugin. -->","yoast_head_json":{"title":"Age of Sigmar: Soulblight Gravelords -- Deathrattle Tomb Host Spearhead &#8211; Spelivinkki","robots":{"index":"index","follow":"follow","max-snippet":"max-snippet:-1","max-image-preview":"max-image-preview:large","max-video-preview":"max-video-preview:-1"},"canonical":"https:\/\/spelivinkki.fi\/sv\/produkt\/age-of-sigmar-soulblight-gravelords-deathrattle-tomb-host-spearhead\/","og_locale":"sv_SE","og_type":"article","og_title":"Age of Sigmar: Soulblight Gravelords -- Deathrattle Tomb Host Spearhead","og_description":"Ik\u00e4suositus: 12+ Armeija: Soulblight Gravelords Kieli: Englanti Julkaisu: Games Workshop","og_url":"https:\/\/spelivinkki.fi\/sv\/produkt\/age-of-sigmar-soulblight-gravelords-deathrattle-tomb-host-spearhead\/","og_site_name":"Spelivinkki","article_publisher":"https:\/\/www.facebook.com\/SpelivinkkiOy\/","article_modified_time":"2026-04-15T09:27:17+00:00","og_image":[{"width":891,"height":920,"url":"https:\/\/mlw9zexfsyfr.i.optimole.com\/w:auto\/h:auto\/q:mauto\/ig:avif\/https:\/\/spelivinkki.fi\/wp-content\/uploads\/2026\/04\/AoS-Deathrattle-Tomb-Host-Spearhead-Tuotekuva.webp","type":"image\/webp"}],"twitter_card":"summary_large_image","twitter_site":"@SpelivinkkiOy","twitter_misc":{"Pris":"118,00&nbsp;&euro;","Tillg\u00e4nglig":"I lager"},"schema":{"@context":"https:\/\/schema.org","@graph":[{"@type":"WebPage","@id":"https:\/\/spelivinkki.fi\/tuote\/age-of-sigmar-soulblight-gravelords-deathrattle-tomb-host-spearhead\/","url":"https:\/\/spelivinkki.fi\/tuote\/age-of-sigmar-soulblight-gravelords-deathrattle-tomb-host-spearhead\/","name":"Age of Sigmar: Soulblight Gravelords -- Deathrattle Tomb Host Spearhead &#8211; Spelivinkki","isPartOf":{"@id":"https:\/\/spelivinkki.fi\/#website"},"primaryImageOfPage":{"@id":"https:\/\/spelivinkki.fi\/tuote\/age-of-sigmar-soulblight-gravelords-deathrattle-tomb-host-spearhead\/#primaryimage"},"image":{"@id":"https:\/\/spelivinkki.fi\/tuote\/age-of-sigmar-soulblight-gravelords-deathrattle-tomb-host-spearhead\/#primaryimage"},"thumbnailUrl":"https:\/\/mlw9zexfsyfr.i.optimole.com\/w:auto\/h:auto\/q:mauto\/ig:avif\/https:\/\/spelivinkki.fi\/wp-content\/uploads\/2026\/04\/AoS-Deathrattle-Tomb-Host-Spearhead-Tuotekuva.webp","datePublished":"2026-04-15T09:27:15+00:00","dateModified":"2026-04-15T09:27:17+00:00","breadcrumb":{"@id":"https:\/\/spelivinkki.fi\/tuote\/age-of-sigmar-soulblight-gravelords-deathrattle-tomb-host-spearhead\/#breadcrumb"},"inLanguage":"sv-SE","potentialAction":[{"@type":"ReadAction","target":["https:\/\/spelivinkki.fi\/tuote\/age-of-sigmar-soulblight-gravelords-deathrattle-tomb-host-spearhead\/"]}]},{"@type":"ImageObject","inLanguage":"sv-SE","@id":"https:\/\/spelivinkki.fi\/tuote\/age-of-sigmar-soulblight-gravelords-deathrattle-tomb-host-spearhead\/#primaryimage","url":"https:\/\/mlw9zexfsyfr.i.optimole.com\/w:auto\/h:auto\/q:mauto\/ig:avif\/https:\/\/spelivinkki.fi\/wp-content\/uploads\/2026\/04\/AoS-Deathrattle-Tomb-Host-Spearhead-Tuotekuva.webp","contentUrl":"https:\/\/mlw9zexfsyfr.i.optimole.com\/w:auto\/h:auto\/q:mauto\/ig:avif\/https:\/\/spelivinkki.fi\/wp-content\/uploads\/2026\/04\/AoS-Deathrattle-Tomb-Host-Spearhead-Tuotekuva.webp","width":891,"height":920,"caption":"AoS Deathrattle Tomb Host Spearhead Tuotekuva"},{"@type":"BreadcrumbList","@id":"https:\/\/spelivinkki.fi\/tuote\/age-of-sigmar-soulblight-gravelords-deathrattle-tomb-host-spearhead\/#breadcrumb","itemListElement":[{"@type":"ListItem","position":1,"name":"Etusivu","item":"https:\/\/spelivinkki.fi\/"},{"@type":"ListItem","position":2,"name":"Tuotteet","item":"https:\/\/spelivinkki.fi\/tuotteet\/"},{"@type":"ListItem","position":3,"name":"Age of Sigmar: Soulblight Gravelords &#8212; Deathrattle Tomb Host Spearhead"}]},{"@type":"WebSite","@id":"https:\/\/spelivinkki.fi\/#website","url":"https:\/\/spelivinkki.fi\/","name":"Spelivinkki","description":"Paraisten Lautapelikauppa","publisher":{"@id":"https:\/\/spelivinkki.fi\/#organization"},"alternateName":"Spelivinkki Oy","potentialAction":[{"@type":"SearchAction","target":{"@type":"EntryPoint","urlTemplate":"https:\/\/spelivinkki.fi\/?s={search_term_string}"},"query-input":{"@type":"PropertyValueSpecification","valueRequired":true,"valueName":"search_term_string"}}],"inLanguage":"sv-SE"},{"@type":"Organization","@id":"https:\/\/spelivinkki.fi\/#organization","name":"Spelivinkki Oy","alternateName":"Spelivinkki","url":"https:\/\/spelivinkki.fi\/","logo":{"@type":"ImageObject","inLanguage":"sv-SE","@id":"https:\/\/spelivinkki.fi\/#\/schema\/logo\/image\/","url":"https:\/\/mlw9zexfsyfr.i.optimole.com\/w:auto\/h:auto\/q:mauto\/ig:avif\/https:\/\/spelivinkki.fi\/wp-content\/uploads\/2024\/02\/Logo.svg","contentUrl":"https:\/\/mlw9zexfsyfr.i.optimole.com\/w:auto\/h:auto\/q:mauto\/ig:avif\/https:\/\/spelivinkki.fi\/wp-content\/uploads\/2024\/02\/Logo.svg","width":2176,"height":2323,"caption":"Spelivinkki Oy"},"image":{"@id":"https:\/\/spelivinkki.fi\/#\/schema\/logo\/image\/"},"sameAs":["https:\/\/www.facebook.com\/SpelivinkkiOy\/","https:\/\/x.com\/SpelivinkkiOy","https:\/\/www.instagram.com\/spelivinkkioy\/"],"description":"Spelivinkki Oy is a company operating both a brick-and-mortar store in Finland as well as a webshop online. We sell board games, roleplaying games, miniature wargames, logic puzzles, jigsaw puzzles and other things related to the boardgame hobby.","email":"myynti@spelivinkki.fi","telephone":"+358406486605","legalName":"Spelivinkki Oy","foundingDate":"2023-09-17","vatID":"FI33904524","numberOfEmployees":{"@type":"QuantitativeValue","minValue":"1","maxValue":"10"},"hasMerchantReturnPolicy":{"@type":"MerchantReturnPolicy","merchantReturnLink":"https:\/\/spelivinkki.fi\/sv\/spelivinkin-vaihto-ja-palautusoikeus\/"}}]},"product_brand":"Games Workshop","product_price_amount":"118.00","product_price_currency":"EUR","og_availability":"instock","product_availability":"instock","product_retailer_item_id":"99120207176","product_condition":"new"},"_links":{"self":[{"href":"https:\/\/spelivinkki.fi\/sv\/wp-json\/wp\/v2\/product\/7988","targetHints":{"allow":["GET"]}}],"collection":[{"href":"https:\/\/spelivinkki.fi\/sv\/wp-json\/wp\/v2\/product"}],"about":[{"href":"https:\/\/spelivinkki.fi\/sv\/wp-json\/wp\/v2\/types\/product"}],"wp:featuredmedia":[{"embeddable":true,"href":"https:\/\/spelivinkki.fi\/sv\/wp-json\/wp\/v2\/media\/7989"}],"wp:attachment":[{"href":"https:\/\/spelivinkki.fi\/sv\/wp-json\/wp\/v2\/media?parent=7988"}],"wp:term":[{"taxonomy":"product_brand","embeddable":true,"href":"https:\/\/spelivinkki.fi\/sv\/wp-json\/wp\/v2\/product_brand?post=7988"},{"taxonomy":"product_cat","embeddable":true,"href":"https:\/\/spelivinkki.fi\/sv\/wp-json\/wp\/v2\/product_cat?post=7988"},{"taxonomy":"product_tag","embeddable":true,"href":"https:\/\/spelivinkki.fi\/sv\/wp-json\/wp\/v2\/product_tag?post=7988"}],"curies":[{"name":"wp","href":"https:\/\/api.w.org\/{rel}","templated":true}]}}