{"id":7995,"date":"2026-04-20T13:53:55","date_gmt":"2026-04-20T13:53:55","guid":{"rendered":"https:\/\/spelivinkki.fi\/?post_type=product&#038;p=7995"},"modified":"2026-04-20T13:53:57","modified_gmt":"2026-04-20T13:53:57","slug":"age-of-sigmar-cities-of-sigmar-tahlia-vedra-lioness-of-the-parch","status":"publish","type":"product","link":"https:\/\/spelivinkki.fi\/sv\/produkt\/age-of-sigmar-cities-of-sigmar-tahlia-vedra-lioness-of-the-parch\/","title":{"rendered":"Age of Sigmar: Cities of Sigmar \u2014 Tahlia Vedra, Lioness of the Parch"},"content":{"rendered":"<h5>Publisher Description in English:<\/h5>\n<p><em>First Marshal Tahlia Vedra, named the Lioness of the Parch by her loyal soldiers, is the foremost tactical mind of Hammerhal Aqsha, and an inspiration to Dawnbringer Crusades across the Mortal Realms. Once a skilled mercenary warrior, Tahlia rose up the ranks of the Freeguild through quick thinking, passion, and bloody victories \u2013 she now leads Twin-tailed City&#8217;s quest to reclaim Aqshy\u2019s hearthlands from the grip of Chaos.<\/em><\/p>\n<p><em>This multipart plastic kit builds Tahlia Vedra, the Lioness of the Parch, mounted atop her roaring manticore Infernadine \u2013 a leonine beast with a scorpion&#8217;s tail and powerful wings. Tahlia herself can be assembled wearing a full-face helmet or her crown of office, and carries one of four distinct weapons, taken as trophies from slain traitors \u2013 the sword Parchtongue, the mace known as Warmaker, the axe called Justice, or the Hammer of Zeal. The mummified heads of their former owners are set into her throne, in brutal Aqshian tradition.<\/em><\/p>\n<p><em>The First Marshal is a true force to be reckoned with \u2013 she&#8217;s an impressive centrepiece for any collection, and will stand out as a mighty warmaster in even the largest Cities of Sigmar army.<\/em><\/p>\n<p><em>This kit comprises 59 plastic components, and comes with a Citadel 100mm Round Base.<\/em><\/p>\n<p><em>This miniature is supplied unpainted and requires assembly \u2013 we recommend using Citadel Plastic Glue and Citadel Colour paints.<\/em><\/p>\n<p><strong>VARNING:<\/strong> P\u00e5 grund av sm\u00e5delar \u00e4r inte produkten l\u00e4mplig f\u00f6r barn under 3!<\/p>","protected":false},"excerpt":{"rendered":"<ul>\n<li><strong>\u00c5ldersrekommendation:<\/strong> 12+<\/li>\n<li><strong>Arm\u00e9:<\/strong> Cities of Sigmar<\/li>\n<li><strong>Spr\u00e5k:<\/strong> Engelska<\/li>\n<li><strong>Utgivare:<\/strong> Games Workshop<\/li>\n<\/ul>","protected":false},"featured_media":7996,"template":"","meta":{"site-sidebar-layout":"default","site-content-layout":"","ast-site-content-layout":"default","site-content-style":"default","site-sidebar-style":"default","ast-global-header-display":"","ast-banner-title-visibility":"","ast-main-header-display":"","ast-hfb-above-header-display":"","ast-hfb-below-header-display":"","ast-hfb-mobile-header-display":"","site-post-title":"","ast-breadcrumbs-content":"","ast-featured-img":"","footer-sml-layout":"","ast-disable-related-posts":"","theme-transparent-header-meta":"default","adv-header-id-meta":"","stick-header-meta":"","header-above-stick-meta":"","header-main-stick-meta":"","header-below-stick-meta":"","astra-migrate-meta-layouts":"set","ast-page-background-enabled":"default","ast-page-background-meta":{"desktop":{"background-color":"","background-image":"","background-repeat":"repeat","background-position":"center center","background-size":"auto","background-attachment":"scroll","background-type":"","background-media":"","overlay-type":"","overlay-color":"","overlay-opacity":"","overlay-gradient":""},"tablet":{"background-color":"","background-image":"","background-repeat":"repeat","background-position":"center center","background-size":"auto","background-attachment":"scroll","background-type":"","background-media":"","overlay-type":"","overlay-color":"","overlay-opacity":"","overlay-gradient":""},"mobile":{"background-color":"","background-image":"","background-repeat":"repeat","background-position":"center center","background-size":"auto","background-attachment":"scroll","background-type":"","background-media":"","overlay-type":"","overlay-color":"","overlay-opacity":"","overlay-gradient":""}},"ast-content-background-meta":{"desktop":{"background-color":"var(--ast-global-color-5)","background-image":"","background-repeat":"repeat","background-position":"center center","background-size":"auto","background-attachment":"scroll","background-type":"","background-media":"","overlay-type":"","overlay-color":"","overlay-opacity":"","overlay-gradient":""},"tablet":{"background-color":"var(--ast-global-color-5)","background-image":"","background-repeat":"repeat","background-position":"center center","background-size":"auto","background-attachment":"scroll","background-type":"","background-media":"","overlay-type":"","overlay-color":"","overlay-opacity":"","overlay-gradient":""},"mobile":{"background-color":"var(--ast-global-color-5)","background-image":"","background-repeat":"repeat","background-position":"center center","background-size":"auto","background-attachment":"scroll","background-type":"","background-media":"","overlay-type":"","overlay-color":"","overlay-opacity":"","overlay-gradient":""}}},"product_brand":[],"product_cat":[958,832,937,842],"product_tag":[1279,1278],"class_list":{"0":"post-7995","1":"product","2":"type-product","3":"status-publish","4":"has-post-thumbnail","6":"product_cat-cities-of-sigmar","7":"product_cat-miniatyyripelit","8":"product_cat-order","9":"product_cat-warhammer-age-of-sigmar","10":"product_tag-koottava","11":"product_tag-muovifigu","12":"desktop-align-center","13":"tablet-align-center","14":"mobile-align-center","16":"first","17":"instock","18":"taxable","19":"shipping-taxable","20":"purchasable","21":"product-type-simple"},"yoast_head":"<!-- This site is optimized with the Yoast SEO Premium plugin v27.3 (Yoast SEO v27.4) - https:\/\/yoast.com\/product\/yoast-seo-premium-wordpress\/ -->\n<title>Age of Sigmar: Cities of Sigmar -- Tahlia Vedra, Lioness of the Parch &#8211; Spelivinkki<\/title>\n<meta name=\"description\" content=\"Ota inspiraatiota ensimm\u00e4iselt\u00e4 marsalkalta, Tahlia Vedralta, Parchin leijonalta! H\u00e4nen johtamansa ristiretket odottavat sinua. \ud83c\udf1f\" \/>\n<meta name=\"robots\" content=\"index, follow, max-snippet:-1, max-image-preview:large, max-video-preview:-1\" \/>\n<link rel=\"canonical\" href=\"https:\/\/spelivinkki.fi\/sv\/produkt\/age-of-sigmar-cities-of-sigmar-tahlia-vedra-lioness-of-the-parch\/\" \/>\n<meta property=\"og:locale\" content=\"sv_SE\" \/>\n<meta property=\"og:type\" content=\"article\" \/>\n<meta property=\"og:title\" content=\"Age of Sigmar: Cities of Sigmar -- Tahlia Vedra, Lioness of the Parch\" \/>\n<meta property=\"og:description\" content=\"Ota inspiraatiota ensimm\u00e4iselt\u00e4 marsalkalta, Tahlia Vedralta, Parchin leijonalta! H\u00e4nen johtamansa ristiretket odottavat sinua. \ud83c\udf1f\" \/>\n<meta property=\"og:url\" content=\"https:\/\/spelivinkki.fi\/sv\/produkt\/age-of-sigmar-cities-of-sigmar-tahlia-vedra-lioness-of-the-parch\/\" \/>\n<meta property=\"og:site_name\" content=\"Spelivinkki\" \/>\n<meta property=\"article:publisher\" content=\"https:\/\/www.facebook.com\/SpelivinkkiOy\/\" \/>\n<meta property=\"article:modified_time\" content=\"2026-04-20T13:53:57+00:00\" \/>\n<meta property=\"og:image\" content=\"https:\/\/mlw9zexfsyfr.i.optimole.com\/w:auto\/h:auto\/q:mauto\/ig:avif\/https:\/\/spelivinkki.fi\/wp-content\/uploads\/2026\/04\/AoS-Tahlia-Vedra-Tuotekuva.webp\" \/>\n\t<meta property=\"og:image:width\" content=\"891\" \/>\n\t<meta property=\"og:image:height\" content=\"920\" \/>\n\t<meta property=\"og:image:type\" content=\"image\/webp\" \/>\n<meta name=\"twitter:card\" content=\"summary_large_image\" \/>\n<meta name=\"twitter:site\" content=\"@SpelivinkkiOy\" \/>\n<meta name=\"twitter:label1\" content=\"Pris\" \/>\n\t<meta name=\"twitter:data1\" content=\"118,00&nbsp;&euro;\" \/>\n\t<meta name=\"twitter:label2\" content=\"Tillg\u00e4nglig\" \/>\n\t<meta name=\"twitter:data2\" content=\"I lager\" \/>\n<script type=\"application\/ld+json\" class=\"yoast-schema-graph\">{\"@context\":\"https:\\\/\\\/schema.org\",\"@graph\":[{\"@type\":\"WebPage\",\"@id\":\"https:\\\/\\\/spelivinkki.fi\\\/tuote\\\/age-of-sigmar-cities-of-sigmar-tahlia-vedra-lioness-of-the-parch\\\/\",\"url\":\"https:\\\/\\\/spelivinkki.fi\\\/tuote\\\/age-of-sigmar-cities-of-sigmar-tahlia-vedra-lioness-of-the-parch\\\/\",\"name\":\"Age of Sigmar: Cities of Sigmar -- Tahlia Vedra, Lioness of the Parch &#8211; Spelivinkki\",\"isPartOf\":{\"@id\":\"https:\\\/\\\/spelivinkki.fi\\\/#website\"},\"primaryImageOfPage\":{\"@id\":\"https:\\\/\\\/spelivinkki.fi\\\/tuote\\\/age-of-sigmar-cities-of-sigmar-tahlia-vedra-lioness-of-the-parch\\\/#primaryimage\"},\"image\":{\"@id\":\"https:\\\/\\\/spelivinkki.fi\\\/tuote\\\/age-of-sigmar-cities-of-sigmar-tahlia-vedra-lioness-of-the-parch\\\/#primaryimage\"},\"thumbnailUrl\":\"https:\\/\\/spelivinkki.fi\\/wp-content\\/uploads\\/2026\\/04\\/AoS-Tahlia-Vedra-Tuotekuva.webp\",\"datePublished\":\"2026-04-20T13:53:55+00:00\",\"dateModified\":\"2026-04-20T13:53:57+00:00\",\"description\":\"Ota inspiraatiota ensimm\u00e4iselt\u00e4 marsalkalta, Tahlia Vedralta, Parchin leijonalta! H\u00e4nen johtamansa ristiretket odottavat sinua. \ud83c\udf1f\",\"breadcrumb\":{\"@id\":\"https:\\\/\\\/spelivinkki.fi\\\/tuote\\\/age-of-sigmar-cities-of-sigmar-tahlia-vedra-lioness-of-the-parch\\\/#breadcrumb\"},\"inLanguage\":\"sv-SE\",\"potentialAction\":[{\"@type\":\"ReadAction\",\"target\":[\"https:\\\/\\\/spelivinkki.fi\\\/tuote\\\/age-of-sigmar-cities-of-sigmar-tahlia-vedra-lioness-of-the-parch\\\/\"]}]},{\"@type\":\"ImageObject\",\"inLanguage\":\"sv-SE\",\"@id\":\"https:\\\/\\\/spelivinkki.fi\\\/tuote\\\/age-of-sigmar-cities-of-sigmar-tahlia-vedra-lioness-of-the-parch\\\/#primaryimage\",\"url\":\"https:\\/\\/spelivinkki.fi\\/wp-content\\/uploads\\/2026\\/04\\/AoS-Tahlia-Vedra-Tuotekuva.webp\",\"contentUrl\":\"https:\\/\\/spelivinkki.fi\\/wp-content\\/uploads\\/2026\\/04\\/AoS-Tahlia-Vedra-Tuotekuva.webp\",\"width\":891,\"height\":920,\"caption\":\"AoS Tahlia Vedra Tuotekuva\"},{\"@type\":\"BreadcrumbList\",\"@id\":\"https:\\\/\\\/spelivinkki.fi\\\/tuote\\\/age-of-sigmar-cities-of-sigmar-tahlia-vedra-lioness-of-the-parch\\\/#breadcrumb\",\"itemListElement\":[{\"@type\":\"ListItem\",\"position\":1,\"name\":\"Etusivu\",\"item\":\"https:\\\/\\\/spelivinkki.fi\\\/\"},{\"@type\":\"ListItem\",\"position\":2,\"name\":\"Tuotteet\",\"item\":\"https:\\\/\\\/spelivinkki.fi\\\/tuotteet\\\/\"},{\"@type\":\"ListItem\",\"position\":3,\"name\":\"Age of Sigmar: Cities of Sigmar &#8212; Tahlia Vedra, Lioness of the Parch\"}]},{\"@type\":\"WebSite\",\"@id\":\"https:\\\/\\\/spelivinkki.fi\\\/#website\",\"url\":\"https:\\\/\\\/spelivinkki.fi\\\/\",\"name\":\"Spelivinkki\",\"description\":\"Paraisten Lautapelikauppa\",\"publisher\":{\"@id\":\"https:\\\/\\\/spelivinkki.fi\\\/#organization\"},\"alternateName\":\"Spelivinkki Oy\",\"potentialAction\":[{\"@type\":\"SearchAction\",\"target\":{\"@type\":\"EntryPoint\",\"urlTemplate\":\"https:\\\/\\\/spelivinkki.fi\\\/?s={search_term_string}\"},\"query-input\":{\"@type\":\"PropertyValueSpecification\",\"valueRequired\":true,\"valueName\":\"search_term_string\"}}],\"inLanguage\":\"sv-SE\"},{\"@type\":\"Organization\",\"@id\":\"https:\\\/\\\/spelivinkki.fi\\\/#organization\",\"name\":\"Spelivinkki Oy\",\"alternateName\":\"Spelivinkki\",\"url\":\"https:\\\/\\\/spelivinkki.fi\\\/\",\"logo\":{\"@type\":\"ImageObject\",\"inLanguage\":\"sv-SE\",\"@id\":\"https:\\\/\\\/spelivinkki.fi\\\/#\\\/schema\\\/logo\\\/image\\\/\",\"url\":\"https:\\/\\/spelivinkki.fi\\/wp-content\\/uploads\\/2024\\/02\\/Logo.svg\",\"contentUrl\":\"https:\\/\\/spelivinkki.fi\\/wp-content\\/uploads\\/2024\\/02\\/Logo.svg\",\"width\":2176,\"height\":2323,\"caption\":\"Spelivinkki Oy\"},\"image\":{\"@id\":\"https:\\\/\\\/spelivinkki.fi\\\/#\\\/schema\\\/logo\\\/image\\\/\"},\"sameAs\":[\"https:\\\/\\\/www.facebook.com\\\/SpelivinkkiOy\\\/\",\"https:\\\/\\\/x.com\\\/SpelivinkkiOy\",\"https:\\\/\\\/www.instagram.com\\\/spelivinkkioy\\\/\"],\"description\":\"Spelivinkki Oy is a company operating both a brick-and-mortar store in Finland as well as a webshop online. We sell board games, roleplaying games, miniature wargames, logic puzzles, jigsaw puzzles and other things related to the boardgame hobby.\",\"email\":\"myynti@spelivinkki.fi\",\"telephone\":\"+358406486605\",\"legalName\":\"Spelivinkki Oy\",\"foundingDate\":\"2023-09-17\",\"vatID\":\"FI33904524\",\"numberOfEmployees\":{\"@type\":\"QuantitativeValue\",\"minValue\":\"1\",\"maxValue\":\"10\"},\"hasMerchantReturnPolicy\":{\"@type\":\"MerchantReturnPolicy\",\"merchantReturnLink\":\"https:\\\/\\\/spelivinkki.fi\\\/sv\\\/spelivinkin-vaihto-ja-palautusoikeus\\\/\"}}]}<\/script>\n<meta property=\"product:price:amount\" content=\"118.00\" \/>\n<meta property=\"product:price:currency\" content=\"EUR\" \/>\n<meta property=\"og:availability\" content=\"instock\" \/>\n<meta property=\"product:availability\" content=\"instock\" \/>\n<meta property=\"product:retailer_item_id\" content=\"99120202043\" \/>\n<meta property=\"product:condition\" content=\"new\" \/>\n<!-- \/ Yoast SEO Premium plugin. -->","yoast_head_json":{"title":"Age of Sigmar: Cities of Sigmar -- Tahlia Vedra, Lioness of the Parch &#8211; Spelivinkki","description":"Ota inspiraatiota ensimm\u00e4iselt\u00e4 marsalkalta, Tahlia Vedralta, Parchin leijonalta! H\u00e4nen johtamansa ristiretket odottavat sinua. \ud83c\udf1f","robots":{"index":"index","follow":"follow","max-snippet":"max-snippet:-1","max-image-preview":"max-image-preview:large","max-video-preview":"max-video-preview:-1"},"canonical":"https:\/\/spelivinkki.fi\/sv\/produkt\/age-of-sigmar-cities-of-sigmar-tahlia-vedra-lioness-of-the-parch\/","og_locale":"sv_SE","og_type":"article","og_title":"Age of Sigmar: Cities of Sigmar -- Tahlia Vedra, Lioness of the Parch","og_description":"Ota inspiraatiota ensimm\u00e4iselt\u00e4 marsalkalta, Tahlia Vedralta, Parchin leijonalta! H\u00e4nen johtamansa ristiretket odottavat sinua. \ud83c\udf1f","og_url":"https:\/\/spelivinkki.fi\/sv\/produkt\/age-of-sigmar-cities-of-sigmar-tahlia-vedra-lioness-of-the-parch\/","og_site_name":"Spelivinkki","article_publisher":"https:\/\/www.facebook.com\/SpelivinkkiOy\/","article_modified_time":"2026-04-20T13:53:57+00:00","og_image":[{"width":891,"height":920,"url":"https:\/\/mlw9zexfsyfr.i.optimole.com\/w:auto\/h:auto\/q:mauto\/ig:avif\/https:\/\/spelivinkki.fi\/wp-content\/uploads\/2026\/04\/AoS-Tahlia-Vedra-Tuotekuva.webp","type":"image\/webp"}],"twitter_card":"summary_large_image","twitter_site":"@SpelivinkkiOy","twitter_misc":{"Pris":"118,00&nbsp;&euro;","Tillg\u00e4nglig":"I lager"},"schema":{"@context":"https:\/\/schema.org","@graph":[{"@type":"WebPage","@id":"https:\/\/spelivinkki.fi\/tuote\/age-of-sigmar-cities-of-sigmar-tahlia-vedra-lioness-of-the-parch\/","url":"https:\/\/spelivinkki.fi\/tuote\/age-of-sigmar-cities-of-sigmar-tahlia-vedra-lioness-of-the-parch\/","name":"Age of Sigmar: Cities of Sigmar -- Tahlia Vedra, Lioness of the Parch &#8211; Spelivinkki","isPartOf":{"@id":"https:\/\/spelivinkki.fi\/#website"},"primaryImageOfPage":{"@id":"https:\/\/spelivinkki.fi\/tuote\/age-of-sigmar-cities-of-sigmar-tahlia-vedra-lioness-of-the-parch\/#primaryimage"},"image":{"@id":"https:\/\/spelivinkki.fi\/tuote\/age-of-sigmar-cities-of-sigmar-tahlia-vedra-lioness-of-the-parch\/#primaryimage"},"thumbnailUrl":"https:\/\/mlw9zexfsyfr.i.optimole.com\/w:auto\/h:auto\/q:mauto\/ig:avif\/https:\/\/spelivinkki.fi\/wp-content\/uploads\/2026\/04\/AoS-Tahlia-Vedra-Tuotekuva.webp","datePublished":"2026-04-20T13:53:55+00:00","dateModified":"2026-04-20T13:53:57+00:00","description":"Ota inspiraatiota ensimm\u00e4iselt\u00e4 marsalkalta, Tahlia Vedralta, Parchin leijonalta! H\u00e4nen johtamansa ristiretket odottavat sinua. \ud83c\udf1f","breadcrumb":{"@id":"https:\/\/spelivinkki.fi\/tuote\/age-of-sigmar-cities-of-sigmar-tahlia-vedra-lioness-of-the-parch\/#breadcrumb"},"inLanguage":"sv-SE","potentialAction":[{"@type":"ReadAction","target":["https:\/\/spelivinkki.fi\/tuote\/age-of-sigmar-cities-of-sigmar-tahlia-vedra-lioness-of-the-parch\/"]}]},{"@type":"ImageObject","inLanguage":"sv-SE","@id":"https:\/\/spelivinkki.fi\/tuote\/age-of-sigmar-cities-of-sigmar-tahlia-vedra-lioness-of-the-parch\/#primaryimage","url":"https:\/\/mlw9zexfsyfr.i.optimole.com\/w:auto\/h:auto\/q:mauto\/ig:avif\/https:\/\/spelivinkki.fi\/wp-content\/uploads\/2026\/04\/AoS-Tahlia-Vedra-Tuotekuva.webp","contentUrl":"https:\/\/mlw9zexfsyfr.i.optimole.com\/w:auto\/h:auto\/q:mauto\/ig:avif\/https:\/\/spelivinkki.fi\/wp-content\/uploads\/2026\/04\/AoS-Tahlia-Vedra-Tuotekuva.webp","width":891,"height":920,"caption":"AoS Tahlia Vedra Tuotekuva"},{"@type":"BreadcrumbList","@id":"https:\/\/spelivinkki.fi\/tuote\/age-of-sigmar-cities-of-sigmar-tahlia-vedra-lioness-of-the-parch\/#breadcrumb","itemListElement":[{"@type":"ListItem","position":1,"name":"Etusivu","item":"https:\/\/spelivinkki.fi\/"},{"@type":"ListItem","position":2,"name":"Tuotteet","item":"https:\/\/spelivinkki.fi\/tuotteet\/"},{"@type":"ListItem","position":3,"name":"Age of Sigmar: Cities of Sigmar &#8212; Tahlia Vedra, Lioness of the Parch"}]},{"@type":"WebSite","@id":"https:\/\/spelivinkki.fi\/#website","url":"https:\/\/spelivinkki.fi\/","name":"Spelivinkki","description":"Paraisten Lautapelikauppa","publisher":{"@id":"https:\/\/spelivinkki.fi\/#organization"},"alternateName":"Spelivinkki Oy","potentialAction":[{"@type":"SearchAction","target":{"@type":"EntryPoint","urlTemplate":"https:\/\/spelivinkki.fi\/?s={search_term_string}"},"query-input":{"@type":"PropertyValueSpecification","valueRequired":true,"valueName":"search_term_string"}}],"inLanguage":"sv-SE"},{"@type":"Organization","@id":"https:\/\/spelivinkki.fi\/#organization","name":"Spelivinkki Oy","alternateName":"Spelivinkki","url":"https:\/\/spelivinkki.fi\/","logo":{"@type":"ImageObject","inLanguage":"sv-SE","@id":"https:\/\/spelivinkki.fi\/#\/schema\/logo\/image\/","url":"https:\/\/mlw9zexfsyfr.i.optimole.com\/w:auto\/h:auto\/q:mauto\/ig:avif\/https:\/\/spelivinkki.fi\/wp-content\/uploads\/2024\/02\/Logo.svg","contentUrl":"https:\/\/mlw9zexfsyfr.i.optimole.com\/w:auto\/h:auto\/q:mauto\/ig:avif\/https:\/\/spelivinkki.fi\/wp-content\/uploads\/2024\/02\/Logo.svg","width":2176,"height":2323,"caption":"Spelivinkki Oy"},"image":{"@id":"https:\/\/spelivinkki.fi\/#\/schema\/logo\/image\/"},"sameAs":["https:\/\/www.facebook.com\/SpelivinkkiOy\/","https:\/\/x.com\/SpelivinkkiOy","https:\/\/www.instagram.com\/spelivinkkioy\/"],"description":"Spelivinkki Oy is a company operating both a brick-and-mortar store in Finland as well as a webshop online. We sell board games, roleplaying games, miniature wargames, logic puzzles, jigsaw puzzles and other things related to the boardgame hobby.","email":"myynti@spelivinkki.fi","telephone":"+358406486605","legalName":"Spelivinkki Oy","foundingDate":"2023-09-17","vatID":"FI33904524","numberOfEmployees":{"@type":"QuantitativeValue","minValue":"1","maxValue":"10"},"hasMerchantReturnPolicy":{"@type":"MerchantReturnPolicy","merchantReturnLink":"https:\/\/spelivinkki.fi\/sv\/spelivinkin-vaihto-ja-palautusoikeus\/"}}]},"product_price_amount":"118.00","product_price_currency":"EUR","og_availability":"instock","product_availability":"instock","product_retailer_item_id":"99120202043","product_condition":"new"},"_links":{"self":[{"href":"https:\/\/spelivinkki.fi\/sv\/wp-json\/wp\/v2\/product\/7995","targetHints":{"allow":["GET"]}}],"collection":[{"href":"https:\/\/spelivinkki.fi\/sv\/wp-json\/wp\/v2\/product"}],"about":[{"href":"https:\/\/spelivinkki.fi\/sv\/wp-json\/wp\/v2\/types\/product"}],"wp:featuredmedia":[{"embeddable":true,"href":"https:\/\/spelivinkki.fi\/sv\/wp-json\/wp\/v2\/media\/7996"}],"wp:attachment":[{"href":"https:\/\/spelivinkki.fi\/sv\/wp-json\/wp\/v2\/media?parent=7995"}],"wp:term":[{"taxonomy":"product_brand","embeddable":true,"href":"https:\/\/spelivinkki.fi\/sv\/wp-json\/wp\/v2\/product_brand?post=7995"},{"taxonomy":"product_cat","embeddable":true,"href":"https:\/\/spelivinkki.fi\/sv\/wp-json\/wp\/v2\/product_cat?post=7995"},{"taxonomy":"product_tag","embeddable":true,"href":"https:\/\/spelivinkki.fi\/sv\/wp-json\/wp\/v2\/product_tag?post=7995"}],"curies":[{"name":"wp","href":"https:\/\/api.w.org\/{rel}","templated":true}]}}