{"id":8000,"date":"2026-04-27T10:07:58","date_gmt":"2026-04-27T10:07:58","guid":{"rendered":"https:\/\/spelivinkki.fi\/?post_type=product&#038;p=8000"},"modified":"2026-04-27T10:08:00","modified_gmt":"2026-04-27T10:08:00","slug":"age-of-sigmar-spearhead-city-of-ash","status":"publish","type":"product","link":"https:\/\/spelivinkki.fi\/sv\/produkt\/age-of-sigmar-spearhead-city-of-ash\/","title":{"rendered":"Age of Sigmar: Spearhead: City of Ash"},"content":{"rendered":"<h5>Publisher Description in English:<\/h5>\n<p><em>Among the ruins of Embergard, the City of Ash, the clash of steel rings loud. Under the leadership of the daring Jorvan Kreel, hard-bitten Freeguild soldiers fight to secure supplies of magical emberstone \u2013 a vital resource in the war for the Mortal Realms. But the Shadows conceal danger \u2013 Skaven of the Clans Eshin, villainous ratmen who excel in assassination. With them comes the infamous Deathmaster Crixxit, who now has Kreel in his sights. The stage is set for a desperate clash in a dead city.<\/em><\/p>\n<p><em><strong>Skirmish Battles in the Mortal Realms<\/strong><\/em><\/p>\n<p><em>The stalwart Freeguild warriors of the Cities of Sigmar clash with the Skaven of the Clans Eshin, deadly assassins who lurk in the shadows of the ruined city. Take the plunge into Warhammer: Age of Sigmar with the City of Ash boxed set. It contains two full, balanced Spearhead armies, a board to play on, scenery pieces, and the books and cards you&#8217;ll need to play fast-paced, action-packed games.<\/em><\/p>\n<h6><em><strong>This set contains 42 multipart plastic Citadel miniatures:<\/strong><\/em><\/h6>\n<p>&nbsp;<\/p>\n<p><em><strong>Sentinels of Embergard<\/strong><\/em><\/p>\n<ul>\n<li><em>1 Jorvan Kreel<\/em><\/li>\n<li><em>1 Thexa the Ash Panther<\/em><\/li>\n<li><em>1 Mallus Forgepriest<\/em><\/li>\n<li><em>5 Freeguild Gallants<\/em><\/li>\n<li><em>10 Freeguild Grenadiers<\/em><\/li>\n<\/ul>\n<p><em><strong>Crixxit&#8217;s Kill-Pack<\/strong><\/em><\/p>\n<ul>\n<li><em>1 Deathmaster Crixxit<\/em><\/li>\n<li><em>1 Deathmaster<\/em><\/li>\n<li><em>10 Night Runners<\/em><\/li>\n<li><em>10 Gutter Runners<\/em><\/li>\n<li><em>2 Bomb Rats<\/em><\/li>\n<\/ul>\n<p><em>The miniatures in this box offer a degree of customisation. The Mallus Forgepriest includes a choice of 2 heads.<\/em><\/p>\n<p><em>One of the Freeguild Gallants can be built as an optional champion, and another as an optional standard bearer, who has a choice of 2 banner toppers. The kit includes 8 interchangeable weapons, 5 interchangeable shields, 3 interchangeable Gargoylian base decorations, and 12 interchangeable heads \u2013 6 bare and 6 helmeted.<\/em><\/p>\n<p><em>Each of the Freeguild Grenadiers has a choice of 2 heads \u2013 helmeted or bare \u2013 and the champion can be armed with a pair of pistols or a pistol and a club.<\/em><\/p>\n<p><em>The Gutter Runners and Night Runners share a frame, so you can assemble them all the same or as 10 of each. One of the Night Runners can be assembled as an optional champion.<\/em><\/p>\n<h6><em><strong>The box also contains:<\/strong><\/em><\/h6>\n<ul>\n<li><em>1 72-page Warhammer Age of Sigmar Handbook<\/em><\/li>\n<li><em>1 24-page City of Ash Battlepack booklet<\/em><\/li>\n<li><em>1 double-sided folding game board<\/em><\/li>\n<li><em>36 Spearhead cards<\/em><\/li>\n<li><em>5 plastic relic objectives<\/em><\/li>\n<li><em>2 plastic ruined manor terrain features<\/em><\/li>\n<\/ul>\n<h6><em><strong>Contents:<\/strong><\/em><\/h6>\n<ul>\n<li><em>398 plastic components<\/em><\/li>\n<li><em>1 Citadel 40mm Round Base<\/em><\/li>\n<li><em>1 Citadel 25mm Round Base<\/em><\/li>\n<li><em>4 Citadel 32mm Round Bases<\/em><\/li>\n<li><em>39 Citadel 28.5mm Round Bases<\/em><\/li>\n<li><em>1 Cities of Sigmar Transfer Sheet<\/em><\/li>\n<\/ul>\n<p><em>The Cities of Sigmar Transfer Sheet features 410 high-quality waterslide transfers. These include Hammerhal Aqsha, Hammerhal Ghyra, Tempest\u2019s Eye, Vindicarum, The Living City, Misth\u00e5vn, Lethis, Excelsis, Hallowheart, Settler\u2019s Gain, and Greywater Fastness symbols. There are also miscellaneous city and Sigmarite Cults markings, plus more, to decorate your miniatures.<\/em><\/p>\n<h6><em><strong>These miniatures require assembly and are supplied unpainted. We recommend:<\/strong><\/em><\/h6>\n<ul>\n<li><em>Citadel Tools: Super Fine Detail Cutters<\/em><\/li>\n<li><em>Warhammer Colour Plastic Glue<\/em><\/li>\n<li><em>Citadel Colour paints<\/em><\/li>\n<\/ul>\n<p><em>The Deathmaster is currently available separately. The rest of the Cities of Sigmar and Skaven miniatures will be available separately at a later date.<\/em><\/p>\n<p><em>This box is only available while stocks last.<\/em><\/p>\n<p><strong>VARNING:<\/strong> P\u00e5 grund av sm\u00e5delar \u00e4r inte produkten l\u00e4mplig f\u00f6r barn under 3!<\/p>","protected":false},"excerpt":{"rendered":"<ul>\n<li><strong>\u00c5ldersrekommendation:<\/strong> 12+<\/li>\n<li><strong>Arm\u00e9:<\/strong> Cities of Sigmar, Skaven<\/li>\n<li><strong>Spr\u00e5k:<\/strong> Engelska<\/li>\n<li><strong>Utgivare:<\/strong> Games Workshop<\/li>\n<\/ul>","protected":false},"featured_media":8001,"template":"","meta":{"site-sidebar-layout":"default","site-content-layout":"","ast-site-content-layout":"default","site-content-style":"default","site-sidebar-style":"default","ast-global-header-display":"","ast-banner-title-visibility":"","ast-main-header-display":"","ast-hfb-above-header-display":"","ast-hfb-below-header-display":"","ast-hfb-mobile-header-display":"","site-post-title":"","ast-breadcrumbs-content":"","ast-featured-img":"","footer-sml-layout":"","ast-disable-related-posts":"","theme-transparent-header-meta":"default","adv-header-id-meta":"","stick-header-meta":"","header-above-stick-meta":"","header-main-stick-meta":"","header-below-stick-meta":"","astra-migrate-meta-layouts":"set","ast-page-background-enabled":"default","ast-page-background-meta":{"desktop":{"background-color":"","background-image":"","background-repeat":"repeat","background-position":"center center","background-size":"auto","background-attachment":"scroll","background-type":"","background-media":"","overlay-type":"","overlay-color":"","overlay-opacity":"","overlay-gradient":""},"tablet":{"background-color":"","background-image":"","background-repeat":"repeat","background-position":"center center","background-size":"auto","background-attachment":"scroll","background-type":"","background-media":"","overlay-type":"","overlay-color":"","overlay-opacity":"","overlay-gradient":""},"mobile":{"background-color":"","background-image":"","background-repeat":"repeat","background-position":"center center","background-size":"auto","background-attachment":"scroll","background-type":"","background-media":"","overlay-type":"","overlay-color":"","overlay-opacity":"","overlay-gradient":""}},"ast-content-background-meta":{"desktop":{"background-color":"var(--ast-global-color-5)","background-image":"","background-repeat":"repeat","background-position":"center center","background-size":"auto","background-attachment":"scroll","background-type":"","background-media":"","overlay-type":"","overlay-color":"","overlay-opacity":"","overlay-gradient":""},"tablet":{"background-color":"var(--ast-global-color-5)","background-image":"","background-repeat":"repeat","background-position":"center center","background-size":"auto","background-attachment":"scroll","background-type":"","background-media":"","overlay-type":"","overlay-color":"","overlay-opacity":"","overlay-gradient":""},"mobile":{"background-color":"var(--ast-global-color-5)","background-image":"","background-repeat":"repeat","background-position":"center center","background-size":"auto","background-attachment":"scroll","background-type":"","background-media":"","overlay-type":"","overlay-color":"","overlay-opacity":"","overlay-gradient":""}}},"product_brand":[1051],"product_cat":[843,958,832,937,936,842],"product_tag":[1279,1278,1271],"class_list":{"0":"post-8000","1":"product","2":"type-product","3":"status-publish","4":"has-post-thumbnail","6":"product_brand-games-workshop","7":"product_cat-chaos","8":"product_cat-cities-of-sigmar","9":"product_cat-miniatyyripelit","10":"product_cat-order","11":"product_cat-skaven","12":"product_cat-warhammer-age-of-sigmar","13":"product_tag-koottava","14":"product_tag-muovifigu","15":"product_tag-spearhead","16":"product_shipping_class-standard2","17":"desktop-align-center","18":"tablet-align-center","19":"mobile-align-center","21":"first","22":"instock","23":"taxable","24":"shipping-taxable","25":"purchasable","26":"product-type-simple"},"yoast_head":"<!-- This site is optimized with the Yoast SEO Premium plugin v27.3 (Yoast SEO v27.4) - https:\/\/yoast.com\/product\/yoast-seo-premium-wordpress\/ -->\n<title>Age of Sigmar: Spearhead: City of Ash &#8211; Spelivinkki<\/title>\n<meta name=\"description\" content=\"Koe seikkailu Embergardin raunioissa City of Ash Spearhead -tarinassa. Liity Jorvan Kreelin johtamiin vapaisiin sotureihin nyt!\" \/>\n<meta name=\"robots\" content=\"index, follow, max-snippet:-1, max-image-preview:large, max-video-preview:-1\" \/>\n<link rel=\"canonical\" href=\"https:\/\/spelivinkki.fi\/sv\/produkt\/age-of-sigmar-spearhead-city-of-ash\/\" \/>\n<meta property=\"og:locale\" content=\"sv_SE\" \/>\n<meta property=\"og:type\" content=\"article\" \/>\n<meta property=\"og:title\" content=\"Age of Sigmar: Spearhead: City of Ash\" \/>\n<meta property=\"og:description\" content=\"Koe seikkailu Embergardin raunioissa City of Ash Spearhead -tarinassa. Liity Jorvan Kreelin johtamiin vapaisiin sotureihin nyt!\" \/>\n<meta property=\"og:url\" content=\"https:\/\/spelivinkki.fi\/sv\/produkt\/age-of-sigmar-spearhead-city-of-ash\/\" \/>\n<meta property=\"og:site_name\" content=\"Spelivinkki\" \/>\n<meta property=\"article:publisher\" content=\"https:\/\/www.facebook.com\/SpelivinkkiOy\/\" \/>\n<meta property=\"article:modified_time\" content=\"2026-04-27T10:08:00+00:00\" \/>\n<meta property=\"og:image\" content=\"https:\/\/mlw9zexfsyfr.i.optimole.com\/w:auto\/h:auto\/q:mauto\/ig:avif\/https:\/\/spelivinkki.fi\/wp-content\/uploads\/2026\/04\/AoS-City-of-Ash-Tuotekuva.webp\" \/>\n\t<meta property=\"og:image:width\" content=\"1198\" \/>\n\t<meta property=\"og:image:height\" content=\"1237\" \/>\n\t<meta property=\"og:image:type\" content=\"image\/webp\" \/>\n<meta name=\"twitter:card\" content=\"summary_large_image\" \/>\n<meta name=\"twitter:site\" content=\"@SpelivinkkiOy\" \/>\n<meta name=\"twitter:label1\" content=\"Pris\" \/>\n\t<meta name=\"twitter:data1\" content=\"173,00&nbsp;&euro;\" \/>\n\t<meta name=\"twitter:label2\" content=\"Tillg\u00e4nglig\" \/>\n\t<meta name=\"twitter:data2\" content=\"I lager\" \/>\n<script type=\"application\/ld+json\" class=\"yoast-schema-graph\">{\"@context\":\"https:\\\/\\\/schema.org\",\"@graph\":[{\"@type\":\"WebPage\",\"@id\":\"https:\\\/\\\/spelivinkki.fi\\\/tuote\\\/age-of-sigmar-spearhead-city-of-ash\\\/\",\"url\":\"https:\\\/\\\/spelivinkki.fi\\\/tuote\\\/age-of-sigmar-spearhead-city-of-ash\\\/\",\"name\":\"Age of Sigmar: Spearhead: City of Ash &#8211; Spelivinkki\",\"isPartOf\":{\"@id\":\"https:\\\/\\\/spelivinkki.fi\\\/#website\"},\"primaryImageOfPage\":{\"@id\":\"https:\\\/\\\/spelivinkki.fi\\\/tuote\\\/age-of-sigmar-spearhead-city-of-ash\\\/#primaryimage\"},\"image\":{\"@id\":\"https:\\\/\\\/spelivinkki.fi\\\/tuote\\\/age-of-sigmar-spearhead-city-of-ash\\\/#primaryimage\"},\"thumbnailUrl\":\"https:\\/\\/spelivinkki.fi\\/wp-content\\/uploads\\/2026\\/04\\/AoS-City-of-Ash-Tuotekuva.webp\",\"datePublished\":\"2026-04-27T10:07:58+00:00\",\"dateModified\":\"2026-04-27T10:08:00+00:00\",\"description\":\"Koe seikkailu Embergardin raunioissa City of Ash Spearhead -tarinassa. Liity Jorvan Kreelin johtamiin vapaisiin sotureihin nyt!\",\"breadcrumb\":{\"@id\":\"https:\\\/\\\/spelivinkki.fi\\\/tuote\\\/age-of-sigmar-spearhead-city-of-ash\\\/#breadcrumb\"},\"inLanguage\":\"sv-SE\",\"potentialAction\":[{\"@type\":\"ReadAction\",\"target\":[\"https:\\\/\\\/spelivinkki.fi\\\/tuote\\\/age-of-sigmar-spearhead-city-of-ash\\\/\"]}]},{\"@type\":\"ImageObject\",\"inLanguage\":\"sv-SE\",\"@id\":\"https:\\\/\\\/spelivinkki.fi\\\/tuote\\\/age-of-sigmar-spearhead-city-of-ash\\\/#primaryimage\",\"url\":\"https:\\/\\/spelivinkki.fi\\/wp-content\\/uploads\\/2026\\/04\\/AoS-City-of-Ash-Tuotekuva.webp\",\"contentUrl\":\"https:\\/\\/spelivinkki.fi\\/wp-content\\/uploads\\/2026\\/04\\/AoS-City-of-Ash-Tuotekuva.webp\",\"width\":1198,\"height\":1237,\"caption\":\"AoS City of Ash Tuotekuva\"},{\"@type\":\"BreadcrumbList\",\"@id\":\"https:\\\/\\\/spelivinkki.fi\\\/tuote\\\/age-of-sigmar-spearhead-city-of-ash\\\/#breadcrumb\",\"itemListElement\":[{\"@type\":\"ListItem\",\"position\":1,\"name\":\"Etusivu\",\"item\":\"https:\\\/\\\/spelivinkki.fi\\\/\"},{\"@type\":\"ListItem\",\"position\":2,\"name\":\"Tuotteet\",\"item\":\"https:\\\/\\\/spelivinkki.fi\\\/tuotteet\\\/\"},{\"@type\":\"ListItem\",\"position\":3,\"name\":\"Age of Sigmar: Spearhead: City of Ash\"}]},{\"@type\":\"WebSite\",\"@id\":\"https:\\\/\\\/spelivinkki.fi\\\/#website\",\"url\":\"https:\\\/\\\/spelivinkki.fi\\\/\",\"name\":\"Spelivinkki\",\"description\":\"Paraisten Lautapelikauppa\",\"publisher\":{\"@id\":\"https:\\\/\\\/spelivinkki.fi\\\/#organization\"},\"alternateName\":\"Spelivinkki Oy\",\"potentialAction\":[{\"@type\":\"SearchAction\",\"target\":{\"@type\":\"EntryPoint\",\"urlTemplate\":\"https:\\\/\\\/spelivinkki.fi\\\/?s={search_term_string}\"},\"query-input\":{\"@type\":\"PropertyValueSpecification\",\"valueRequired\":true,\"valueName\":\"search_term_string\"}}],\"inLanguage\":\"sv-SE\"},{\"@type\":\"Organization\",\"@id\":\"https:\\\/\\\/spelivinkki.fi\\\/#organization\",\"name\":\"Spelivinkki Oy\",\"alternateName\":\"Spelivinkki\",\"url\":\"https:\\\/\\\/spelivinkki.fi\\\/\",\"logo\":{\"@type\":\"ImageObject\",\"inLanguage\":\"sv-SE\",\"@id\":\"https:\\\/\\\/spelivinkki.fi\\\/#\\\/schema\\\/logo\\\/image\\\/\",\"url\":\"https:\\/\\/spelivinkki.fi\\/wp-content\\/uploads\\/2024\\/02\\/Logo.svg\",\"contentUrl\":\"https:\\/\\/spelivinkki.fi\\/wp-content\\/uploads\\/2024\\/02\\/Logo.svg\",\"width\":2176,\"height\":2323,\"caption\":\"Spelivinkki Oy\"},\"image\":{\"@id\":\"https:\\\/\\\/spelivinkki.fi\\\/#\\\/schema\\\/logo\\\/image\\\/\"},\"sameAs\":[\"https:\\\/\\\/www.facebook.com\\\/SpelivinkkiOy\\\/\",\"https:\\\/\\\/x.com\\\/SpelivinkkiOy\",\"https:\\\/\\\/www.instagram.com\\\/spelivinkkioy\\\/\"],\"description\":\"Spelivinkki Oy is a company operating both a brick-and-mortar store in Finland as well as a webshop online. We sell board games, roleplaying games, miniature wargames, logic puzzles, jigsaw puzzles and other things related to the boardgame hobby.\",\"email\":\"myynti@spelivinkki.fi\",\"telephone\":\"+358406486605\",\"legalName\":\"Spelivinkki Oy\",\"foundingDate\":\"2023-09-17\",\"vatID\":\"FI33904524\",\"numberOfEmployees\":{\"@type\":\"QuantitativeValue\",\"minValue\":\"1\",\"maxValue\":\"10\"},\"hasMerchantReturnPolicy\":{\"@type\":\"MerchantReturnPolicy\",\"merchantReturnLink\":\"https:\\\/\\\/spelivinkki.fi\\\/sv\\\/spelivinkin-vaihto-ja-palautusoikeus\\\/\"}}]}<\/script>\n<meta property=\"product:brand\" content=\"Games Workshop\" \/>\n<meta property=\"product:price:amount\" content=\"173.00\" \/>\n<meta property=\"product:price:currency\" content=\"EUR\" \/>\n<meta property=\"og:availability\" content=\"instock\" \/>\n<meta property=\"product:availability\" content=\"instock\" \/>\n<meta property=\"product:retailer_item_id\" content=\"60010299051\" \/>\n<meta property=\"product:condition\" content=\"new\" \/>\n<!-- \/ Yoast SEO Premium plugin. -->","yoast_head_json":{"title":"Age of Sigmar: Spearhead: City of Ash &#8211; Spelivinkki","description":"Koe seikkailu Embergardin raunioissa City of Ash Spearhead -tarinassa. Liity Jorvan Kreelin johtamiin vapaisiin sotureihin nyt!","robots":{"index":"index","follow":"follow","max-snippet":"max-snippet:-1","max-image-preview":"max-image-preview:large","max-video-preview":"max-video-preview:-1"},"canonical":"https:\/\/spelivinkki.fi\/sv\/produkt\/age-of-sigmar-spearhead-city-of-ash\/","og_locale":"sv_SE","og_type":"article","og_title":"Age of Sigmar: Spearhead: City of Ash","og_description":"Koe seikkailu Embergardin raunioissa City of Ash Spearhead -tarinassa. Liity Jorvan Kreelin johtamiin vapaisiin sotureihin nyt!","og_url":"https:\/\/spelivinkki.fi\/sv\/produkt\/age-of-sigmar-spearhead-city-of-ash\/","og_site_name":"Spelivinkki","article_publisher":"https:\/\/www.facebook.com\/SpelivinkkiOy\/","article_modified_time":"2026-04-27T10:08:00+00:00","og_image":[{"width":1198,"height":1237,"url":"https:\/\/mlw9zexfsyfr.i.optimole.com\/w:auto\/h:auto\/q:mauto\/ig:avif\/https:\/\/spelivinkki.fi\/wp-content\/uploads\/2026\/04\/AoS-City-of-Ash-Tuotekuva.webp","type":"image\/webp"}],"twitter_card":"summary_large_image","twitter_site":"@SpelivinkkiOy","twitter_misc":{"Pris":"173,00&nbsp;&euro;","Tillg\u00e4nglig":"I lager"},"schema":{"@context":"https:\/\/schema.org","@graph":[{"@type":"WebPage","@id":"https:\/\/spelivinkki.fi\/tuote\/age-of-sigmar-spearhead-city-of-ash\/","url":"https:\/\/spelivinkki.fi\/tuote\/age-of-sigmar-spearhead-city-of-ash\/","name":"Age of Sigmar: Spearhead: City of Ash &#8211; Spelivinkki","isPartOf":{"@id":"https:\/\/spelivinkki.fi\/#website"},"primaryImageOfPage":{"@id":"https:\/\/spelivinkki.fi\/tuote\/age-of-sigmar-spearhead-city-of-ash\/#primaryimage"},"image":{"@id":"https:\/\/spelivinkki.fi\/tuote\/age-of-sigmar-spearhead-city-of-ash\/#primaryimage"},"thumbnailUrl":"https:\/\/mlw9zexfsyfr.i.optimole.com\/w:auto\/h:auto\/q:mauto\/ig:avif\/https:\/\/spelivinkki.fi\/wp-content\/uploads\/2026\/04\/AoS-City-of-Ash-Tuotekuva.webp","datePublished":"2026-04-27T10:07:58+00:00","dateModified":"2026-04-27T10:08:00+00:00","description":"Koe seikkailu Embergardin raunioissa City of Ash Spearhead -tarinassa. Liity Jorvan Kreelin johtamiin vapaisiin sotureihin nyt!","breadcrumb":{"@id":"https:\/\/spelivinkki.fi\/tuote\/age-of-sigmar-spearhead-city-of-ash\/#breadcrumb"},"inLanguage":"sv-SE","potentialAction":[{"@type":"ReadAction","target":["https:\/\/spelivinkki.fi\/tuote\/age-of-sigmar-spearhead-city-of-ash\/"]}]},{"@type":"ImageObject","inLanguage":"sv-SE","@id":"https:\/\/spelivinkki.fi\/tuote\/age-of-sigmar-spearhead-city-of-ash\/#primaryimage","url":"https:\/\/mlw9zexfsyfr.i.optimole.com\/w:auto\/h:auto\/q:mauto\/ig:avif\/https:\/\/spelivinkki.fi\/wp-content\/uploads\/2026\/04\/AoS-City-of-Ash-Tuotekuva.webp","contentUrl":"https:\/\/mlw9zexfsyfr.i.optimole.com\/w:auto\/h:auto\/q:mauto\/ig:avif\/https:\/\/spelivinkki.fi\/wp-content\/uploads\/2026\/04\/AoS-City-of-Ash-Tuotekuva.webp","width":1198,"height":1237,"caption":"AoS City of Ash Tuotekuva"},{"@type":"BreadcrumbList","@id":"https:\/\/spelivinkki.fi\/tuote\/age-of-sigmar-spearhead-city-of-ash\/#breadcrumb","itemListElement":[{"@type":"ListItem","position":1,"name":"Etusivu","item":"https:\/\/spelivinkki.fi\/"},{"@type":"ListItem","position":2,"name":"Tuotteet","item":"https:\/\/spelivinkki.fi\/tuotteet\/"},{"@type":"ListItem","position":3,"name":"Age of Sigmar: Spearhead: City of Ash"}]},{"@type":"WebSite","@id":"https:\/\/spelivinkki.fi\/#website","url":"https:\/\/spelivinkki.fi\/","name":"Spelivinkki","description":"Paraisten Lautapelikauppa","publisher":{"@id":"https:\/\/spelivinkki.fi\/#organization"},"alternateName":"Spelivinkki Oy","potentialAction":[{"@type":"SearchAction","target":{"@type":"EntryPoint","urlTemplate":"https:\/\/spelivinkki.fi\/?s={search_term_string}"},"query-input":{"@type":"PropertyValueSpecification","valueRequired":true,"valueName":"search_term_string"}}],"inLanguage":"sv-SE"},{"@type":"Organization","@id":"https:\/\/spelivinkki.fi\/#organization","name":"Spelivinkki Oy","alternateName":"Spelivinkki","url":"https:\/\/spelivinkki.fi\/","logo":{"@type":"ImageObject","inLanguage":"sv-SE","@id":"https:\/\/spelivinkki.fi\/#\/schema\/logo\/image\/","url":"https:\/\/mlw9zexfsyfr.i.optimole.com\/w:auto\/h:auto\/q:mauto\/ig:avif\/https:\/\/spelivinkki.fi\/wp-content\/uploads\/2024\/02\/Logo.svg","contentUrl":"https:\/\/mlw9zexfsyfr.i.optimole.com\/w:auto\/h:auto\/q:mauto\/ig:avif\/https:\/\/spelivinkki.fi\/wp-content\/uploads\/2024\/02\/Logo.svg","width":2176,"height":2323,"caption":"Spelivinkki Oy"},"image":{"@id":"https:\/\/spelivinkki.fi\/#\/schema\/logo\/image\/"},"sameAs":["https:\/\/www.facebook.com\/SpelivinkkiOy\/","https:\/\/x.com\/SpelivinkkiOy","https:\/\/www.instagram.com\/spelivinkkioy\/"],"description":"Spelivinkki Oy is a company operating both a brick-and-mortar store in Finland as well as a webshop online. We sell board games, roleplaying games, miniature wargames, logic puzzles, jigsaw puzzles and other things related to the boardgame hobby.","email":"myynti@spelivinkki.fi","telephone":"+358406486605","legalName":"Spelivinkki Oy","foundingDate":"2023-09-17","vatID":"FI33904524","numberOfEmployees":{"@type":"QuantitativeValue","minValue":"1","maxValue":"10"},"hasMerchantReturnPolicy":{"@type":"MerchantReturnPolicy","merchantReturnLink":"https:\/\/spelivinkki.fi\/sv\/spelivinkin-vaihto-ja-palautusoikeus\/"}}]},"product_brand":"Games Workshop","product_price_amount":"173.00","product_price_currency":"EUR","og_availability":"instock","product_availability":"instock","product_retailer_item_id":"60010299051","product_condition":"new"},"_links":{"self":[{"href":"https:\/\/spelivinkki.fi\/sv\/wp-json\/wp\/v2\/product\/8000","targetHints":{"allow":["GET"]}}],"collection":[{"href":"https:\/\/spelivinkki.fi\/sv\/wp-json\/wp\/v2\/product"}],"about":[{"href":"https:\/\/spelivinkki.fi\/sv\/wp-json\/wp\/v2\/types\/product"}],"wp:featuredmedia":[{"embeddable":true,"href":"https:\/\/spelivinkki.fi\/sv\/wp-json\/wp\/v2\/media\/8001"}],"wp:attachment":[{"href":"https:\/\/spelivinkki.fi\/sv\/wp-json\/wp\/v2\/media?parent=8000"}],"wp:term":[{"taxonomy":"product_brand","embeddable":true,"href":"https:\/\/spelivinkki.fi\/sv\/wp-json\/wp\/v2\/product_brand?post=8000"},{"taxonomy":"product_cat","embeddable":true,"href":"https:\/\/spelivinkki.fi\/sv\/wp-json\/wp\/v2\/product_cat?post=8000"},{"taxonomy":"product_tag","embeddable":true,"href":"https:\/\/spelivinkki.fi\/sv\/wp-json\/wp\/v2\/product_tag?post=8000"}],"curies":[{"name":"wp","href":"https:\/\/api.w.org\/{rel}","templated":true}]}}