{"id":8007,"date":"2026-05-07T13:09:21","date_gmt":"2026-05-07T13:09:21","guid":{"rendered":"https:\/\/spelivinkki.fi\/?post_type=product&#038;p=8007"},"modified":"2026-05-07T13:09:23","modified_gmt":"2026-05-07T13:09:23","slug":"age-of-sigmar-nagash-supreme-lord-of-the-undead","status":"publish","type":"product","link":"https:\/\/spelivinkki.fi\/sv\/produkt\/age-of-sigmar-nagash-supreme-lord-of-the-undead\/","title":{"rendered":"Age of Sigmar: Nagash, Supreme Lord of the Undead"},"content":{"rendered":"<h5>Publisher description in English:<\/h5>\n<p><em>Nagash, the God of Undeath, is feared by all living beings. Cruel and tyrannical, the overlord of Shyish intends to conquer the Mortal Realms and transform them into a lifeless Necrotopia, in which not a mote of dust moves unless it is by his will. Wielding Alakanash, the Staff of Power, the cursed blade, Zefet-nebtar, and surrounded by the Nine Books of Nagash, the Great Necromancer commands the full, terrible power of Shyishan magic.<\/em><\/p>\n<p><em>This multipart plastic kit builds Nagash, the ultimate master of the necromantic arts, for your Nighthaunt, Soulblight Gravelords, Flesh-eater Courts, or Ossiarch Bonereapers armies in games of Warhammer Age of Sigmar. Borne aloft by tendrils of ethereal energy and tormented spirits, this centrepiece miniature looms over the battlefield with an air that promises to usher in a new era of darkness. Whether you want a stunning miniature for your collection, a fun painting challenge, or the most powerful wizard in the Mortal Realms to ensure victory on the tabletop, Nagash is ideal.<\/em><\/p>\n<p><em>Nagash can be assembled reading from one of his ancient tomes \u2013 the Liber Mortis \u2013 and holding the Staff of Power aloft with the Mortis Blade secured to his waist. Alternatively, he can wield Zefet-nebtar, and you can add to the ethereal energy that surrounds him with a spirit-entwined arm.<\/em><\/p>\n<p><em>This kit comprises 79 plastic components and 1x Citadel 130mm Round Base. This miniature requires assembly and is supplied unpainted \u2013 we recommend using Citadel Plastic Glue and Citadel Colour paints.<\/em><\/p>\n<p><strong>VARNING:<\/strong> P\u00e5 grund av sm\u00e5delar \u00e4r inte produkten l\u00e4mplig f\u00f6r barn under 3!<\/p>","protected":false},"excerpt":{"rendered":"<ul>\n<li><strong>\u00c5ldersrekommendation:<\/strong> 12+<\/li>\n<li><strong>Arm\u00e9:<\/strong>  Nighthaunt, Soulblight Gravelords, Flesh-eater Courts, Ossiarch Bonereapers<\/li>\n<li><strong>Spr\u00e5k:<\/strong> Engelska<\/li>\n<li><strong>Utgivare:<\/strong> Games Workshop<\/li>\n<\/ul>","protected":false},"featured_media":8008,"template":"","meta":{"site-sidebar-layout":"default","site-content-layout":"","ast-site-content-layout":"default","site-content-style":"default","site-sidebar-style":"default","ast-global-header-display":"","ast-banner-title-visibility":"","ast-main-header-display":"","ast-hfb-above-header-display":"","ast-hfb-below-header-display":"","ast-hfb-mobile-header-display":"","site-post-title":"","ast-breadcrumbs-content":"","ast-featured-img":"","footer-sml-layout":"","ast-disable-related-posts":"","theme-transparent-header-meta":"default","adv-header-id-meta":"","stick-header-meta":"","header-above-stick-meta":"","header-main-stick-meta":"","header-below-stick-meta":"","astra-migrate-meta-layouts":"set","ast-page-background-enabled":"default","ast-page-background-meta":{"desktop":{"background-color":"","background-image":"","background-repeat":"repeat","background-position":"center center","background-size":"auto","background-attachment":"scroll","background-type":"","background-media":"","overlay-type":"","overlay-color":"","overlay-opacity":"","overlay-gradient":""},"tablet":{"background-color":"","background-image":"","background-repeat":"repeat","background-position":"center center","background-size":"auto","background-attachment":"scroll","background-type":"","background-media":"","overlay-type":"","overlay-color":"","overlay-opacity":"","overlay-gradient":""},"mobile":{"background-color":"","background-image":"","background-repeat":"repeat","background-position":"center center","background-size":"auto","background-attachment":"scroll","background-type":"","background-media":"","overlay-type":"","overlay-color":"","overlay-opacity":"","overlay-gradient":""}},"ast-content-background-meta":{"desktop":{"background-color":"var(--ast-global-color-5)","background-image":"","background-repeat":"repeat","background-position":"center center","background-size":"auto","background-attachment":"scroll","background-type":"","background-media":"","overlay-type":"","overlay-color":"","overlay-opacity":"","overlay-gradient":""},"tablet":{"background-color":"var(--ast-global-color-5)","background-image":"","background-repeat":"repeat","background-position":"center center","background-size":"auto","background-attachment":"scroll","background-type":"","background-media":"","overlay-type":"","overlay-color":"","overlay-opacity":"","overlay-gradient":""},"mobile":{"background-color":"var(--ast-global-color-5)","background-image":"","background-repeat":"repeat","background-position":"center center","background-size":"auto","background-attachment":"scroll","background-type":"","background-media":"","overlay-type":"","overlay-color":"","overlay-opacity":"","overlay-gradient":""}}},"product_brand":[1051],"product_cat":[1026,1307,832,1287,1337,1027,842],"product_tag":[1279,1278],"class_list":{"0":"post-8007","1":"product","2":"type-product","3":"status-publish","4":"has-post-thumbnail","6":"product_brand-games-workshop","7":"product_cat-death","8":"product_cat-flesh-eater-courts","9":"product_cat-miniatyyripelit","10":"product_cat-nighthaunt","11":"product_cat-ossiarch-bonereapers","12":"product_cat-soulblight-gravelords","13":"product_cat-warhammer-age-of-sigmar","14":"product_tag-koottava","15":"product_tag-muovifigu","16":"product_shipping_class-standard2","17":"desktop-align-center","18":"tablet-align-center","19":"mobile-align-center","21":"first","22":"instock","23":"taxable","24":"shipping-taxable","25":"purchasable","26":"product-type-simple"},"yoast_head":"<!-- This site is optimized with the Yoast SEO Premium plugin v27.5 (Yoast SEO v27.6) - https:\/\/yoast.com\/product\/yoast-seo-premium-wordpress\/ -->\n<title>Age of Sigmar: Nagash, Supreme Lord of the Undead &#8211; Spelivinkki<\/title>\n<meta name=\"description\" content=\"Tutustu Nagash Supremen, kuoleman jumalan, pime\u00e4\u00e4n valtakuntaan. Valitse rohkeus ja nouse voimaan, ennen kuin on liian my\u00f6h\u00e4ist\u00e4!\" \/>\n<meta name=\"robots\" content=\"index, follow, max-snippet:-1, max-image-preview:large, max-video-preview:-1\" \/>\n<link rel=\"canonical\" href=\"https:\/\/spelivinkki.fi\/sv\/produkt\/age-of-sigmar-nagash-supreme-lord-of-the-undead\/\" \/>\n<meta property=\"og:locale\" content=\"sv_SE\" \/>\n<meta property=\"og:type\" content=\"article\" \/>\n<meta property=\"og:title\" content=\"Age of Sigmar: Nagash, Supreme Lord of the Undead\" \/>\n<meta property=\"og:description\" content=\"Tutustu Nagash Supremen, kuoleman jumalan, pime\u00e4\u00e4n valtakuntaan. Valitse rohkeus ja nouse voimaan, ennen kuin on liian my\u00f6h\u00e4ist\u00e4!\" \/>\n<meta property=\"og:url\" content=\"https:\/\/spelivinkki.fi\/sv\/produkt\/age-of-sigmar-nagash-supreme-lord-of-the-undead\/\" \/>\n<meta property=\"og:site_name\" content=\"Spelivinkki\" \/>\n<meta property=\"article:publisher\" content=\"https:\/\/www.facebook.com\/SpelivinkkiOy\/\" \/>\n<meta property=\"article:modified_time\" content=\"2026-05-07T13:09:23+00:00\" \/>\n<meta property=\"og:image\" content=\"https:\/\/mlw9zexfsyfr.i.optimole.com\/w:auto\/h:auto\/q:mauto\/ig:avif\/https:\/\/spelivinkki.fi\/wp-content\/uploads\/2026\/05\/AoS-Nagash-Tuotekuva.webp\" \/>\n\t<meta property=\"og:image:width\" content=\"1840\" \/>\n\t<meta property=\"og:image:height\" content=\"1900\" \/>\n\t<meta property=\"og:image:type\" content=\"image\/webp\" \/>\n<meta name=\"twitter:card\" content=\"summary_large_image\" \/>\n<meta name=\"twitter:site\" content=\"@SpelivinkkiOy\" \/>\n<meta name=\"twitter:label1\" content=\"Pris\" \/>\n\t<meta name=\"twitter:data1\" content=\"110,00&nbsp;&euro;\" \/>\n\t<meta name=\"twitter:label2\" content=\"Tillg\u00e4nglig\" \/>\n\t<meta name=\"twitter:data2\" content=\"I lager\" \/>\n<script type=\"application\/ld+json\" class=\"yoast-schema-graph\">{\"@context\":\"https:\\\/\\\/schema.org\",\"@graph\":[{\"@type\":\"WebPage\",\"@id\":\"https:\\\/\\\/spelivinkki.fi\\\/tuote\\\/age-of-sigmar-nagash-supreme-lord-of-the-undead\\\/\",\"url\":\"https:\\\/\\\/spelivinkki.fi\\\/tuote\\\/age-of-sigmar-nagash-supreme-lord-of-the-undead\\\/\",\"name\":\"Age of Sigmar: Nagash, Supreme Lord of the Undead &#8211; Spelivinkki\",\"isPartOf\":{\"@id\":\"https:\\\/\\\/spelivinkki.fi\\\/#website\"},\"primaryImageOfPage\":{\"@id\":\"https:\\\/\\\/spelivinkki.fi\\\/tuote\\\/age-of-sigmar-nagash-supreme-lord-of-the-undead\\\/#primaryimage\"},\"image\":{\"@id\":\"https:\\\/\\\/spelivinkki.fi\\\/tuote\\\/age-of-sigmar-nagash-supreme-lord-of-the-undead\\\/#primaryimage\"},\"thumbnailUrl\":\"https:\\/\\/spelivinkki.fi\\/wp-content\\/uploads\\/2026\\/05\\/AoS-Nagash-Tuotekuva.webp\",\"datePublished\":\"2026-05-07T13:09:21+00:00\",\"dateModified\":\"2026-05-07T13:09:23+00:00\",\"description\":\"Tutustu Nagash Supremen, kuoleman jumalan, pime\u00e4\u00e4n valtakuntaan. Valitse rohkeus ja nouse voimaan, ennen kuin on liian my\u00f6h\u00e4ist\u00e4!\",\"breadcrumb\":{\"@id\":\"https:\\\/\\\/spelivinkki.fi\\\/tuote\\\/age-of-sigmar-nagash-supreme-lord-of-the-undead\\\/#breadcrumb\"},\"inLanguage\":\"sv-SE\",\"potentialAction\":[{\"@type\":\"ReadAction\",\"target\":[\"https:\\\/\\\/spelivinkki.fi\\\/tuote\\\/age-of-sigmar-nagash-supreme-lord-of-the-undead\\\/\"]}]},{\"@type\":\"ImageObject\",\"inLanguage\":\"sv-SE\",\"@id\":\"https:\\\/\\\/spelivinkki.fi\\\/tuote\\\/age-of-sigmar-nagash-supreme-lord-of-the-undead\\\/#primaryimage\",\"url\":\"https:\\/\\/spelivinkki.fi\\/wp-content\\/uploads\\/2026\\/05\\/AoS-Nagash-Tuotekuva.webp\",\"contentUrl\":\"https:\\/\\/spelivinkki.fi\\/wp-content\\/uploads\\/2026\\/05\\/AoS-Nagash-Tuotekuva.webp\",\"width\":1840,\"height\":1900,\"caption\":\"AoS Nagash Tuotekuva\"},{\"@type\":\"BreadcrumbList\",\"@id\":\"https:\\\/\\\/spelivinkki.fi\\\/tuote\\\/age-of-sigmar-nagash-supreme-lord-of-the-undead\\\/#breadcrumb\",\"itemListElement\":[{\"@type\":\"ListItem\",\"position\":1,\"name\":\"Etusivu\",\"item\":\"https:\\\/\\\/spelivinkki.fi\\\/\"},{\"@type\":\"ListItem\",\"position\":2,\"name\":\"Tuotteet\",\"item\":\"https:\\\/\\\/spelivinkki.fi\\\/tuotteet\\\/\"},{\"@type\":\"ListItem\",\"position\":3,\"name\":\"Age of Sigmar: Nagash, Supreme Lord of the Undead\"}]},{\"@type\":\"WebSite\",\"@id\":\"https:\\\/\\\/spelivinkki.fi\\\/#website\",\"url\":\"https:\\\/\\\/spelivinkki.fi\\\/\",\"name\":\"Spelivinkki\",\"description\":\"Paraisten Lautapelikauppa\",\"publisher\":{\"@id\":\"https:\\\/\\\/spelivinkki.fi\\\/#organization\"},\"alternateName\":\"Spelivinkki Oy\",\"potentialAction\":[{\"@type\":\"SearchAction\",\"target\":{\"@type\":\"EntryPoint\",\"urlTemplate\":\"https:\\\/\\\/spelivinkki.fi\\\/?s={search_term_string}\"},\"query-input\":{\"@type\":\"PropertyValueSpecification\",\"valueRequired\":true,\"valueName\":\"search_term_string\"}}],\"inLanguage\":\"sv-SE\"},{\"@type\":\"Organization\",\"@id\":\"https:\\\/\\\/spelivinkki.fi\\\/#organization\",\"name\":\"Spelivinkki Oy\",\"alternateName\":\"Spelivinkki\",\"url\":\"https:\\\/\\\/spelivinkki.fi\\\/\",\"logo\":{\"@type\":\"ImageObject\",\"inLanguage\":\"sv-SE\",\"@id\":\"https:\\\/\\\/spelivinkki.fi\\\/#\\\/schema\\\/logo\\\/image\\\/\",\"url\":\"https:\\/\\/spelivinkki.fi\\/wp-content\\/uploads\\/2024\\/02\\/Logo.svg\",\"contentUrl\":\"https:\\/\\/spelivinkki.fi\\/wp-content\\/uploads\\/2024\\/02\\/Logo.svg\",\"width\":2176,\"height\":2323,\"caption\":\"Spelivinkki Oy\"},\"image\":{\"@id\":\"https:\\\/\\\/spelivinkki.fi\\\/#\\\/schema\\\/logo\\\/image\\\/\"},\"sameAs\":[\"https:\\\/\\\/www.facebook.com\\\/SpelivinkkiOy\\\/\",\"https:\\\/\\\/x.com\\\/SpelivinkkiOy\",\"https:\\\/\\\/www.instagram.com\\\/spelivinkkioy\\\/\"],\"description\":\"Spelivinkki Oy is a company operating both a brick-and-mortar store in Finland as well as a webshop online. We sell board games, roleplaying games, miniature wargames, logic puzzles, jigsaw puzzles and other things related to the boardgame hobby.\",\"email\":\"myynti@spelivinkki.fi\",\"telephone\":\"+358406486605\",\"legalName\":\"Spelivinkki Oy\",\"foundingDate\":\"2023-09-17\",\"vatID\":\"FI33904524\",\"numberOfEmployees\":{\"@type\":\"QuantitativeValue\",\"minValue\":\"1\",\"maxValue\":\"10\"},\"hasMerchantReturnPolicy\":{\"@type\":\"MerchantReturnPolicy\",\"merchantReturnLink\":\"https:\\\/\\\/spelivinkki.fi\\\/sv\\\/spelivinkin-vaihto-ja-palautusoikeus\\\/\"}}]}<\/script>\n<meta property=\"product:brand\" content=\"Games Workshop\" \/>\n<meta property=\"product:price:amount\" content=\"110.00\" \/>\n<meta property=\"product:price:currency\" content=\"EUR\" \/>\n<meta property=\"og:availability\" content=\"instock\" \/>\n<meta property=\"product:availability\" content=\"instock\" \/>\n<meta property=\"product:retailer_item_id\" content=\"99120207157\" \/>\n<meta property=\"product:condition\" content=\"new\" \/>\n<!-- \/ Yoast SEO Premium plugin. -->","yoast_head_json":{"title":"Age of Sigmar: Nagash, Supreme Lord of the Undead &#8211; Spelivinkki","description":"Tutustu Nagash Supremen, kuoleman jumalan, pime\u00e4\u00e4n valtakuntaan. Valitse rohkeus ja nouse voimaan, ennen kuin on liian my\u00f6h\u00e4ist\u00e4!","robots":{"index":"index","follow":"follow","max-snippet":"max-snippet:-1","max-image-preview":"max-image-preview:large","max-video-preview":"max-video-preview:-1"},"canonical":"https:\/\/spelivinkki.fi\/sv\/produkt\/age-of-sigmar-nagash-supreme-lord-of-the-undead\/","og_locale":"sv_SE","og_type":"article","og_title":"Age of Sigmar: Nagash, Supreme Lord of the Undead","og_description":"Tutustu Nagash Supremen, kuoleman jumalan, pime\u00e4\u00e4n valtakuntaan. Valitse rohkeus ja nouse voimaan, ennen kuin on liian my\u00f6h\u00e4ist\u00e4!","og_url":"https:\/\/spelivinkki.fi\/sv\/produkt\/age-of-sigmar-nagash-supreme-lord-of-the-undead\/","og_site_name":"Spelivinkki","article_publisher":"https:\/\/www.facebook.com\/SpelivinkkiOy\/","article_modified_time":"2026-05-07T13:09:23+00:00","og_image":[{"width":1840,"height":1900,"url":"https:\/\/mlw9zexfsyfr.i.optimole.com\/w:auto\/h:auto\/q:mauto\/ig:avif\/https:\/\/spelivinkki.fi\/wp-content\/uploads\/2026\/05\/AoS-Nagash-Tuotekuva.webp","type":"image\/webp"}],"twitter_card":"summary_large_image","twitter_site":"@SpelivinkkiOy","twitter_misc":{"Pris":"110,00&nbsp;&euro;","Tillg\u00e4nglig":"I lager"},"schema":{"@context":"https:\/\/schema.org","@graph":[{"@type":"WebPage","@id":"https:\/\/spelivinkki.fi\/tuote\/age-of-sigmar-nagash-supreme-lord-of-the-undead\/","url":"https:\/\/spelivinkki.fi\/tuote\/age-of-sigmar-nagash-supreme-lord-of-the-undead\/","name":"Age of Sigmar: Nagash, Supreme Lord of the Undead &#8211; Spelivinkki","isPartOf":{"@id":"https:\/\/spelivinkki.fi\/#website"},"primaryImageOfPage":{"@id":"https:\/\/spelivinkki.fi\/tuote\/age-of-sigmar-nagash-supreme-lord-of-the-undead\/#primaryimage"},"image":{"@id":"https:\/\/spelivinkki.fi\/tuote\/age-of-sigmar-nagash-supreme-lord-of-the-undead\/#primaryimage"},"thumbnailUrl":"https:\/\/mlw9zexfsyfr.i.optimole.com\/w:auto\/h:auto\/q:mauto\/ig:avif\/https:\/\/spelivinkki.fi\/wp-content\/uploads\/2026\/05\/AoS-Nagash-Tuotekuva.webp","datePublished":"2026-05-07T13:09:21+00:00","dateModified":"2026-05-07T13:09:23+00:00","description":"Tutustu Nagash Supremen, kuoleman jumalan, pime\u00e4\u00e4n valtakuntaan. Valitse rohkeus ja nouse voimaan, ennen kuin on liian my\u00f6h\u00e4ist\u00e4!","breadcrumb":{"@id":"https:\/\/spelivinkki.fi\/tuote\/age-of-sigmar-nagash-supreme-lord-of-the-undead\/#breadcrumb"},"inLanguage":"sv-SE","potentialAction":[{"@type":"ReadAction","target":["https:\/\/spelivinkki.fi\/tuote\/age-of-sigmar-nagash-supreme-lord-of-the-undead\/"]}]},{"@type":"ImageObject","inLanguage":"sv-SE","@id":"https:\/\/spelivinkki.fi\/tuote\/age-of-sigmar-nagash-supreme-lord-of-the-undead\/#primaryimage","url":"https:\/\/mlw9zexfsyfr.i.optimole.com\/w:auto\/h:auto\/q:mauto\/ig:avif\/https:\/\/spelivinkki.fi\/wp-content\/uploads\/2026\/05\/AoS-Nagash-Tuotekuva.webp","contentUrl":"https:\/\/mlw9zexfsyfr.i.optimole.com\/w:auto\/h:auto\/q:mauto\/ig:avif\/https:\/\/spelivinkki.fi\/wp-content\/uploads\/2026\/05\/AoS-Nagash-Tuotekuva.webp","width":1840,"height":1900,"caption":"AoS Nagash Tuotekuva"},{"@type":"BreadcrumbList","@id":"https:\/\/spelivinkki.fi\/tuote\/age-of-sigmar-nagash-supreme-lord-of-the-undead\/#breadcrumb","itemListElement":[{"@type":"ListItem","position":1,"name":"Etusivu","item":"https:\/\/spelivinkki.fi\/"},{"@type":"ListItem","position":2,"name":"Tuotteet","item":"https:\/\/spelivinkki.fi\/tuotteet\/"},{"@type":"ListItem","position":3,"name":"Age of Sigmar: Nagash, Supreme Lord of the Undead"}]},{"@type":"WebSite","@id":"https:\/\/spelivinkki.fi\/#website","url":"https:\/\/spelivinkki.fi\/","name":"Spelivinkki","description":"Paraisten Lautapelikauppa","publisher":{"@id":"https:\/\/spelivinkki.fi\/#organization"},"alternateName":"Spelivinkki Oy","potentialAction":[{"@type":"SearchAction","target":{"@type":"EntryPoint","urlTemplate":"https:\/\/spelivinkki.fi\/?s={search_term_string}"},"query-input":{"@type":"PropertyValueSpecification","valueRequired":true,"valueName":"search_term_string"}}],"inLanguage":"sv-SE"},{"@type":"Organization","@id":"https:\/\/spelivinkki.fi\/#organization","name":"Spelivinkki Oy","alternateName":"Spelivinkki","url":"https:\/\/spelivinkki.fi\/","logo":{"@type":"ImageObject","inLanguage":"sv-SE","@id":"https:\/\/spelivinkki.fi\/#\/schema\/logo\/image\/","url":"https:\/\/mlw9zexfsyfr.i.optimole.com\/w:auto\/h:auto\/q:mauto\/ig:avif\/https:\/\/spelivinkki.fi\/wp-content\/uploads\/2024\/02\/Logo.svg","contentUrl":"https:\/\/mlw9zexfsyfr.i.optimole.com\/w:auto\/h:auto\/q:mauto\/ig:avif\/https:\/\/spelivinkki.fi\/wp-content\/uploads\/2024\/02\/Logo.svg","width":2176,"height":2323,"caption":"Spelivinkki Oy"},"image":{"@id":"https:\/\/spelivinkki.fi\/#\/schema\/logo\/image\/"},"sameAs":["https:\/\/www.facebook.com\/SpelivinkkiOy\/","https:\/\/x.com\/SpelivinkkiOy","https:\/\/www.instagram.com\/spelivinkkioy\/"],"description":"Spelivinkki Oy is a company operating both a brick-and-mortar store in Finland as well as a webshop online. We sell board games, roleplaying games, miniature wargames, logic puzzles, jigsaw puzzles and other things related to the boardgame hobby.","email":"myynti@spelivinkki.fi","telephone":"+358406486605","legalName":"Spelivinkki Oy","foundingDate":"2023-09-17","vatID":"FI33904524","numberOfEmployees":{"@type":"QuantitativeValue","minValue":"1","maxValue":"10"},"hasMerchantReturnPolicy":{"@type":"MerchantReturnPolicy","merchantReturnLink":"https:\/\/spelivinkki.fi\/sv\/spelivinkin-vaihto-ja-palautusoikeus\/"}}]},"product_brand":"Games Workshop","product_price_amount":"110.00","product_price_currency":"EUR","og_availability":"instock","product_availability":"instock","product_retailer_item_id":"99120207157","product_condition":"new"},"_links":{"self":[{"href":"https:\/\/spelivinkki.fi\/sv\/wp-json\/wp\/v2\/product\/8007","targetHints":{"allow":["GET"]}}],"collection":[{"href":"https:\/\/spelivinkki.fi\/sv\/wp-json\/wp\/v2\/product"}],"about":[{"href":"https:\/\/spelivinkki.fi\/sv\/wp-json\/wp\/v2\/types\/product"}],"wp:featuredmedia":[{"embeddable":true,"href":"https:\/\/spelivinkki.fi\/sv\/wp-json\/wp\/v2\/media\/8008"}],"wp:attachment":[{"href":"https:\/\/spelivinkki.fi\/sv\/wp-json\/wp\/v2\/media?parent=8007"}],"wp:term":[{"taxonomy":"product_brand","embeddable":true,"href":"https:\/\/spelivinkki.fi\/sv\/wp-json\/wp\/v2\/product_brand?post=8007"},{"taxonomy":"product_cat","embeddable":true,"href":"https:\/\/spelivinkki.fi\/sv\/wp-json\/wp\/v2\/product_cat?post=8007"},{"taxonomy":"product_tag","embeddable":true,"href":"https:\/\/spelivinkki.fi\/sv\/wp-json\/wp\/v2\/product_tag?post=8007"}],"curies":[{"name":"wp","href":"https:\/\/api.w.org\/{rel}","templated":true}]}}